{"id":6140,"date":"2023-06-15T18:20:51","date_gmt":"2023-06-15T15:20:51","guid":{"rendered":"https:\/\/clinicp.com\/brustverkleinerung\/"},"modified":"2023-07-24T14:35:09","modified_gmt":"2023-07-24T11:35:09","slug":"brustverkleinerung","status":"publish","type":"page","link":"https:\/\/clinicp.com\/de\/brustverkleinerung\/","title":{"rendered":"Brustverkleinerung"},"content":{"rendered":"<section class=\"wpb-content-wrapper\"><p>[vc_row][vc_column][vc_column_text]Die Brustverkleinerungs-OP dient nicht nur \u00e4sthetischen Zwecken, sondern auch gesundheitlichen. Denn mit einer zu gro\u00dfen Brust k\u00f6nnen schwerwiegende Beschwerden eingehen, darunter R\u00fccken-, Schulter- oder Nackenschmerzen, bleibende Haltungssch\u00e4den durch das Gewicht der gro\u00dfen Br\u00fcste oder Ekzeme in der Unterbrustfalte.<\/p>\n<p>Das Ziel einer\u00a0 Brustverkleinerungs-OP ist die Verkleinerung der Brust auf ein normales Ma\u00df und die Verleihung einer straffen, \u00e4sthetischen Form. Zumeist machen sich Patienten Sorgen um postoperative Narben. Jedoch ist die Form der Brust viel wichtiger als die Narben, die im Laufe der Zeit unauff\u00e4lliger werden.<\/p>\n<p>Je nach Brustform des Patienten k\u00f6nnen unterschiedliche Operationstechniken angewendet werden. Nach einer bestimmten Zeit nach der Operation werden spezielle Narbensalben benutzt, um die Narben zu reduzieren. Dadurch werden die Bedenken der Patienten bez\u00fcglich postoperativer Narben zum gr\u00f6\u00dften Teil behoben.<\/p>\n<p>Die Operation dauert ca. 2-3 Stunden. Etwa 1 Woche nach dem Eingriff k\u00f6nnen Patienten ihrem Alltag wieder normal nachgehen. Jedoch sollten sie zun\u00e4chst auf schwere k\u00f6rperliche T\u00e4tigkeiten sowie auf das Autofahren verzichten. W\u00e4hrend der ersten 4 Wochen nach der Operation muss ein St\u00fctz-BH getragen werden.[\/vc_column_text][\/vc_column][\/vc_row][vc_row full_width=&#8220;stretch_row_content&#8220; ts_responsive_css=&#8220;67427488|colbreak_no|||||80px||65px||colbreak_no|||||||||colbreak_no|||||60px||45px|||colbreak_no|||||||||&#8220; css=&#8220;.vc_custom_1690198067374{margin-bottom: 40px !important;}&#8220;][vc_column][vc_row_inner][vc_column_inner]<div class=\"ts-element-heading-wrapper ts-heading-inner ts-element-align-center ts-seperator-none \"><section class=\"ts-vc_cta3-container\"><div class=\"ts-vc_general ts-vc_cta3 ts-cta3-only ts-vc_cta3-style-classic ts-vc_cta3-shape-rounded ts-vc_cta3-align-center ts-vc_cta3-color-transparent ts-vc_cta3-icon-size-md ts-vc_cta3-actions-no ts-cta3-without-desc\"><div class=\"ts-vc_cta3_content-container\"><div class=\"ts-vc_cta3-content\"><div class=\"ts-vc_cta3-content-header ts-wrap\"><div class=\"ts-vc_cta3-headers ts-wrap-cell\"><h4 class=\"ts-custom-heading \" >Clinic P<\/h4>\n<h2 class=\"ts-custom-heading ts-fontweightbold \" ><strong>Vorher Nachher<\/strong><\/h2>\n<\/div><\/div><\/div><\/div><\/div><\/section><\/div> <!-- .ts-element-heading-wrapper container --> [\/vc_column_inner][\/vc_row_inner][vc_row_inner][vc_column_inner width=&#8220;1\/4&#8243;][vc_single_image image=&#8220;7441&#8243; img_size=&#8220;medium&#8220; alignment=&#8220;center&#8220; onclick=&#8220;link_image&#8220;][\/vc_column_inner][vc_column_inner width=&#8220;1\/4&#8243;][vc_single_image image=&#8220;7446&#8243; img_size=&#8220;medium&#8220; alignment=&#8220;center&#8220; onclick=&#8220;link_image&#8220;][\/vc_column_inner][vc_column_inner width=&#8220;1\/4&#8243;][vc_single_image image=&#8220;7451&#8243; img_size=&#8220;medium&#8220; alignment=&#8220;center&#8220; onclick=&#8220;link_image&#8220;][\/vc_column_inner][vc_column_inner width=&#8220;1\/4&#8243;][vc_single_image image=&#8220;7456&#8243; img_size=&#8220;medium&#8220; alignment=&#8220;center&#8220; onclick=&#8220;link_image&#8220;][\/vc_column_inner][\/vc_row_inner][vc_row_inner][vc_column_inner width=&#8220;1\/4&#8243;][vc_single_image image=&#8220;7461&#8243; img_size=&#8220;medium&#8220; alignment=&#8220;center&#8220; onclick=&#8220;link_image&#8220;][\/vc_column_inner][vc_column_inner width=&#8220;1\/4&#8243;][vc_single_image image=&#8220;7466&#8243; img_size=&#8220;medium&#8220; alignment=&#8220;center&#8220; onclick=&#8220;link_image&#8220;][\/vc_column_inner][vc_column_inner width=&#8220;1\/4&#8243;][vc_single_image image=&#8220;7471&#8243; img_size=&#8220;medium&#8220; alignment=&#8220;center&#8220; onclick=&#8220;link_image&#8220;][\/vc_column_inner][vc_column_inner width=&#8220;1\/4&#8243;][vc_single_image image=&#8220;7476&#8243; img_size=&#8220;medium&#8220; alignment=&#8220;center&#8220; onclick=&#8220;link_image&#8220;][\/vc_column_inner][\/vc_row_inner][\/vc_column][\/vc_row][vc_row full_width=&#8220;stretch_row_content&#8220; css=&#8220;.vc_custom_1688635530883{margin-bottom: 20px !important;padding-top: 60px !important;padding-bottom: 50px !important;background-image: url(https:\/\/clinicp.com\/wp-content\/uploads\/2023\/06\/homepage-banner-1.jpg?id=6461) !important;background-position: center !important;background-repeat: no-repeat !important;background-size: cover !important;}&#8220; ts_responsive_css=&#8220;79823081|colbreak_no|||||80px||60px||colbreak_no|||||||||colbreak_no|||||60px||30px|||colbreak_no|||||||||&#8220; el_class=&#8220;ts-opacity95 ts-font375mode&#8220;][vc_column ts_textcolor=&#8220;white&#8220;]<p style=\"text-align:center;font-size:32px;line-height:42px;\" class=\"ts-custom-heading \" >\u00dcber \u00e4sthetische Chirurgie und medizinische Anwendungen<br \/>\nJetzt informieren<\/p>\n<h3 style=\"text-align:center;font-size:40px;line-height:70px;color:#ffffff;\" class=\"ts-custom-heading vc_custom_1690198214903\" ><a href=\"tel:+90 531 881 6621\">+90 531 881 66 21<\/a><\/h3>\n\r\n\t\t<div class=\"ts-vc_btn3-container ts-vc_btn3-center\"><a class=\"ts-vc_general ts-vc_btn3 ts-vc_btn3-size-lg ts-vc_btn3-shape-rounded ts-vc_btn3-style-flat ts-vc_btn3-weight-yes ts-vc_btn3-icon-left ts-vc_btn3-color-success\" href=\"https:\/\/wa.me\/+905318816621\" title=\"+90 531 881 66 21\"><i class=\"ts-vc_btn3-icon fa fa-whatsapp\"><\/i> WhatsApp<\/a><\/div>[\/vc_column][\/vc_row][vc_row full_width=&#8220;stretch_row_content&#8220; ts_responsive_css=&#8220;67427488|colbreak_no|||||80px||65px||colbreak_no|||||||||colbreak_no|||||60px||45px|||colbreak_no|||||||||&#8220;][vc_column][vc_row_inner][vc_column_inner]<div class=\"ts-element-heading-wrapper ts-heading-inner ts-element-align-center ts-seperator-none \"><section class=\"ts-vc_cta3-container\"><div class=\"ts-vc_general ts-vc_cta3 ts-cta3-only ts-vc_cta3-style-classic ts-vc_cta3-shape-rounded ts-vc_cta3-align-center ts-vc_cta3-color-transparent ts-vc_cta3-icon-size-md ts-vc_cta3-actions-no ts-cta3-without-desc\"><div class=\"ts-vc_cta3_content-container\"><div class=\"ts-vc_cta3-content\"><div class=\"ts-vc_cta3-content-header ts-wrap\"><div class=\"ts-vc_cta3-headers ts-wrap-cell\"><h4 class=\"ts-custom-heading \" >Clinic P<\/h4>\n<h2 class=\"ts-custom-heading ts-fontweightbold \" ><strong>Unser Zentrum<\/strong><\/h2>\n<\/div><\/div><\/div><\/div><\/div><\/section><\/div> <!-- .ts-element-heading-wrapper container --> [\/vc_column_inner][\/vc_row_inner][vc_row_inner][vc_column_inner width=&#8220;1\/4&#8243;][vc_single_image image=&#8220;6507&#8243; img_size=&#8220;full&#8220; alignment=&#8220;center&#8220; onclick=&#8220;link_image&#8220;][\/vc_column_inner][vc_column_inner width=&#8220;1\/4&#8243;][vc_single_image image=&#8220;6512&#8243; img_size=&#8220;full&#8220; alignment=&#8220;center&#8220; onclick=&#8220;link_image&#8220;][\/vc_column_inner][vc_column_inner width=&#8220;1\/4&#8243;][vc_single_image image=&#8220;6517&#8243; img_size=&#8220;full&#8220; alignment=&#8220;center&#8220; onclick=&#8220;link_image&#8220;][\/vc_column_inner][vc_column_inner width=&#8220;1\/4&#8243;][vc_single_image image=&#8220;6522&#8243; img_size=&#8220;full&#8220; alignment=&#8220;center&#8220; onclick=&#8220;link_image&#8220;][\/vc_column_inner][\/vc_row_inner][vc_row_inner][vc_column_inner width=&#8220;1\/4&#8243;][vc_single_image image=&#8220;6527&#8243; img_size=&#8220;full&#8220; alignment=&#8220;center&#8220; onclick=&#8220;link_image&#8220;][\/vc_column_inner][vc_column_inner width=&#8220;1\/4&#8243;][vc_single_image image=&#8220;6532&#8243; img_size=&#8220;full&#8220; alignment=&#8220;center&#8220; onclick=&#8220;link_image&#8220;][\/vc_column_inner][vc_column_inner width=&#8220;1\/4&#8243;][vc_single_image image=&#8220;6537&#8243; img_size=&#8220;full&#8220; alignment=&#8220;center&#8220; onclick=&#8220;link_image&#8220;][\/vc_column_inner][vc_column_inner width=&#8220;1\/4&#8243;][vc_single_image image=&#8220;6542&#8243; img_size=&#8220;full&#8220; alignment=&#8220;center&#8220; onclick=&#8220;link_image&#8220;][\/vc_column_inner][\/vc_row_inner][\/vc_column][\/vc_row]<\/p>\n<\/section>","protected":false},"excerpt":{"rendered":"<p>[vc_row][vc_column][vc_column_text]Die Brustverkleinerungs-OP dient nicht nur \u00e4sthetischen Zwecken, sondern auch gesundheitlichen. Denn mit einer zu gro\u00dfen Brust k\u00f6nnen schwerwiegende Beschwerden eingehen, darunter R\u00fccken-, Schulter- oder Nackenschmerzen, bleibende Haltungssch\u00e4den durch das Gewicht der gro\u00dfen Br\u00fcste oder Ekzeme in der Unterbrustfalte. Das Ziel einer\u00a0 Brustverkleinerungs-OP ist die Verkleinerung der Brust auf ein normales Ma\u00df und die Verleihung einer &hellip; <a href=\"https:\/\/clinicp.com\/de\/brustverkleinerung\/\" class=\"more-link\">Continue reading <span class=\"screen-reader-text\">Brustverkleinerung<\/span><\/a><\/p>\n","protected":false},"author":3,"featured_media":5900,"parent":0,"menu_order":0,"comment_status":"closed","ping_status":"closed","template":"","meta":{"footnotes":""},"class_list":["post-6140","page","type-page","status-publish","has-post-thumbnail","hentry"],"_links":{"self":[{"href":"https:\/\/clinicp.com\/de\/wp-json\/wp\/v2\/pages\/6140","targetHints":{"allow":["GET"]}}],"collection":[{"href":"https:\/\/clinicp.com\/de\/wp-json\/wp\/v2\/pages"}],"about":[{"href":"https:\/\/clinicp.com\/de\/wp-json\/wp\/v2\/types\/page"}],"author":[{"embeddable":true,"href":"https:\/\/clinicp.com\/de\/wp-json\/wp\/v2\/users\/3"}],"replies":[{"embeddable":true,"href":"https:\/\/clinicp.com\/de\/wp-json\/wp\/v2\/comments?post=6140"}],"version-history":[{"count":8,"href":"https:\/\/clinicp.com\/de\/wp-json\/wp\/v2\/pages\/6140\/revisions"}],"predecessor-version":[{"id":7608,"href":"https:\/\/clinicp.com\/de\/wp-json\/wp\/v2\/pages\/6140\/revisions\/7608"}],"wp:featuredmedia":[{"embeddable":true,"href":"https:\/\/clinicp.com\/de\/wp-json\/wp\/v2\/media\/5900"}],"wp:attachment":[{"href":"https:\/\/clinicp.com\/de\/wp-json\/wp\/v2\/media?parent=6140"}],"curies":[{"name":"wp","href":"https:\/\/api.w.org\/{rel}","templated":true}]}}