{"id":6158,"date":"2018-04-27T10:38:18","date_gmt":"2018-04-27T07:38:18","guid":{"rendered":"https:\/\/clinicp.com\/gesichtsstraffung-facelift\/"},"modified":"2023-07-24T15:54:36","modified_gmt":"2023-07-24T12:54:36","slug":"gesichts-und-halsstraffung-facelift","status":"publish","type":"page","link":"https:\/\/clinicp.com\/de\/gesichts-und-halsstraffung-facelift\/","title":{"rendered":"Gesichts- und Halsstraffung (Facelift)"},"content":{"rendered":"<section class=\"wpb-content-wrapper\"><p>[vc_row][vc_column][vc_column_text]Die Hautalterung ist ein nat\u00fcrlicher Prozess, der nicht verhindert werden kann. Die ersten Zeichen der Hautalterung zeigen sich schon mit 30 Jahren. Mit zunehmendem Alter verliert die Haut immer mehr an Elastizit\u00e4t. Es entstehen Falten, die Haut dehnt sich und erschlafft. Die Gesichtshaut weist immer mehr Falten auf und Fettpolster, die sich unter der Haut befinden, h\u00e4ngen \u00fcber den Wangen. Als Ergebnis sieht man alt, st\u00e4ndig m\u00fcde und traurig aus.<\/p>\n<p>Durch die Technik der Gesichtsstraffung ist eine Verj\u00fcngung des Gesichtes m\u00f6glich.<\/p>\n<p>Durch eine Gesichtsstraffung kann die Hautalterung nicht aufgehalten werden. Sie dient lediglich dazu dem Patienten ein j\u00fcngeres und frisches Aussehen zu verleihen.<\/p>\n<p>Anatomisch gesehen l\u00e4sst sich das Gesicht in 3 Bereich einteilen. Bei der Gesichtsstraffung werden diese Bereiche jeweils einzeln behandelt. Diese 3 Bereiche sind: die obere Gesichtspartie (Schl\u00e4fe, Stirn und Augenbrauenpartie), die mittlere Gesichtspartie (Wangen) und untere Gesichtspartie (untere Kinn- und Halspartie).<\/p>\n<p>Die Methode, welche f\u00fcr die obere Gesichtspartie angewendet wird, ist das Full-Facelift oder Mid-Facelift.\u00a0 \u00a0 \u00a0Die Methode, welche f\u00fcr die mittlere Gesichtspartie angewendet wird, ist das Mid-Facelift oder Wangenstraffung. Die Methode, welche f\u00fcr die untere Gesichtspartie angewendet wird, ist das Lower-Facelift oder Halsstraffung. Der Eingriff kann jeweils einzeln oder in Kombination mit anderen Gesichtspartien durchgef\u00fchrt werden.<\/p>\n<p>Eine Gesichtsstraffungs-Op erfolgt unter Vollnarkose. Je nach Operationsart kann der Eingriff 3-6 Stunden dauern. W\u00e4hrend der Gesichtsstraffungs-OP verl\u00e4uft der Schnitt vor oder hinter dem Ohr entlang in die behaarte Schl\u00e4fenregion (bei Mid- und Lower-Facelift) oder im Haaransatz, so dass er sp\u00e4ter quasi \u201eunsichtbar\u201c ist.<\/p>\n<p>Nach dem Eingriff entstehen Schwellungen sowie Bluterguss an den behandelten Stellen. Die postoperativen Schmerzen sind gering. Die Schmerzen, die am Tage des Eingriffes entstehen, werden mit einfachen oral verabreichten Schmerzmittel gelindert. In den ersten 24-48 Stunden m\u00fcssen die behandelten Stellen in bestimmten Zeitabst\u00e4nden als abschwellende Ma\u00dfnahme gek\u00fchlt werden. Spezielle Ma\u00dfnahmen, wie Salben, wirken dar\u00fcber hinaus dem Entstehen von Bluterguss entgegen.<\/p>\n<p>Der station\u00e4re Aufenthalt dauert in der Regel 1 Tag. Bei dem Eingriff wird selbstaufl\u00f6sendes Nahtmaterial verwendet. Der Patient kann 1 Woche nach dem Eingriff wieder seinem Alltag nachgehen. Durch eine Gesichtsstraffung kann die Hautalterung nicht aufgehalten werden. Sie dient lediglich dazu dem Patienten ein j\u00fcngeres und frisches Aussehen zu verleihen.<\/p>\n<h2>Halsstraffung<\/h2>\n<p>Au\u00dferdem nat\u00fcrlichen Alterungsprozess ist die Kinn- und Halsregion eine der Stellen, an denen die negativen Auswirkungen von Faktoren wie Schwerkraft, Gewichtszunahme und genetischen Merkmalen am st\u00e4rksten zu beobachten sind. Alterungserscheinungen im Halsbereich k\u00f6nnen auch aus anderen Gr\u00fcnden beobachtet werden, wie z. B. nachlassende Hautelastizit\u00e4t und Fettansammlungen in der Wangengegend. Die Operation zur Halsstraffung ist eine allgemeine Bezeichnung f\u00fcr die Behandlung all dieser Ursachen.<\/p>\n<p>Die Halsstraffung beginnt in der Regel mit einem Einschnitt hinter dem Ohr. Da die Inzisionsnarbe direkt unter der Kopfhaut liegt und sich in einem Bereich mit sehr guter Hautqualit\u00e4t befindet, werden bei den meisten Patienten gute Ergebnisse erzielt. Das Gleiche gilt f\u00fcr die Inzisionsnarbe, wenn das Ohr entfernt wird. Wichtig ist hier das Vorhandensein von patientenabh\u00e4ngigen Faktoren f\u00fcr Form und Ausma\u00df der Narbenbildung. Andererseits k\u00f6nnen zwar bei fast allen Patienten sehr gute Narben erzielt werden, aber das Ausma\u00df der Narbenbildung ist unterschiedlich, so wie auch die Wundheilung bei jedem Menschen anders verl\u00e4uft. Faktoren, die dies beeinflussen, sind z. B. die Genetik, die Ern\u00e4hrungsgewohnheiten, der regelm\u00e4\u00dfige Konsum von Drogen und sogar das Rauchen. Nach dem Inzisionen hinter dem Ohr wird die Halshaut von beiden Seiten bis zur Mittellinie angehoben. Bei dieser Operation gibt es keine sichtbare Narbe am Hals, abgesehen von den Inzisionen hinter dem Ohr. In einigen F\u00e4llen, wenn die Muskulatur erschlafft ist, kann es jedoch notwendig sein, einen einige Zentimeter langen Inzision unter dem Kinn f\u00fcr die Reparatur der Wangenpartie zu verwenden.<\/p>\n<p>In den ersten N\u00e4chten ist es wichtig, in einer leicht sitzenden Position mit einem hohen Kissen zu schlafen, um \u00d6deme zu vermeiden. Der Patient wird am n\u00e4chsten Tag entlassen. Es ist normal, dass f\u00fcr etwa zwei Wochen Schwellungen im Gesicht und leichte Bluterg\u00fcsse auftreten. W\u00e4hrend dieser Zeit wird ein spezielles Gesichtskorsett getragen. Nach zwei Wochen werden die restlichen F\u00e4den entfernt, falls sie sich nicht aufgel\u00f6st haben. Am f\u00fcnften postoperativen Tag darf der Patient sein Gesicht waschen. Die positiven Ergebnisse der Operation zeigen sich bereits an der Abnahme der Schwellung. Die Ergebnisse der erfolgreichen Halsstraffung sind f\u00fcr die Patienten \u00e4u\u00dferst zufriedenstellend und die Ergebnisse der Operation sind dauerhaft.[\/vc_column_text][\/vc_column][\/vc_row][vc_row full_width=&#8220;stretch_row_content&#8220; css=&#8220;.vc_custom_1688635530883{margin-bottom: 20px !important;padding-top: 60px !important;padding-bottom: 50px !important;background-image: url(https:\/\/clinicp.com\/wp-content\/uploads\/2023\/06\/homepage-banner-1.jpg?id=6461) !important;background-position: center !important;background-repeat: no-repeat !important;background-size: cover !important;}&#8220; ts_responsive_css=&#8220;79823081|colbreak_no|||||80px||60px||colbreak_no|||||||||colbreak_no|||||60px||30px|||colbreak_no|||||||||&#8220; el_class=&#8220;ts-opacity95 ts-font375mode&#8220;][vc_column ts_textcolor=&#8220;white&#8220;]<p style=\"text-align:center;font-size:32px;line-height:42px;\" class=\"ts-custom-heading \" >\u00dcber \u00e4sthetische Chirurgie und medizinische Anwendungen<br \/>\nJetzt informieren<\/p>\n<h2 style=\"text-align:center;font-size:40px;line-height:70px;color:#ffffff;\" class=\"ts-custom-heading vc_custom_1690203215181\" ><a href=\"tel:+90 531 881 6621\">+90 531 881 66 21<\/a><\/h2>\n\r\n\t\t<div class=\"ts-vc_btn3-container ts-vc_btn3-center\"><a class=\"ts-vc_general ts-vc_btn3 ts-vc_btn3-size-lg ts-vc_btn3-shape-rounded ts-vc_btn3-style-flat ts-vc_btn3-weight-yes ts-vc_btn3-icon-left ts-vc_btn3-color-success\" href=\"https:\/\/wa.me\/+905318816621\" title=\"+90 531 881 66 21\"><i class=\"ts-vc_btn3-icon fa fa-whatsapp\"><\/i> WhatsApp<\/a><\/div>[\/vc_column][\/vc_row][vc_row full_width=&#8220;stretch_row_content&#8220; ts_responsive_css=&#8220;67427488|colbreak_no|||||80px||65px||colbreak_no|||||||||colbreak_no|||||60px||45px|||colbreak_no|||||||||&#8220;][vc_column][vc_row_inner][vc_column_inner]<div class=\"ts-element-heading-wrapper ts-heading-inner ts-element-align-center ts-seperator-none \"><section class=\"ts-vc_cta3-container\"><div class=\"ts-vc_general ts-vc_cta3 ts-cta3-only ts-vc_cta3-style-classic ts-vc_cta3-shape-rounded ts-vc_cta3-align-center ts-vc_cta3-color-transparent ts-vc_cta3-icon-size-md ts-vc_cta3-actions-no ts-cta3-without-desc\"><div class=\"ts-vc_cta3_content-container\"><div class=\"ts-vc_cta3-content\"><div class=\"ts-vc_cta3-content-header ts-wrap\"><div class=\"ts-vc_cta3-headers ts-wrap-cell\"><h4 class=\"ts-custom-heading \" >Clinic P<\/h4>\n<h2 class=\"ts-custom-heading ts-fontweightbold \" ><strong>Unser Zentrum<\/strong><\/h2>\n<\/div><\/div><\/div><\/div><\/div><\/section><\/div> <!-- .ts-element-heading-wrapper container --> [\/vc_column_inner][\/vc_row_inner][vc_row_inner][vc_column_inner width=&#8220;1\/4&#8243;][vc_single_image image=&#8220;6507&#8243; img_size=&#8220;full&#8220; alignment=&#8220;center&#8220;][\/vc_column_inner][vc_column_inner width=&#8220;1\/4&#8243;][vc_single_image image=&#8220;6512&#8243; img_size=&#8220;full&#8220; alignment=&#8220;center&#8220;][\/vc_column_inner][vc_column_inner width=&#8220;1\/4&#8243;][vc_single_image image=&#8220;6517&#8243; img_size=&#8220;full&#8220; alignment=&#8220;center&#8220;][\/vc_column_inner][vc_column_inner width=&#8220;1\/4&#8243;][vc_single_image image=&#8220;6522&#8243; img_size=&#8220;full&#8220; alignment=&#8220;center&#8220;][\/vc_column_inner][\/vc_row_inner][vc_row_inner][vc_column_inner width=&#8220;1\/4&#8243;][vc_single_image image=&#8220;6527&#8243; img_size=&#8220;full&#8220; alignment=&#8220;center&#8220;][\/vc_column_inner][vc_column_inner width=&#8220;1\/4&#8243;][vc_single_image image=&#8220;6532&#8243; img_size=&#8220;full&#8220; alignment=&#8220;center&#8220;][\/vc_column_inner][vc_column_inner width=&#8220;1\/4&#8243;][vc_single_image image=&#8220;6537&#8243; img_size=&#8220;full&#8220; alignment=&#8220;center&#8220;][\/vc_column_inner][vc_column_inner width=&#8220;1\/4&#8243;][vc_single_image image=&#8220;6542&#8243; img_size=&#8220;full&#8220; alignment=&#8220;center&#8220;][\/vc_column_inner][\/vc_row_inner][\/vc_column][\/vc_row][vc_row][vc_column][vc_column_text]<strong><\/strong>[\/vc_column_text][\/vc_column][\/vc_row]<\/p>\n<!-- \/wp:post-content --><\/section>","protected":false},"excerpt":{"rendered":"<p>[vc_row][vc_column][vc_column_text]Die Hautalterung ist ein nat\u00fcrlicher Prozess, der nicht verhindert werden kann. Die ersten Zeichen der Hautalterung zeigen sich schon mit 30 Jahren. Mit zunehmendem Alter verliert die Haut immer mehr an Elastizit\u00e4t. Es entstehen Falten, die Haut dehnt sich und erschlafft. Die Gesichtshaut weist immer mehr Falten auf und Fettpolster, die sich unter der Haut &hellip; <a href=\"https:\/\/clinicp.com\/de\/gesichts-und-halsstraffung-facelift\/\" class=\"more-link\">Continue reading <span class=\"screen-reader-text\">Gesichts- und Halsstraffung (Facelift)<\/span><\/a><\/p>\n","protected":false},"author":3,"featured_media":5694,"parent":0,"menu_order":13,"comment_status":"closed","ping_status":"closed","template":"","meta":{"footnotes":""},"class_list":["post-6158","page","type-page","status-publish","has-post-thumbnail","hentry"],"_links":{"self":[{"href":"https:\/\/clinicp.com\/de\/wp-json\/wp\/v2\/pages\/6158","targetHints":{"allow":["GET"]}}],"collection":[{"href":"https:\/\/clinicp.com\/de\/wp-json\/wp\/v2\/pages"}],"about":[{"href":"https:\/\/clinicp.com\/de\/wp-json\/wp\/v2\/types\/page"}],"author":[{"embeddable":true,"href":"https:\/\/clinicp.com\/de\/wp-json\/wp\/v2\/users\/3"}],"replies":[{"embeddable":true,"href":"https:\/\/clinicp.com\/de\/wp-json\/wp\/v2\/comments?post=6158"}],"version-history":[{"count":13,"href":"https:\/\/clinicp.com\/de\/wp-json\/wp\/v2\/pages\/6158\/revisions"}],"predecessor-version":[{"id":7669,"href":"https:\/\/clinicp.com\/de\/wp-json\/wp\/v2\/pages\/6158\/revisions\/7669"}],"wp:featuredmedia":[{"embeddable":true,"href":"https:\/\/clinicp.com\/de\/wp-json\/wp\/v2\/media\/5694"}],"wp:attachment":[{"href":"https:\/\/clinicp.com\/de\/wp-json\/wp\/v2\/media?parent=6158"}],"curies":[{"name":"wp","href":"https:\/\/api.w.org\/{rel}","templated":true}]}}