{"id":6178,"date":"2023-06-15T11:18:43","date_gmt":"2023-06-15T08:18:43","guid":{"rendered":"https:\/\/clinicp.com\/oberlidstraffung\/"},"modified":"2023-07-24T16:10:25","modified_gmt":"2023-07-24T13:10:25","slug":"oberlidstraffung","status":"publish","type":"page","link":"https:\/\/clinicp.com\/de\/oberlidstraffung\/","title":{"rendered":"Oberlidstraffung"},"content":{"rendered":"<section class=\"wpb-content-wrapper\"><p>[vc_row][vc_column][vc_column_text]Die d\u00fcnnsten Hautbereiche in unserem K\u00f6rper befinden sich auf den Augenlidern.\u00a0 Als Folge fortschreitenden Alters und des Einflusses der Gravitation entstehen mit der Zeit h\u00e4ngende Augenlider und Tr\u00e4nens\u00e4cke. Dies l\u00e4sst uns alt, gestresst und m\u00fcde aussehen, auch wenn wir uns gerade nicht so f\u00fchlen.<\/p>\n<p>Eine Oberlidstraffung dient nicht nur \u00e4sthetischen Zwecken, sondern verbessert auch die Lebensqualit\u00e4t der Patienten. Wenn sie fachm\u00e4nnisch und unter Kenntnis des pers\u00f6nlichen Ausgangsbefundes der Haut durchgef\u00fchrt wird, kann eine Oberlidstraffung zu sehr guten Ergebnissen f\u00fchren. Im Gegensatz zu anderen Hautbereichen ist der Heilungsprozess im Lidbereich sehr schnell. Da die Schnittf\u00fchrung dezent in der Umschlagsfalte des Oberlids verl\u00e4uft, ist der Schnittverlauf sp\u00e4ter kaum zu erkennen.<\/p>\n<p>Eine fachm\u00e4nnisch durchgef\u00fchrte Oberlidstraffung sorgt f\u00fcr ein strahlendes, frisches und junges Aussehen. Der Eingriff dauert etwa 1 Stunde. Der Chirurg entscheidet dar\u00fcber, ob die Operation in Teil- oder Vollnarkose durchgef\u00fchrt wird. Der Patient kann schon am selben Tag nach Hause gehen und ist 1 Woche nach dem Eingriff wieder gesellschaftsf\u00e4hig.[\/vc_column_text][\/vc_column][\/vc_row][vc_row full_width=&#8220;stretch_row_content&#8220; css=&#8220;.vc_custom_1688635530883{margin-bottom: 20px !important;padding-top: 60px !important;padding-bottom: 50px !important;background-image: url(https:\/\/clinicp.com\/wp-content\/uploads\/2023\/06\/homepage-banner-1.jpg?id=6461) !important;background-position: center !important;background-repeat: no-repeat !important;background-size: cover !important;}&#8220; ts_responsive_css=&#8220;79823081|colbreak_no|||||80px||60px||colbreak_no|||||||||colbreak_no|||||60px||30px|||colbreak_no|||||||||&#8220; el_class=&#8220;ts-opacity95 ts-font375mode&#8220;][vc_column ts_textcolor=&#8220;white&#8220;]<p style=\"text-align:center;font-size:32px;line-height:42px;\" class=\"ts-custom-heading \" >\u00dcber \u00e4sthetische Chirurgie und medizinische Anwendungen<br \/>\nJetzt informieren<\/p>\n<h2 style=\"text-align:center;font-size:40px;line-height:70px;color:#ffffff;\" class=\"ts-custom-heading vc_custom_1690204156649\" ><a href=\"tel:+90 531 881 6621\">+90 531 881 66 21<\/a><\/h2>\n\r\n\t\t<div class=\"ts-vc_btn3-container ts-vc_btn3-center\"><a class=\"ts-vc_general ts-vc_btn3 ts-vc_btn3-size-lg ts-vc_btn3-shape-rounded ts-vc_btn3-style-flat ts-vc_btn3-weight-yes ts-vc_btn3-icon-left ts-vc_btn3-color-success\" href=\"https:\/\/wa.me\/+905318816621\" title=\"+90 531 881 66 21\"><i class=\"ts-vc_btn3-icon fa fa-whatsapp\"><\/i> WhatsApp<\/a><\/div>[\/vc_column][\/vc_row][vc_row full_width=&#8220;stretch_row_content&#8220; ts_responsive_css=&#8220;67427488|colbreak_no|||||80px||65px||colbreak_no|||||||||colbreak_no|||||60px||45px|||colbreak_no|||||||||&#8220;][vc_column][vc_row_inner][vc_column_inner]<div class=\"ts-element-heading-wrapper ts-heading-inner ts-element-align-center ts-seperator-none \"><section class=\"ts-vc_cta3-container\"><div class=\"ts-vc_general ts-vc_cta3 ts-cta3-only ts-vc_cta3-style-classic ts-vc_cta3-shape-rounded ts-vc_cta3-align-center ts-vc_cta3-color-transparent ts-vc_cta3-icon-size-md ts-vc_cta3-actions-no ts-cta3-without-desc\"><div class=\"ts-vc_cta3_content-container\"><div class=\"ts-vc_cta3-content\"><div class=\"ts-vc_cta3-content-header ts-wrap\"><div class=\"ts-vc_cta3-headers ts-wrap-cell\"><h4 class=\"ts-custom-heading \" >Clinic P<\/h4>\n<h2 class=\"ts-custom-heading ts-fontweightbold \" ><strong>Unser Zentrum<\/strong><\/h2>\n<\/div><\/div><\/div><\/div><\/div><\/section><\/div> <!-- .ts-element-heading-wrapper container --> [\/vc_column_inner][\/vc_row_inner][vc_row_inner][vc_column_inner width=&#8220;1\/4&#8243;][vc_single_image image=&#8220;6507&#8243; img_size=&#8220;full&#8220; alignment=&#8220;center&#8220;][\/vc_column_inner][vc_column_inner width=&#8220;1\/4&#8243;][vc_single_image image=&#8220;6512&#8243; img_size=&#8220;full&#8220; alignment=&#8220;center&#8220;][\/vc_column_inner][vc_column_inner width=&#8220;1\/4&#8243;][vc_single_image image=&#8220;6517&#8243; img_size=&#8220;full&#8220; alignment=&#8220;center&#8220;][\/vc_column_inner][vc_column_inner width=&#8220;1\/4&#8243;][vc_single_image image=&#8220;6522&#8243; img_size=&#8220;full&#8220; alignment=&#8220;center&#8220;][\/vc_column_inner][\/vc_row_inner][vc_row_inner][vc_column_inner width=&#8220;1\/4&#8243;][vc_single_image image=&#8220;6527&#8243; img_size=&#8220;full&#8220; alignment=&#8220;center&#8220;][\/vc_column_inner][vc_column_inner width=&#8220;1\/4&#8243;][vc_single_image image=&#8220;6532&#8243; img_size=&#8220;full&#8220; alignment=&#8220;center&#8220;][\/vc_column_inner][vc_column_inner width=&#8220;1\/4&#8243;][vc_single_image image=&#8220;6537&#8243; img_size=&#8220;full&#8220; alignment=&#8220;center&#8220;][\/vc_column_inner][vc_column_inner width=&#8220;1\/4&#8243;][vc_single_image image=&#8220;6542&#8243; img_size=&#8220;full&#8220; alignment=&#8220;center&#8220;][\/vc_column_inner][\/vc_row_inner][\/vc_column][\/vc_row][vc_row][vc_column][vc_column_text]<strong><\/strong>[\/vc_column_text][\/vc_column][\/vc_row][vc_row][vc_column][vc_column_text]<!-- \/wp:post-content -->[\/vc_column_text][\/vc_column][\/vc_row]<\/p>\n<!-- \/wp:freeform --><\/section>","protected":false},"excerpt":{"rendered":"<p>[vc_row][vc_column][vc_column_text]Die d\u00fcnnsten Hautbereiche in unserem K\u00f6rper befinden sich auf den Augenlidern.\u00a0 Als Folge fortschreitenden Alters und des Einflusses der Gravitation entstehen mit der Zeit h\u00e4ngende Augenlider und Tr\u00e4nens\u00e4cke. Dies l\u00e4sst uns alt, gestresst und m\u00fcde aussehen, auch wenn wir uns gerade nicht so f\u00fchlen. Eine Oberlidstraffung dient nicht nur \u00e4sthetischen Zwecken, sondern verbessert auch die &hellip; <a href=\"https:\/\/clinicp.com\/de\/oberlidstraffung\/\" class=\"more-link\">Continue reading <span class=\"screen-reader-text\">Oberlidstraffung<\/span><\/a><\/p>\n","protected":false},"author":3,"featured_media":5731,"parent":0,"menu_order":0,"comment_status":"closed","ping_status":"closed","template":"","meta":{"footnotes":""},"class_list":["post-6178","page","type-page","status-publish","has-post-thumbnail","hentry"],"_links":{"self":[{"href":"https:\/\/clinicp.com\/de\/wp-json\/wp\/v2\/pages\/6178","targetHints":{"allow":["GET"]}}],"collection":[{"href":"https:\/\/clinicp.com\/de\/wp-json\/wp\/v2\/pages"}],"about":[{"href":"https:\/\/clinicp.com\/de\/wp-json\/wp\/v2\/types\/page"}],"author":[{"embeddable":true,"href":"https:\/\/clinicp.com\/de\/wp-json\/wp\/v2\/users\/3"}],"replies":[{"embeddable":true,"href":"https:\/\/clinicp.com\/de\/wp-json\/wp\/v2\/comments?post=6178"}],"version-history":[{"count":7,"href":"https:\/\/clinicp.com\/de\/wp-json\/wp\/v2\/pages\/6178\/revisions"}],"predecessor-version":[{"id":7674,"href":"https:\/\/clinicp.com\/de\/wp-json\/wp\/v2\/pages\/6178\/revisions\/7674"}],"wp:featuredmedia":[{"embeddable":true,"href":"https:\/\/clinicp.com\/de\/wp-json\/wp\/v2\/media\/5731"}],"wp:attachment":[{"href":"https:\/\/clinicp.com\/de\/wp-json\/wp\/v2\/media?parent=6178"}],"curies":[{"name":"wp","href":"https:\/\/api.w.org\/{rel}","templated":true}]}}