{"id":6186,"date":"2023-06-15T11:29:12","date_gmt":"2023-06-15T08:29:12","guid":{"rendered":"https:\/\/clinicp.com\/ohrenkorrektur\/"},"modified":"2023-07-24T16:17:41","modified_gmt":"2023-07-24T13:17:41","slug":"ohrenkorrektur","status":"publish","type":"page","link":"https:\/\/clinicp.com\/de\/ohrenkorrektur\/","title":{"rendered":"Ohrenkorrektur"},"content":{"rendered":"<section class=\"wpb-content-wrapper\"><p>[vc_row][vc_column][vc_column_text]Abstehende Ohren sind zumeist das Resultat erblicher Veranlagung. Durch einen Eingriff, bei dem die Ohren angelegt werden, kann die Ohrform korrigiert werden. Dieser Eingriff wird auch als\u00a0 otoplastischer Eingriff bezeichnet und bietet eine dauerhafte L\u00f6sung gegen abstehende Ohren an.<\/p>\n<div class=\"service-details mt-60 mb-60\">\n<div class=\"container\">\n<div class=\"row\">\n<div class=\"col-xxl-8 col-xl-8 col-lg-7\">\n<div class=\"service__left\">\n<div class=\"service__text-2 mt-50\">\n<p>Menschen, deren Ohren abstehen oder ungew\u00f6hnlich gro\u00df sind, stehen oft unter Leidensdruck und es kommt h\u00e4ufig der Wunsch nach einer Ohrenkorrektur auf. Insbesondere Kinder leiden oft wegen ihrer Segelohren unter H\u00e4nseleien durch andere Kinder. Eine Ohrenkorrektur kann bei Kindern schon im 5. oder 6. Lebensjahr vorgenommen werden, da bereits zu diesem Zeitpunkt die Ohren ausgewachsen sind. Dieser Eingriff verspricht eine dauerhafte L\u00f6sung gegen Segelohren. Da eine Ohrenkorrektur an erster Linie auch den Leidensdruck des Patienten lindern soll, sollte dieser Eingriff nicht lediglich als eine \u00e4sthetische Behandlung angesehen werden.<\/p>\n<h3>Ab welchem Alter ist eine Ohrenkorrektur ratsam?<\/h3>\n<p>Es gibt eine gro\u00dfe Anzahl an Menschen, die unter abstehenden Ohren leiden. Abstehende Ohren sind\u00a0 das Resultat erblicher Veranlagung. Zum Zeitpunkt des 5. oder 6. Lebensjahr sind die Ohren bereits ausgewachsen. F\u00fcr Kinder, die unzufrieden mit der Gr\u00f6\u00dfe und Form ihrer Ohren sind, kann dies zu einer enormen Belastung werden. Deshalb ist es ratsam, m\u00f6glichst noch vor der Einschulung die abstehenden Ohren des Kindes chirurgisch korrigieren zu lassen. Eine Ohrenkorrektur kann bei jedem Patienten, dessen Ohren bereits ausgewachsen sind, vorgenommen werden.<\/p>\n<p>Der chirurgischer Eingriff zur Korrektur von abstehenden Ohren kann \u00e4sthetisch nicht r\u00fcckg\u00e4ngig gemacht werden. Nach dem Eingriff ver\u00e4ndert sich die Form der Ohren dauerhaft.<\/p>\n<h3>Entscheidung f\u00fcr eine Ohrenkorrektur<\/h3>\n<p>Nach einer Untersuchung des Ausgangszustands und die Beschaffenheit des Ohrknorpels, entscheidet der zu behandelnde Arzt \u00fcber einen m\u00f6glichen Eingriff. Auch in F\u00e4llen, wo sich die Deformit\u00e4t nur an einem Ohr befindet, kann es aus symmetrischen Gr\u00fcnden erforderlich sein, beide Ohren zu behandeln. Nach einer Entscheidung f\u00fcr eine Ohrenkorrektur, wird der Patient in einem Beratungsgespr\u00e4ch ausf\u00fchrlich \u00fcber den Eingriff, die Form der An\u00e4sthesie und der Nachbehandlung informiert.<\/p>\n<h3>Ablauf einer Ohrenkorrektur<\/h3>\n<p>Die Ohrenkorrektur erfolgt \u00fcber einen kleinen Schnitt an der Ohrmuschel, der kaum zu erkennen ist. Dadurch wird die Form der Ohrmuschel dauerhaft ver\u00e4ndert. Nach dem Schnitt an der Ohrmuschel wird der Ohrknorpel freigelegt, bearbeitet und neu geformt. Ein Vorteil der Ohrenkorrektur ist es, dass sich das Problem von abstehenden Ohren nach dem Eingriff nicht wiederholt. Der Eingriff erfolgt bei Kindern unter 10-12 Jahren unter Vollnarkose. Bei \u00e4lteren Patienten erfolgt der Eingriff unter lokalen Bet\u00e4ubung.<\/p>\n<p>Der Eingriff dauert etwa 1 Stunde. Nach dem Eingriff erh\u00e4lt der Patient einen Kopfverband, den er die ersten 5 Tage tragen muss. Patienten, die unter \u00f6rtlicher Bet\u00e4ubung behandelt wurde, werden gleich am selben Tag des Eingriffs entlassen. Nachdem der Verband entfernt wird, erh\u00e4lt der Patient ein Stirnband. Der Eingriff hinterl\u00e4sst keine optischen Narben.<\/p>\n<h3>Welche Risiken gibt es?<\/h3>\n<p>Die Risiken einer Ohrenkorrektur sind sehr gering. In seltenen F\u00e4llen kommt es zu einem Infekt oder zu H\u00e4matomen. Auch, wenn diese Nebenwirkungen sehr selten auftreten, sollte der Patient ausf\u00fchrlich dar\u00fcber informiert werden. Nicht auszuschlie\u00dfen ist auch ein unbefriedigendes \u00e4sthetisches Ergebnis, wie Asymmetrie oder zu eng am Kopf anliegende Ohren.<\/p>\n<h3>Wann ist man wieder gesellschaftsf\u00e4hig?<\/h3>\n<p>Die Gesellschaftsf\u00e4higkeit der Patienten nach dem Eingriff ist zumeist abg\u00e4ngig vom Geschlecht. Da die Patienten nach dem Eingriff ein Stirnband tragen m\u00fcssen, ist es f\u00fcr Frauen einfacher ihrem Alltag wieder normal nachzugehen, da das Stirnband auch als ein Accessoire f\u00fcr ihre Haare angesehen werden kann. Im Gegensatz dazu dauert es bei M\u00e4nnern etwas l\u00e4nger, bis sie wieder gesellschaftsf\u00e4hig sind.<\/p>\n<h3>Wie erfolgt die Nachbehandlung?<\/h3>\n<p>Nach dem Eingriff bekommt der Patient einen Kopfverband und\u00a0 kann in der Regel wieder am selben Tag nach Hause. Am n\u00e4chsten Tag hat der Patient einen Kontrolltermin, bei dem auch der Verband gewechselt wird. Nach dem Eingriff k\u00f6nnen leichte Schmerzen auftreten, die durch einfache Schmerzmittel gelindert werden. Nachdem der Kopfverband entfernt wird, muss der Patient ein elastisches Stirnband tragen. Nach dem Eingriff k\u00f6nnen 3-5 Tage lang Schwellungen und leichte R\u00f6tungen an den Ohren entstehen. Jedoch ist die Ohrenkorrektur eine Operation, deren postoperativen Wunden sehr schnell heilen.<\/p>\n<p>Etwa nach 2 Wochen nach dem Eingriff sind die Schwellungen g\u00e4nzlich verschwunden. Nach 1-2 Monaten nimmt das Ohr dann seine endg\u00fcltige Form an. Da der Schnitt an der Ohrmuschel verl\u00e4uft, ist er nach dem Eingriff nicht zu sehen. Auch verschwinden die Narben nach einer bestimmten Zeit und sind optisch kaum zu sehen.<\/div>\n<\/div>\n<\/div>\n<\/div>\n<\/div>\n<\/div>\n<p>[\/vc_column_text][\/vc_column][\/vc_row][vc_row full_width=&#8220;stretch_row_content&#8220; ts_responsive_css=&#8220;67427488|colbreak_no|||||80px||65px||colbreak_no|||||||||colbreak_no|||||60px||45px|||colbreak_no|||||||||&#8220; css=&#8220;.vc_custom_1690204614543{margin-bottom: 40px !important;}&#8220;][vc_column][vc_row_inner][vc_column_inner]<div class=\"ts-element-heading-wrapper ts-heading-inner ts-element-align-center ts-seperator-none \"><section class=\"ts-vc_cta3-container\"><div class=\"ts-vc_general ts-vc_cta3 ts-cta3-only ts-vc_cta3-style-classic ts-vc_cta3-shape-rounded ts-vc_cta3-align-center ts-vc_cta3-color-transparent ts-vc_cta3-icon-size-md ts-vc_cta3-actions-no ts-cta3-without-desc\"><div class=\"ts-vc_cta3_content-container\"><div class=\"ts-vc_cta3-content\"><div class=\"ts-vc_cta3-content-header ts-wrap\"><div class=\"ts-vc_cta3-headers ts-wrap-cell\"><h4 class=\"ts-custom-heading \" >Clinic P<\/h4>\n<h2 class=\"ts-custom-heading ts-fontweightbold \" ><strong>Unser Zentrum<\/strong><\/h2>\n<\/div><\/div><\/div><\/div><\/div><\/section><\/div> <!-- .ts-element-heading-wrapper container --> [\/vc_column_inner][\/vc_row_inner][vc_row_inner][vc_column_inner width=&#8220;1\/3&#8243;][vc_single_image image=&#8220;7555&#8243; img_size=&#8220;medium&#8220; alignment=&#8220;center&#8220; onclick=&#8220;link_image&#8220;][\/vc_column_inner][vc_column_inner width=&#8220;1\/3&#8243;][vc_single_image image=&#8220;7560&#8243; img_size=&#8220;medium&#8220; alignment=&#8220;center&#8220; onclick=&#8220;link_image&#8220;][\/vc_column_inner][vc_column_inner width=&#8220;1\/3&#8243;][vc_single_image image=&#8220;7565&#8243; img_size=&#8220;medium&#8220; alignment=&#8220;center&#8220; onclick=&#8220;link_image&#8220;][\/vc_column_inner][\/vc_row_inner][\/vc_column][\/vc_row][vc_row full_width=&#8220;stretch_row_content&#8220; css=&#8220;.vc_custom_1688635530883{margin-bottom: 20px !important;padding-top: 60px !important;padding-bottom: 50px !important;background-image: url(https:\/\/clinicp.com\/wp-content\/uploads\/2023\/06\/homepage-banner-1.jpg?id=6461) !important;background-position: center !important;background-repeat: no-repeat !important;background-size: cover !important;}&#8220; ts_responsive_css=&#8220;79823081|colbreak_no|||||80px||60px||colbreak_no|||||||||colbreak_no|||||60px||30px|||colbreak_no|||||||||&#8220; el_class=&#8220;ts-opacity95 ts-font375mode&#8220;][vc_column ts_textcolor=&#8220;white&#8220;]<p style=\"text-align:center;font-size:32px;line-height:42px;\" class=\"ts-custom-heading \" >\u00dcber \u00e4sthetische Chirurgie und medizinische Anwendungen<br \/>\nJetzt informieren<\/p>\n<h2 style=\"text-align:center;font-size:40px;line-height:70px;color:#ffffff;\" class=\"ts-custom-heading vc_custom_1690204502956\" ><a href=\"tel:+90 531 881 6621\">+90 531 881 66 21<\/a><\/h2>\n\r\n\t\t<div class=\"ts-vc_btn3-container ts-vc_btn3-center\"><a class=\"ts-vc_general ts-vc_btn3 ts-vc_btn3-size-lg ts-vc_btn3-shape-rounded ts-vc_btn3-style-flat ts-vc_btn3-weight-yes ts-vc_btn3-icon-left ts-vc_btn3-color-success\" href=\"https:\/\/wa.me\/+905318816621\" title=\"+90 531 881 6621\"><i class=\"ts-vc_btn3-icon fa fa-whatsapp\"><\/i> WhatsApp<\/a><\/div>[\/vc_column][\/vc_row][vc_row full_width=&#8220;stretch_row_content&#8220; ts_responsive_css=&#8220;67427488|colbreak_no|||||80px||65px||colbreak_no|||||||||colbreak_no|||||60px||45px|||colbreak_no|||||||||&#8220;][vc_column][vc_row_inner][vc_column_inner]<div class=\"ts-element-heading-wrapper ts-heading-inner ts-element-align-center ts-seperator-none \"><section class=\"ts-vc_cta3-container\"><div class=\"ts-vc_general ts-vc_cta3 ts-cta3-only ts-vc_cta3-style-classic ts-vc_cta3-shape-rounded ts-vc_cta3-align-center ts-vc_cta3-color-transparent ts-vc_cta3-icon-size-md ts-vc_cta3-actions-no ts-cta3-without-desc\"><div class=\"ts-vc_cta3_content-container\"><div class=\"ts-vc_cta3-content\"><div class=\"ts-vc_cta3-content-header ts-wrap\"><div class=\"ts-vc_cta3-headers ts-wrap-cell\"><h4 class=\"ts-custom-heading \" >Clinic P<\/h4>\n<h2 class=\"ts-custom-heading ts-fontweightbold \" ><strong>Unser Zentrum<\/strong><\/h2>\n<\/div><\/div><\/div><\/div><\/div><\/section><\/div> <!-- .ts-element-heading-wrapper container --> [\/vc_column_inner][\/vc_row_inner][vc_row_inner][vc_column_inner width=&#8220;1\/4&#8243;][vc_single_image image=&#8220;6507&#8243; img_size=&#8220;full&#8220; alignment=&#8220;center&#8220; onclick=&#8220;link_image&#8220;][\/vc_column_inner][vc_column_inner width=&#8220;1\/4&#8243;][vc_single_image image=&#8220;6512&#8243; img_size=&#8220;full&#8220; alignment=&#8220;center&#8220; onclick=&#8220;link_image&#8220;][\/vc_column_inner][vc_column_inner width=&#8220;1\/4&#8243;][vc_single_image image=&#8220;6517&#8243; img_size=&#8220;full&#8220; alignment=&#8220;center&#8220; onclick=&#8220;link_image&#8220;][\/vc_column_inner][vc_column_inner width=&#8220;1\/4&#8243;][vc_single_image image=&#8220;6522&#8243; img_size=&#8220;full&#8220; alignment=&#8220;center&#8220; onclick=&#8220;link_image&#8220;][\/vc_column_inner][\/vc_row_inner][vc_row_inner][vc_column_inner width=&#8220;1\/4&#8243;][vc_single_image image=&#8220;6527&#8243; img_size=&#8220;full&#8220; alignment=&#8220;center&#8220; onclick=&#8220;link_image&#8220;][\/vc_column_inner][vc_column_inner width=&#8220;1\/4&#8243;][vc_single_image image=&#8220;6532&#8243; img_size=&#8220;full&#8220; alignment=&#8220;center&#8220; onclick=&#8220;link_image&#8220;][\/vc_column_inner][vc_column_inner width=&#8220;1\/4&#8243;][vc_single_image image=&#8220;6537&#8243; img_size=&#8220;full&#8220; alignment=&#8220;center&#8220; onclick=&#8220;link_image&#8220;][\/vc_column_inner][vc_column_inner width=&#8220;1\/4&#8243;][vc_single_image image=&#8220;6542&#8243; img_size=&#8220;full&#8220; alignment=&#8220;center&#8220; onclick=&#8220;link_image&#8220;][\/vc_column_inner][\/vc_row_inner][\/vc_column][\/vc_row][vc_row][vc_column][vc_column_text]<strong><\/strong>[\/vc_column_text][\/vc_column][\/vc_row][vc_row][vc_column][vc_column_text]<\/p>\n<footer class=\"footer\" data-background=\"\/themes\/app\/img\/bg\/footer-bg.webp\" data-overlay=\"9\">\n<div class=\"container\">\n<div class=\"footer__top\">\n<div class=\"row\">\n<div class=\"col-xl col-lg col-md mb-4 mb-md-0\"><\/div>\n<\/div>\n<\/div>\n<\/div>\n<\/footer>\n<p>[\/vc_column_text][\/vc_column][\/vc_row]<\/p>\n<!-- \/wp:post-content --><\/section>","protected":false},"excerpt":{"rendered":"<p>[vc_row][vc_column][vc_column_text]Abstehende Ohren sind zumeist das Resultat erblicher Veranlagung. Durch einen Eingriff, bei dem die Ohren angelegt werden, kann die Ohrform korrigiert werden. Dieser Eingriff wird auch als\u00a0 otoplastischer Eingriff bezeichnet und bietet eine dauerhafte L\u00f6sung gegen abstehende Ohren an. Menschen, deren Ohren abstehen oder ungew\u00f6hnlich gro\u00df sind, stehen oft unter Leidensdruck und es kommt h\u00e4ufig &hellip; <a href=\"https:\/\/clinicp.com\/de\/ohrenkorrektur\/\" class=\"more-link\">Continue reading <span class=\"screen-reader-text\">Ohrenkorrektur<\/span><\/a><\/p>\n","protected":false},"author":3,"featured_media":5751,"parent":0,"menu_order":0,"comment_status":"closed","ping_status":"closed","template":"","meta":{"footnotes":""},"class_list":["post-6186","page","type-page","status-publish","has-post-thumbnail","hentry"],"_links":{"self":[{"href":"https:\/\/clinicp.com\/de\/wp-json\/wp\/v2\/pages\/6186","targetHints":{"allow":["GET"]}}],"collection":[{"href":"https:\/\/clinicp.com\/de\/wp-json\/wp\/v2\/pages"}],"about":[{"href":"https:\/\/clinicp.com\/de\/wp-json\/wp\/v2\/types\/page"}],"author":[{"embeddable":true,"href":"https:\/\/clinicp.com\/de\/wp-json\/wp\/v2\/users\/3"}],"replies":[{"embeddable":true,"href":"https:\/\/clinicp.com\/de\/wp-json\/wp\/v2\/comments?post=6186"}],"version-history":[{"count":10,"href":"https:\/\/clinicp.com\/de\/wp-json\/wp\/v2\/pages\/6186\/revisions"}],"predecessor-version":[{"id":7676,"href":"https:\/\/clinicp.com\/de\/wp-json\/wp\/v2\/pages\/6186\/revisions\/7676"}],"wp:featuredmedia":[{"embeddable":true,"href":"https:\/\/clinicp.com\/de\/wp-json\/wp\/v2\/media\/5751"}],"wp:attachment":[{"href":"https:\/\/clinicp.com\/de\/wp-json\/wp\/v2\/media?parent=6186"}],"curies":[{"name":"wp","href":"https:\/\/api.w.org\/{rel}","templated":true}]}}