{"id":6209,"date":"2023-06-15T14:39:29","date_gmt":"2023-06-15T11:39:29","guid":{"rendered":"https:\/\/clinicp.com\/liposuktion\/"},"modified":"2023-07-24T20:58:03","modified_gmt":"2023-07-24T17:58:03","slug":"liposuktion","status":"publish","type":"page","link":"https:\/\/clinicp.com\/de\/liposuktion\/","title":{"rendered":"Liposuktion"},"content":{"rendered":"<section class=\"wpb-content-wrapper\"><p>[vc_row][vc_column][vc_column_text]Unter Liposuktion versteht man die Methode der Fettabsaugung in Arealen mit \u00fcbersch\u00fcssigem Fettgewebe. Hier muss betont werden, dass Liposuktion keine Behandlung zur Gewichtsabnahme ist, sondern\u00a0 dazu dient die K\u00f6rperkonturen zu verbessern. Vor dem Eingriff muss eine gr\u00fcndliche Untersuchung des gesamten K\u00f6rpers erfolgen. Dabei wird\u00a0 auf die Hautelastizit\u00e4t und das Gewicht des Patienten geachtet. Denn das vom Patienten entnommene Fettgewebe darf nur 5% des Gesamtgewichtes entsprechen.<\/p>\n<p>Demnach w\u00fcrde eine Fettabsaugung von 3,5-4 Liter bei einem Patienten mit 25 kg \u00dcbergewicht, zu keinem erfolgreichen Ergebnis f\u00fchren. Jedoch w\u00fcrde ein Patient mit 10 kg \u00dcbergewicht bei der erw\u00e4hnten Menge von entnommenem Fettgewebe gleich bis zu 2 Kleidergr\u00f6\u00dfen verlieren.<\/p>\n<p>Der Eingriff kann je nach Ausma\u00df der zu behandelnden Stellen zwischen 1-3 Stunden variieren. Nach dem Eingriff muss der Patient 3-4 Wochen lang Kompressionsw\u00e4sche je nach K\u00f6rperregion tragen, um den Heilungsprozess zu unterst\u00fctzen. Der Eingriff sollte in einem voll ausgestatteten Krankenhaus durchgef\u00fchrt werden. Wie lange der station\u00e4re Aufenthalt des Patienten dauern wird oder wann er seinem Alltag wieder normal nachgehen kann, h\u00e4ngt von dem Ausma\u00df des Eingriffes ab. Die Methode der Fettabsaugung hat im Laufe der Jahre gro\u00dfe Fortschritte gemacht und ist nicht mehr so schmerzhaft wie fr\u00fcher.[\/vc_column_text][\/vc_column][\/vc_row][vc_row full_width=&#8220;stretch_row_content&#8220; css=&#8220;.vc_custom_1688635530883{margin-bottom: 20px !important;padding-top: 60px !important;padding-bottom: 50px !important;background-image: url(https:\/\/clinicp.com\/wp-content\/uploads\/2023\/06\/homepage-banner-1.jpg?id=6461) !important;background-position: center !important;background-repeat: no-repeat !important;background-size: cover !important;}&#8220; ts_responsive_css=&#8220;79823081|colbreak_no|||||80px||60px||colbreak_no|||||||||colbreak_no|||||60px||30px|||colbreak_no|||||||||&#8220; el_class=&#8220;ts-opacity95 ts-font375mode&#8220;][vc_column ts_textcolor=&#8220;white&#8220;]<p style=\"text-align:center;font-size:32px;line-height:42px;\" class=\"ts-custom-heading \" >\u00dcber \u00e4sthetische Chirurgie und medizinische Anwendungen<br \/>\nJetzt informieren<\/p>\n<h2 style=\"text-align:center;font-size:40px;line-height:70px;color:#ffffff;\" class=\"ts-custom-heading vc_custom_1690221421820\" ><a href=\"tel:+90 531 881 6621\">+90 531 881 66 21<\/a><\/h2>\n\r\n\t\t<div class=\"ts-vc_btn3-container ts-vc_btn3-center\"><a class=\"ts-vc_general ts-vc_btn3 ts-vc_btn3-size-lg ts-vc_btn3-shape-rounded ts-vc_btn3-style-flat ts-vc_btn3-weight-yes ts-vc_btn3-icon-left ts-vc_btn3-color-success\" href=\"https:\/\/wa.me\/+905318816621\" title=\"+90 531 881 66 21\"><i class=\"ts-vc_btn3-icon fa fa-whatsapp\"><\/i> WhatsApp<\/a><\/div>[\/vc_column][\/vc_row][vc_row full_width=&#8220;stretch_row_content&#8220; ts_responsive_css=&#8220;67427488|colbreak_no|||||80px||65px||colbreak_no|||||||||colbreak_no|||||60px||45px|||colbreak_no|||||||||&#8220;][vc_column][vc_row_inner][vc_column_inner]<div class=\"ts-element-heading-wrapper ts-heading-inner ts-element-align-center ts-seperator-none \"><section class=\"ts-vc_cta3-container\"><div class=\"ts-vc_general ts-vc_cta3 ts-cta3-only ts-vc_cta3-style-classic ts-vc_cta3-shape-rounded ts-vc_cta3-align-center ts-vc_cta3-color-transparent ts-vc_cta3-icon-size-md ts-vc_cta3-actions-no ts-cta3-without-desc\"><div class=\"ts-vc_cta3_content-container\"><div class=\"ts-vc_cta3-content\"><div class=\"ts-vc_cta3-content-header ts-wrap\"><div class=\"ts-vc_cta3-headers ts-wrap-cell\"><h4 class=\"ts-custom-heading \" >Clinic P<\/h4>\n<h2 class=\"ts-custom-heading ts-fontweightbold \" ><strong>Unser Zentrum<\/strong><\/h2>\n<\/div><\/div><\/div><\/div><\/div><\/section><\/div> <!-- .ts-element-heading-wrapper container --> [\/vc_column_inner][\/vc_row_inner][vc_row_inner][vc_column_inner width=&#8220;1\/4&#8243;][vc_single_image image=&#8220;6507&#8243; img_size=&#8220;full&#8220; alignment=&#8220;center&#8220;][\/vc_column_inner][vc_column_inner width=&#8220;1\/4&#8243;][vc_single_image image=&#8220;6512&#8243; img_size=&#8220;full&#8220; alignment=&#8220;center&#8220;][\/vc_column_inner][vc_column_inner width=&#8220;1\/4&#8243;][vc_single_image image=&#8220;6517&#8243; img_size=&#8220;full&#8220; alignment=&#8220;center&#8220;][\/vc_column_inner][vc_column_inner width=&#8220;1\/4&#8243;][vc_single_image image=&#8220;6522&#8243; img_size=&#8220;full&#8220; alignment=&#8220;center&#8220;][\/vc_column_inner][\/vc_row_inner][vc_row_inner][vc_column_inner width=&#8220;1\/4&#8243;][vc_single_image image=&#8220;6527&#8243; img_size=&#8220;full&#8220; alignment=&#8220;center&#8220;][\/vc_column_inner][vc_column_inner width=&#8220;1\/4&#8243;][vc_single_image image=&#8220;6532&#8243; img_size=&#8220;full&#8220; alignment=&#8220;center&#8220;][\/vc_column_inner][vc_column_inner width=&#8220;1\/4&#8243;][vc_single_image image=&#8220;6537&#8243; img_size=&#8220;full&#8220; alignment=&#8220;center&#8220;][\/vc_column_inner][vc_column_inner width=&#8220;1\/4&#8243;][vc_single_image image=&#8220;6542&#8243; img_size=&#8220;full&#8220; alignment=&#8220;center&#8220;][\/vc_column_inner][\/vc_row_inner][\/vc_column][\/vc_row]<\/p>\n<\/section>","protected":false},"excerpt":{"rendered":"<p>[vc_row][vc_column][vc_column_text]Unter Liposuktion versteht man die Methode der Fettabsaugung in Arealen mit \u00fcbersch\u00fcssigem Fettgewebe. Hier muss betont werden, dass Liposuktion keine Behandlung zur Gewichtsabnahme ist, sondern\u00a0 dazu dient die K\u00f6rperkonturen zu verbessern. Vor dem Eingriff muss eine gr\u00fcndliche Untersuchung des gesamten K\u00f6rpers erfolgen. Dabei wird\u00a0 auf die Hautelastizit\u00e4t und das Gewicht des Patienten geachtet. Denn das &hellip; <a href=\"https:\/\/clinicp.com\/de\/liposuktion\/\" class=\"more-link\">Continue reading <span class=\"screen-reader-text\">Liposuktion<\/span><\/a><\/p>\n","protected":false},"author":3,"featured_media":5790,"parent":0,"menu_order":0,"comment_status":"closed","ping_status":"closed","template":"","meta":{"footnotes":""},"class_list":["post-6209","page","type-page","status-publish","has-post-thumbnail","hentry"],"_links":{"self":[{"href":"https:\/\/clinicp.com\/de\/wp-json\/wp\/v2\/pages\/6209","targetHints":{"allow":["GET"]}}],"collection":[{"href":"https:\/\/clinicp.com\/de\/wp-json\/wp\/v2\/pages"}],"about":[{"href":"https:\/\/clinicp.com\/de\/wp-json\/wp\/v2\/types\/page"}],"author":[{"embeddable":true,"href":"https:\/\/clinicp.com\/de\/wp-json\/wp\/v2\/users\/3"}],"replies":[{"embeddable":true,"href":"https:\/\/clinicp.com\/de\/wp-json\/wp\/v2\/comments?post=6209"}],"version-history":[{"count":7,"href":"https:\/\/clinicp.com\/de\/wp-json\/wp\/v2\/pages\/6209\/revisions"}],"predecessor-version":[{"id":7678,"href":"https:\/\/clinicp.com\/de\/wp-json\/wp\/v2\/pages\/6209\/revisions\/7678"}],"wp:featuredmedia":[{"embeddable":true,"href":"https:\/\/clinicp.com\/de\/wp-json\/wp\/v2\/media\/5790"}],"wp:attachment":[{"href":"https:\/\/clinicp.com\/de\/wp-json\/wp\/v2\/media?parent=6209"}],"curies":[{"name":"wp","href":"https:\/\/api.w.org\/{rel}","templated":true}]}}