{"id":6213,"date":"2023-06-15T14:41:27","date_gmt":"2023-06-15T11:41:27","guid":{"rendered":"https:\/\/clinicp.com\/das-mommy-makeover\/"},"modified":"2023-07-24T21:05:23","modified_gmt":"2023-07-24T18:05:23","slug":"das-mommy-makeover","status":"publish","type":"page","link":"https:\/\/clinicp.com\/de\/das-mommy-makeover\/","title":{"rendered":"Das Mommy Makeover"},"content":{"rendered":"<section class=\"wpb-content-wrapper\"><p>[vc_row][vc_column][vc_column_text]Schwangerschaft und Mutterschaft sind die entscheidenden Phasen im Leben einer Frau. Sie bringen auch zahlreiche Ver\u00e4nderungen des K\u00f6rpers sowie einige Deformationen mit sich. Dies f\u00fchrt bei vielen Frauen dazu, dass sie ihren K\u00f6rper nicht mehr so lieben wie fr\u00fcher. Selbst wenn das \u00dcbergewicht nach der Geburt verschwindet, kann es sein, dass der K\u00f6rper nicht von selbst zu seinem fr\u00fcheren Aussehen zur\u00fcckfinden kann. Mit dieser Methode des chirurgischen Gesamteingriffs kann die Person in einem einzigen Eingriff ihre K\u00f6rperform von vor der Schwangerschaft wiederherstellen.<\/p>\n<p>Brust, Bauch und Taille werden gleichzeitig behandelt. Die Br\u00fcste werden angehoben und\/oder vergr\u00f6\u00dfert. Fettabsaugung und Abdominoplastik werden je nach Bedarf im Bauchbereich angewendet. \u00dcbersch\u00fcssiges Fett wird an der Taille und am R\u00fccken durch Fettabsaugung entfernt. In der Payasl\u0131 Clinic verwenden wir das Vaser-Fettabsaugungsger\u00e4t. Die chirurgischen Eingriffe werden unter Vollnarkose durchgef\u00fchrt. Die Dauer der Operation betr\u00e4gt 3 bis 5 Stunden, je nach Technik und Umfang des Eingriffs. Die Patienten k\u00f6nnen zwei Tage nach dem Eingriff aus dem Krankenhaus entlassen werden. Am ersten Tag k\u00f6nnen sie leichte Symptome versp\u00fcren. Nach dem dritten Tag k\u00f6nnen sie sich vollst\u00e4ndig bewegen. Einige Tage sp\u00e4ter ist es m\u00f6glich, das Alltagsleben wieder aufzunehmen. Die Ruhezeit der Patienten nach einer \u00e4sthetischen Mutterschaft kann sich je nach Anzahl der Operationen \u00e4ndern.<\/p>\n<p>Um die Ergebnisse der \u00e4sthetischen Mutterschaft zu erhalten, ist es notwendig, nach der Operation ein angemessenes Bewegungsprogramm zu absolvieren. Ein gutes Aussehen nach der Schwangerschaft zu haben, ist nicht nur mit den \u00e4sthetischen Prozessen nach der Geburt verbunden. Es steht auch in direktem Zusammenhang mit der \u00dcbungs- und Ern\u00e4hrungsroutine w\u00e4hrend der Schwangerschaft. Deshalb ist es wichtig, w\u00e4hrend der Schwangerschaft die Punkte zu beachten, die f\u00fcr die Gesundheit des K\u00f6rpers und das k\u00f6rperliche Erscheinungsbild wichtig sind.[\/vc_column_text][\/vc_column][\/vc_row][vc_row full_width=&#8220;stretch_row_content&#8220; css=&#8220;.vc_custom_1688635530883{margin-bottom: 20px !important;padding-top: 60px !important;padding-bottom: 50px !important;background-image: url(https:\/\/clinicp.com\/wp-content\/uploads\/2023\/06\/homepage-banner-1.jpg?id=6461) !important;background-position: center !important;background-repeat: no-repeat !important;background-size: cover !important;}&#8220; ts_responsive_css=&#8220;79823081|colbreak_no|||||80px||60px||colbreak_no|||||||||colbreak_no|||||60px||30px|||colbreak_no|||||||||&#8220; el_class=&#8220;ts-opacity95 ts-font375mode&#8220;][vc_column ts_textcolor=&#8220;white&#8220;]<p style=\"text-align:center;font-size:32px;line-height:42px;\" class=\"ts-custom-heading \" >\u00dcber \u00e4sthetische Chirurgie und medizinische Anwendungen<br \/>\nJetzt informieren<\/p>\n<h2 style=\"text-align:center;font-size:40px;line-height:70px;color:#ffffff;\" class=\"ts-custom-heading vc_custom_1690221588133\" ><a href=\"tel:+90 531 881 6621\">+90 531 881 66 21<\/a><\/h2>\n\r\n\t\t<div class=\"ts-vc_btn3-container ts-vc_btn3-center\"><a class=\"ts-vc_general ts-vc_btn3 ts-vc_btn3-size-lg ts-vc_btn3-shape-rounded ts-vc_btn3-style-flat ts-vc_btn3-weight-yes ts-vc_btn3-icon-left ts-vc_btn3-color-success\" href=\"https:\/\/wa.me\/+905318816621\" title=\"+90 531 881 66 21\"><i class=\"ts-vc_btn3-icon fa fa-whatsapp\"><\/i> WhatsApp<\/a><\/div>[\/vc_column][\/vc_row][vc_row full_width=&#8220;stretch_row_content&#8220; ts_responsive_css=&#8220;67427488|colbreak_no|||||80px||65px||colbreak_no|||||||||colbreak_no|||||60px||45px|||colbreak_no|||||||||&#8220;][vc_column][vc_row_inner][vc_column_inner]<div class=\"ts-element-heading-wrapper ts-heading-inner ts-element-align-center ts-seperator-none \"><section class=\"ts-vc_cta3-container\"><div class=\"ts-vc_general ts-vc_cta3 ts-cta3-only ts-vc_cta3-style-classic ts-vc_cta3-shape-rounded ts-vc_cta3-align-center ts-vc_cta3-color-transparent ts-vc_cta3-icon-size-md ts-vc_cta3-actions-no ts-cta3-without-desc\"><div class=\"ts-vc_cta3_content-container\"><div class=\"ts-vc_cta3-content\"><div class=\"ts-vc_cta3-content-header ts-wrap\"><div class=\"ts-vc_cta3-headers ts-wrap-cell\"><h4 class=\"ts-custom-heading \" >Clinic P<\/h4>\n<h2 class=\"ts-custom-heading ts-fontweightbold \" ><strong>Unser Zentrum<\/strong><\/h2>\n<\/div><\/div><\/div><\/div><\/div><\/section><\/div> <!-- .ts-element-heading-wrapper container --> [\/vc_column_inner][\/vc_row_inner][vc_row_inner][vc_column_inner width=&#8220;1\/4&#8243;][vc_single_image image=&#8220;6507&#8243; img_size=&#8220;full&#8220; alignment=&#8220;center&#8220;][\/vc_column_inner][vc_column_inner width=&#8220;1\/4&#8243;][vc_single_image image=&#8220;6512&#8243; img_size=&#8220;full&#8220; alignment=&#8220;center&#8220;][\/vc_column_inner][vc_column_inner width=&#8220;1\/4&#8243;][vc_single_image image=&#8220;6517&#8243; img_size=&#8220;full&#8220; alignment=&#8220;center&#8220;][\/vc_column_inner][vc_column_inner width=&#8220;1\/4&#8243;][vc_single_image image=&#8220;6522&#8243; img_size=&#8220;full&#8220; alignment=&#8220;center&#8220;][\/vc_column_inner][\/vc_row_inner][vc_row_inner][vc_column_inner width=&#8220;1\/4&#8243;][vc_single_image image=&#8220;6527&#8243; img_size=&#8220;full&#8220; alignment=&#8220;center&#8220;][\/vc_column_inner][vc_column_inner width=&#8220;1\/4&#8243;][vc_single_image image=&#8220;6532&#8243; img_size=&#8220;full&#8220; alignment=&#8220;center&#8220;][\/vc_column_inner][vc_column_inner width=&#8220;1\/4&#8243;][vc_single_image image=&#8220;6537&#8243; img_size=&#8220;full&#8220; alignment=&#8220;center&#8220;][\/vc_column_inner][vc_column_inner width=&#8220;1\/4&#8243;][vc_single_image image=&#8220;6542&#8243; img_size=&#8220;full&#8220; alignment=&#8220;center&#8220;][\/vc_column_inner][\/vc_row_inner][\/vc_column][\/vc_row][vc_row][vc_column][vc_column_text]<strong><\/strong>[\/vc_column_text][\/vc_column][\/vc_row][vc_row][vc_column][vc_column_text]<!-- \/wp:post-content -->[\/vc_column_text][\/vc_column][\/vc_row]<\/p>\n<!-- \/wp:freeform --><\/section>","protected":false},"excerpt":{"rendered":"<p>[vc_row][vc_column][vc_column_text]Schwangerschaft und Mutterschaft sind die entscheidenden Phasen im Leben einer Frau. Sie bringen auch zahlreiche Ver\u00e4nderungen des K\u00f6rpers sowie einige Deformationen mit sich. Dies f\u00fchrt bei vielen Frauen dazu, dass sie ihren K\u00f6rper nicht mehr so lieben wie fr\u00fcher. Selbst wenn das \u00dcbergewicht nach der Geburt verschwindet, kann es sein, dass der K\u00f6rper nicht von &hellip; <a href=\"https:\/\/clinicp.com\/de\/das-mommy-makeover\/\" class=\"more-link\">Continue reading <span class=\"screen-reader-text\">Das Mommy Makeover<\/span><\/a><\/p>\n","protected":false},"author":3,"featured_media":5798,"parent":0,"menu_order":0,"comment_status":"closed","ping_status":"closed","template":"","meta":{"footnotes":""},"class_list":["post-6213","page","type-page","status-publish","has-post-thumbnail","hentry"],"_links":{"self":[{"href":"https:\/\/clinicp.com\/de\/wp-json\/wp\/v2\/pages\/6213","targetHints":{"allow":["GET"]}}],"collection":[{"href":"https:\/\/clinicp.com\/de\/wp-json\/wp\/v2\/pages"}],"about":[{"href":"https:\/\/clinicp.com\/de\/wp-json\/wp\/v2\/types\/page"}],"author":[{"embeddable":true,"href":"https:\/\/clinicp.com\/de\/wp-json\/wp\/v2\/users\/3"}],"replies":[{"embeddable":true,"href":"https:\/\/clinicp.com\/de\/wp-json\/wp\/v2\/comments?post=6213"}],"version-history":[{"count":7,"href":"https:\/\/clinicp.com\/de\/wp-json\/wp\/v2\/pages\/6213\/revisions"}],"predecessor-version":[{"id":7679,"href":"https:\/\/clinicp.com\/de\/wp-json\/wp\/v2\/pages\/6213\/revisions\/7679"}],"wp:featuredmedia":[{"embeddable":true,"href":"https:\/\/clinicp.com\/de\/wp-json\/wp\/v2\/media\/5798"}],"wp:attachment":[{"href":"https:\/\/clinicp.com\/de\/wp-json\/wp\/v2\/media?parent=6213"}],"curies":[{"name":"wp","href":"https:\/\/api.w.org\/{rel}","templated":true}]}}