{"id":6217,"date":"2023-06-15T14:43:59","date_gmt":"2023-06-15T11:43:59","guid":{"rendered":"https:\/\/clinicp.com\/bauchdeckenstraffung\/"},"modified":"2023-07-24T21:08:19","modified_gmt":"2023-07-24T18:08:19","slug":"bauchdeckenstraffung","status":"publish","type":"page","link":"https:\/\/clinicp.com\/de\/bauchdeckenstraffung\/","title":{"rendered":"Bauchdeckenstraffung"},"content":{"rendered":"<section class=\"wpb-content-wrapper\"><p>[vc_row][vc_column][vc_column_text]<strong>Bauchdeckenstraffung (Abdominoplastik)<\/strong><\/p>\n<p>Bauchstraffungsoperationen sind aus Gr\u00fcnden wie Erschlaffung, Risse und Schmierung durch Kaiserschnitt, Schwangerschaft und st\u00e4ndige Gewichtszunahme erforderlich. Die Bauchdeckenstraffung wird bei Problemen wie \u00fcbersch\u00fcssigem Bauchfett, \u00fcbersch\u00fcssiger Haut und Erschlaffung durchgef\u00fchrt. Bei der Operation wird \u00fcbersch\u00fcssige Haut entfernt, die Haut gestrafft und ein glattes Aussehen erreicht. Das Erscheinungsbild der schlaffen Haut verschwindet, \u00fcbersch\u00fcssiges Fett wird entfernt und insbesondere die Risse unter dem Bauchnabel werden beseitigt.<br \/>\nZus\u00e4tzlich zu den Operationen zur Beseitigung der Verformungen im Bauch und im subumbilikalen Bereich kann eine Mini-Abdominoplastik ausreichen, wenn die Schmierung und die Erschlaffung nur im Bereich unterhalb des Bauchnabels auftreten.<\/p>\n<p>In der Payasl\u0131-Klinik wird das Vaser-Liposuktionsger\u00e4t verwendet. Die Dauer der Operation betr\u00e4gt 3-5 Stunden, je nach Technik und Umfang des Eingriffs. Die Person kann 4 Stunden nach der Operation aufstehen und wird 2 Tage sp\u00e4ter entlassen.<\/p>\n<p>Nach einer Bauchdeckenstraffung wird den Patienten empfohlen, ein spezielles Korsett zu tragen. Dank dieses Korsetts, das etwa 1 Monat lang ununterbrochen getragen wird, erreicht die Bauchregion die gew\u00fcnschte Form und die Effizienz der Operation steigt. 3-4 Stunden nach der Operation k\u00f6nnen Sie mit Hilfe aufstehen und gehen. Am n\u00e4chsten Tag nach der Operation k\u00f6nnen Sie langsam und ohne jegliche Unterst\u00fctzung gehen. Aufgrund der N\u00e4hte, die w\u00e4hrend der Operation in den Bauchraum eingebracht werden, kann es f\u00fcr kurze Zeit zu Schmerzen kommen.<\/p>\n<p>Wenn Sie sich gut f\u00fchlen und nicht unter schweren Bedingungen arbeiten, k\u00f6nnen Sie in ca. 7-10 Tagen wieder zur Arbeit gehen. Die von uns gegebenen Informationen gelten f\u00fcr alle Bauchstraffungsoperationen[\/vc_column_text][\/vc_column][\/vc_row][vc_row full_width=&#8220;stretch_row_content&#8220; css=&#8220;.vc_custom_1688635530883{margin-bottom: 20px !important;padding-top: 60px !important;padding-bottom: 50px !important;background-image: url(https:\/\/clinicp.com\/wp-content\/uploads\/2023\/06\/homepage-banner-1.jpg?id=6461) !important;background-position: center !important;background-repeat: no-repeat !important;background-size: cover !important;}&#8220; ts_responsive_css=&#8220;79823081|colbreak_no|||||80px||60px||colbreak_no|||||||||colbreak_no|||||60px||30px|||colbreak_no|||||||||&#8220; el_class=&#8220;ts-opacity95 ts-font375mode&#8220;][vc_column ts_textcolor=&#8220;white&#8220;]<p style=\"text-align:center;font-size:32px;line-height:42px;\" class=\"ts-custom-heading \" >\u00dcber \u00e4sthetische Chirurgie und medizinische Anwendungen<br \/>\nJetzt informieren<\/p>\n<h2 style=\"text-align:center;font-size:40px;line-height:70px;color:#ffffff;\" class=\"ts-custom-heading vc_custom_1690221996838\" ><a href=\"tel:+90 531 881 6621\">+90 531 881 66 21<\/a><\/h2>\n\r\n\t\t<div class=\"ts-vc_btn3-container ts-vc_btn3-center\"><a class=\"ts-vc_general ts-vc_btn3 ts-vc_btn3-size-lg ts-vc_btn3-shape-rounded ts-vc_btn3-style-flat ts-vc_btn3-weight-yes ts-vc_btn3-icon-left ts-vc_btn3-color-success\" href=\"https:\/\/wa.me\/+905318816621\" title=\"+90 531 881 66 21\"><i class=\"ts-vc_btn3-icon fa fa-whatsapp\"><\/i> WhatsApp<\/a><\/div>[\/vc_column][\/vc_row][vc_row full_width=&#8220;stretch_row_content&#8220; ts_responsive_css=&#8220;67427488|colbreak_no|||||80px||65px||colbreak_no|||||||||colbreak_no|||||60px||45px|||colbreak_no|||||||||&#8220;][vc_column][vc_row_inner][vc_column_inner]<div class=\"ts-element-heading-wrapper ts-heading-inner ts-element-align-center ts-seperator-none \"><section class=\"ts-vc_cta3-container\"><div class=\"ts-vc_general ts-vc_cta3 ts-cta3-only ts-vc_cta3-style-classic ts-vc_cta3-shape-rounded ts-vc_cta3-align-center ts-vc_cta3-color-transparent ts-vc_cta3-icon-size-md ts-vc_cta3-actions-no ts-cta3-without-desc\"><div class=\"ts-vc_cta3_content-container\"><div class=\"ts-vc_cta3-content\"><div class=\"ts-vc_cta3-content-header ts-wrap\"><div class=\"ts-vc_cta3-headers ts-wrap-cell\"><h4 class=\"ts-custom-heading \" >Clinic P<\/h4>\n<h2 class=\"ts-custom-heading ts-fontweightbold \" ><strong>Unser Zentrum<\/strong><\/h2>\n<\/div><\/div><\/div><\/div><\/div><\/section><\/div> <!-- .ts-element-heading-wrapper container --> [\/vc_column_inner][\/vc_row_inner][vc_row_inner][vc_column_inner width=&#8220;1\/4&#8243;][vc_single_image image=&#8220;6507&#8243; img_size=&#8220;full&#8220; alignment=&#8220;center&#8220;][\/vc_column_inner][vc_column_inner width=&#8220;1\/4&#8243;][vc_single_image image=&#8220;6512&#8243; img_size=&#8220;full&#8220; alignment=&#8220;center&#8220;][\/vc_column_inner][vc_column_inner width=&#8220;1\/4&#8243;][vc_single_image image=&#8220;6517&#8243; img_size=&#8220;full&#8220; alignment=&#8220;center&#8220;][\/vc_column_inner][vc_column_inner width=&#8220;1\/4&#8243;][vc_single_image image=&#8220;6522&#8243; img_size=&#8220;full&#8220; alignment=&#8220;center&#8220;][\/vc_column_inner][\/vc_row_inner][vc_row_inner][vc_column_inner width=&#8220;1\/4&#8243;][vc_single_image image=&#8220;6527&#8243; img_size=&#8220;full&#8220; alignment=&#8220;center&#8220;][\/vc_column_inner][vc_column_inner width=&#8220;1\/4&#8243;][vc_single_image image=&#8220;6532&#8243; img_size=&#8220;full&#8220; alignment=&#8220;center&#8220;][\/vc_column_inner][vc_column_inner width=&#8220;1\/4&#8243;][vc_single_image image=&#8220;6537&#8243; img_size=&#8220;full&#8220; alignment=&#8220;center&#8220;][\/vc_column_inner][vc_column_inner width=&#8220;1\/4&#8243;][vc_single_image image=&#8220;6542&#8243; img_size=&#8220;full&#8220; alignment=&#8220;center&#8220;][\/vc_column_inner][\/vc_row_inner][\/vc_column][\/vc_row][vc_row][vc_column][vc_column_text]<strong><\/strong>[\/vc_column_text][\/vc_column][\/vc_row]<\/p>\n<!-- \/wp:post-content --><\/section>","protected":false},"excerpt":{"rendered":"<p>[vc_row][vc_column][vc_column_text]Bauchdeckenstraffung (Abdominoplastik) Bauchstraffungsoperationen sind aus Gr\u00fcnden wie Erschlaffung, Risse und Schmierung durch Kaiserschnitt, Schwangerschaft und st\u00e4ndige Gewichtszunahme erforderlich. Die Bauchdeckenstraffung wird bei Problemen wie \u00fcbersch\u00fcssigem Bauchfett, \u00fcbersch\u00fcssiger Haut und Erschlaffung durchgef\u00fchrt. Bei der Operation wird \u00fcbersch\u00fcssige Haut entfernt, die Haut gestrafft und ein glattes Aussehen erreicht. Das Erscheinungsbild der schlaffen Haut verschwindet, \u00fcbersch\u00fcssiges Fett wird &hellip; <a href=\"https:\/\/clinicp.com\/de\/bauchdeckenstraffung\/\" class=\"more-link\">Continue reading <span class=\"screen-reader-text\">Bauchdeckenstraffung<\/span><\/a><\/p>\n","protected":false},"author":3,"featured_media":5806,"parent":0,"menu_order":0,"comment_status":"closed","ping_status":"closed","template":"","meta":{"footnotes":""},"class_list":["post-6217","page","type-page","status-publish","has-post-thumbnail","hentry"],"_links":{"self":[{"href":"https:\/\/clinicp.com\/de\/wp-json\/wp\/v2\/pages\/6217","targetHints":{"allow":["GET"]}}],"collection":[{"href":"https:\/\/clinicp.com\/de\/wp-json\/wp\/v2\/pages"}],"about":[{"href":"https:\/\/clinicp.com\/de\/wp-json\/wp\/v2\/types\/page"}],"author":[{"embeddable":true,"href":"https:\/\/clinicp.com\/de\/wp-json\/wp\/v2\/users\/3"}],"replies":[{"embeddable":true,"href":"https:\/\/clinicp.com\/de\/wp-json\/wp\/v2\/comments?post=6217"}],"version-history":[{"count":7,"href":"https:\/\/clinicp.com\/de\/wp-json\/wp\/v2\/pages\/6217\/revisions"}],"predecessor-version":[{"id":7680,"href":"https:\/\/clinicp.com\/de\/wp-json\/wp\/v2\/pages\/6217\/revisions\/7680"}],"wp:featuredmedia":[{"embeddable":true,"href":"https:\/\/clinicp.com\/de\/wp-json\/wp\/v2\/media\/5806"}],"wp:attachment":[{"href":"https:\/\/clinicp.com\/de\/wp-json\/wp\/v2\/media?parent=6217"}],"curies":[{"name":"wp","href":"https:\/\/api.w.org\/{rel}","templated":true}]}}