{"id":6221,"date":"2023-06-15T14:50:54","date_gmt":"2023-06-15T11:50:54","guid":{"rendered":"https:\/\/clinicp.com\/oberarmstraffung\/"},"modified":"2023-07-24T21:10:17","modified_gmt":"2023-07-24T18:10:17","slug":"oberarmstraffung","status":"publish","type":"page","link":"https:\/\/clinicp.com\/de\/oberarmstraffung\/","title":{"rendered":"Oberarmstraffung"},"content":{"rendered":"<section class=\"wpb-content-wrapper\"><p>[vc_row][vc_column][vc_column_text]<strong>Oberarmstraffung (Brachioplastik)<\/strong><\/p>\n<p>Einer der prominentesten Bereiche, die bei \u00fcberm\u00e4\u00dfiger Gewichtszunahme und -abnahme sowie mit zunehmendem Alter lockerer und schlaffer werden, sind die Arme. Patienten f\u00fchlen sich oft unwohl, wenn sie kurz\u00e4rmelige Kleidung tragen und eine Armstraffungsoperation ben\u00f6tigen.<\/p>\n<p><strong>Prozess<\/strong><\/p>\n<p>Die Armstraffung dauert durchschnittlich 2 Stunden und wird unter Vollnarkose durchgef\u00fchrt. Es wird empfohlen, dass die Patienten eine Nacht im Krankenhaus bleiben und am n\u00e4chsten Tag entlassen werden. Ich empfehle, nach der Operation 2 Wochen lang ein Korsett zu tragen. Nach 1 Woche ist es m\u00f6glich, in das t\u00e4gliche Leben zur\u00fcckzukehren. Bei leichtem Sport ist eine Wartezeit von 1 Monat, bei schwerem Sport von mindestens 2 Monaten erforderlich. Sie k\u00f6nnen nach 3 Tagen ein Bad nehmen.<\/p>\n<p><strong>Wird es Spuren geben?<\/strong><\/p>\n<p>Da die \u00fcbersch\u00fcssige Haut entfernt wird, sind Narben unvermeidlich. Die Narbe wird so angepasst, dass sie dem K\u00f6rper zugewandt ist, ohne dass man sie bei geschlossenen Armen von vorne und hinten sehen kann, und kann je nach der Menge der zu entfernenden Haut von der Achselh\u00f6hle bis zum Ellbogen reichen. Obwohl die Narbe innerhalb von 1 Jahr ihre Klarheit verliert, verschwindet sie nicht vollst\u00e4ndig.[\/vc_column_text][\/vc_column][\/vc_row][vc_row full_width=&#8220;stretch_row_content&#8220; css=&#8220;.vc_custom_1688635530883{margin-bottom: 20px !important;padding-top: 60px !important;padding-bottom: 50px !important;background-image: url(https:\/\/clinicp.com\/wp-content\/uploads\/2023\/06\/homepage-banner-1.jpg?id=6461) !important;background-position: center !important;background-repeat: no-repeat !important;background-size: cover !important;}&#8220; ts_responsive_css=&#8220;79823081|colbreak_no|||||80px||60px||colbreak_no|||||||||colbreak_no|||||60px||30px|||colbreak_no|||||||||&#8220; el_class=&#8220;ts-opacity95 ts-font375mode&#8220;][vc_column ts_textcolor=&#8220;white&#8220;]<p style=\"text-align:center;font-size:32px;line-height:42px;\" class=\"ts-custom-heading \" >\u00dcber \u00e4sthetische Chirurgie und medizinische Anwendungen<br \/>\nJetzt informieren<\/p>\n<h2 style=\"text-align:center;font-size:40px;line-height:70px;color:#ffffff;\" class=\"ts-custom-heading vc_custom_1690222141863\" ><a href=\"tel:+90 531 881 6621\">+90 531 881 66 21<\/a><\/h2>\n\r\n\t\t<div class=\"ts-vc_btn3-container ts-vc_btn3-center\"><a class=\"ts-vc_general ts-vc_btn3 ts-vc_btn3-size-lg ts-vc_btn3-shape-rounded ts-vc_btn3-style-flat ts-vc_btn3-weight-yes ts-vc_btn3-icon-left ts-vc_btn3-color-success\" href=\"https:\/\/wa.me\/+905318816621\" title=\"+90 531 881 66 21\"><i class=\"ts-vc_btn3-icon fa fa-whatsapp\"><\/i> WhatsApp<\/a><\/div>[\/vc_column][\/vc_row][vc_row full_width=&#8220;stretch_row_content&#8220; ts_responsive_css=&#8220;67427488|colbreak_no|||||80px||65px||colbreak_no|||||||||colbreak_no|||||60px||45px|||colbreak_no|||||||||&#8220;][vc_column][vc_row_inner][vc_column_inner]<div class=\"ts-element-heading-wrapper ts-heading-inner ts-element-align-center ts-seperator-none \"><section class=\"ts-vc_cta3-container\"><div class=\"ts-vc_general ts-vc_cta3 ts-cta3-only ts-vc_cta3-style-classic ts-vc_cta3-shape-rounded ts-vc_cta3-align-center ts-vc_cta3-color-transparent ts-vc_cta3-icon-size-md ts-vc_cta3-actions-no ts-cta3-without-desc\"><div class=\"ts-vc_cta3_content-container\"><div class=\"ts-vc_cta3-content\"><div class=\"ts-vc_cta3-content-header ts-wrap\"><div class=\"ts-vc_cta3-headers ts-wrap-cell\"><h4 class=\"ts-custom-heading \" >Clinic P<\/h4>\n<h2 class=\"ts-custom-heading ts-fontweightbold \" ><strong>Unser Zentrum<\/strong><\/h2>\n<\/div><\/div><\/div><\/div><\/div><\/section><\/div> <!-- .ts-element-heading-wrapper container --> [\/vc_column_inner][\/vc_row_inner][vc_row_inner][vc_column_inner width=&#8220;1\/4&#8243;][vc_single_image image=&#8220;6507&#8243; img_size=&#8220;full&#8220; alignment=&#8220;center&#8220;][\/vc_column_inner][vc_column_inner width=&#8220;1\/4&#8243;][vc_single_image image=&#8220;6512&#8243; img_size=&#8220;full&#8220; alignment=&#8220;center&#8220;][\/vc_column_inner][vc_column_inner width=&#8220;1\/4&#8243;][vc_single_image image=&#8220;6517&#8243; img_size=&#8220;full&#8220; alignment=&#8220;center&#8220;][\/vc_column_inner][vc_column_inner width=&#8220;1\/4&#8243;][vc_single_image image=&#8220;6522&#8243; img_size=&#8220;full&#8220; alignment=&#8220;center&#8220;][\/vc_column_inner][\/vc_row_inner][vc_row_inner][vc_column_inner width=&#8220;1\/4&#8243;][vc_single_image image=&#8220;6527&#8243; img_size=&#8220;full&#8220; alignment=&#8220;center&#8220;][\/vc_column_inner][vc_column_inner width=&#8220;1\/4&#8243;][vc_single_image image=&#8220;6532&#8243; img_size=&#8220;full&#8220; alignment=&#8220;center&#8220;][\/vc_column_inner][vc_column_inner width=&#8220;1\/4&#8243;][vc_single_image image=&#8220;6537&#8243; img_size=&#8220;full&#8220; alignment=&#8220;center&#8220;][\/vc_column_inner][vc_column_inner width=&#8220;1\/4&#8243;][vc_single_image image=&#8220;6542&#8243; img_size=&#8220;full&#8220; alignment=&#8220;center&#8220;][\/vc_column_inner][\/vc_row_inner][\/vc_column][\/vc_row]<\/p>\n<\/section>","protected":false},"excerpt":{"rendered":"<p>[vc_row][vc_column][vc_column_text]Oberarmstraffung (Brachioplastik) Einer der prominentesten Bereiche, die bei \u00fcberm\u00e4\u00dfiger Gewichtszunahme und -abnahme sowie mit zunehmendem Alter lockerer und schlaffer werden, sind die Arme. Patienten f\u00fchlen sich oft unwohl, wenn sie kurz\u00e4rmelige Kleidung tragen und eine Armstraffungsoperation ben\u00f6tigen. Prozess Die Armstraffung dauert durchschnittlich 2 Stunden und wird unter Vollnarkose durchgef\u00fchrt. Es wird empfohlen, dass die Patienten &hellip; <a href=\"https:\/\/clinicp.com\/de\/oberarmstraffung\/\" class=\"more-link\">Continue reading <span class=\"screen-reader-text\">Oberarmstraffung<\/span><\/a><\/p>\n","protected":false},"author":3,"featured_media":5814,"parent":0,"menu_order":0,"comment_status":"closed","ping_status":"closed","template":"","meta":{"footnotes":""},"class_list":["post-6221","page","type-page","status-publish","has-post-thumbnail","hentry"],"_links":{"self":[{"href":"https:\/\/clinicp.com\/de\/wp-json\/wp\/v2\/pages\/6221","targetHints":{"allow":["GET"]}}],"collection":[{"href":"https:\/\/clinicp.com\/de\/wp-json\/wp\/v2\/pages"}],"about":[{"href":"https:\/\/clinicp.com\/de\/wp-json\/wp\/v2\/types\/page"}],"author":[{"embeddable":true,"href":"https:\/\/clinicp.com\/de\/wp-json\/wp\/v2\/users\/3"}],"replies":[{"embeddable":true,"href":"https:\/\/clinicp.com\/de\/wp-json\/wp\/v2\/comments?post=6221"}],"version-history":[{"count":8,"href":"https:\/\/clinicp.com\/de\/wp-json\/wp\/v2\/pages\/6221\/revisions"}],"predecessor-version":[{"id":7682,"href":"https:\/\/clinicp.com\/de\/wp-json\/wp\/v2\/pages\/6221\/revisions\/7682"}],"wp:featuredmedia":[{"embeddable":true,"href":"https:\/\/clinicp.com\/de\/wp-json\/wp\/v2\/media\/5814"}],"wp:attachment":[{"href":"https:\/\/clinicp.com\/de\/wp-json\/wp\/v2\/media?parent=6221"}],"curies":[{"name":"wp","href":"https:\/\/api.w.org\/{rel}","templated":true}]}}