{"id":6229,"date":"2023-06-15T15:39:47","date_gmt":"2023-06-15T12:39:47","guid":{"rendered":"https:\/\/clinicp.com\/gesaessstraffung\/"},"modified":"2023-07-24T21:23:07","modified_gmt":"2023-07-24T18:23:07","slug":"gesaessstraffung","status":"publish","type":"page","link":"https:\/\/clinicp.com\/de\/gesaessstraffung\/","title":{"rendered":"Ges\u00e4\u00dfstraffung"},"content":{"rendered":"<section class=\"wpb-content-wrapper\"><p>[vc_row][vc_column][vc_column_text]<strong>Ges\u00e4\u00dfstraffung (Bbl)<\/strong><\/p>\n<p>F\u00fcr einen proportionalen K\u00f6rper ist die Form und Proportion der H\u00fcften ein wichtiger Faktor. Wir verwenden spezielle Fetttransfertechniken, um eine vollere und rundere Ges\u00e4\u00dfform durch die Anwendung namens &#8222;Brazilian Butt Lift (BBL)&#8220; zu erreichen.<\/p>\n<p>Eine gesunde Ern\u00e4hrung und sportliche Bet\u00e4tigung k\u00f6nnen dazu beitragen, ein gesundes Gewicht zu halten und die Muskeln zu straffen, aber viele Patienten sind trotz eines gesunden Lebensstils unzufrieden mit ihrem flachen Ges\u00e4\u00df. In diesem Fall kann eine BBL-Operation f\u00fcr den Patienten geeignet sein.<\/p>\n<p>Mit dem brasilianischen Butt-Lifting wird ein flacher, unf\u00f6rmiger und erschlaffter Hintern neu geformt. Mit der Methode der Fettabsaugung wird Fett aus K\u00f6rperregionen mit Fett entnommen und mit Kan\u00fclen auf das Ges\u00e4\u00df \u00fcbertragen. Die Operationen werden in einem Krankenhaus unter Vollnarkose durchgef\u00fchrt. Die Operationszeit betr\u00e4gt 2 bis 4 Stunden, je nach Technik und Ausma\u00df der Operation. Die Person kann einige Stunden nach der Operation aufstehen und das Krankenhaus am n\u00e4chsten Tag verlassen. Wir verwenden f\u00fcr die Fettabsaugung das VASER-Liposuktionsger\u00e4t.<\/p>\n<p>Nach der BBL-Operation m\u00fcssen Sie auf dem Bauch oder auf der Seite liegen. Sie k\u00f6nnen sich mit einem Sitzpolster hinsetzen, um Druck auf das Ges\u00e4\u00df zu vermeiden. Eine normale Sitzposition nach einer brasilianischen Ges\u00e4\u00dfstraffung ist normalerweise nach 8 Wochen m\u00f6glich. Die brasilianische Ges\u00e4\u00dfchirurgie ist ein beeindruckender Eingriff mit lang anhaltenden Ergebnissen.[\/vc_column_text][\/vc_column][\/vc_row][vc_row full_width=&#8220;stretch_row_content&#8220; css=&#8220;.vc_custom_1688635530883{margin-bottom: 20px !important;padding-top: 60px !important;padding-bottom: 50px !important;background-image: url(https:\/\/clinicp.com\/wp-content\/uploads\/2023\/06\/homepage-banner-1.jpg?id=6461) !important;background-position: center !important;background-repeat: no-repeat !important;background-size: cover !important;}&#8220; ts_responsive_css=&#8220;79823081|colbreak_no|||||80px||60px||colbreak_no|||||||||colbreak_no|||||60px||30px|||colbreak_no|||||||||&#8220; el_class=&#8220;ts-opacity95 ts-font375mode&#8220;][vc_column ts_textcolor=&#8220;white&#8220;]<p style=\"text-align:center;font-size:32px;line-height:42px;\" class=\"ts-custom-heading \" >\u00dcber \u00e4sthetische Chirurgie und medizinische Anwendungen<br \/>\nJetzt informieren<\/p>\n<h2 style=\"text-align:center;font-size:40px;line-height:70px;color:#ffffff;\" class=\"ts-custom-heading vc_custom_1690222923729\" ><a href=\"tel:+90 531 881 6621\">+90 531 881 66 21<\/a><\/h2>\n\r\n\t\t<div class=\"ts-vc_btn3-container ts-vc_btn3-center\"><a class=\"ts-vc_general ts-vc_btn3 ts-vc_btn3-size-lg ts-vc_btn3-shape-rounded ts-vc_btn3-style-flat ts-vc_btn3-weight-yes ts-vc_btn3-icon-left ts-vc_btn3-color-success\" href=\"https:\/\/wa.me\/+905318816621\" title=\"+90 531 881 66 21\"><i class=\"ts-vc_btn3-icon fa fa-whatsapp\"><\/i> WhatsApp<\/a><\/div>[\/vc_column][\/vc_row][vc_row full_width=&#8220;stretch_row_content&#8220; ts_responsive_css=&#8220;67427488|colbreak_no|||||80px||65px||colbreak_no|||||||||colbreak_no|||||60px||45px|||colbreak_no|||||||||&#8220;][vc_column][vc_row_inner][vc_column_inner]<div class=\"ts-element-heading-wrapper ts-heading-inner ts-element-align-center ts-seperator-none \"><section class=\"ts-vc_cta3-container\"><div class=\"ts-vc_general ts-vc_cta3 ts-cta3-only ts-vc_cta3-style-classic ts-vc_cta3-shape-rounded ts-vc_cta3-align-center ts-vc_cta3-color-transparent ts-vc_cta3-icon-size-md ts-vc_cta3-actions-no ts-cta3-without-desc\"><div class=\"ts-vc_cta3_content-container\"><div class=\"ts-vc_cta3-content\"><div class=\"ts-vc_cta3-content-header ts-wrap\"><div class=\"ts-vc_cta3-headers ts-wrap-cell\"><h4 class=\"ts-custom-heading \" >Clinic P<\/h4>\n<h2 class=\"ts-custom-heading ts-fontweightbold \" ><strong>Unser Zentrum<\/strong><\/h2>\n<\/div><\/div><\/div><\/div><\/div><\/section><\/div> <!-- .ts-element-heading-wrapper container --> [\/vc_column_inner][\/vc_row_inner][vc_row_inner][vc_column_inner width=&#8220;1\/4&#8243;][vc_single_image image=&#8220;6507&#8243; img_size=&#8220;full&#8220; alignment=&#8220;center&#8220;][\/vc_column_inner][vc_column_inner width=&#8220;1\/4&#8243;][vc_single_image image=&#8220;6512&#8243; img_size=&#8220;full&#8220; alignment=&#8220;center&#8220;][\/vc_column_inner][vc_column_inner width=&#8220;1\/4&#8243;][vc_single_image image=&#8220;6517&#8243; img_size=&#8220;full&#8220; alignment=&#8220;center&#8220;][\/vc_column_inner][vc_column_inner width=&#8220;1\/4&#8243;][vc_single_image image=&#8220;6522&#8243; img_size=&#8220;full&#8220; alignment=&#8220;center&#8220;][\/vc_column_inner][\/vc_row_inner][vc_row_inner][vc_column_inner width=&#8220;1\/4&#8243;][vc_single_image image=&#8220;6527&#8243; img_size=&#8220;full&#8220; alignment=&#8220;center&#8220;][\/vc_column_inner][vc_column_inner width=&#8220;1\/4&#8243;][vc_single_image image=&#8220;6532&#8243; img_size=&#8220;full&#8220; alignment=&#8220;center&#8220;][\/vc_column_inner][vc_column_inner width=&#8220;1\/4&#8243;][vc_single_image image=&#8220;6537&#8243; img_size=&#8220;full&#8220; alignment=&#8220;center&#8220;][\/vc_column_inner][vc_column_inner width=&#8220;1\/4&#8243;][vc_single_image image=&#8220;6542&#8243; img_size=&#8220;full&#8220; alignment=&#8220;center&#8220;][\/vc_column_inner][\/vc_row_inner][\/vc_column][\/vc_row][vc_row][vc_column][vc_column_text]<strong><\/strong>[\/vc_column_text][\/vc_column][\/vc_row]<\/p>\n<!-- \/wp:post-content --><\/section>","protected":false},"excerpt":{"rendered":"<p>[vc_row][vc_column][vc_column_text]Ges\u00e4\u00dfstraffung (Bbl) F\u00fcr einen proportionalen K\u00f6rper ist die Form und Proportion der H\u00fcften ein wichtiger Faktor. Wir verwenden spezielle Fetttransfertechniken, um eine vollere und rundere Ges\u00e4\u00dfform durch die Anwendung namens &#8222;Brazilian Butt Lift (BBL)&#8220; zu erreichen. Eine gesunde Ern\u00e4hrung und sportliche Bet\u00e4tigung k\u00f6nnen dazu beitragen, ein gesundes Gewicht zu halten und die Muskeln zu straffen, &hellip; <a href=\"https:\/\/clinicp.com\/de\/gesaessstraffung\/\" class=\"more-link\">Continue reading <span class=\"screen-reader-text\">Ges\u00e4\u00dfstraffung<\/span><\/a><\/p>\n","protected":false},"author":3,"featured_media":5830,"parent":0,"menu_order":0,"comment_status":"closed","ping_status":"closed","template":"","meta":{"footnotes":""},"class_list":["post-6229","page","type-page","status-publish","has-post-thumbnail","hentry"],"_links":{"self":[{"href":"https:\/\/clinicp.com\/de\/wp-json\/wp\/v2\/pages\/6229","targetHints":{"allow":["GET"]}}],"collection":[{"href":"https:\/\/clinicp.com\/de\/wp-json\/wp\/v2\/pages"}],"about":[{"href":"https:\/\/clinicp.com\/de\/wp-json\/wp\/v2\/types\/page"}],"author":[{"embeddable":true,"href":"https:\/\/clinicp.com\/de\/wp-json\/wp\/v2\/users\/3"}],"replies":[{"embeddable":true,"href":"https:\/\/clinicp.com\/de\/wp-json\/wp\/v2\/comments?post=6229"}],"version-history":[{"count":7,"href":"https:\/\/clinicp.com\/de\/wp-json\/wp\/v2\/pages\/6229\/revisions"}],"predecessor-version":[{"id":7684,"href":"https:\/\/clinicp.com\/de\/wp-json\/wp\/v2\/pages\/6229\/revisions\/7684"}],"wp:featuredmedia":[{"embeddable":true,"href":"https:\/\/clinicp.com\/de\/wp-json\/wp\/v2\/media\/5830"}],"wp:attachment":[{"href":"https:\/\/clinicp.com\/de\/wp-json\/wp\/v2\/media?parent=6229"}],"curies":[{"name":"wp","href":"https:\/\/api.w.org\/{rel}","templated":true}]}}