{"id":6234,"date":"2023-06-15T15:53:21","date_gmt":"2023-06-15T12:53:21","guid":{"rendered":"https:\/\/clinicp.com\/faltenunterspritzung\/"},"modified":"2023-07-12T16:51:34","modified_gmt":"2023-07-12T16:51:34","slug":"faltenunterspritzung","status":"publish","type":"page","link":"https:\/\/clinicp.com\/de\/faltenunterspritzung\/","title":{"rendered":"Faltenunterspritzung"},"content":{"rendered":"<section class=\"wpb-content-wrapper\"><p>[vc_row][vc_column][vc_column_text]Hyalurons\u00e4ure stellt einen wichtigen Bestandteil des Bindegewebes dar. Mit fortschreitendem Alter nimmt die hauteigene Produktion von Hyalurons\u00e4ure ab und die Haut beginnt langsam ihre F\u00e4higkeit zu verlieren Feuchtigkeit zu binden. Eine Hyalurons\u00e4ure-Injektion verleiht dem Gesicht ein nat\u00fcrliches und frisches Aussehen. Hyalurons\u00e4ure kann bei Gesichtsf\u00fcllung und der Faltenunterspritzung eingesetzt werden. Die Hyalurons\u00e4ure-Behandlung ist wenig zeitaufwendig. Nach der Behandlung kann der Patient wieder normal seinem Alltag nachgehen.<\/p>\n<p>Bei dieser Methode wird die\u00a0 Hyalurons\u00e4ure mit einer feinen Spritze in die betroffenen Hautstellen injiziert. Die Behandlungsdauer betr\u00e4gt etwa 15 Minuten. Bei Patienten mit hoher Schmerzempfindlichkeit erfolgt die Behandlung unter lokaler Bet\u00e4ubung.<\/p>\n<p>Je nach Hauttyp k\u00f6nnen in den behandelten Hautpartien leichte, vor\u00fcbergehende R\u00f6tungen auftreten. In der Regel werden nacheinander 2 Behandlungen durchgef\u00fchrt. Falls die Faltenunterspritzung mit Hyalurons\u00e4ure zum ersten Mal durchgef\u00fchrt wird, folgt die 2. Sitzung 2-3 Wochen sp\u00e4ter. Die Wirkung der Hyalurons\u00e4ure-Injektion zeigt sich schon gleich nach der Behandlung. Die Wirkungsdauer der Behandlung betr\u00e4gt 4-6 Monate und muss danach wiederholt werden.<br \/>\nDie Hyalurons\u00e4ure-Behandlung bedarf keiner Voruntersuchung. Man sollte darauf achten, dass sie von einem Fachmann durchgef\u00fchrt wird.<\/p>\n<h3>Anwendungsgebiete<\/h3>\n<ul>\n<li>\u2022 Mundfalten<\/li>\n<li>\u2022 Tiefe Faltlinien in der Gesichtshaut<\/li>\n<li>\u2022 Auff\u00fcllung des verloren gegangenen Volumens an Wangen und Tr\u00e4nenrinnen<\/li>\n<li>\u2022 Augenbrauenanhebung<\/li>\n<li>\u2022 Faltige H\u00e4nde<\/li>\n<\/ul>\n<p>[\/vc_column_text][\/vc_column][\/vc_row][vc_row full_width=&#8220;stretch_row_content&#8220; css=&#8220;.vc_custom_1688635530883{margin-bottom: 20px !important;padding-top: 60px !important;padding-bottom: 50px !important;background-image: url(https:\/\/clinicp.com\/wp-content\/uploads\/2023\/06\/homepage-banner-1.jpg?id=6461) !important;background-position: center !important;background-repeat: no-repeat !important;background-size: cover !important;}&#8220; ts_responsive_css=&#8220;79823081|colbreak_no|||||80px||60px||colbreak_no|||||||||colbreak_no|||||60px||30px|||colbreak_no|||||||||&#8220; el_class=&#8220;ts-opacity95 ts-font375mode&#8220;][vc_column ts_textcolor=&#8220;white&#8220;]<p style=\"text-align:center;font-size:32px;line-height:42px;\" class=\"ts-custom-heading \" >\u00dcber \u00e4sthetische Chirurgie und medizinische Anwendungen<br \/>\nJetzt informieren<\/p>\n<h2 style=\"text-align:center;font-size:60px;line-height:70px;color:#ffffff;\" class=\"ts-custom-heading vc_custom_1689180674697\" ><a href=\"tel:+90 531 881 6621\">+90 531 881 66 21<\/a><\/h2>\n\r\n\t\t<div class=\"ts-vc_btn3-container ts-vc_btn3-center\"><a class=\"ts-vc_general ts-vc_btn3 ts-vc_btn3-size-lg ts-vc_btn3-shape-rounded ts-vc_btn3-style-flat ts-vc_btn3-weight-yes ts-vc_btn3-icon-left ts-vc_btn3-color-success\" href=\"https:\/\/wa.me\/+905318816621\" title=\"+90 531 881 66 21\"><i class=\"ts-vc_btn3-icon fa fa-whatsapp\"><\/i> WhatsApp<\/a><\/div>[\/vc_column][\/vc_row][vc_row full_width=&#8220;stretch_row_content&#8220; ts_responsive_css=&#8220;67427488|colbreak_no|||||80px||65px||colbreak_no|||||||||colbreak_no|||||60px||45px|||colbreak_no|||||||||&#8220;][vc_column][vc_row_inner][vc_column_inner]<div class=\"ts-element-heading-wrapper ts-heading-inner ts-element-align-center ts-seperator-none \"><section class=\"ts-vc_cta3-container\"><div class=\"ts-vc_general ts-vc_cta3 ts-cta3-only ts-vc_cta3-style-classic ts-vc_cta3-shape-rounded ts-vc_cta3-align-center ts-vc_cta3-color-transparent ts-vc_cta3-icon-size-md ts-vc_cta3-actions-no ts-cta3-without-desc\"><div class=\"ts-vc_cta3_content-container\"><div class=\"ts-vc_cta3-content\"><div class=\"ts-vc_cta3-content-header ts-wrap\"><div class=\"ts-vc_cta3-headers ts-wrap-cell\"><h4 class=\"ts-custom-heading \" >Clinic P<\/h4>\n<h2 class=\"ts-custom-heading ts-fontweightbold \" ><strong>Unser Zentrum<\/strong><\/h2>\n<\/div><\/div><\/div><\/div><\/div><\/section><\/div> <!-- .ts-element-heading-wrapper container --> [\/vc_column_inner][\/vc_row_inner][vc_row_inner][vc_column_inner width=&#8220;1\/4&#8243;][vc_single_image image=&#8220;6507&#8243; img_size=&#8220;full&#8220;][\/vc_column_inner][vc_column_inner width=&#8220;1\/4&#8243;][vc_single_image image=&#8220;6512&#8243; img_size=&#8220;full&#8220;][\/vc_column_inner][vc_column_inner width=&#8220;1\/4&#8243;][vc_single_image image=&#8220;6517&#8243; img_size=&#8220;full&#8220;][\/vc_column_inner][vc_column_inner width=&#8220;1\/4&#8243;][vc_single_image image=&#8220;6522&#8243; img_size=&#8220;full&#8220;][\/vc_column_inner][\/vc_row_inner][vc_row_inner][vc_column_inner width=&#8220;1\/4&#8243;][vc_single_image image=&#8220;6527&#8243; img_size=&#8220;full&#8220;][\/vc_column_inner][vc_column_inner width=&#8220;1\/4&#8243;][vc_single_image image=&#8220;6532&#8243; img_size=&#8220;full&#8220;][\/vc_column_inner][vc_column_inner width=&#8220;1\/4&#8243;][vc_single_image image=&#8220;6537&#8243; img_size=&#8220;full&#8220;][\/vc_column_inner][vc_column_inner width=&#8220;1\/4&#8243;][vc_single_image image=&#8220;6542&#8243; img_size=&#8220;full&#8220;][\/vc_column_inner][\/vc_row_inner][\/vc_column][\/vc_row][vc_row][vc_column][vc_column_text]<strong><\/strong>[\/vc_column_text][\/vc_column][\/vc_row]<\/p>\n<!-- \/wp:post-content --><\/section>","protected":false},"excerpt":{"rendered":"<p>[vc_row][vc_column][vc_column_text]Hyalurons\u00e4ure stellt einen wichtigen Bestandteil des Bindegewebes dar. Mit fortschreitendem Alter nimmt die hauteigene Produktion von Hyalurons\u00e4ure ab und die Haut beginnt langsam ihre F\u00e4higkeit zu verlieren Feuchtigkeit zu binden. Eine Hyalurons\u00e4ure-Injektion verleiht dem Gesicht ein nat\u00fcrliches und frisches Aussehen. Hyalurons\u00e4ure kann bei Gesichtsf\u00fcllung und der Faltenunterspritzung eingesetzt werden. Die Hyalurons\u00e4ure-Behandlung ist wenig zeitaufwendig. Nach &hellip; <a href=\"https:\/\/clinicp.com\/de\/faltenunterspritzung\/\" class=\"more-link\">Continue reading <span class=\"screen-reader-text\">Faltenunterspritzung<\/span><\/a><\/p>\n","protected":false},"author":3,"featured_media":5840,"parent":0,"menu_order":0,"comment_status":"closed","ping_status":"closed","template":"","meta":{"footnotes":""},"class_list":["post-6234","page","type-page","status-publish","has-post-thumbnail","hentry"],"_links":{"self":[{"href":"https:\/\/clinicp.com\/de\/wp-json\/wp\/v2\/pages\/6234","targetHints":{"allow":["GET"]}}],"collection":[{"href":"https:\/\/clinicp.com\/de\/wp-json\/wp\/v2\/pages"}],"about":[{"href":"https:\/\/clinicp.com\/de\/wp-json\/wp\/v2\/types\/page"}],"author":[{"embeddable":true,"href":"https:\/\/clinicp.com\/de\/wp-json\/wp\/v2\/users\/3"}],"replies":[{"embeddable":true,"href":"https:\/\/clinicp.com\/de\/wp-json\/wp\/v2\/comments?post=6234"}],"version-history":[{"count":6,"href":"https:\/\/clinicp.com\/de\/wp-json\/wp\/v2\/pages\/6234\/revisions"}],"predecessor-version":[{"id":7286,"href":"https:\/\/clinicp.com\/de\/wp-json\/wp\/v2\/pages\/6234\/revisions\/7286"}],"wp:featuredmedia":[{"embeddable":true,"href":"https:\/\/clinicp.com\/de\/wp-json\/wp\/v2\/media\/5840"}],"wp:attachment":[{"href":"https:\/\/clinicp.com\/de\/wp-json\/wp\/v2\/media?parent=6234"}],"curies":[{"name":"wp","href":"https:\/\/api.w.org\/{rel}","templated":true}]}}