{"id":6238,"date":"2023-06-15T16:47:48","date_gmt":"2023-06-15T13:47:48","guid":{"rendered":"https:\/\/clinicp.com\/lippenauffuellung\/"},"modified":"2023-07-12T16:52:24","modified_gmt":"2023-07-12T16:52:24","slug":"lippenauffuellung","status":"publish","type":"page","link":"https:\/\/clinicp.com\/de\/lippenauffuellung\/","title":{"rendered":"Lippenauff\u00fcllung"},"content":{"rendered":"<section class=\"wpb-content-wrapper\"><p>[vc_row][vc_column][vc_column_text]Die effektivste Methode runde und volle Lippen zu erreichen, ist die Unterspritzung der Lippen mit Hyalurons\u00e4ure, da sie eine Grundsubstanz unseres menschlichen Bindegewebes darstellt und daher, verglichen mit anderen Substanzen, weniger problematisch ist.<\/p>\n<p>Die Lippenauff\u00fcllung ist eine beliebte Methode, um vollere und akzentuierte Lippen zu formen. Sie erfolgt durch eine Injektion von Hyalurons\u00e4ure in die Lippen. Der Eingriff erfolgt unter \u00f6rtlicher Bet\u00e4ubung durch eine Bet\u00e4ubungscreme. Anschlie\u00dfend wird die Auff\u00fcllsubstanz mittels feinster Spritzen in die Lippen injiziert. Die Behandlung dauert etwa 15-20 Minuten. Es wird empfohlen nach 6-9 Monaten die zweite Behandlung durchf\u00fchren zu lassen.<\/p>\n<p>Durch diese Methode kann man das Lippenvolumen vergr\u00f6\u00dfern, die Lippen akzentuieren und f\u00fcr zus\u00e4tzliche Feuchtigkeit der Lippen sorgen. Nach der Behandlung kann der Patient wieder normal seinem Alltag nachgehen.<\/p>\n<h3 class=\"wp-block-heading\">Was ist Lippenauff\u00fcllung?<\/h3>\n<p>Im Regelfall ist die Unterlippe beim Menschen gr\u00f6\u00dfer als die Oberlippe und die Oberlippe steht etwas weiter vor als die Unterlippe (1-2 Millimeter). Um Lippen mit idealer Proportion und Form zu erreichen, kann man sie mit Hyalurons\u00e4ure aufspritzen. Fall Sie bereits volle Lippen haben, bedarf es keiner Auff\u00fcllung Ihrer Lippen. Lediglich reicht es aus, die ideale Lippenproportion zu bewahren. Mitverantwortlich f\u00fcr den Gewebeverlust der Lippen ist der \u00d6strogenverlust. Mithilfe von Auff\u00fcllsubstanzen ist es m\u00f6glich, den Lippen mehr Volumen zu verleihen und sie zu akzentuieren. Bei diesem Eingriff wird die zu behandelnde Stelle vorerst lokal bet\u00e4ubt, anschlie\u00dfend wird die feuchtigkeitsspendende Hyalurons\u00e4ure in die Lippen eingespritzt.<\/p>\n<h3 class=\"wp-block-heading\">Anwendung bei<\/h3>\n<ul>\n<li>\u2022 Lippenvergr\u00f6\u00dferung<\/li>\n<li>\u2022 Lippenakzentuierung<\/li>\n<li>\u2022 Lippenkonturierung<\/li>\n<\/ul>\n<h3 class=\"wp-block-heading\">Behandlungsvorgang<\/h3>\n<p>Da das Gewebe der Lippen von vielen Nerven durchzogen ist, sind sie sehr schmerzempfindlich. Deshalb erfolgt die Lippenaufspritzung unter \u00f6rtlicher Bet\u00e4ubung. Dazu wird eine Bet\u00e4ubungssalbe eingesetzt, die ihre Wirkung schon nach 15-20 Minuten zeigt. Anschlie\u00dfend erfolgt die Behandlung mithilfe feinster Spritzen. Die Dauer der Behandlung betr\u00e4gt ca. 10 Minuten.<\/p>\n<h3 class=\"wp-block-heading\">Nachbehandlung<\/h3>\n<p>Nach dem Eingriff sollten Patienten 2 Stunden nichts essen und trinken. Auch sollte w\u00e4hrend dieser Zeit kein Lippenstift benutzt werden. Nach dem Einspritzen von Filler k\u00f6nnen Schwellungen entstehen, die sich nach wenigen Tagen wieder zur\u00fcckbilden. Auch k\u00f6nnen in den Einstichstellen blaue Flecken auftreten, die wiederum in 2-3 Tagen verschwinden..<\/p>\n<h3 class=\"wp-block-heading\">Entstehen Schwellungen nach einer Lippenauff\u00fcllung?<\/h3>\n<p>In Einzelf\u00e4llen k\u00f6nnen Schwellungen nach dem Eingriff entstehen. Da wir gut vertr\u00e4gliche Filler einsetzen, ist die Wahrscheinlichkeit der Entstehung von Schwellungen und blauen Flecken sehr gering.<\/p>\n<h3 class=\"wp-block-heading\">Ist eine dauerhafte Lippenvergr\u00f6\u00dferung m\u00f6glich?<\/h3>\n<p>Die Hyalurons\u00e4ure-Injektion, dient dazu den Lippen mehr Volumen zu verleihen, die Form der Lippen zu versch\u00f6nern und sie zu konturieren. Im Laufe der Zeit wird die Hyalurons\u00e4ure vom K\u00f6rper abgebaut. Die Abbauphase dieser Substanz ist von Person zu Person verschieden. Deshalb muss der Eingriff nach einigen Monaten wiederholt werden.<\/p>\n<h3 class=\"wp-block-heading\">F\u00fcr wen ist eine Lippenauff\u00fcllung geeignet?<\/h3>\n<p>Die Lippenauff\u00fcllung ist geeignet f\u00fcr Patienten, die schmale oder asymmetrische Lippen haben, f\u00fcr Patienten bei denen das Volumen der Lippen im Alter nachgelassen hat und f\u00fcr die, die sich vollere und auff\u00e4lligere Lippen w\u00fcnschen, um j\u00fcnger, frischer und attraktiver zu wirken.<\/p>\n<h3 class=\"wp-block-heading\">Sieht das Ergebnis unnat\u00fcrlich aus?<\/h3>\n<p>Sobald die Lippenunterspritzung richtig angewendet wird, wirkt sie nat\u00fcrlich und sch\u00f6n.<\/p>\n<h3 class=\"wp-block-heading\">Wie lange h\u00e4lt das Ergebnis?<\/h3>\n<p>Die Wirkung der Lippenauff\u00fcllung ist je nach Alter, Menge und Qualit\u00e4t des Filler und der Lippenstruktur des Patienten verschieden. Das Ergebnis der mit Hyalurons\u00e4ure aufgespritzten Lippen h\u00e4lt 4-6 Monate an. Danach muss die Behandlung wiederholt werden.[\/vc_column_text][\/vc_column][\/vc_row][vc_row full_width=&#8220;stretch_row_content&#8220; css=&#8220;.vc_custom_1688635530883{margin-bottom: 20px !important;padding-top: 60px !important;padding-bottom: 50px !important;background-image: url(https:\/\/clinicp.com\/wp-content\/uploads\/2023\/06\/homepage-banner-1.jpg?id=6461) !important;background-position: center !important;background-repeat: no-repeat !important;background-size: cover !important;}&#8220; ts_responsive_css=&#8220;79823081|colbreak_no|||||80px||60px||colbreak_no|||||||||colbreak_no|||||60px||30px|||colbreak_no|||||||||&#8220; el_class=&#8220;ts-opacity95 ts-font375mode&#8220;][vc_column ts_textcolor=&#8220;white&#8220;]<p style=\"text-align:center;font-size:32px;line-height:42px;\" class=\"ts-custom-heading \" >\u00dcber \u00e4sthetische Chirurgie und medizinische Anwendungen<br \/>\nJetzt informieren<\/p>\n<h2 style=\"text-align:center;font-size:60px;line-height:70px;color:#ffffff;\" class=\"ts-custom-heading vc_custom_1689180726238\" ><a href=\"tel:+90 531 881 6621\">+90 531 881 66 21<\/a><\/h2>\n\r\n\t\t<div class=\"ts-vc_btn3-container ts-vc_btn3-center\"><a class=\"ts-vc_general ts-vc_btn3 ts-vc_btn3-size-lg ts-vc_btn3-shape-rounded ts-vc_btn3-style-flat ts-vc_btn3-weight-yes ts-vc_btn3-icon-left ts-vc_btn3-color-success\" href=\"https:\/\/wa.me\/+905318816621\" title=\"+90 531 881 66 21\"><i class=\"ts-vc_btn3-icon fa fa-whatsapp\"><\/i> WhatsApp<\/a><\/div>[\/vc_column][\/vc_row][vc_row full_width=&#8220;stretch_row_content&#8220; ts_responsive_css=&#8220;67427488|colbreak_no|||||80px||65px||colbreak_no|||||||||colbreak_no|||||60px||45px|||colbreak_no|||||||||&#8220;][vc_column][vc_row_inner][vc_column_inner]<div class=\"ts-element-heading-wrapper ts-heading-inner ts-element-align-center ts-seperator-none \"><section class=\"ts-vc_cta3-container\"><div class=\"ts-vc_general ts-vc_cta3 ts-cta3-only ts-vc_cta3-style-classic ts-vc_cta3-shape-rounded ts-vc_cta3-align-center ts-vc_cta3-color-transparent ts-vc_cta3-icon-size-md ts-vc_cta3-actions-no ts-cta3-without-desc\"><div class=\"ts-vc_cta3_content-container\"><div class=\"ts-vc_cta3-content\"><div class=\"ts-vc_cta3-content-header ts-wrap\"><div class=\"ts-vc_cta3-headers ts-wrap-cell\"><h4 class=\"ts-custom-heading \" >Clinic P<\/h4>\n<h2 class=\"ts-custom-heading ts-fontweightbold \" ><strong>Unser Zentrum<\/strong><\/h2>\n<\/div><\/div><\/div><\/div><\/div><\/section><\/div> <!-- .ts-element-heading-wrapper container --> [\/vc_column_inner][\/vc_row_inner][vc_row_inner][vc_column_inner width=&#8220;1\/4&#8243;][vc_single_image image=&#8220;6507&#8243; img_size=&#8220;full&#8220;][\/vc_column_inner][vc_column_inner width=&#8220;1\/4&#8243;][vc_single_image image=&#8220;6512&#8243; img_size=&#8220;full&#8220;][\/vc_column_inner][vc_column_inner width=&#8220;1\/4&#8243;][vc_single_image image=&#8220;6517&#8243; img_size=&#8220;full&#8220;][\/vc_column_inner][vc_column_inner width=&#8220;1\/4&#8243;][vc_single_image image=&#8220;6522&#8243; img_size=&#8220;full&#8220;][\/vc_column_inner][\/vc_row_inner][vc_row_inner][vc_column_inner width=&#8220;1\/4&#8243;][vc_single_image image=&#8220;6527&#8243; img_size=&#8220;full&#8220;][\/vc_column_inner][vc_column_inner width=&#8220;1\/4&#8243;][vc_single_image image=&#8220;6532&#8243; img_size=&#8220;full&#8220;][\/vc_column_inner][vc_column_inner width=&#8220;1\/4&#8243;][vc_single_image image=&#8220;6537&#8243; img_size=&#8220;full&#8220;][\/vc_column_inner][vc_column_inner width=&#8220;1\/4&#8243;][vc_single_image image=&#8220;6542&#8243; img_size=&#8220;full&#8220;][\/vc_column_inner][\/vc_row_inner][\/vc_column][\/vc_row][vc_row][vc_column][vc_column_text]<strong><\/strong>[\/vc_column_text][\/vc_column][\/vc_row][vc_row][vc_column][vc_column_text]<!-- \/wp:post-content -->[\/vc_column_text][\/vc_column][\/vc_row]<\/p>\n<!-- \/wp:freeform --><\/section>","protected":false},"excerpt":{"rendered":"<p>[vc_row][vc_column][vc_column_text]Die effektivste Methode runde und volle Lippen zu erreichen, ist die Unterspritzung der Lippen mit Hyalurons\u00e4ure, da sie eine Grundsubstanz unseres menschlichen Bindegewebes darstellt und daher, verglichen mit anderen Substanzen, weniger problematisch ist. Die Lippenauff\u00fcllung ist eine beliebte Methode, um vollere und akzentuierte Lippen zu formen. Sie erfolgt durch eine Injektion von Hyalurons\u00e4ure in die &hellip; <a href=\"https:\/\/clinicp.com\/de\/lippenauffuellung\/\" class=\"more-link\">Continue reading <span class=\"screen-reader-text\">Lippenauff\u00fcllung<\/span><\/a><\/p>\n","protected":false},"author":3,"featured_media":5850,"parent":0,"menu_order":0,"comment_status":"closed","ping_status":"closed","template":"","meta":{"footnotes":""},"class_list":["post-6238","page","type-page","status-publish","has-post-thumbnail","hentry"],"_links":{"self":[{"href":"https:\/\/clinicp.com\/de\/wp-json\/wp\/v2\/pages\/6238","targetHints":{"allow":["GET"]}}],"collection":[{"href":"https:\/\/clinicp.com\/de\/wp-json\/wp\/v2\/pages"}],"about":[{"href":"https:\/\/clinicp.com\/de\/wp-json\/wp\/v2\/types\/page"}],"author":[{"embeddable":true,"href":"https:\/\/clinicp.com\/de\/wp-json\/wp\/v2\/users\/3"}],"replies":[{"embeddable":true,"href":"https:\/\/clinicp.com\/de\/wp-json\/wp\/v2\/comments?post=6238"}],"version-history":[{"count":6,"href":"https:\/\/clinicp.com\/de\/wp-json\/wp\/v2\/pages\/6238\/revisions"}],"predecessor-version":[{"id":7287,"href":"https:\/\/clinicp.com\/de\/wp-json\/wp\/v2\/pages\/6238\/revisions\/7287"}],"wp:featuredmedia":[{"embeddable":true,"href":"https:\/\/clinicp.com\/de\/wp-json\/wp\/v2\/media\/5850"}],"wp:attachment":[{"href":"https:\/\/clinicp.com\/de\/wp-json\/wp\/v2\/media?parent=6238"}],"curies":[{"name":"wp","href":"https:\/\/api.w.org\/{rel}","templated":true}]}}