{"id":6242,"date":"2023-06-15T18:04:00","date_gmt":"2023-06-15T15:04:00","guid":{"rendered":"https:\/\/clinicp.com\/light-filling\/"},"modified":"2023-07-12T16:53:09","modified_gmt":"2023-07-12T16:53:09","slug":"light-filling","status":"publish","type":"page","link":"https:\/\/clinicp.com\/de\/light-filling\/","title":{"rendered":"Light-Filling"},"content":{"rendered":"<section class=\"wpb-content-wrapper\"><p>[vc_row][vc_column][vc_column_text]Einsenkungen, Erschlaffungen und blaue Flecken im unteren Augenbereich, die sowohl M\u00e4nner als auch Frauen betreffen k\u00f6nnen, k\u00f6nnen mithilfe von Light-Filling behandelt werden. Durch die Alterung, die Lebensqualit\u00e4t, Stress sowie durch Umweltfaktoren k\u00f6nnen mit der Zeit Hautdeformationen entstehen. Insbesondere wird der Augenbereich durch diese Faktoren stark beeinflusst.<\/p>\n<h3 class=\"wp-block-heading\">Wodurch entstehen Deformationen am unteren Augenbereich?<\/h3>\n<p>Der untere Augenbereich besteht aus einer sehr d\u00fcnnen und empfindlichen Haut. Aus diesem Grund sind die Kollagen- und Elastin-Fasern in diesem Bereich d\u00fcnn und schlaff. Als Folge dieser Tatsache entstehen mit fortschreitendem Alter die ersten Hautalterungszeichen in den Augenbereichen.<\/p>\n<h3 class=\"wp-block-heading\">Was ist Light-Filling?<\/h3>\n<p>Light-Filling ist eine speziell f\u00fcr die Behandlung der unteren Augenbereiche entwickelte Methode. Bei dieser Methode wird der F\u00fcllstoff mit einem speziellen Injektor in das zu behandelnde Gebiet verabreicht. Dies verleiht der Haut eine erh\u00f6hte Leuchtkraft und l\u00e4sst sie frischer wirken. Das Hautbild im unteren Augenbereich verbessert sich erheblich und die Behandlung verleiht der Haut eine Strahlkraft.<\/p>\n<h3 class=\"wp-block-heading\">Bei wem darf Light-Filling durchgef\u00fchrt werden?<\/h3>\n<p>Light-Filling wird Patienten mit Einsenkungen, Erschlaffungen und blauen Flecken im unteren Augenbereich empfohlen. Mithilfe von des speziell daf\u00fcr entwickelten F\u00fcllstoffs werden die dunklen Stellen im unteren Augenbereich aufgehellt und Einsenkungen sowie Erschlaffungen behandelt. Auch tr\u00e4gt Light-Filling zur Beseitigung von F\u00e4ltchen im Augenbereich bei.[\/vc_column_text][\/vc_column][\/vc_row][vc_row full_width=&#8220;stretch_row_content&#8220; css=&#8220;.vc_custom_1688635530883{margin-bottom: 20px !important;padding-top: 60px !important;padding-bottom: 50px !important;background-image: url(https:\/\/clinicp.com\/wp-content\/uploads\/2023\/06\/homepage-banner-1.jpg?id=6461) !important;background-position: center !important;background-repeat: no-repeat !important;background-size: cover !important;}&#8220; ts_responsive_css=&#8220;79823081|colbreak_no|||||80px||60px||colbreak_no|||||||||colbreak_no|||||60px||30px|||colbreak_no|||||||||&#8220; el_class=&#8220;ts-opacity95 ts-font375mode&#8220;][vc_column ts_textcolor=&#8220;white&#8220;]<p style=\"text-align:center;font-size:32px;line-height:42px;\" class=\"ts-custom-heading \" >\u00dcber \u00e4sthetische Chirurgie und medizinische Anwendungen<br \/>\nJetzt informieren<\/p>\n<h2 style=\"text-align:center;font-size:60px;line-height:70px;color:#ffffff;\" class=\"ts-custom-heading vc_custom_1689180767821\" ><a href=\"tel:+90 531 881 6621\">+90 531 881 66 21<\/a><\/h2>\n\r\n\t\t<div class=\"ts-vc_btn3-container ts-vc_btn3-center\"><a class=\"ts-vc_general ts-vc_btn3 ts-vc_btn3-size-lg ts-vc_btn3-shape-rounded ts-vc_btn3-style-flat ts-vc_btn3-weight-yes ts-vc_btn3-icon-left ts-vc_btn3-color-success\" href=\"https:\/\/wa.me\/+905318816621\" title=\"+90 531 881 66 21\"><i class=\"ts-vc_btn3-icon fa fa-whatsapp\"><\/i> WhatsApp<\/a><\/div>[\/vc_column][\/vc_row][vc_row full_width=&#8220;stretch_row_content&#8220; ts_responsive_css=&#8220;67427488|colbreak_no|||||80px||65px||colbreak_no|||||||||colbreak_no|||||60px||45px|||colbreak_no|||||||||&#8220;][vc_column][vc_row_inner][vc_column_inner]<div class=\"ts-element-heading-wrapper ts-heading-inner ts-element-align-center ts-seperator-none \"><section class=\"ts-vc_cta3-container\"><div class=\"ts-vc_general ts-vc_cta3 ts-cta3-only ts-vc_cta3-style-classic ts-vc_cta3-shape-rounded ts-vc_cta3-align-center ts-vc_cta3-color-transparent ts-vc_cta3-icon-size-md ts-vc_cta3-actions-no ts-cta3-without-desc\"><div class=\"ts-vc_cta3_content-container\"><div class=\"ts-vc_cta3-content\"><div class=\"ts-vc_cta3-content-header ts-wrap\"><div class=\"ts-vc_cta3-headers ts-wrap-cell\"><h4 class=\"ts-custom-heading \" >Clinic P<\/h4>\n<h2 class=\"ts-custom-heading ts-fontweightbold \" ><strong>Unser Zentrum<\/strong><\/h2>\n<\/div><\/div><\/div><\/div><\/div><\/section><\/div> <!-- .ts-element-heading-wrapper container --> [\/vc_column_inner][\/vc_row_inner][vc_row_inner][vc_column_inner width=&#8220;1\/4&#8243;][vc_single_image image=&#8220;6507&#8243; img_size=&#8220;full&#8220;][\/vc_column_inner][vc_column_inner width=&#8220;1\/4&#8243;][vc_single_image image=&#8220;6512&#8243; img_size=&#8220;full&#8220;][\/vc_column_inner][vc_column_inner width=&#8220;1\/4&#8243;][vc_single_image image=&#8220;6517&#8243; img_size=&#8220;full&#8220;][\/vc_column_inner][vc_column_inner width=&#8220;1\/4&#8243;][vc_single_image image=&#8220;6522&#8243; img_size=&#8220;full&#8220;][\/vc_column_inner][\/vc_row_inner][vc_row_inner][vc_column_inner width=&#8220;1\/4&#8243;][vc_single_image image=&#8220;6527&#8243; img_size=&#8220;full&#8220;][\/vc_column_inner][vc_column_inner width=&#8220;1\/4&#8243;][vc_single_image image=&#8220;6532&#8243; img_size=&#8220;full&#8220;][\/vc_column_inner][vc_column_inner width=&#8220;1\/4&#8243;][vc_single_image image=&#8220;6537&#8243; img_size=&#8220;full&#8220;][\/vc_column_inner][vc_column_inner width=&#8220;1\/4&#8243;][vc_single_image image=&#8220;6542&#8243; img_size=&#8220;full&#8220;][\/vc_column_inner][\/vc_row_inner][\/vc_column][\/vc_row][vc_row][vc_column][vc_column_text]<strong><\/strong>[\/vc_column_text][\/vc_column][\/vc_row][vc_row][vc_column][vc_column_text]<!-- \/wp:post-content -->[\/vc_column_text][\/vc_column][\/vc_row]<\/p>\n<!-- \/wp:freeform --><\/section>","protected":false},"excerpt":{"rendered":"<p>[vc_row][vc_column][vc_column_text]Einsenkungen, Erschlaffungen und blaue Flecken im unteren Augenbereich, die sowohl M\u00e4nner als auch Frauen betreffen k\u00f6nnen, k\u00f6nnen mithilfe von Light-Filling behandelt werden. Durch die Alterung, die Lebensqualit\u00e4t, Stress sowie durch Umweltfaktoren k\u00f6nnen mit der Zeit Hautdeformationen entstehen. Insbesondere wird der Augenbereich durch diese Faktoren stark beeinflusst. Wodurch entstehen Deformationen am unteren Augenbereich? Der untere Augenbereich &hellip; <a href=\"https:\/\/clinicp.com\/de\/light-filling\/\" class=\"more-link\">Continue reading <span class=\"screen-reader-text\">Light-Filling<\/span><\/a><\/p>\n","protected":false},"author":3,"featured_media":5859,"parent":0,"menu_order":0,"comment_status":"closed","ping_status":"closed","template":"","meta":{"footnotes":""},"class_list":["post-6242","page","type-page","status-publish","has-post-thumbnail","hentry"],"_links":{"self":[{"href":"https:\/\/clinicp.com\/de\/wp-json\/wp\/v2\/pages\/6242","targetHints":{"allow":["GET"]}}],"collection":[{"href":"https:\/\/clinicp.com\/de\/wp-json\/wp\/v2\/pages"}],"about":[{"href":"https:\/\/clinicp.com\/de\/wp-json\/wp\/v2\/types\/page"}],"author":[{"embeddable":true,"href":"https:\/\/clinicp.com\/de\/wp-json\/wp\/v2\/users\/3"}],"replies":[{"embeddable":true,"href":"https:\/\/clinicp.com\/de\/wp-json\/wp\/v2\/comments?post=6242"}],"version-history":[{"count":6,"href":"https:\/\/clinicp.com\/de\/wp-json\/wp\/v2\/pages\/6242\/revisions"}],"predecessor-version":[{"id":7288,"href":"https:\/\/clinicp.com\/de\/wp-json\/wp\/v2\/pages\/6242\/revisions\/7288"}],"wp:featuredmedia":[{"embeddable":true,"href":"https:\/\/clinicp.com\/de\/wp-json\/wp\/v2\/media\/5859"}],"wp:attachment":[{"href":"https:\/\/clinicp.com\/de\/wp-json\/wp\/v2\/media?parent=6242"}],"curies":[{"name":"wp","href":"https:\/\/api.w.org\/{rel}","templated":true}]}}