{"id":6246,"date":"2023-06-15T18:06:11","date_gmt":"2023-06-15T15:06:11","guid":{"rendered":"https:\/\/clinicp.com\/prp-vampirlifting\/"},"modified":"2023-07-12T16:53:53","modified_gmt":"2023-07-12T16:53:53","slug":"prp-vampirlifting","status":"publish","type":"page","link":"https:\/\/clinicp.com\/de\/prp-vampirlifting\/","title":{"rendered":"PRP \u2013 Vampirlifting"},"content":{"rendered":"<section class=\"wpb-content-wrapper\"><p>[vc_row][vc_column][vc_column_text]PRP ist die Abk\u00fcrzung f\u00fcr Pl\u00e4ttchen-reiches-Plasma. Bei dieser Methode wird das vom Patienten entnommene Blut (10cc) mithilfe eines speziellen Verfahrens aufbereitet. W\u00e4hrend des Verfahrens werden die roten Blutk\u00f6rperchen vom Blutplasma getrennt. Davon wird der wirksame Teil mit wachstumsf\u00f6rdernden Komponenten, wie Thrombozyten oder Blutpl\u00e4ttchen, entnommen und anschlie\u00dfend in die zu behandelnden Stellen injiziert. Die in dieser Substanz enthaltenen Blutpl\u00e4ttchen dienen mittels ihrer wachstumsf\u00f6rdernden Funktion der Zellregeneration im K\u00f6rper.<\/p>\n<p>Die PRP-Therapie kann bei schlecht heilenden Wunden oder bei Narbenbehandlung durchgef\u00fchrt werden. Sie ist eine schnelle und einfache Methode. Dabei wird das sogenannte Pl\u00e4ttchen-reiches-Plasma hergestellt, welches infolge von Aufbereitung und Anreicherung des vom Patienten entnommenen Bluts 2-4x mehr Blutpl\u00e4ttchen enth\u00e4lt, als \u00fcblich. Da diese Blutpl\u00e4ttchen eine k\u00f6rpereigene Wundheilungsfunktion besitzen, dienen zu einer Erneuerung der Hautzellen.<\/p>\n<p>Auch ist die PRP-Therapie eine effektive Methode zur Verj\u00fcngung der Haut. Dabei werden die im k\u00f6rpereigenen PRP freigesetzten Wachstumsfaktoren in die zu behandelnden Stellen eingespritzt. Dadurch findet eine vermehrte Zellteilung statt und der Prozess der Kollagen-Neubildung wird angeregt. Das somit wachsende Bindegewebe f\u00fchrt dazu, dass sich die Haut von innen erneuert.<\/p>\n<p>Bei der PRP-Therapie werden die k\u00f6rpereigenen Selbstheilungskr\u00e4fte stimuliert, welche eine Auffrischung und Regeneration der Haut in Gang setzen. Deshalb ist PRP eine effektive und verl\u00e4ssliche Methode zur Beschleunigung des Selbstheilungs- und Erneuerungsprozesses der Haut.<\/p>\n<p>Die PRP-Therapie wird in der \u00c4sthetischen Dermatologie, in der Sportmedizin und in der Regenerativen Zahnmedizin durchgef\u00fchrt. In der \u00c4sthetischen Dermatologie wird sie oft in der Faltenbehandlung in den Bereichen Gesicht, Hals, Dekollet\u00e9, H\u00e4nde, Innenschenkel und Arme eingesetzt.<\/p>\n<p>Nach Laserbehandlungen oder Peeling regt sie die Erneuerung der Hautzellen an und beschleunigt somit die Wundheilung. Auch k\u00f6nnen durch eine PRP-Therapie Pigmentflecken reduziert, die Hautelastizit\u00e4t verbessert und der Haut eine vermehrte Strahlkraft verliehen werden. Zudem wird PRP bei schwer heilenden Wunden, Dehnungsstreifen und anderen Hauterkrankungen sowie Haarausfall eingesetzt.<\/p>\n<p>Je nach Behandlungsumfang werden dem Patienten 16-23 ml Blut entnommen. Das vom Patienten entnommene Blut wird mithilfe eines speziellen Verfahrens aufbereitet. W\u00e4hrend des Verfahrens werden die roten Blutk\u00f6rperchen vom Blutplasma getrennt. Davon wird der wirksame Teil mit wachstumsf\u00f6rdernden Komponenten, wie Thrombozyten oder Blutpl\u00e4ttchen, entnommen und anschlie\u00dfend in die zu behandelnden Partien injiziert. Die Behandlung dauert etwa 15-20 Minuten. Die Effekte der Behandlung sind nach einigen Wochen sichtbar.<\/p>\n<p>Die Behandlung erfolgt mittels feinster Nadeln und die aufbereitete Substanz wird direkt in die Haut injiziert (s. Mesotherapie). Der Eingriff ist schmerzlos bis schmerzarm.<\/p>\n<p>F\u00fcr ein positives Ergebnis wird empfohlen, die PRP-Therapie 3-4x in einem Abstand von 2 Wochen (entspricht einer Kur) durchf\u00fchren zu lassen. Nach dieser Kur kann eine l\u00e4nger anhaltende Wirkung erzielt werden. Nach 12-18 Monaten wird eine Wiederholung der Kur empfohlen.[\/vc_column_text][\/vc_column][\/vc_row][vc_row full_width=&#8220;stretch_row_content&#8220; css=&#8220;.vc_custom_1688635530883{margin-bottom: 20px !important;padding-top: 60px !important;padding-bottom: 50px !important;background-image: url(https:\/\/clinicp.com\/wp-content\/uploads\/2023\/06\/homepage-banner-1.jpg?id=6461) !important;background-position: center !important;background-repeat: no-repeat !important;background-size: cover !important;}&#8220; ts_responsive_css=&#8220;79823081|colbreak_no|||||80px||60px||colbreak_no|||||||||colbreak_no|||||60px||30px|||colbreak_no|||||||||&#8220; el_class=&#8220;ts-opacity95 ts-font375mode&#8220;][vc_column ts_textcolor=&#8220;white&#8220;]<p style=\"text-align:center;font-size:32px;line-height:42px;\" class=\"ts-custom-heading \" >\u00dcber \u00e4sthetische Chirurgie und medizinische Anwendungen<br \/>\nJetzt informieren<\/p>\n<h2 style=\"text-align:center;font-size:60px;line-height:70px;color:#ffffff;\" class=\"ts-custom-heading vc_custom_1689180814440\" ><a href=\"tel:+90 531 881 6621\">+90 531 881 66 21<\/a><\/h2>\n\r\n\t\t<div class=\"ts-vc_btn3-container ts-vc_btn3-center\"><a class=\"ts-vc_general ts-vc_btn3 ts-vc_btn3-size-lg ts-vc_btn3-shape-rounded ts-vc_btn3-style-flat ts-vc_btn3-weight-yes ts-vc_btn3-icon-left ts-vc_btn3-color-success\" href=\"https:\/\/wa.me\/+905318816621\" title=\"+90 531 881 66 21\"><i class=\"ts-vc_btn3-icon fa fa-whatsapp\"><\/i> WhatsApp<\/a><\/div>[\/vc_column][\/vc_row][vc_row full_width=&#8220;stretch_row_content&#8220; ts_responsive_css=&#8220;67427488|colbreak_no|||||80px||65px||colbreak_no|||||||||colbreak_no|||||60px||45px|||colbreak_no|||||||||&#8220;][vc_column][vc_row_inner][vc_column_inner]<div class=\"ts-element-heading-wrapper ts-heading-inner ts-element-align-center ts-seperator-none \"><section class=\"ts-vc_cta3-container\"><div class=\"ts-vc_general ts-vc_cta3 ts-cta3-only ts-vc_cta3-style-classic ts-vc_cta3-shape-rounded ts-vc_cta3-align-center ts-vc_cta3-color-transparent ts-vc_cta3-icon-size-md ts-vc_cta3-actions-no ts-cta3-without-desc\"><div class=\"ts-vc_cta3_content-container\"><div class=\"ts-vc_cta3-content\"><div class=\"ts-vc_cta3-content-header ts-wrap\"><div class=\"ts-vc_cta3-headers ts-wrap-cell\"><h4 class=\"ts-custom-heading \" >Clinic P<\/h4>\n<h2 class=\"ts-custom-heading ts-fontweightbold \" ><strong>Unser Zentrum<\/strong><\/h2>\n<\/div><\/div><\/div><\/div><\/div><\/section><\/div> <!-- .ts-element-heading-wrapper container --> [\/vc_column_inner][\/vc_row_inner][vc_row_inner][vc_column_inner width=&#8220;1\/4&#8243;][vc_single_image image=&#8220;6507&#8243; img_size=&#8220;full&#8220;][\/vc_column_inner][vc_column_inner width=&#8220;1\/4&#8243;][vc_single_image image=&#8220;6512&#8243; img_size=&#8220;full&#8220;][\/vc_column_inner][vc_column_inner width=&#8220;1\/4&#8243;][vc_single_image image=&#8220;6517&#8243; img_size=&#8220;full&#8220;][\/vc_column_inner][vc_column_inner width=&#8220;1\/4&#8243;][vc_single_image image=&#8220;6522&#8243; img_size=&#8220;full&#8220;][\/vc_column_inner][\/vc_row_inner][vc_row_inner][vc_column_inner width=&#8220;1\/4&#8243;][vc_single_image image=&#8220;6527&#8243; img_size=&#8220;full&#8220;][\/vc_column_inner][vc_column_inner width=&#8220;1\/4&#8243;][vc_single_image image=&#8220;6532&#8243; img_size=&#8220;full&#8220;][\/vc_column_inner][vc_column_inner width=&#8220;1\/4&#8243;][vc_single_image image=&#8220;6537&#8243; img_size=&#8220;full&#8220;][\/vc_column_inner][vc_column_inner width=&#8220;1\/4&#8243;][vc_single_image image=&#8220;6542&#8243; img_size=&#8220;full&#8220;][\/vc_column_inner][\/vc_row_inner][\/vc_column][\/vc_row][vc_row][vc_column][vc_column_text]<strong><\/strong>[\/vc_column_text][\/vc_column][\/vc_row][vc_row][vc_column][vc_column_text]<!-- \/wp:post-content -->[\/vc_column_text][\/vc_column][\/vc_row]<\/p>\n<!-- \/wp:freeform --><\/section>","protected":false},"excerpt":{"rendered":"<p>[vc_row][vc_column][vc_column_text]PRP ist die Abk\u00fcrzung f\u00fcr Pl\u00e4ttchen-reiches-Plasma. Bei dieser Methode wird das vom Patienten entnommene Blut (10cc) mithilfe eines speziellen Verfahrens aufbereitet. W\u00e4hrend des Verfahrens werden die roten Blutk\u00f6rperchen vom Blutplasma getrennt. Davon wird der wirksame Teil mit wachstumsf\u00f6rdernden Komponenten, wie Thrombozyten oder Blutpl\u00e4ttchen, entnommen und anschlie\u00dfend in die zu behandelnden Stellen injiziert. Die in dieser &hellip; <a href=\"https:\/\/clinicp.com\/de\/prp-vampirlifting\/\" class=\"more-link\">Continue reading <span class=\"screen-reader-text\">PRP \u2013 Vampirlifting<\/span><\/a><\/p>\n","protected":false},"author":3,"featured_media":5867,"parent":0,"menu_order":0,"comment_status":"closed","ping_status":"closed","template":"","meta":{"footnotes":""},"class_list":["post-6246","page","type-page","status-publish","has-post-thumbnail","hentry"],"_links":{"self":[{"href":"https:\/\/clinicp.com\/de\/wp-json\/wp\/v2\/pages\/6246","targetHints":{"allow":["GET"]}}],"collection":[{"href":"https:\/\/clinicp.com\/de\/wp-json\/wp\/v2\/pages"}],"about":[{"href":"https:\/\/clinicp.com\/de\/wp-json\/wp\/v2\/types\/page"}],"author":[{"embeddable":true,"href":"https:\/\/clinicp.com\/de\/wp-json\/wp\/v2\/users\/3"}],"replies":[{"embeddable":true,"href":"https:\/\/clinicp.com\/de\/wp-json\/wp\/v2\/comments?post=6246"}],"version-history":[{"count":6,"href":"https:\/\/clinicp.com\/de\/wp-json\/wp\/v2\/pages\/6246\/revisions"}],"predecessor-version":[{"id":7289,"href":"https:\/\/clinicp.com\/de\/wp-json\/wp\/v2\/pages\/6246\/revisions\/7289"}],"wp:featuredmedia":[{"embeddable":true,"href":"https:\/\/clinicp.com\/de\/wp-json\/wp\/v2\/media\/5867"}],"wp:attachment":[{"href":"https:\/\/clinicp.com\/de\/wp-json\/wp\/v2\/media?parent=6246"}],"curies":[{"name":"wp","href":"https:\/\/api.w.org\/{rel}","templated":true}]}}