{"id":6254,"date":"2023-06-15T18:12:51","date_gmt":"2023-06-15T15:12:51","guid":{"rendered":"https:\/\/clinicp.com\/nasenfuellung\/"},"modified":"2023-07-12T16:55:38","modified_gmt":"2023-07-12T16:55:38","slug":"nasenfuellung","status":"publish","type":"page","link":"https:\/\/clinicp.com\/de\/nasenfuellung\/","title":{"rendered":"Nasenf\u00fcllung"},"content":{"rendered":"<section class=\"wpb-content-wrapper\"><p>[vc_row][vc_column][vc_column_text]Die Nasenf\u00fcllung, auch als nicht-chirurgische Rhinoplastik bezeichnet, bezieht sich auf die Ver\u00e4nderung der Nasenform ohne chirurgischen Eingriff. Hautf\u00fcllern sind Produkte, die in verschiedene Gesichtspartien injiziert werden, um das Volumen zu erh\u00f6hen, wie z. B. Hyalurons\u00e4uref\u00fcller. F\u00fcllungen k\u00f6nnen zu verschiedenen Zwecken vorgenommen werden, z. B. zur Milderung oder Beseitigung von Nasenw\u00f6lbungen und -absenkungen, zur Anhebung der Nasenspitze, zur Abflachung des Nasenr\u00fcckens und zur Korrektur von Asymmetrien. Die Nasenf\u00fcllung, die als nicht-chirurgische Nasenkorrektur durchgef\u00fchrt wird, dauert 15-30 Minuten.<\/p>\n<p>Die Kontrolle kann nach 2-3 Wochen durchgef\u00fchrt werden. Die Dauerhaftigkeit liegt zwischen 7-9 Monaten. F\u00fcr einen schmerzfreien Eingriff kann eine \u00f6rtlich bet\u00e4ubende Creme verwendet werden, die auf den Nasenbereich aufgetragen wird. Die Nase wird wie geplant geformt. Dazu kann eine nicht spitze Nadel, eine sogenannte Nadel oder Kan\u00fcle, verwendet werden. Sie kann je nach Situation auch in kleinen Dosen zugegeben werden.<\/p>\n<p>Nach der Anwendung reicht es aus, nur 5-10 Minuten lang mit Eis zu komprimieren. Sie hat viele Vorteile gegen\u00fcber Operationen und ist unter B\u00fcrobedingungen anwendbar. Das Risiko von Schmerzen, Brennen und Wehwehchen ist gering. Sie ist sicher, da es sich nicht um eine dauerhafte Anwendung handelt. Sie ist eine kosteng\u00fcnstige Anwendung im Vergleich zur Operation.[\/vc_column_text][\/vc_column][\/vc_row][vc_row full_width=&#8220;stretch_row_content&#8220; css=&#8220;.vc_custom_1688635530883{margin-bottom: 20px !important;padding-top: 60px !important;padding-bottom: 50px !important;background-image: url(https:\/\/clinicp.com\/wp-content\/uploads\/2023\/06\/homepage-banner-1.jpg?id=6461) !important;background-position: center !important;background-repeat: no-repeat !important;background-size: cover !important;}&#8220; ts_responsive_css=&#8220;79823081|colbreak_no|||||80px||60px||colbreak_no|||||||||colbreak_no|||||60px||30px|||colbreak_no|||||||||&#8220; el_class=&#8220;ts-opacity95 ts-font375mode&#8220;][vc_column ts_textcolor=&#8220;white&#8220;]<p style=\"text-align:center;font-size:32px;line-height:42px;\" class=\"ts-custom-heading \" >\u00dcber \u00e4sthetische Chirurgie und medizinische Anwendungen<br \/>\nJetzt informieren<\/p>\n<h2 style=\"text-align:center;font-size:60px;line-height:70px;color:#ffffff;\" class=\"ts-custom-heading vc_custom_1689180919737\" ><a href=\"tel:+90 531 881 6621\">+90 531 881 66 21<\/a><\/h2>\n\r\n\t\t<div class=\"ts-vc_btn3-container ts-vc_btn3-center\"><a class=\"ts-vc_general ts-vc_btn3 ts-vc_btn3-size-lg ts-vc_btn3-shape-rounded ts-vc_btn3-style-flat ts-vc_btn3-weight-yes ts-vc_btn3-icon-left ts-vc_btn3-color-success\" href=\"https:\/\/wa.me\/+905318816621\" title=\"+90 531 881 66 21\"><i class=\"ts-vc_btn3-icon fa fa-whatsapp\"><\/i> WhatsApp<\/a><\/div>[\/vc_column][\/vc_row][vc_row full_width=&#8220;stretch_row_content&#8220; ts_responsive_css=&#8220;67427488|colbreak_no|||||80px||65px||colbreak_no|||||||||colbreak_no|||||60px||45px|||colbreak_no|||||||||&#8220;][vc_column][vc_row_inner][vc_column_inner]<div class=\"ts-element-heading-wrapper ts-heading-inner ts-element-align-center ts-seperator-none \"><section class=\"ts-vc_cta3-container\"><div class=\"ts-vc_general ts-vc_cta3 ts-cta3-only ts-vc_cta3-style-classic ts-vc_cta3-shape-rounded ts-vc_cta3-align-center ts-vc_cta3-color-transparent ts-vc_cta3-icon-size-md ts-vc_cta3-actions-no ts-cta3-without-desc\"><div class=\"ts-vc_cta3_content-container\"><div class=\"ts-vc_cta3-content\"><div class=\"ts-vc_cta3-content-header ts-wrap\"><div class=\"ts-vc_cta3-headers ts-wrap-cell\"><h4 class=\"ts-custom-heading \" >Clinic P<\/h4>\n<h2 class=\"ts-custom-heading ts-fontweightbold \" ><strong>Unser Zentrum<\/strong><\/h2>\n<\/div><\/div><\/div><\/div><\/div><\/section><\/div> <!-- .ts-element-heading-wrapper container --> [\/vc_column_inner][\/vc_row_inner][vc_row_inner][vc_column_inner width=&#8220;1\/4&#8243;][vc_single_image image=&#8220;6507&#8243; img_size=&#8220;full&#8220;][\/vc_column_inner][vc_column_inner width=&#8220;1\/4&#8243;][vc_single_image image=&#8220;6512&#8243; img_size=&#8220;full&#8220;][\/vc_column_inner][vc_column_inner width=&#8220;1\/4&#8243;][vc_single_image image=&#8220;6517&#8243; img_size=&#8220;full&#8220;][\/vc_column_inner][vc_column_inner width=&#8220;1\/4&#8243;][vc_single_image image=&#8220;6522&#8243; img_size=&#8220;full&#8220;][\/vc_column_inner][\/vc_row_inner][vc_row_inner][vc_column_inner width=&#8220;1\/4&#8243;][vc_single_image image=&#8220;6527&#8243; img_size=&#8220;full&#8220;][\/vc_column_inner][vc_column_inner width=&#8220;1\/4&#8243;][vc_single_image image=&#8220;6532&#8243; img_size=&#8220;full&#8220;][\/vc_column_inner][vc_column_inner width=&#8220;1\/4&#8243;][vc_single_image image=&#8220;6537&#8243; img_size=&#8220;full&#8220;][\/vc_column_inner][vc_column_inner width=&#8220;1\/4&#8243;][vc_single_image image=&#8220;6542&#8243; img_size=&#8220;full&#8220;][\/vc_column_inner][\/vc_row_inner][\/vc_column][\/vc_row][vc_row][vc_column][vc_column_text]<strong><\/strong>[\/vc_column_text][\/vc_column][\/vc_row]<\/p>\n<!-- \/wp:post-content --><\/section>","protected":false},"excerpt":{"rendered":"<p>[vc_row][vc_column][vc_column_text]Die Nasenf\u00fcllung, auch als nicht-chirurgische Rhinoplastik bezeichnet, bezieht sich auf die Ver\u00e4nderung der Nasenform ohne chirurgischen Eingriff. Hautf\u00fcllern sind Produkte, die in verschiedene Gesichtspartien injiziert werden, um das Volumen zu erh\u00f6hen, wie z. B. Hyalurons\u00e4uref\u00fcller. F\u00fcllungen k\u00f6nnen zu verschiedenen Zwecken vorgenommen werden, z. B. zur Milderung oder Beseitigung von Nasenw\u00f6lbungen und -absenkungen, zur Anhebung der &hellip; <a href=\"https:\/\/clinicp.com\/de\/nasenfuellung\/\" class=\"more-link\">Continue reading <span class=\"screen-reader-text\">Nasenf\u00fcllung<\/span><\/a><\/p>\n","protected":false},"author":3,"featured_media":5884,"parent":0,"menu_order":0,"comment_status":"closed","ping_status":"closed","template":"","meta":{"footnotes":""},"class_list":["post-6254","page","type-page","status-publish","has-post-thumbnail","hentry"],"_links":{"self":[{"href":"https:\/\/clinicp.com\/de\/wp-json\/wp\/v2\/pages\/6254","targetHints":{"allow":["GET"]}}],"collection":[{"href":"https:\/\/clinicp.com\/de\/wp-json\/wp\/v2\/pages"}],"about":[{"href":"https:\/\/clinicp.com\/de\/wp-json\/wp\/v2\/types\/page"}],"author":[{"embeddable":true,"href":"https:\/\/clinicp.com\/de\/wp-json\/wp\/v2\/users\/3"}],"replies":[{"embeddable":true,"href":"https:\/\/clinicp.com\/de\/wp-json\/wp\/v2\/comments?post=6254"}],"version-history":[{"count":6,"href":"https:\/\/clinicp.com\/de\/wp-json\/wp\/v2\/pages\/6254\/revisions"}],"predecessor-version":[{"id":7291,"href":"https:\/\/clinicp.com\/de\/wp-json\/wp\/v2\/pages\/6254\/revisions\/7291"}],"wp:featuredmedia":[{"embeddable":true,"href":"https:\/\/clinicp.com\/de\/wp-json\/wp\/v2\/media\/5884"}],"wp:attachment":[{"href":"https:\/\/clinicp.com\/de\/wp-json\/wp\/v2\/media?parent=6254"}],"curies":[{"name":"wp","href":"https:\/\/api.w.org\/{rel}","templated":true}]}}