{"id":6268,"date":"2023-06-19T09:27:15","date_gmt":"2023-06-19T06:27:15","guid":{"rendered":"https:\/\/clinicp.com\/rhinoplastie\/"},"modified":"2023-08-06T16:18:50","modified_gmt":"2023-08-06T13:18:50","slug":"rhinoplastie","status":"publish","type":"page","link":"https:\/\/clinicp.com\/fr\/rhinoplastie\/","title":{"rendered":"Rhinoplastie"},"content":{"rendered":"<section class=\"wpb-content-wrapper\"><p>[vc_row][vc_column][vc_column_text]\u00ab L\u2019esth\u00e9tique du nez expose la vision d\u2019un chirurgien plasticien. \u00bb<\/p>\n<p>Bien que la rhinoplastie soit l\u2019une des op\u00e9rations les plus fr\u00e9quemment pratiqu\u00e9es, c\u2019est celle pour laquelle la pollution informationnelle est la plus importante.<\/p>\n<h3>Pr\u00e9paration pr\u00e9op\u00e9ratoire<\/h3>\n<p>Lors de la premi\u00e8re rencontre avec le patient, on prend connaissance de ses exigences et on essaie de comprendre dans les moindres d\u00e9tails quel type de nez il souhaite. Dans un deuxi\u00e8me temps, le nez du patient est examin\u00e9 en d\u00e9tail et le patient est inform\u00e9 de la forme du nez qui peut appara\u00eetre \u00e0 la fin de l\u2019op\u00e9ration.<\/p>\n<h3>D\u00e9roulement de l\u2019op\u00e9ration<\/h3>\n<p>Si le patient a un probl\u00e8me respiratoire pour une raison quelconque, une op\u00e9ration respiratoire est r\u00e9alis\u00e9e au cours de la m\u00eame op\u00e9ration. Le patient est op\u00e9r\u00e9 le matin, l\u2019op\u00e9ration dure environ 1 \u00e0 2 heures et de la glace est appliqu\u00e9e sur les yeux apr\u00e8s l\u2019op\u00e9ration. Il est tr\u00e8s probable que le patient ne ressente aucune douleur apr\u00e8s l\u2019op\u00e9ration. Il peut y avoir un l\u00e9ger picotement \u00e0 la place de la douleur.<\/p>\n<h3>Post-op\u00e9ratoire<\/h3>\n<p>Le patient reste \u00e0 l\u2019h\u00f4pital pendant une nuit, afin d\u2019am\u00e9liorer son confort. Il sort de l\u2019h\u00f4pital le lendemain matin. Apr\u00e8s l\u2019op\u00e9ration, le patient vient pour un contr\u00f4le le 4\u00e8me jour. Aujourd\u2019hui, les attelles \u00e0 canal d\u2019air en silicone ont remplac\u00e9 les tampons en tissu, qui sont nos r\u00eaves effrayants et ceux des patients. Ce changement de technique chirurgicale est r\u00e9volutionnaire. Comme la silicone ne colle ni \u00e0 droite ni \u00e0 gauche, le patient n\u2019a pas mal lorsqu\u2019on le retire, les patients ressentent uniquement la sensation de tirer la silicone par le nez. Apr\u00e8s 6-7 jours, le 2e contr\u00f4le est effectu\u00e9, l\u2019attelle nasale est retir\u00e9e et le ruban adh\u00e9sif est mis \u00e0 sa place. L\u2019\u00e9tape suivante est maintenant le processus naturel de gu\u00e9rison. Au bout d\u2019un mois, le patient est invit\u00e9 dans notre clinique, des photos post-op\u00e9ratoires sont prises et compar\u00e9es avec le patient en les pla\u00e7ant c\u00f4te \u00e0 c\u00f4te avec les photos pr\u00e9op\u00e9ratoires.<\/p>\n<p><strong>\u00a0 \u201cUN BEAU NEZ EST UN NEZ NATUREL\u201d.<\/strong>[\/vc_column_text][\/vc_column][\/vc_row][vc_row full_width=\u00a0\u00bbstretch_row_content\u00a0\u00bb ts_responsive_css=\u00a0\u00bb67427488|colbreak_no|||||80px||65px||colbreak_no|||||||||colbreak_no|||||60px||45px|||colbreak_no|||||||||\u00a0\u00bb][vc_column][vc_row_inner][vc_column_inner]<div class=\"ts-element-heading-wrapper ts-heading-inner ts-element-align-center ts-seperator-none \"><section class=\"ts-vc_cta3-container\"><div class=\"ts-vc_general ts-vc_cta3 ts-cta3-only ts-vc_cta3-style-classic ts-vc_cta3-shape-rounded ts-vc_cta3-align-center ts-vc_cta3-color-transparent ts-vc_cta3-icon-size-md ts-vc_cta3-actions-no ts-cta3-without-desc\"><div class=\"ts-vc_cta3_content-container\"><div class=\"ts-vc_cta3-content\"><div class=\"ts-vc_cta3-content-header ts-wrap\"><div class=\"ts-vc_cta3-headers ts-wrap-cell\"><h4 class=\"ts-custom-heading \" >Clinic P<\/h4>\n<h2 class=\"ts-custom-heading ts-fontweightbold \" ><strong>Avant apr\u00e8s<\/strong><\/h2>\n<\/div><\/div><\/div><\/div><\/div><\/section><\/div> <!-- .ts-element-heading-wrapper container --> [\/vc_column_inner][\/vc_row_inner][vc_row_inner][vc_column_inner width=\u00a0\u00bb1\/4&Prime;][vc_single_image image=\u00a0\u00bb7316&Prime; img_size=\u00a0\u00bbmedium\u00a0\u00bb alignment=\u00a0\u00bbcenter\u00a0\u00bb onclick=\u00a0\u00bblink_image\u00a0\u00bb][\/vc_column_inner][vc_column_inner width=\u00a0\u00bb1\/4&Prime;][vc_single_image image=\u00a0\u00bb7321&Prime; img_size=\u00a0\u00bbmedium\u00a0\u00bb alignment=\u00a0\u00bbcenter\u00a0\u00bb onclick=\u00a0\u00bblink_image\u00a0\u00bb][\/vc_column_inner][vc_column_inner width=\u00a0\u00bb1\/4&Prime;][vc_single_image image=\u00a0\u00bb7326&Prime; img_size=\u00a0\u00bbmedium\u00a0\u00bb alignment=\u00a0\u00bbcenter\u00a0\u00bb onclick=\u00a0\u00bblink_image\u00a0\u00bb][\/vc_column_inner][vc_column_inner width=\u00a0\u00bb1\/4&Prime;][vc_single_image image=\u00a0\u00bb7331&Prime; img_size=\u00a0\u00bbmedium\u00a0\u00bb alignment=\u00a0\u00bbcenter\u00a0\u00bb onclick=\u00a0\u00bblink_image\u00a0\u00bb][\/vc_column_inner][\/vc_row_inner][vc_row_inner][vc_column_inner width=\u00a0\u00bb1\/4&Prime;][vc_single_image image=\u00a0\u00bb7336&Prime; img_size=\u00a0\u00bbmedium\u00a0\u00bb alignment=\u00a0\u00bbcenter\u00a0\u00bb onclick=\u00a0\u00bblink_image\u00a0\u00bb][\/vc_column_inner][vc_column_inner width=\u00a0\u00bb1\/4&Prime;][vc_single_image image=\u00a0\u00bb7341&Prime; img_size=\u00a0\u00bbmedium\u00a0\u00bb alignment=\u00a0\u00bbcenter\u00a0\u00bb onclick=\u00a0\u00bblink_image\u00a0\u00bb][\/vc_column_inner][vc_column_inner width=\u00a0\u00bb1\/4&Prime;][vc_single_image image=\u00a0\u00bb7346&Prime; img_size=\u00a0\u00bbmedium\u00a0\u00bb alignment=\u00a0\u00bbcenter\u00a0\u00bb onclick=\u00a0\u00bblink_image\u00a0\u00bb][\/vc_column_inner][vc_column_inner width=\u00a0\u00bb1\/4&Prime;][vc_single_image image=\u00a0\u00bb7351&Prime; img_size=\u00a0\u00bbmedium\u00a0\u00bb alignment=\u00a0\u00bbcenter\u00a0\u00bb onclick=\u00a0\u00bblink_image\u00a0\u00bb][\/vc_column_inner][\/vc_row_inner][\/vc_column][\/vc_row][vc_row full_width=\u00a0\u00bbstretch_row_content\u00a0\u00bb css=\u00a0\u00bb.vc_custom_1688627067640{margin-top: 80px !important;margin-bottom: 30px !important;padding-top: 60px !important;padding-bottom: 50px !important;background-image: url(https:\/\/clinicp.com\/wp-content\/uploads\/2023\/06\/homepage-banner-1.jpg?id=6461) !important;background-position: center !important;background-repeat: no-repeat !important;background-size: cover !important;}\u00a0\u00bb ts_responsive_css=\u00a0\u00bb79823081|colbreak_no|||||80px||50px||colbreak_no|||||||||colbreak_no|||||60px||30px|||colbreak_no|||||||||\u00a0\u00bb el_class=\u00a0\u00bbts-opacity95 ts-font375mode\u00a0\u00bb][vc_column ts_textcolor=\u00a0\u00bbwhite\u00a0\u00bb]<p style=\"text-align:center;font-size:32px;line-height:42px;\" class=\"ts-custom-heading \" >Obtenez des informations instantan\u00e9es sur la chirurgie esth\u00e9tique et les applications m\u00e9dicales<\/p>\n<h2 style=\"text-align:center;font-size:40px;line-height:70px;color:#ffffff;\" class=\"ts-custom-heading vc_custom_1690223904363\" ><a href=\"tel:+90 531 881 6621\">+90 531 881 66 21<\/a><\/h2>\n\r\n\t\t<div class=\"ts-vc_btn3-container ts-vc_btn3-center\"><a class=\"ts-vc_general ts-vc_btn3 ts-vc_btn3-size-lg ts-vc_btn3-shape-rounded ts-vc_btn3-style-flat ts-vc_btn3-weight-yes ts-vc_btn3-icon-left ts-vc_btn3-color-success\" href=\"https:\/\/wa.me\/+905318816621\" title=\"+90 531 881 66 21\"><i class=\"ts-vc_btn3-icon fa fa-whatsapp\"><\/i> WhatsApp<\/a><\/div>[\/vc_column][\/vc_row][vc_row full_width=\u00a0\u00bbstretch_row_content\u00a0\u00bb ts_responsive_css=\u00a0\u00bb67427488|colbreak_no|||||80px||65px||colbreak_no|||||||||colbreak_no|||||60px||45px|||colbreak_no|||||||||\u00a0\u00bb][vc_column][vc_row_inner][vc_column_inner]<div class=\"ts-element-heading-wrapper ts-heading-inner ts-element-align-center ts-seperator-none \"><section class=\"ts-vc_cta3-container\"><div class=\"ts-vc_general ts-vc_cta3 ts-cta3-only ts-vc_cta3-style-classic ts-vc_cta3-shape-rounded ts-vc_cta3-align-center ts-vc_cta3-color-transparent ts-vc_cta3-icon-size-md ts-vc_cta3-actions-no ts-cta3-without-desc\"><div class=\"ts-vc_cta3_content-container\"><div class=\"ts-vc_cta3-content\"><div class=\"ts-vc_cta3-content-header ts-wrap\"><div class=\"ts-vc_cta3-headers ts-wrap-cell\"><h4 class=\"ts-custom-heading \" >Clinic P<\/h4>\n<h2 class=\"ts-custom-heading ts-fontweightbold \" ><strong>Notre centre<\/strong><\/h2>\n<\/div><\/div><\/div><\/div><\/div><\/section><\/div> <!-- .ts-element-heading-wrapper container --> [\/vc_column_inner][\/vc_row_inner][vc_row_inner][vc_column_inner width=\u00a0\u00bb1\/5&Prime;][vc_single_image image=\u00a0\u00bb7946&Prime; img_size=\u00a0\u00bbfull\u00a0\u00bb alignment=\u00a0\u00bbcenter\u00a0\u00bb onclick=\u00a0\u00bblink_image\u00a0\u00bb][\/vc_column_inner][vc_column_inner width=\u00a0\u00bb1\/5&Prime;][vc_single_image image=\u00a0\u00bb7951&Prime; img_size=\u00a0\u00bbfull\u00a0\u00bb alignment=\u00a0\u00bbcenter\u00a0\u00bb onclick=\u00a0\u00bblink_image\u00a0\u00bb][\/vc_column_inner][vc_column_inner width=\u00a0\u00bb1\/5&Prime;][vc_single_image image=\u00a0\u00bb7956&Prime; img_size=\u00a0\u00bbfull\u00a0\u00bb alignment=\u00a0\u00bbcenter\u00a0\u00bb onclick=\u00a0\u00bblink_image\u00a0\u00bb][\/vc_column_inner][vc_column_inner width=\u00a0\u00bb1\/5&Prime;][vc_single_image image=\u00a0\u00bb7961&Prime; img_size=\u00a0\u00bbfull\u00a0\u00bb alignment=\u00a0\u00bbcenter\u00a0\u00bb onclick=\u00a0\u00bblink_image\u00a0\u00bb][\/vc_column_inner][vc_column_inner width=\u00a0\u00bb1\/5&Prime;][vc_single_image image=\u00a0\u00bb7966&Prime; img_size=\u00a0\u00bbfull\u00a0\u00bb alignment=\u00a0\u00bbcenter\u00a0\u00bb onclick=\u00a0\u00bblink_image\u00a0\u00bb][\/vc_column_inner][\/vc_row_inner][vc_row_inner][vc_column_inner width=\u00a0\u00bb1\/5&Prime;][vc_single_image image=\u00a0\u00bb7971&Prime; img_size=\u00a0\u00bbfull\u00a0\u00bb alignment=\u00a0\u00bbcenter\u00a0\u00bb onclick=\u00a0\u00bblink_image\u00a0\u00bb][\/vc_column_inner][vc_column_inner width=\u00a0\u00bb1\/5&Prime;][vc_single_image image=\u00a0\u00bb7976&Prime; img_size=\u00a0\u00bbfull\u00a0\u00bb alignment=\u00a0\u00bbcenter\u00a0\u00bb onclick=\u00a0\u00bblink_image\u00a0\u00bb][\/vc_column_inner][vc_column_inner width=\u00a0\u00bb1\/5&Prime;][vc_single_image image=\u00a0\u00bb7981&Prime; img_size=\u00a0\u00bbfull\u00a0\u00bb alignment=\u00a0\u00bbcenter\u00a0\u00bb onclick=\u00a0\u00bblink_image\u00a0\u00bb][\/vc_column_inner][vc_column_inner width=\u00a0\u00bb1\/5&Prime;][vc_single_image image=\u00a0\u00bb7986&Prime; img_size=\u00a0\u00bbfull\u00a0\u00bb alignment=\u00a0\u00bbcenter\u00a0\u00bb onclick=\u00a0\u00bblink_image\u00a0\u00bb][\/vc_column_inner][vc_column_inner width=\u00a0\u00bb1\/5&Prime;][vc_single_image image=\u00a0\u00bb7991&Prime; img_size=\u00a0\u00bbfull\u00a0\u00bb alignment=\u00a0\u00bbcenter\u00a0\u00bb onclick=\u00a0\u00bblink_image\u00a0\u00bb][\/vc_column_inner][\/vc_row_inner][\/vc_column][\/vc_row]<\/p>\n<\/section>","protected":false},"excerpt":{"rendered":"<p>[vc_row][vc_column][vc_column_text]\u00ab L\u2019esth\u00e9tique du nez expose la vision d\u2019un chirurgien plasticien. \u00bb Bien que la rhinoplastie soit l\u2019une des op\u00e9rations les plus fr\u00e9quemment pratiqu\u00e9es, c\u2019est celle pour laquelle la pollution informationnelle est la plus importante. Pr\u00e9paration pr\u00e9op\u00e9ratoire Lors de la premi\u00e8re rencontre avec le patient, on prend connaissance de ses exigences et on essaie de comprendre &hellip; <a href=\"https:\/\/clinicp.com\/fr\/rhinoplastie\/\" class=\"more-link\">Continue reading <span class=\"screen-reader-text\">Rhinoplastie<\/span><\/a><\/p>\n","protected":false},"author":3,"featured_media":5970,"parent":0,"menu_order":0,"comment_status":"closed","ping_status":"closed","template":"","meta":{"footnotes":""},"class_list":["post-6268","page","type-page","status-publish","has-post-thumbnail","hentry"],"_links":{"self":[{"href":"https:\/\/clinicp.com\/fr\/wp-json\/wp\/v2\/pages\/6268","targetHints":{"allow":["GET"]}}],"collection":[{"href":"https:\/\/clinicp.com\/fr\/wp-json\/wp\/v2\/pages"}],"about":[{"href":"https:\/\/clinicp.com\/fr\/wp-json\/wp\/v2\/types\/page"}],"author":[{"embeddable":true,"href":"https:\/\/clinicp.com\/fr\/wp-json\/wp\/v2\/users\/3"}],"replies":[{"embeddable":true,"href":"https:\/\/clinicp.com\/fr\/wp-json\/wp\/v2\/comments?post=6268"}],"version-history":[{"count":12,"href":"https:\/\/clinicp.com\/fr\/wp-json\/wp\/v2\/pages\/6268\/revisions"}],"predecessor-version":[{"id":8144,"href":"https:\/\/clinicp.com\/fr\/wp-json\/wp\/v2\/pages\/6268\/revisions\/8144"}],"wp:featuredmedia":[{"embeddable":true,"href":"https:\/\/clinicp.com\/fr\/wp-json\/wp\/v2\/media\/5970"}],"wp:attachment":[{"href":"https:\/\/clinicp.com\/fr\/wp-json\/wp\/v2\/media?parent=6268"}],"curies":[{"name":"wp","href":"https:\/\/api.w.org\/{rel}","templated":true}]}}