{"id":6295,"date":"2018-04-27T10:38:18","date_gmt":"2018-04-27T07:38:18","guid":{"rendered":"https:\/\/clinicp.com\/lifting-du-visage\/"},"modified":"2023-08-06T16:24:56","modified_gmt":"2023-08-06T13:24:56","slug":"lifting-du-visage-et-du-cou","status":"publish","type":"page","link":"https:\/\/clinicp.com\/fr\/lifting-du-visage-et-du-cou\/","title":{"rendered":"Lifting du Visage et du Cou"},"content":{"rendered":"<section class=\"wpb-content-wrapper\"><p>[vc_row][vc_column][vc_column_text]Le vieillissement est un processus in\u00e9vitable et ses premiers sympt\u00f4mes commencent \u00e0 \u00eatre visibles sur le visage d\u00e8s la trentaine. Avec l&rsquo;\u00e2ge, il devient plus \u00e9vident et tous les tissus du visage sont affect\u00e9s. Les os du visage s&rsquo;amincissent. La peau du visage commence \u00e0 perdre son \u00e9lasticit\u00e9 et \u00e0 se rider. Avec l&rsquo;influence de la gravit\u00e9, un affaissement se produit sur le tissu adipeux sous-cutan\u00e9 et les tissus mous en raison de la mylose. Toute la peau commence \u00e0 \u00eatre couverte de rides et de rel\u00e2chement. Finalement, l&rsquo;aspect du visage devient fatigu\u00e9, vieilli et d\u00e9cr\u00e9pit. Avec le lifting du visage, il est possible de r\u00e9cup\u00e9rer ces cons\u00e9quences du vieillissement.<\/p>\n<div class=\"service-details mt-60 mb-60\">\n<div class=\"container\">\n<div class=\"row\">\n<div class=\"col-xxl-8 col-xl-8 col-lg-7\">\n<div class=\"service__left\">\n<div class=\"service__text-2 mt-50\">\n<p>Le lifting du visage n&rsquo;arr\u00eate pas le vieillissement. L&rsquo;op\u00e9ration fait para\u00eetre la personne plus jeune et plus vivante que son \u00e2ge, mais le processus de vieillissement se poursuit. Le visage est anatomiquement divis\u00e9 en trois r\u00e9gions diff\u00e9rentes et chaque r\u00e9gion est \u00e9valu\u00e9e s\u00e9par\u00e9ment pour l&rsquo;intervention chirurgicale \u00e0 r\u00e9aliser pour le rajeunissement.<\/p>\n<p>La zone sup\u00e9rieure du visage comprend les tempes, le front et les sourcils. Le milieu du visage comprend la r\u00e9gion des joues, l&rsquo;intervention appliqu\u00e9e \u00e0 cette r\u00e9gion est le lifting du milieu du visage ou des joues. Le bas du visage comprend la r\u00e9gion du dessous du menton et du cou, l&rsquo;intervention appliqu\u00e9e \u00e0 cette r\u00e9gion est le lifting du bas du visage ou du cou. L&rsquo;intervention chirurgicale peut \u00eatre appliqu\u00e9e \u00e0 chaque r\u00e9gion individuellement ou en combinaison.<\/p>\n<p>L&rsquo;op\u00e9ration de lifting du visage est r\u00e9alis\u00e9e sous anesth\u00e9sie g\u00e9n\u00e9rale. La dur\u00e9e moyenne de l&rsquo;op\u00e9ration est de 3 \u00e0 6 heures, proportionnellement \u00e0 l&rsquo;intervention \u00e0 r\u00e9aliser. Lors du lifting du milieu et du bas du visage, les incisions sont pratiqu\u00e9es \u00e0 partir du bord devant et derri\u00e8re l&rsquo;oreille. Comme la cicatrice de l&rsquo;op\u00e9ration reste dans le cuir chevelu et dans les zones de plis, il n&rsquo;y a jamais de probl\u00e8me de cicatrice.<\/p>\n<p>Les gonflements et les ecchymoses sur le visage apr\u00e8s l&rsquo;op\u00e9ration sont un processus normal, souvent, il n&rsquo;y a pas de douleur grave contrairement \u00e0 ce que l&rsquo;on croit. Pour les premiers jours de douleur, de simples analg\u00e9siques \u00e0 prendre par voie orale sont suffisants. L&rsquo;application de glace sur cette zone \u00e0 intervalles r\u00e9guliers pendant les 24-48 premi\u00e8res heures r\u00e9duit consid\u00e9rablement le gonflement. De plus, avec certaines cr\u00e8mes efficaces \u00e0 recommander, les ecchymoses sont moins importantes et gu\u00e9rissent plus rapidement. Le patient reste \u00e0 l&rsquo;h\u00f4pital pendant deux nuits apr\u00e8s l&rsquo;op\u00e9ration de lifting du visage. Les drains sont retir\u00e9s apr\u00e8s 2-3 jours. La plupart des points de suture sont des points de suture dissolvants et n&rsquo;ont pas besoin d&rsquo;\u00eatre retir\u00e9s. Les quelques points de suture restants sont retir\u00e9s apr\u00e8s 7 \u00e0 10 jours. La personne peut reprendre le travail apr\u00e8s 1 semaine.<\/p>\n<p>Le lifting du visage ne peut pas arr\u00eater le vieillissement. La chirurgie fait para\u00eetre la personne plus jeune que son \u00e2ge.<\/p>\n<h2>Lifting Du Cou<\/h2>\n<p>L&rsquo;une des zones o\u00f9 l&rsquo;on observe le plus les effets n\u00e9gatifs de facteurs tels que la gravit\u00e9, la prise de poids et les caract\u00e9ristiques g\u00e9n\u00e9tiques, en plus du processus naturel de vieillissement, est la r\u00e9gion du menton et du cou. Des signes de vieillissement peuvent \u00e9galement \u00eatre observ\u00e9s dans la r\u00e9gion du cou pour d&rsquo;autres raisons telles que la diminution de l&rsquo;\u00e9lasticit\u00e9 de la peau et l&rsquo;accumulation de graisse dans la r\u00e9gion des bajoues. La chirurgie de lifting du cou est un nom g\u00e9n\u00e9ral donn\u00e9 au traitement de toutes ces causes.<\/p>\n<p>La chirurgie de lifting du cou commence g\u00e9n\u00e9ralement par une incision plac\u00e9e derri\u00e8re l&rsquo;oreille. Comme cette incision se trouve sous le cuir chevelu et dans une zone de tr\u00e8s bonne qualit\u00e9 cutan\u00e9e, elle donne de bons r\u00e9sultats chez la plupart des patients. Il en va de m\u00eame pour les incisions devant les oreilles. Un point important ici est la pr\u00e9sence de facteurs d\u00e9pendant du patient dans la forme et l&rsquo;importance du d\u00e9veloppement de la cicatrice. D&rsquo;autre part, si de tr\u00e8s bonnes cicatrices peuvent \u00eatre obtenues chez presque tous les patients, la quantit\u00e9 de cicatrices sera diff\u00e9rente, tout comme la cicatrisation des plaies est diff\u00e9rente pour chacun. Les facteurs qui influent sur ce ph\u00e9nom\u00e8ne sont notamment la g\u00e9n\u00e9tique, les habitudes alimentaires, les m\u00e9dicaments pris r\u00e9guli\u00e8rement et le tabagisme. Apr\u00e8s l&rsquo;incision pratiqu\u00e9e derri\u00e8re l&rsquo;oreille, la peau du cou est soulev\u00e9e des deux c\u00f4t\u00e9s jusqu&rsquo;\u00e0 la ligne m\u00e9diane. Au cours de cette intervention, il n&rsquo;y a pas de cicatrice visible sur le cou, \u00e0 l&rsquo;exception des incisions derri\u00e8re les oreilles. Cependant, dans certains cas, s&rsquo;il existe une laxit\u00e9 musculaire, il peut \u00eatre n\u00e9cessaire d&rsquo;utiliser une incision de quelques centim\u00e8tres sous le menton pour r\u00e9parer la zone des bajoues.<\/p>\n<p>Pendant les premi\u00e8res nuits, il est important de dormir en position l\u00e9g\u00e8rement assise avec un oreiller haut afin d&rsquo;\u00e9viter les \u0153d\u00e8mes. Le patient peut quitter l&rsquo;h\u00f4pital le lendemain. Il est normal d&rsquo;avoir un gonflement du visage et de l\u00e9g\u00e8res ecchymoses pendant environ deux semaines. Un corset sp\u00e9cial pour le visage est utilis\u00e9 pendant cette p\u00e9riode. Au bout de deux semaines, les points de suture restants sont retir\u00e9s s&rsquo;ils ne se sont pas dissous. Le cinqui\u00e8me jour postop\u00e9ratoire, le patient est autoris\u00e9 \u00e0 se laver le visage. Les r\u00e9sultats positifs de l&rsquo;op\u00e9ration commencent \u00e0 \u00eatre visibles avec la r\u00e9duction du gonflement. Les r\u00e9sultats d&rsquo;une chirurgie r\u00e9ussie de lifting du cou sont extr\u00eamement satisfaisants pour les patients et les r\u00e9sultats de la chirurgie sont permanents.<\/p>\n<\/div>\n<\/div>\n<\/div>\n<\/div>\n<\/div>\n<\/div>\n<p>[\/vc_column_text][\/vc_column][\/vc_row][vc_row full_width=\u00a0\u00bbstretch_row_content\u00a0\u00bb css=\u00a0\u00bb.vc_custom_1688627067640{margin-top: 80px !important;margin-bottom: 30px !important;padding-top: 60px !important;padding-bottom: 50px !important;background-image: url(https:\/\/clinicp.com\/wp-content\/uploads\/2023\/06\/homepage-banner-1.jpg?id=6461) !important;background-position: center !important;background-repeat: no-repeat !important;background-size: cover !important;}\u00a0\u00bb ts_responsive_css=\u00a0\u00bb79823081|colbreak_no|||||80px||50px||colbreak_no|||||||||colbreak_no|||||60px||30px|||colbreak_no|||||||||\u00a0\u00bb el_class=\u00a0\u00bbts-opacity95 ts-font375mode\u00a0\u00bb][vc_column ts_textcolor=\u00a0\u00bbwhite\u00a0\u00bb]<p style=\"text-align:center;font-size:32px;line-height:42px;\" class=\"ts-custom-heading \" >Obtenez des informations instantan\u00e9es sur la chirurgie esth\u00e9tique et les applications m\u00e9dicales<\/p>\n<h2 style=\"text-align:center;font-size:40px;line-height:70px;color:#ffffff;\" class=\"ts-custom-heading vc_custom_1690225208956\" ><a href=\"tel:+90 531 881 6621\">+90 531 881 66 21<\/a><\/h2>\n\r\n\t\t<div class=\"ts-vc_btn3-container ts-vc_btn3-center\"><a class=\"ts-vc_general ts-vc_btn3 ts-vc_btn3-size-lg ts-vc_btn3-shape-rounded ts-vc_btn3-style-flat ts-vc_btn3-weight-yes ts-vc_btn3-icon-left ts-vc_btn3-color-success\" href=\"https:\/\/wa.me\/+905318816621\" title=\"+90 531 881 66 21\"><i class=\"ts-vc_btn3-icon fa fa-whatsapp\"><\/i> WhatsApp<\/a><\/div>[\/vc_column][\/vc_row][vc_row full_width=\u00a0\u00bbstretch_row_content\u00a0\u00bb ts_responsive_css=\u00a0\u00bb67427488|colbreak_no|||||80px||65px||colbreak_no|||||||||colbreak_no|||||60px||45px|||colbreak_no|||||||||\u00a0\u00bb][vc_column][vc_row_inner][vc_column_inner]<div class=\"ts-element-heading-wrapper ts-heading-inner ts-element-align-center ts-seperator-none \"><section class=\"ts-vc_cta3-container\"><div class=\"ts-vc_general ts-vc_cta3 ts-cta3-only ts-vc_cta3-style-classic ts-vc_cta3-shape-rounded ts-vc_cta3-align-center ts-vc_cta3-color-transparent ts-vc_cta3-icon-size-md ts-vc_cta3-actions-no ts-cta3-without-desc\"><div class=\"ts-vc_cta3_content-container\"><div class=\"ts-vc_cta3-content\"><div class=\"ts-vc_cta3-content-header ts-wrap\"><div class=\"ts-vc_cta3-headers ts-wrap-cell\"><h4 class=\"ts-custom-heading \" >Clinic P<\/h4>\n<h2 class=\"ts-custom-heading ts-fontweightbold \" ><strong>Notre centre<\/strong><\/h2>\n<\/div><\/div><\/div><\/div><\/div><\/section><\/div> <!-- .ts-element-heading-wrapper container --> [\/vc_column_inner][\/vc_row_inner][vc_row_inner][vc_column_inner width=\u00a0\u00bb1\/5&Prime;][vc_single_image image=\u00a0\u00bb7946&Prime; img_size=\u00a0\u00bbfull\u00a0\u00bb alignment=\u00a0\u00bbcenter\u00a0\u00bb onclick=\u00a0\u00bblink_image\u00a0\u00bb][\/vc_column_inner][vc_column_inner width=\u00a0\u00bb1\/5&Prime;][vc_single_image image=\u00a0\u00bb7951&Prime; img_size=\u00a0\u00bbfull\u00a0\u00bb alignment=\u00a0\u00bbcenter\u00a0\u00bb onclick=\u00a0\u00bblink_image\u00a0\u00bb][\/vc_column_inner][vc_column_inner width=\u00a0\u00bb1\/5&Prime;][vc_single_image image=\u00a0\u00bb7956&Prime; img_size=\u00a0\u00bbfull\u00a0\u00bb alignment=\u00a0\u00bbcenter\u00a0\u00bb onclick=\u00a0\u00bblink_image\u00a0\u00bb][\/vc_column_inner][vc_column_inner width=\u00a0\u00bb1\/5&Prime;][vc_single_image image=\u00a0\u00bb7961&Prime; img_size=\u00a0\u00bbfull\u00a0\u00bb alignment=\u00a0\u00bbcenter\u00a0\u00bb onclick=\u00a0\u00bblink_image\u00a0\u00bb][\/vc_column_inner][vc_column_inner width=\u00a0\u00bb1\/5&Prime;][vc_single_image image=\u00a0\u00bb7966&Prime; img_size=\u00a0\u00bbfull\u00a0\u00bb alignment=\u00a0\u00bbcenter\u00a0\u00bb onclick=\u00a0\u00bblink_image\u00a0\u00bb][\/vc_column_inner][\/vc_row_inner][vc_row_inner][vc_column_inner width=\u00a0\u00bb1\/5&Prime;][vc_single_image image=\u00a0\u00bb7971&Prime; img_size=\u00a0\u00bbfull\u00a0\u00bb alignment=\u00a0\u00bbcenter\u00a0\u00bb onclick=\u00a0\u00bblink_image\u00a0\u00bb][\/vc_column_inner][vc_column_inner width=\u00a0\u00bb1\/5&Prime;][vc_single_image image=\u00a0\u00bb7976&Prime; img_size=\u00a0\u00bbfull\u00a0\u00bb alignment=\u00a0\u00bbcenter\u00a0\u00bb onclick=\u00a0\u00bblink_image\u00a0\u00bb][\/vc_column_inner][vc_column_inner width=\u00a0\u00bb1\/5&Prime;][vc_single_image image=\u00a0\u00bb7981&Prime; img_size=\u00a0\u00bbfull\u00a0\u00bb alignment=\u00a0\u00bbcenter\u00a0\u00bb onclick=\u00a0\u00bblink_image\u00a0\u00bb][\/vc_column_inner][vc_column_inner width=\u00a0\u00bb1\/5&Prime;][vc_single_image image=\u00a0\u00bb7986&Prime; img_size=\u00a0\u00bbfull\u00a0\u00bb alignment=\u00a0\u00bbcenter\u00a0\u00bb onclick=\u00a0\u00bblink_image\u00a0\u00bb][\/vc_column_inner][vc_column_inner width=\u00a0\u00bb1\/5&Prime;][vc_single_image image=\u00a0\u00bb7991&Prime; img_size=\u00a0\u00bbfull\u00a0\u00bb alignment=\u00a0\u00bbcenter\u00a0\u00bb onclick=\u00a0\u00bblink_image\u00a0\u00bb][\/vc_column_inner][\/vc_row_inner][\/vc_column][\/vc_row]<\/p>\n<\/section>","protected":false},"excerpt":{"rendered":"<p>[vc_row][vc_column][vc_column_text]Le vieillissement est un processus in\u00e9vitable et ses premiers sympt\u00f4mes commencent \u00e0 \u00eatre visibles sur le visage d\u00e8s la trentaine. Avec l&rsquo;\u00e2ge, il devient plus \u00e9vident et tous les tissus du visage sont affect\u00e9s. Les os du visage s&rsquo;amincissent. La peau du visage commence \u00e0 perdre son \u00e9lasticit\u00e9 et \u00e0 se rider. Avec l&rsquo;influence de &hellip; <a href=\"https:\/\/clinicp.com\/fr\/lifting-du-visage-et-du-cou\/\" class=\"more-link\">Continue reading <span class=\"screen-reader-text\">Lifting du Visage et du Cou<\/span><\/a><\/p>\n","protected":false},"author":3,"featured_media":5693,"parent":0,"menu_order":13,"comment_status":"closed","ping_status":"closed","template":"","meta":{"footnotes":""},"class_list":["post-6295","page","type-page","status-publish","has-post-thumbnail","hentry"],"_links":{"self":[{"href":"https:\/\/clinicp.com\/fr\/wp-json\/wp\/v2\/pages\/6295","targetHints":{"allow":["GET"]}}],"collection":[{"href":"https:\/\/clinicp.com\/fr\/wp-json\/wp\/v2\/pages"}],"about":[{"href":"https:\/\/clinicp.com\/fr\/wp-json\/wp\/v2\/types\/page"}],"author":[{"embeddable":true,"href":"https:\/\/clinicp.com\/fr\/wp-json\/wp\/v2\/users\/3"}],"replies":[{"embeddable":true,"href":"https:\/\/clinicp.com\/fr\/wp-json\/wp\/v2\/comments?post=6295"}],"version-history":[{"count":10,"href":"https:\/\/clinicp.com\/fr\/wp-json\/wp\/v2\/pages\/6295\/revisions"}],"predecessor-version":[{"id":8149,"href":"https:\/\/clinicp.com\/fr\/wp-json\/wp\/v2\/pages\/6295\/revisions\/8149"}],"wp:featuredmedia":[{"embeddable":true,"href":"https:\/\/clinicp.com\/fr\/wp-json\/wp\/v2\/media\/5693"}],"wp:attachment":[{"href":"https:\/\/clinicp.com\/fr\/wp-json\/wp\/v2\/media?parent=6295"}],"curies":[{"name":"wp","href":"https:\/\/api.w.org\/{rel}","templated":true}]}}