{"id":6300,"date":"2018-04-27T10:37:55","date_gmt":"2018-04-27T07:37:55","guid":{"rendered":"https:\/\/clinicp.com\/lifting-par-fils-tenseurs\/"},"modified":"2023-08-06T16:40:12","modified_gmt":"2023-08-06T13:40:12","slug":"lifting-par-fils-tenseurs","status":"publish","type":"page","link":"https:\/\/clinicp.com\/fr\/lifting-par-fils-tenseurs\/","title":{"rendered":"Lifting par Fils Tenseurs"},"content":{"rendered":"<section class=\"wpb-content-wrapper\"><p>[vc_row][vc_column][vc_column_text]Qu&rsquo;est-ce que le Deep Lift?<\/p>\n<p>Deep Lift est la premi\u00e8re et la seule technologie de Mesh Scaffold au monde. Deep Lift offre une adh\u00e9sion tissulaire efficace, la formation de collag\u00e8ne, un environnement \u00e0 360\u00b0, une durabilit\u00e9 maximale et une r\u00e9g\u00e9n\u00e9ration tissulaire.<\/p>\n<p>Quelle est la diff\u00e9rence entre Deep Lift et les autres fils et combien de temps dure-t-il ?<\/p>\n<p>Sa diff\u00e9rence avec les autres fils est son haute force d&rsquo;adh\u00e9rence, son rajeunissement facial innovant de haut niveau, son effet lifting rapide et sa permanence \u00e0 long terme. Sa permanence dure de 3 \u00e0 5 ans.<\/p>\n<p>Quels sont les zones d&rsquo;application de Deep Lift ?<\/p>\n<p>Au cours de la proc\u00e9dure, la technique est d\u00e9termin\u00e9e en fonction des besoins du patient. Avec la m\u00e9thode Deep Lift, les pommettes, le menton, les sourcils, le cou et les joues de votre visage peuvent \u00eatre \u00e9tir\u00e9s et relev\u00e9s vers le haut. De la m\u00eame mani\u00e8re, l&rsquo;\u0153il peut \u00eatre fa\u00e7onn\u00e9 et le sourcil relev\u00e9.<\/p>\n<div class=\"service-details mt-60 mb-60\">\n<div class=\"container\">\n<div class=\"row\">\n<div class=\"col-xxl-8 col-xl-8 col-lg-7\">\n<div class=\"service__left\">\n<div class=\"service__text-2 mt-50\">[\/vc_column_text][\/vc_column][\/vc_row][vc_row full_width=\u00a0\u00bbstretch_row_content\u00a0\u00bb css=\u00a0\u00bb.vc_custom_1688627067640{margin-top: 80px !important;margin-bottom: 30px !important;padding-top: 60px !important;padding-bottom: 50px !important;background-image: url(https:\/\/clinicp.com\/wp-content\/uploads\/2023\/06\/homepage-banner-1.jpg?id=6461) !important;background-position: center !important;background-repeat: no-repeat !important;background-size: cover !important;}\u00a0\u00bb ts_responsive_css=\u00a0\u00bb79823081|colbreak_no|||||80px||50px||colbreak_no|||||||||colbreak_no|||||60px||30px|||colbreak_no|||||||||\u00a0\u00bb el_class=\u00a0\u00bbts-opacity95 ts-font375mode\u00a0\u00bb][vc_column ts_textcolor=\u00a0\u00bbwhite\u00a0\u00bb]<p style=\"text-align:center;font-size:32px;line-height:42px;\" class=\"ts-custom-heading \" >Obtenez des informations instantan\u00e9es sur la chirurgie esth\u00e9tique et les applications m\u00e9dicales<\/p>\n<h3 style=\"text-align:center;font-size:40px;line-height:70px;color:#ffffff;\" class=\"ts-custom-heading vc_custom_1691329207839\" ><a href=\"tel:+90 531 881 6621\">+90 531 881 66 21<\/a><\/h3>\n\r\n\t\t<div class=\"ts-vc_btn3-container ts-vc_btn3-center\"><a class=\"ts-vc_general ts-vc_btn3 ts-vc_btn3-size-lg ts-vc_btn3-shape-rounded ts-vc_btn3-style-flat ts-vc_btn3-weight-yes ts-vc_btn3-icon-left ts-vc_btn3-color-success\" href=\"https:\/\/wa.me\/+905318816621\" title=\"+90 531 881 66 21\"><i class=\"ts-vc_btn3-icon fa fa-whatsapp\"><\/i> WhatsApp<\/a><\/div>[\/vc_column][\/vc_row][vc_row full_width=\u00a0\u00bbstretch_row_content\u00a0\u00bb ts_responsive_css=\u00a0\u00bb67427488|colbreak_no|||||80px||65px||colbreak_no|||||||||colbreak_no|||||60px||45px|||colbreak_no|||||||||\u00a0\u00bb css=\u00a0\u00bb.vc_custom_1691329093006{margin-top: 40px !important;}\u00a0\u00bb][vc_column][vc_row_inner][vc_column_inner]<div class=\"ts-element-heading-wrapper ts-heading-inner ts-element-align-center ts-seperator-none \"><section class=\"ts-vc_cta3-container\"><div class=\"ts-vc_general ts-vc_cta3 ts-cta3-only ts-vc_cta3-style-classic ts-vc_cta3-shape-rounded ts-vc_cta3-align-center ts-vc_cta3-color-transparent ts-vc_cta3-icon-size-md ts-vc_cta3-actions-no ts-cta3-without-desc\"><div class=\"ts-vc_cta3_content-container\"><div class=\"ts-vc_cta3-content\"><div class=\"ts-vc_cta3-content-header ts-wrap\"><div class=\"ts-vc_cta3-headers ts-wrap-cell\"><h4 class=\"ts-custom-heading \" >Clinic P<\/h4>\n<h2 class=\"ts-custom-heading ts-fontweightbold \" ><strong>Notre centre<\/strong><\/h2>\n<\/div><\/div><\/div><\/div><\/div><\/section><\/div> <!-- .ts-element-heading-wrapper container --> [\/vc_column_inner][\/vc_row_inner][vc_row_inner css=\u00a0\u00bb.vc_custom_1691329113973{margin-top: 40px !important;}\u00a0\u00bb][vc_column_inner width=\u00a0\u00bb1\/5&Prime;][vc_single_image image=\u00a0\u00bb7946&Prime; img_size=\u00a0\u00bbfull\u00a0\u00bb alignment=\u00a0\u00bbcenter\u00a0\u00bb onclick=\u00a0\u00bblink_image\u00a0\u00bb][\/vc_column_inner][vc_column_inner width=\u00a0\u00bb1\/5&Prime;][vc_single_image image=\u00a0\u00bb7951&Prime; img_size=\u00a0\u00bbfull\u00a0\u00bb alignment=\u00a0\u00bbcenter\u00a0\u00bb onclick=\u00a0\u00bblink_image\u00a0\u00bb][\/vc_column_inner][vc_column_inner width=\u00a0\u00bb1\/5&Prime;][vc_single_image image=\u00a0\u00bb7956&Prime; img_size=\u00a0\u00bbfull\u00a0\u00bb alignment=\u00a0\u00bbcenter\u00a0\u00bb onclick=\u00a0\u00bblink_image\u00a0\u00bb][\/vc_column_inner][vc_column_inner width=\u00a0\u00bb1\/5&Prime;][vc_single_image image=\u00a0\u00bb7961&Prime; img_size=\u00a0\u00bbfull\u00a0\u00bb alignment=\u00a0\u00bbcenter\u00a0\u00bb onclick=\u00a0\u00bblink_image\u00a0\u00bb][\/vc_column_inner][vc_column_inner width=\u00a0\u00bb1\/5&Prime;][vc_single_image image=\u00a0\u00bb7966&Prime; img_size=\u00a0\u00bbfull\u00a0\u00bb alignment=\u00a0\u00bbcenter\u00a0\u00bb onclick=\u00a0\u00bblink_image\u00a0\u00bb][\/vc_column_inner][\/vc_row_inner][vc_row_inner css=\u00a0\u00bb.vc_custom_1691329038843{margin-top: 20px !important;}\u00a0\u00bb][vc_column_inner width=\u00a0\u00bb1\/5&Prime;][vc_single_image image=\u00a0\u00bb7971&Prime; img_size=\u00a0\u00bbfull\u00a0\u00bb alignment=\u00a0\u00bbcenter\u00a0\u00bb onclick=\u00a0\u00bblink_image\u00a0\u00bb][\/vc_column_inner][vc_column_inner width=\u00a0\u00bb1\/5&Prime;][vc_single_image image=\u00a0\u00bb7976&Prime; img_size=\u00a0\u00bbfull\u00a0\u00bb alignment=\u00a0\u00bbcenter\u00a0\u00bb onclick=\u00a0\u00bblink_image\u00a0\u00bb][\/vc_column_inner][vc_column_inner width=\u00a0\u00bb1\/5&Prime;][vc_single_image image=\u00a0\u00bb7981&Prime; img_size=\u00a0\u00bbfull\u00a0\u00bb alignment=\u00a0\u00bbcenter\u00a0\u00bb onclick=\u00a0\u00bblink_image\u00a0\u00bb][\/vc_column_inner][vc_column_inner width=\u00a0\u00bb1\/5&Prime;][vc_single_image image=\u00a0\u00bb7986&Prime; img_size=\u00a0\u00bbfull\u00a0\u00bb alignment=\u00a0\u00bbcenter\u00a0\u00bb onclick=\u00a0\u00bblink_image\u00a0\u00bb][\/vc_column_inner][vc_column_inner width=\u00a0\u00bb1\/5&Prime;][vc_single_image image=\u00a0\u00bb7991&Prime; img_size=\u00a0\u00bbfull\u00a0\u00bb alignment=\u00a0\u00bbcenter\u00a0\u00bb onclick=\u00a0\u00bblink_image\u00a0\u00bb][\/vc_column_inner][\/vc_row_inner][\/vc_column][\/vc_row][vc_row][vc_column][vc_column_text]<\/div>\n<\/div>\n<\/div>\n<\/div>\n<\/div>\n<\/div>\n<p>[\/vc_column_text][\/vc_column][\/vc_row][vc_row][vc_column][vc_column_text]<\/p>\n<p>[\/vc_column_text][\/vc_column][\/vc_row]<\/p>\n<\/section>","protected":false},"excerpt":{"rendered":"<p>[vc_row][vc_column][vc_column_text]Qu&rsquo;est-ce que le Deep Lift? Deep Lift est la premi\u00e8re et la seule technologie de Mesh Scaffold au monde. Deep Lift offre une adh\u00e9sion tissulaire efficace, la formation de collag\u00e8ne, un environnement \u00e0 360\u00b0, une durabilit\u00e9 maximale et une r\u00e9g\u00e9n\u00e9ration tissulaire. Quelle est la diff\u00e9rence entre Deep Lift et les autres fils et combien de &hellip; <a href=\"https:\/\/clinicp.com\/fr\/lifting-par-fils-tenseurs\/\" class=\"more-link\">Continue reading <span class=\"screen-reader-text\">Lifting par Fils Tenseurs<\/span><\/a><\/p>\n","protected":false},"author":3,"featured_media":5701,"parent":0,"menu_order":14,"comment_status":"closed","ping_status":"closed","template":"","meta":{"footnotes":""},"class_list":["post-6300","page","type-page","status-publish","has-post-thumbnail","hentry"],"_links":{"self":[{"href":"https:\/\/clinicp.com\/fr\/wp-json\/wp\/v2\/pages\/6300","targetHints":{"allow":["GET"]}}],"collection":[{"href":"https:\/\/clinicp.com\/fr\/wp-json\/wp\/v2\/pages"}],"about":[{"href":"https:\/\/clinicp.com\/fr\/wp-json\/wp\/v2\/types\/page"}],"author":[{"embeddable":true,"href":"https:\/\/clinicp.com\/fr\/wp-json\/wp\/v2\/users\/3"}],"replies":[{"embeddable":true,"href":"https:\/\/clinicp.com\/fr\/wp-json\/wp\/v2\/comments?post=6300"}],"version-history":[{"count":11,"href":"https:\/\/clinicp.com\/fr\/wp-json\/wp\/v2\/pages\/6300\/revisions"}],"predecessor-version":[{"id":8157,"href":"https:\/\/clinicp.com\/fr\/wp-json\/wp\/v2\/pages\/6300\/revisions\/8157"}],"wp:featuredmedia":[{"embeddable":true,"href":"https:\/\/clinicp.com\/fr\/wp-json\/wp\/v2\/media\/5701"}],"wp:attachment":[{"href":"https:\/\/clinicp.com\/fr\/wp-json\/wp\/v2\/media?parent=6300"}],"curies":[{"name":"wp","href":"https:\/\/api.w.org\/{rel}","templated":true}]}}