{"id":6318,"date":"2023-06-15T11:29:12","date_gmt":"2023-06-15T08:29:12","guid":{"rendered":"https:\/\/clinicp.com\/chirurgie-de-loreille-proeminente\/"},"modified":"2023-08-06T16:39:02","modified_gmt":"2023-08-06T13:39:02","slug":"chirurgie-de-loreille-proeminente","status":"publish","type":"page","link":"https:\/\/clinicp.com\/fr\/chirurgie-de-loreille-proeminente\/","title":{"rendered":"Chirurgie de l\u2019Oreille Pro\u00e9minente"},"content":{"rendered":"<section class=\"wpb-content-wrapper\"><p>[vc_row][vc_column][vc_column_text]La d\u00e9formation de l&rsquo;oreille pro\u00e9minente est g\u00e9n\u00e9ralement due \u00e0 des facteurs g\u00e9n\u00e9tiques. Ces d\u00e9formations sont corrig\u00e9es en appliquant l&rsquo;esth\u00e9tique de l&rsquo;oreille pro\u00e9minente. La chirurgie de l&rsquo;oreille pro\u00e9minente, appel\u00e9e otoplastie en m\u00e9decine, est une solution permanente \u00e0 ce probl\u00e8me. Ce probl\u00e8me est \u00e0 l&rsquo;origine des troubles ressentis au niveau des oreilles. Si les oreilles, qui compl\u00e8tent l&rsquo;aspect esth\u00e9tique du visage, sont pro\u00e9minentes, diff\u00e9rents probl\u00e8mes psychologiques apparaissent chez les personnes. M\u00eame si l&rsquo;on essaie de recouvrir les oreilles avec des cheveux, on n&rsquo;y parvient gu\u00e8re. Les enfants en particulier ont des probl\u00e8mes psychologiques \u00e0 cet \u00e9gard. C&rsquo;est pourquoi ce probl\u00e8me doit \u00eatre r\u00e9solu de fa\u00e7on permanente par l&rsquo;esth\u00e9tique de l&rsquo;oreille pro\u00e9minente \u00e0 partir de l&rsquo;\u00e2ge de 5-6 ans, lorsque le cartilage de l&rsquo;oreille ach\u00e8ve son d\u00e9veloppement. \u00c9tant donn\u00e9 que cette op\u00e9ration \u00e9limine le probl\u00e8me de l&rsquo;oreille pro\u00e9minente qui cause des probl\u00e8mes psychologiques chez les gens, elle ne doit pas \u00eatre consid\u00e9r\u00e9e comme une chirurgie plastique.<\/p>\n<h2>\u00c0 quel \u00e2ge peut-on pratiquer la chirurgie des oreilles pro\u00e9minentes?<\/h2>\n<p>La d\u00e9formation de l&rsquo;oreille pro\u00e9minente attire l&rsquo;attention comme \u00e9tant la d\u00e9formation la plus courante dans la soci\u00e9t\u00e9. Le fait que cette d\u00e9formation soit pr\u00e9sente d\u00e8s la naissance montre que le probl\u00e8me de l&rsquo;oreille pro\u00e9minente est g\u00e9n\u00e9tique. L&rsquo;ach\u00e8vement du d\u00e9veloppement des oreilles, c&rsquo;est-\u00e0-dire la mise en forme des tissus cartilagineux, se poursuit jusqu&rsquo;\u00e0 l&rsquo;\u00e2ge de 5-6 ans. \u00c0 cette p\u00e9riode, on observe que les enfants perturb\u00e9s par l&rsquo;aspect des oreilles peuvent rompre leur communication avec leur environnement social. La d\u00e9formation des oreilles pro\u00e9minentes, qui peut entra\u00eener des probl\u00e8mes mentaux chez les enfants, doit \u00eatre corrig\u00e9e avant l&rsquo;\u00e2ge scolaire. La chirurgie de l&rsquo;oreille pro\u00e9minente doit \u00eatre effectu\u00e9e plus t\u00f4t afin que les enfants ne subissent pas de traumatisme social pendant la p\u00e9riode scolaire. Cette chirurgie peut \u00eatre appliqu\u00e9e aux personnes de tous \u00e2ges qui ont termin\u00e9 le d\u00e9veloppement de leur oreille. Cependant, le conseil des experts est de la faire avant la p\u00e9riode scolaire.<\/p>\n<p>Apr\u00e8s l&rsquo;intervention par la m\u00e9thode chirurgicale, les oreilles sont model\u00e9es de fa\u00e7on permanente.<\/p>\n<h2>Comment la d\u00e9cision de chirurgie de l&rsquo;oreille pro\u00e9minente est-elle prise?<\/h2>\n<p>Lors de l&rsquo;examen, la structure des oreilles sera examin\u00e9e, la d\u00e9cision n\u00e9cessaire sera prise sur la mani\u00e8re de les corriger, et un plan chirurgical sera \u00e9tabli. M\u00eame si la d\u00e9formation se situe dans une seule oreille, dans certains cas, il peut \u00eatre n\u00e9cessaire d&rsquo;intervenir dans les deux oreilles pour obtenir une sym\u00e9trie. Apr\u00e8s avoir d\u00e9cid\u00e9 qu&rsquo;une chirurgie de l&rsquo;oreille pro\u00e9minente est n\u00e9cessaire, les questions auxquelles les patients doivent pr\u00eater attention avant et apr\u00e8s l&rsquo;op\u00e9ration seront discut\u00e9es. Le type d&rsquo;anesth\u00e9sie \u00e0 utiliser pendant l&rsquo;op\u00e9ration et les m\u00e9thodes chirurgicales seront expliqu\u00e9s au patient par le m\u00e9decin de mani\u00e8re d\u00e9taill\u00e9e.<\/p>\n<h2>Comment l&rsquo;esth\u00e9tique de l&rsquo;oreille pro\u00e9minente (chirurgie) est-elle appliqu\u00e9e?<\/h2>\n<p>Gr\u00e2ce \u00e0 l&rsquo;esth\u00e9tique de l&rsquo;oreille pro\u00e9minente, qui est pratiqu\u00e9e derri\u00e8re l&rsquo;oreille et avec une petite incision qui ne se remarque pas, une forme permanente est r\u00e9alis\u00e9e dans le pavillon de l&rsquo;oreille. Les structures cartilagineuses de l&rsquo;oreille sont model\u00e9es en les amenant \u00e0 l&rsquo;angle appropri\u00e9 gr\u00e2ce aux sutures permanentes utilis\u00e9es pendant l&rsquo;op\u00e9ration. Cette intervention cr\u00e9e une am\u00e9lioration permanente de l&rsquo;oreille. Le plus grand avantage de cette chirurgie est que la d\u00e9formation de l&rsquo;oreille pro\u00e9minente ne risque pas de se reproduire. Pendant l&rsquo;op\u00e9ration de l&rsquo;oreille pro\u00e9minente, une anesth\u00e9sie g\u00e9n\u00e9rale est appliqu\u00e9e aux enfants de moins de 10-12 ans, et une anesth\u00e9sie locale aux personnes plus \u00e2g\u00e9es. L&rsquo;op\u00e9ration est r\u00e9alis\u00e9e en une heure environ pour les deux oreilles. Apr\u00e8s l&rsquo;op\u00e9ration, un pansement compressif est appliqu\u00e9 sur les oreilles. \u00c0 l&rsquo;exception des personnes qui n&rsquo;ont pas subi d&rsquo;anesth\u00e9sie g\u00e9n\u00e9rale, elles sortent de l&rsquo;h\u00f4pital le jour m\u00eame. Les pansements sur les oreilles ne sont pas ouverts pendant 5 jours. \u00c0 la fin de cette p\u00e9riode, les bandages sont ouverts par le m\u00e9decin et un bracelet de joueur de tennis est plac\u00e9 sur les oreilles des patients. Apr\u00e8s des interventions chirurgicales r\u00e9ussies qui ne laissent pas de cicatrices visibles, les gens ont davantage confiance en eux et sont mieux connect\u00e9s \u00e0 la vie.<\/p>\n<h2>La chirurgie des oreilles pro\u00e9minentes est-elle une op\u00e9ration \u00e0 risque?<\/h2>\n<p>Le taux de risque de ces interventions chirurgicales est tr\u00e8s faible. Cependant, comme il s&rsquo;agit d&rsquo;une intervention chirurgicale, il peut y avoir des facteurs de risque potentiels. Il s&rsquo;agit de risques tels que l&rsquo;infection, le saignement, l&rsquo;h\u00e9matome, l&rsquo;accumulation de sang dans la zone d&rsquo;op\u00e9ration. Bien que ces cas soient tr\u00e8s rares, les patients sont inform\u00e9s de cette question. L&rsquo;un des probl\u00e8mes que les patients peuvent rencontrer sur le plan esth\u00e9tique est l&rsquo;asym\u00e9trie des oreilles. De nombreux patients peuvent \u00e9galement pr\u00e9senter une asym\u00e9trie avant l&rsquo;op\u00e9ration. Il n&rsquo;est pas toujours facile de les corriger. Cependant, le fait que les oreilles soient sym\u00e9triques et qu&rsquo;une asym\u00e9trie puisse survenir apr\u00e8s l&rsquo;op\u00e9ration peut \u00e9galement se produire. Toutefois, de tels probl\u00e8mes sont rares.<\/p>\n<h2>Quand peut-on retourner \u00e0 une vie normale apr\u00e8s une esth\u00e9tique de l&rsquo;oreille pro\u00e9minente?<\/h2>\n<p>Apr\u00e8s cette intervention, les patients de sexe masculin et les patients de sexe f\u00e9minin connaissent des diff\u00e9rences dans le retour au travail et \u00e0 la vie sociale. Comme les femmes utilisent normalement le bandeau comme un accessoire pour leurs cheveux, elles peuvent reprendre leur vie normale imm\u00e9diatement apr\u00e8s l&rsquo;op\u00e9ration. Les hommes n&rsquo;ont pas cette chance et doivent attendre un peu avant de reprendre une vie normale. L&rsquo;application du bandeau est plus utile que l&rsquo;application classique du bandage utilis\u00e9e dans le pass\u00e9.<\/p>\n<h2>Combien de temps dure la convalescence apr\u00e8s l&rsquo;esth\u00e9tique des oreilles pro\u00e9minentes?<\/h2>\n<p>Apr\u00e8s une chirurgie de l&rsquo;oreille pro\u00e9minente, s&rsquo;il n&rsquo;y a pas de probl\u00e8me, le patient peut rentrer chez lui le jour m\u00eame avec un pansement compressif appliqu\u00e9 sur les deux oreilles. Le jour suivant l&rsquo;op\u00e9ration, le patient doit se rendre chez le m\u00e9decin pour le pansement. Bien qu&rsquo;il y ait une certaine douleur dans les oreilles due \u00e0 l&rsquo;\u00e9tirement le premier jour, la douleur peut \u00eatre facilement soulag\u00e9e avec des analg\u00e9siques normaux. Apr\u00e8s avoir retir\u00e9 les pansements sur les oreilles, il faut porter un bandeau de joueur de tennis ou un bandeau de femme sur les oreilles pendant quelques jours. Le bandeau \u00e0 mettre en place ne doit \u00eatre ni trop l\u00e2che ni trop serr\u00e9. Apr\u00e8s l&rsquo;intervention, il peut y avoir une l\u00e9g\u00e8re rougeur et un gonflement des oreilles pendant 3 \u00e0 5 jours. Apr\u00e8s cette p\u00e9riode, on observe une am\u00e9lioration des oreilles. La chirurgie des oreilles fait partie des chirurgies plastiques pratiqu\u00e9es qui gu\u00e9rissent en peu de temps. L&rsquo;\u0153d\u00e8me de l&rsquo;oreille dispara\u00eet dans les deux semaines qui suivent l&rsquo;op\u00e9ration. Il faut un \u00e0 deux mois pour que l&rsquo;oreille retrouve sa v\u00e9ritable forme. Cependant, pendant cette p\u00e9riode, il n&rsquo;y a pas d&rsquo;image qui d\u00e9range les oreilles. \u00c9tant donn\u00e9 que l&rsquo;op\u00e9ration est r\u00e9alis\u00e9e par l&rsquo;arri\u00e8re de l&rsquo;oreille et que l&rsquo;incision se trouve \u00e0 cet endroit, il n&rsquo;y a pas de cicatrice visible sur les oreilles. Cette fine incision et la cicatrice de suture deviennent plus obscures apr\u00e8s un certain temps apr\u00e8s l&rsquo;op\u00e9ration.<\/p>\n<div class=\"service-details mt-60 mb-60\">\n<div class=\"container\">\n<div class=\"row\">\n<div class=\"col-xxl-8 col-xl-8 col-lg-7\">\n<div class=\"service__left\">\n<div class=\"service__text-2 mt-50\">[\/vc_column_text][\/vc_column][\/vc_row][vc_row full_width=\u00a0\u00bbstretch_row_content\u00a0\u00bb css=\u00a0\u00bb.vc_custom_1688627067640{margin-top: 80px !important;margin-bottom: 30px !important;padding-top: 60px !important;padding-bottom: 50px !important;background-image: url(https:\/\/clinicp.com\/wp-content\/uploads\/2023\/06\/homepage-banner-1.jpg?id=6461) !important;background-position: center !important;background-repeat: no-repeat !important;background-size: cover !important;}\u00a0\u00bb ts_responsive_css=\u00a0\u00bb79823081|colbreak_no|||||80px||50px||colbreak_no|||||||||colbreak_no|||||60px||30px|||colbreak_no|||||||||\u00a0\u00bb el_class=\u00a0\u00bbts-opacity95 ts-font375mode\u00a0\u00bb][vc_column ts_textcolor=\u00a0\u00bbwhite\u00a0\u00bb]<p style=\"text-align:center;font-size:32px;line-height:42px;\" class=\"ts-custom-heading \" >Obtenez des informations instantan\u00e9es sur la chirurgie esth\u00e9tique et les applications m\u00e9dicales<\/p>\n<h3 style=\"text-align:center;font-size:40px;line-height:70px;color:#ffffff;\" class=\"ts-custom-heading vc_custom_1691329049251\" ><a href=\"tel:+90 531 881 6621\">+90 531 881 66 21<\/a><\/h3>\n\r\n\t\t<div class=\"ts-vc_btn3-container ts-vc_btn3-center\"><a class=\"ts-vc_general ts-vc_btn3 ts-vc_btn3-size-lg ts-vc_btn3-shape-rounded ts-vc_btn3-style-flat ts-vc_btn3-weight-yes ts-vc_btn3-icon-left ts-vc_btn3-color-success\" href=\"https:\/\/wa.me\/+905318816621\" title=\"+90 531 881 66 21\"><i class=\"ts-vc_btn3-icon fa fa-whatsapp\"><\/i> WhatsApp<\/a><\/div>[\/vc_column][\/vc_row][vc_row full_width=\u00a0\u00bbstretch_row_content\u00a0\u00bb ts_responsive_css=\u00a0\u00bb67427488|colbreak_no|||||80px||65px||colbreak_no|||||||||colbreak_no|||||60px||45px|||colbreak_no|||||||||\u00a0\u00bb css=\u00a0\u00bb.vc_custom_1691329093006{margin-top: 40px !important;}\u00a0\u00bb][vc_column][vc_row_inner][vc_column_inner]<div class=\"ts-element-heading-wrapper ts-heading-inner ts-element-align-center ts-seperator-none \"><section class=\"ts-vc_cta3-container\"><div class=\"ts-vc_general ts-vc_cta3 ts-cta3-only ts-vc_cta3-style-classic ts-vc_cta3-shape-rounded ts-vc_cta3-align-center ts-vc_cta3-color-transparent ts-vc_cta3-icon-size-md ts-vc_cta3-actions-no ts-cta3-without-desc\"><div class=\"ts-vc_cta3_content-container\"><div class=\"ts-vc_cta3-content\"><div class=\"ts-vc_cta3-content-header ts-wrap\"><div class=\"ts-vc_cta3-headers ts-wrap-cell\"><h4 class=\"ts-custom-heading \" >Clinic P<\/h4>\n<h2 class=\"ts-custom-heading ts-fontweightbold \" ><strong>Notre centre<\/strong><\/h2>\n<\/div><\/div><\/div><\/div><\/div><\/section><\/div> <!-- .ts-element-heading-wrapper container --> [\/vc_column_inner][\/vc_row_inner][vc_row_inner css=\u00a0\u00bb.vc_custom_1691329113973{margin-top: 40px !important;}\u00a0\u00bb][vc_column_inner width=\u00a0\u00bb1\/5&Prime;][vc_single_image image=\u00a0\u00bb7946&Prime; img_size=\u00a0\u00bbfull\u00a0\u00bb alignment=\u00a0\u00bbcenter\u00a0\u00bb onclick=\u00a0\u00bblink_image\u00a0\u00bb][\/vc_column_inner][vc_column_inner width=\u00a0\u00bb1\/5&Prime;][vc_single_image image=\u00a0\u00bb7951&Prime; img_size=\u00a0\u00bbfull\u00a0\u00bb alignment=\u00a0\u00bbcenter\u00a0\u00bb onclick=\u00a0\u00bblink_image\u00a0\u00bb][\/vc_column_inner][vc_column_inner width=\u00a0\u00bb1\/5&Prime;][vc_single_image image=\u00a0\u00bb7956&Prime; img_size=\u00a0\u00bbfull\u00a0\u00bb alignment=\u00a0\u00bbcenter\u00a0\u00bb onclick=\u00a0\u00bblink_image\u00a0\u00bb][\/vc_column_inner][vc_column_inner width=\u00a0\u00bb1\/5&Prime;][vc_single_image image=\u00a0\u00bb7961&Prime; img_size=\u00a0\u00bbfull\u00a0\u00bb alignment=\u00a0\u00bbcenter\u00a0\u00bb onclick=\u00a0\u00bblink_image\u00a0\u00bb][\/vc_column_inner][vc_column_inner width=\u00a0\u00bb1\/5&Prime;][vc_single_image image=\u00a0\u00bb7966&Prime; img_size=\u00a0\u00bbfull\u00a0\u00bb alignment=\u00a0\u00bbcenter\u00a0\u00bb onclick=\u00a0\u00bblink_image\u00a0\u00bb][\/vc_column_inner][\/vc_row_inner][vc_row_inner css=\u00a0\u00bb.vc_custom_1691329038843{margin-top: 20px !important;}\u00a0\u00bb][vc_column_inner width=\u00a0\u00bb1\/5&Prime;][vc_single_image image=\u00a0\u00bb7971&Prime; img_size=\u00a0\u00bbfull\u00a0\u00bb alignment=\u00a0\u00bbcenter\u00a0\u00bb onclick=\u00a0\u00bblink_image\u00a0\u00bb][\/vc_column_inner][vc_column_inner width=\u00a0\u00bb1\/5&Prime;][vc_single_image image=\u00a0\u00bb7976&Prime; img_size=\u00a0\u00bbfull\u00a0\u00bb alignment=\u00a0\u00bbcenter\u00a0\u00bb onclick=\u00a0\u00bblink_image\u00a0\u00bb][\/vc_column_inner][vc_column_inner width=\u00a0\u00bb1\/5&Prime;][vc_single_image image=\u00a0\u00bb7981&Prime; img_size=\u00a0\u00bbfull\u00a0\u00bb alignment=\u00a0\u00bbcenter\u00a0\u00bb onclick=\u00a0\u00bblink_image\u00a0\u00bb][\/vc_column_inner][vc_column_inner width=\u00a0\u00bb1\/5&Prime;][vc_single_image image=\u00a0\u00bb7986&Prime; img_size=\u00a0\u00bbfull\u00a0\u00bb alignment=\u00a0\u00bbcenter\u00a0\u00bb onclick=\u00a0\u00bblink_image\u00a0\u00bb][\/vc_column_inner][vc_column_inner width=\u00a0\u00bb1\/5&Prime;][vc_single_image image=\u00a0\u00bb7991&Prime; img_size=\u00a0\u00bbfull\u00a0\u00bb alignment=\u00a0\u00bbcenter\u00a0\u00bb onclick=\u00a0\u00bblink_image\u00a0\u00bb][\/vc_column_inner][\/vc_row_inner][\/vc_column][\/vc_row][vc_row][vc_column][vc_column_text]<\/div>\n<\/div>\n<\/div>\n<\/div>\n<\/div>\n<\/div>\n<p>[\/vc_column_text][\/vc_column][\/vc_row]<\/p>\n<\/section>","protected":false},"excerpt":{"rendered":"<p>[vc_row][vc_column][vc_column_text]La d\u00e9formation de l&rsquo;oreille pro\u00e9minente est g\u00e9n\u00e9ralement due \u00e0 des facteurs g\u00e9n\u00e9tiques. Ces d\u00e9formations sont corrig\u00e9es en appliquant l&rsquo;esth\u00e9tique de l&rsquo;oreille pro\u00e9minente. La chirurgie de l&rsquo;oreille pro\u00e9minente, appel\u00e9e otoplastie en m\u00e9decine, est une solution permanente \u00e0 ce probl\u00e8me. Ce probl\u00e8me est \u00e0 l&rsquo;origine des troubles ressentis au niveau des oreilles. Si les oreilles, qui compl\u00e8tent &hellip; <a href=\"https:\/\/clinicp.com\/fr\/chirurgie-de-loreille-proeminente\/\" class=\"more-link\">Continue reading <span class=\"screen-reader-text\">Chirurgie de l\u2019Oreille Pro\u00e9minente<\/span><\/a><\/p>\n","protected":false},"author":3,"featured_media":5750,"parent":0,"menu_order":0,"comment_status":"closed","ping_status":"closed","template":"","meta":{"footnotes":""},"class_list":["post-6318","page","type-page","status-publish","has-post-thumbnail","hentry"],"_links":{"self":[{"href":"https:\/\/clinicp.com\/fr\/wp-json\/wp\/v2\/pages\/6318","targetHints":{"allow":["GET"]}}],"collection":[{"href":"https:\/\/clinicp.com\/fr\/wp-json\/wp\/v2\/pages"}],"about":[{"href":"https:\/\/clinicp.com\/fr\/wp-json\/wp\/v2\/types\/page"}],"author":[{"embeddable":true,"href":"https:\/\/clinicp.com\/fr\/wp-json\/wp\/v2\/users\/3"}],"replies":[{"embeddable":true,"href":"https:\/\/clinicp.com\/fr\/wp-json\/wp\/v2\/comments?post=6318"}],"version-history":[{"count":8,"href":"https:\/\/clinicp.com\/fr\/wp-json\/wp\/v2\/pages\/6318\/revisions"}],"predecessor-version":[{"id":8156,"href":"https:\/\/clinicp.com\/fr\/wp-json\/wp\/v2\/pages\/6318\/revisions\/8156"}],"wp:featuredmedia":[{"embeddable":true,"href":"https:\/\/clinicp.com\/fr\/wp-json\/wp\/v2\/media\/5750"}],"wp:attachment":[{"href":"https:\/\/clinicp.com\/fr\/wp-json\/wp\/v2\/media?parent=6318"}],"curies":[{"name":"wp","href":"https:\/\/api.w.org\/{rel}","templated":true}]}}