{"id":6336,"date":"2023-06-15T14:39:29","date_gmt":"2023-06-15T11:39:29","guid":{"rendered":"https:\/\/clinicp.com\/liposuccion\/"},"modified":"2023-08-06T16:49:27","modified_gmt":"2023-08-06T13:49:27","slug":"liposuccion","status":"publish","type":"page","link":"https:\/\/clinicp.com\/fr\/liposuccion\/","title":{"rendered":"Liposuccion"},"content":{"rendered":"<section class=\"wpb-content-wrapper\"><p>[vc_row][vc_column][vc_column_text]La liposuccion est une m\u00e9thode d&rsquo;\u00e9limination par aspiration des tissus graisseux en exc\u00e8s dans certaines parties du corps. Cependant, bien que la liposuccion soit per\u00e7ue comme une m\u00e9thode d&rsquo;amaigrissement par les gens, il s&rsquo;agit d&rsquo;une fausse information car la liposuccion n&rsquo;est pas une chirurgie d&rsquo;amaigrissement, mais une chirurgie de correction des contours.<\/p>\n<p>Pour que la liposuccion donne de bons r\u00e9sultats, il faut tout d&rsquo;abord v\u00e9rifier l&rsquo;\u00e9tat de sant\u00e9 du patient, l&rsquo;\u00e9lasticit\u00e9 de sa peau et si son poids est adapt\u00e9 \u00e0 cette intervention. En effet, dans cette proc\u00e9dure, la proportion de graisse \u00e0 retirer du patient doit \u00eatre de 5% du poids de la personne.<\/p>\n<p>Par exemple, 3,5 ou 4 litres de tissu adipeux \u00e0 retirer du corps d&rsquo;une personne ayant un exc\u00e8s de 25 kilogrammes ne donnent pas un r\u00e9sultat clair dans le corps du patient. Le patient n&rsquo;est donc pas satisfait de l&rsquo;intervention, mais cette quantit\u00e9 de graisse pr\u00e9lev\u00e9e chez une personne pr\u00e9sentant un exc\u00e8s de 10 kilogrammes peut permettre d&rsquo;amincir le corps du patient de 2 tailles en moyenne.<\/p>\n<p>La dur\u00e9e de l&rsquo;op\u00e9ration de liposuccion varie entre 1 et 3 heures, selon l&rsquo;importance de l&rsquo;intervention \u00e0 r\u00e9aliser. Apr\u00e8s l&rsquo;intervention, un corset doit \u00eatre utilis\u00e9 pendant 3 semaines. L&rsquo;utilisation de corsets permet d&rsquo;\u00e9vacuer plus rapidement l&rsquo;\u0153d\u00e8me.<\/p>\n<p>L&rsquo;op\u00e9ration doit \u00eatre effectu\u00e9e dans un h\u00f4pital enti\u00e8rement \u00e9quip\u00e9. Le patient reste \u00e0 l&rsquo;h\u00f4pital pendant une nuit. Le moment o\u00f9 il reprendra sa vie normale d\u00e9pend de l&rsquo;ampleur de l&rsquo;op\u00e9ration. Bien que la liposuccion soit connue comme une proc\u00e9dure douloureuse, elle est aujourd&rsquo;hui devenue beaucoup plus confortable.<\/p>\n<div class=\"service-details mt-60 mb-60\">\n<div class=\"container\">\n<div class=\"row\">\n<div class=\"col-xxl-8 col-xl-8 col-lg-7\">\n<div class=\"service__left\">\n<div class=\"service__text-2 mt-50\">[\/vc_column_text][\/vc_column][\/vc_row][vc_row full_width=\u00a0\u00bbstretch_row_content\u00a0\u00bb css=\u00a0\u00bb.vc_custom_1688627067640{margin-top: 80px !important;margin-bottom: 30px !important;padding-top: 60px !important;padding-bottom: 50px !important;background-image: url(https:\/\/clinicp.com\/wp-content\/uploads\/2023\/06\/homepage-banner-1.jpg?id=6461) !important;background-position: center !important;background-repeat: no-repeat !important;background-size: cover !important;}\u00a0\u00bb ts_responsive_css=\u00a0\u00bb79823081|colbreak_no|||||80px||50px||colbreak_no|||||||||colbreak_no|||||60px||30px|||colbreak_no|||||||||\u00a0\u00bb el_class=\u00a0\u00bbts-opacity95 ts-font375mode\u00a0\u00bb][vc_column ts_textcolor=\u00a0\u00bbwhite\u00a0\u00bb]<p style=\"text-align:center;font-size:32px;line-height:42px;\" class=\"ts-custom-heading \" >Obtenez des informations instantan\u00e9es sur la chirurgie esth\u00e9tique et les applications m\u00e9dicales<\/p>\n<h3 style=\"text-align:center;font-size:40px;line-height:70px;color:#ffffff;\" class=\"ts-custom-heading vc_custom_1689174961634\" ><a href=\"tel:+90 531 881 6621\">+90 531 881 66 21<\/a><\/h3>\n\r\n\t\t<div class=\"ts-vc_btn3-container ts-vc_btn3-center\"><a class=\"ts-vc_general ts-vc_btn3 ts-vc_btn3-size-lg ts-vc_btn3-shape-rounded ts-vc_btn3-style-flat ts-vc_btn3-weight-yes ts-vc_btn3-icon-left ts-vc_btn3-color-success\" href=\"https:\/\/wa.me\/+905318816621\" title=\"+90 531 881 66 21\"><i class=\"ts-vc_btn3-icon fa fa-whatsapp\"><\/i> WhatsApp<\/a><\/div>[\/vc_column][\/vc_row]<\/p>\n<div class=\"service-details mt-60 mb-60\">\n<div class=\"container\">\n<div class=\"row\">\n<div class=\"col-xxl-8 col-xl-8 col-lg-7\">\n<div class=\"service__left\">\n<div class=\"service__text-2 mt-50\">[vc_row full_width=\u00a0\u00bbstretch_row_content\u00a0\u00bb ts_responsive_css=\u00a0\u00bb67427488|colbreak_no|||||80px||65px||colbreak_no|||||||||colbreak_no|||||60px||45px|||colbreak_no|||||||||\u00a0\u00bb css=\u00a0\u00bb.vc_custom_1691329093006{margin-top: 40px !important;}\u00a0\u00bb][vc_column][vc_row_inner][vc_column_inner]<div class=\"ts-element-heading-wrapper ts-heading-inner ts-element-align-center ts-seperator-none \"><section class=\"ts-vc_cta3-container\"><div class=\"ts-vc_general ts-vc_cta3 ts-cta3-only ts-vc_cta3-style-classic ts-vc_cta3-shape-rounded ts-vc_cta3-align-center ts-vc_cta3-color-transparent ts-vc_cta3-icon-size-md ts-vc_cta3-actions-no ts-cta3-without-desc\"><div class=\"ts-vc_cta3_content-container\"><div class=\"ts-vc_cta3-content\"><div class=\"ts-vc_cta3-content-header ts-wrap\"><div class=\"ts-vc_cta3-headers ts-wrap-cell\"><h4 class=\"ts-custom-heading \" >Clinic P<\/h4>\n<h2 class=\"ts-custom-heading ts-fontweightbold \" ><strong>Notre centre<\/strong><\/h2>\n<\/div><\/div><\/div><\/div><\/div><\/section><\/div> <!-- .ts-element-heading-wrapper container --> [\/vc_column_inner][\/vc_row_inner][vc_row_inner css=\u00a0\u00bb.vc_custom_1691329113973{margin-top: 40px !important;}\u00a0\u00bb][vc_column_inner width=\u00a0\u00bb1\/5&Prime;][vc_single_image image=\u00a0\u00bb7946&Prime; img_size=\u00a0\u00bbfull\u00a0\u00bb alignment=\u00a0\u00bbcenter\u00a0\u00bb onclick=\u00a0\u00bblink_image\u00a0\u00bb][\/vc_column_inner][vc_column_inner width=\u00a0\u00bb1\/5&Prime;][vc_single_image image=\u00a0\u00bb7951&Prime; img_size=\u00a0\u00bbfull\u00a0\u00bb alignment=\u00a0\u00bbcenter\u00a0\u00bb onclick=\u00a0\u00bblink_image\u00a0\u00bb][\/vc_column_inner][vc_column_inner width=\u00a0\u00bb1\/5&Prime;][vc_single_image image=\u00a0\u00bb7956&Prime; img_size=\u00a0\u00bbfull\u00a0\u00bb alignment=\u00a0\u00bbcenter\u00a0\u00bb onclick=\u00a0\u00bblink_image\u00a0\u00bb][\/vc_column_inner][vc_column_inner width=\u00a0\u00bb1\/5&Prime;][vc_single_image image=\u00a0\u00bb7961&Prime; img_size=\u00a0\u00bbfull\u00a0\u00bb alignment=\u00a0\u00bbcenter\u00a0\u00bb onclick=\u00a0\u00bblink_image\u00a0\u00bb][\/vc_column_inner][vc_column_inner width=\u00a0\u00bb1\/5&Prime;][vc_single_image image=\u00a0\u00bb7966&Prime; img_size=\u00a0\u00bbfull\u00a0\u00bb alignment=\u00a0\u00bbcenter\u00a0\u00bb onclick=\u00a0\u00bblink_image\u00a0\u00bb][\/vc_column_inner][\/vc_row_inner][vc_row_inner css=\u00a0\u00bb.vc_custom_1691329038843{margin-top: 20px !important;}\u00a0\u00bb][vc_column_inner width=\u00a0\u00bb1\/5&Prime;][vc_single_image image=\u00a0\u00bb7971&Prime; img_size=\u00a0\u00bbfull\u00a0\u00bb alignment=\u00a0\u00bbcenter\u00a0\u00bb onclick=\u00a0\u00bblink_image\u00a0\u00bb][\/vc_column_inner][vc_column_inner width=\u00a0\u00bb1\/5&Prime;][vc_single_image image=\u00a0\u00bb7976&Prime; img_size=\u00a0\u00bbfull\u00a0\u00bb alignment=\u00a0\u00bbcenter\u00a0\u00bb onclick=\u00a0\u00bblink_image\u00a0\u00bb][\/vc_column_inner][vc_column_inner width=\u00a0\u00bb1\/5&Prime;][vc_single_image image=\u00a0\u00bb7981&Prime; img_size=\u00a0\u00bbfull\u00a0\u00bb alignment=\u00a0\u00bbcenter\u00a0\u00bb onclick=\u00a0\u00bblink_image\u00a0\u00bb][\/vc_column_inner][vc_column_inner width=\u00a0\u00bb1\/5&Prime;][vc_single_image image=\u00a0\u00bb7986&Prime; img_size=\u00a0\u00bbfull\u00a0\u00bb alignment=\u00a0\u00bbcenter\u00a0\u00bb onclick=\u00a0\u00bblink_image\u00a0\u00bb][\/vc_column_inner][vc_column_inner width=\u00a0\u00bb1\/5&Prime;][vc_single_image image=\u00a0\u00bb7991&Prime; img_size=\u00a0\u00bbfull\u00a0\u00bb alignment=\u00a0\u00bbcenter\u00a0\u00bb onclick=\u00a0\u00bblink_image\u00a0\u00bb][\/vc_column_inner][\/vc_row_inner][\/vc_column][\/vc_row][vc_row][vc_column][vc_column_text]<\/div>\n<\/div>\n<\/div>\n<\/div>\n<\/div>\n<\/div>\n<p>[\/vc_column_text][\/vc_column][\/vc_row]<\/p>\n<\/div>\n<\/div>\n<\/div>\n<\/div>\n<\/div>\n<\/div>\n<\/section>","protected":false},"excerpt":{"rendered":"<p>[vc_row][vc_column][vc_column_text]La liposuccion est une m\u00e9thode d&rsquo;\u00e9limination par aspiration des tissus graisseux en exc\u00e8s dans certaines parties du corps. Cependant, bien que la liposuccion soit per\u00e7ue comme une m\u00e9thode d&rsquo;amaigrissement par les gens, il s&rsquo;agit d&rsquo;une fausse information car la liposuccion n&rsquo;est pas une chirurgie d&rsquo;amaigrissement, mais une chirurgie de correction des contours. Pour que la &hellip; <a href=\"https:\/\/clinicp.com\/fr\/liposuccion\/\" class=\"more-link\">Continue reading <span class=\"screen-reader-text\">Liposuccion<\/span><\/a><\/p>\n","protected":false},"author":3,"featured_media":5789,"parent":0,"menu_order":0,"comment_status":"closed","ping_status":"closed","template":"","meta":{"footnotes":""},"class_list":["post-6336","page","type-page","status-publish","has-post-thumbnail","hentry"],"_links":{"self":[{"href":"https:\/\/clinicp.com\/fr\/wp-json\/wp\/v2\/pages\/6336","targetHints":{"allow":["GET"]}}],"collection":[{"href":"https:\/\/clinicp.com\/fr\/wp-json\/wp\/v2\/pages"}],"about":[{"href":"https:\/\/clinicp.com\/fr\/wp-json\/wp\/v2\/types\/page"}],"author":[{"embeddable":true,"href":"https:\/\/clinicp.com\/fr\/wp-json\/wp\/v2\/users\/3"}],"replies":[{"embeddable":true,"href":"https:\/\/clinicp.com\/fr\/wp-json\/wp\/v2\/comments?post=6336"}],"version-history":[{"count":7,"href":"https:\/\/clinicp.com\/fr\/wp-json\/wp\/v2\/pages\/6336\/revisions"}],"predecessor-version":[{"id":8164,"href":"https:\/\/clinicp.com\/fr\/wp-json\/wp\/v2\/pages\/6336\/revisions\/8164"}],"wp:featuredmedia":[{"embeddable":true,"href":"https:\/\/clinicp.com\/fr\/wp-json\/wp\/v2\/media\/5789"}],"wp:attachment":[{"href":"https:\/\/clinicp.com\/fr\/wp-json\/wp\/v2\/media?parent=6336"}],"curies":[{"name":"wp","href":"https:\/\/api.w.org\/{rel}","templated":true}]}}