{"id":6344,"date":"2023-06-15T14:43:59","date_gmt":"2023-06-15T11:43:59","guid":{"rendered":"https:\/\/clinicp.com\/abdominoplastie\/"},"modified":"2023-07-12T15:18:41","modified_gmt":"2023-07-12T15:18:41","slug":"abdominoplastie","status":"publish","type":"page","link":"https:\/\/clinicp.com\/fr\/abdominoplastie\/","title":{"rendered":"Abdominoplastie"},"content":{"rendered":"<section class=\"wpb-content-wrapper\"><p>[vc_row][vc_column][vc_column_text]<strong>L&rsquo;abdominoplastie<\/strong><\/p>\n<p>L&rsquo;abdominoplastie est n\u00e9cessaire pour des raisons telles que l&rsquo;affaissement, les fissures et la lubrification caus\u00e9es par la c\u00e9sarienne, la grossesse et les changements de poids.<\/p>\n<p>L&rsquo;abdominoplastie est pratiqu\u00e9e pour des probl\u00e8mes tels que l&rsquo;exc\u00e8s de graisse, l&rsquo;exc\u00e8s de peau, l&rsquo;affaissement dans l&rsquo;abdomen. Lors de l&rsquo;op\u00e9ration, l&rsquo;exc\u00e8s de peau est enlev\u00e9, la peau est \u00e9tir\u00e9e et un aspect lisse est obtenu. L&rsquo;apparence du rel\u00e2chement cutan\u00e9 dispara\u00eet, l&rsquo;exc\u00e8s de graisse est \u00e9limin\u00e9 et surtout les crevasses sous le nombril sont \u00e9limin\u00e9es.<\/p>\n<p>En plus des interventions g\u00e9n\u00e9rales pour \u00e9liminer la d\u00e9formation de l&rsquo;abdomen et du ventre, si la lubrification et l&rsquo;affaissement ne se produisent que dans la r\u00e9gion situ\u00e9e sous le nombril, la mini-abdominoplastie peut suffire.<\/p>\n<p>L&rsquo;appareil de liposuccion Vaser est utilis\u00e9 \u00e0 Payasl\u0131 Clinic. La dur\u00e9e de l&rsquo;op\u00e9ration est de 3 \u00e0 5 heures, selon la technique et l&rsquo;\u00e9tendue de l&rsquo;op\u00e9ration. La personne peut se lever 4 heures apr\u00e8s l&rsquo;op\u00e9ration et sort de l&rsquo;h\u00f4pital 2 jours plus tard.<\/p>\n<p>Il est conseill\u00e9 aux patients de porter un corset sp\u00e9cial apr\u00e8s une abdominoplastie. Gr\u00e2ce \u00e0 ce corset port\u00e9 en continu pendant environ 1 mois, la r\u00e9gion abdominale atteint la forme souhait\u00e9e et l&rsquo;efficacit\u00e9 de l&rsquo;op\u00e9ration augmente. Vous pouvez vous lever et marcher avec l&rsquo;aide de quelqu&rsquo;un 3-4 heures apr\u00e8s l&rsquo;op\u00e9ration. Le lendemain de la chirurgie, vous pouvez commencer \u00e0 marcher lentement sans aucun soutien. En raison des proc\u00e9dures et des points de suture appliqu\u00e9s \u00e0 l&rsquo;abdomen pendant l&rsquo;op\u00e9ration, il peut y avoir de la douleur pendant une courte p\u00e9riode.<\/p>\n<p>Si vous vous sentez bien et que vous ne travaillez pas dans des conditions difficiles, vous pouvez reprendre le travail dans environ 7-10 jours.<\/p>\n<div class=\"service-details mt-60 mb-60\">\n<div class=\"container\">\n<div class=\"row\">\n<div class=\"col-xxl-8 col-xl-8 col-lg-7\">\n<div class=\"service__left\">\n<div class=\"service__text-2 mt-50\">[\/vc_column_text][\/vc_column][\/vc_row][vc_row full_width=\u00a0\u00bbstretch_row_content\u00a0\u00bb css=\u00a0\u00bb.vc_custom_1688627067640{margin-top: 80px !important;margin-bottom: 30px !important;padding-top: 60px !important;padding-bottom: 50px !important;background-image: url(https:\/\/clinicp.com\/wp-content\/uploads\/2023\/06\/homepage-banner-1.jpg?id=6461) !important;background-position: center !important;background-repeat: no-repeat !important;background-size: cover !important;}\u00a0\u00bb ts_responsive_css=\u00a0\u00bb79823081|colbreak_no|||||80px||50px||colbreak_no|||||||||colbreak_no|||||60px||30px|||colbreak_no|||||||||\u00a0\u00bb el_class=\u00a0\u00bbts-opacity95 ts-font375mode\u00a0\u00bb][vc_column ts_textcolor=\u00a0\u00bbwhite\u00a0\u00bb]<p style=\"text-align:center;font-size:32px;line-height:42px;\" class=\"ts-custom-heading \" >Obtenez des informations instantan\u00e9es sur la chirurgie esth\u00e9tique et les applications m\u00e9dicales<\/p>\n<h2 style=\"text-align:center;font-size:60px;line-height:70px;color:#ffffff;\" class=\"ts-custom-heading vc_custom_1689175100127\" ><a href=\"tel:+90 531 881 6621\">+90 531 881 66 21<\/a><\/h2>\n\r\n\t\t<div class=\"ts-vc_btn3-container ts-vc_btn3-center\"><a class=\"ts-vc_general ts-vc_btn3 ts-vc_btn3-size-lg ts-vc_btn3-shape-rounded ts-vc_btn3-style-flat ts-vc_btn3-weight-yes ts-vc_btn3-icon-left ts-vc_btn3-color-success\" href=\"https:\/\/wa.me\/+905318816621\" title=\"+90 531 881 66 21\"><i class=\"ts-vc_btn3-icon fa fa-whatsapp\"><\/i> WhatsApp<\/a><\/div>[\/vc_column][\/vc_row][vc_row full_width=\u00a0\u00bbstretch_row_content\u00a0\u00bb ts_responsive_css=\u00a0\u00bb67427488|colbreak_no|||||80px||65px||colbreak_no|||||||||colbreak_no|||||60px||45px|||colbreak_no|||||||||\u00a0\u00bb][vc_column][vc_row_inner][vc_column_inner]<div class=\"ts-element-heading-wrapper ts-heading-inner ts-element-align-center ts-seperator-none \"><section class=\"ts-vc_cta3-container\"><div class=\"ts-vc_general ts-vc_cta3 ts-cta3-only ts-vc_cta3-style-classic ts-vc_cta3-shape-rounded ts-vc_cta3-align-center ts-vc_cta3-color-transparent ts-vc_cta3-icon-size-md ts-vc_cta3-actions-no ts-cta3-without-desc\"><div class=\"ts-vc_cta3_content-container\"><div class=\"ts-vc_cta3-content\"><div class=\"ts-vc_cta3-content-header ts-wrap\"><div class=\"ts-vc_cta3-headers ts-wrap-cell\"><h4 class=\"ts-custom-heading \" >Clinic P<\/h4>\n<h2 class=\"ts-custom-heading ts-fontweightbold \" ><strong>Notre centre<\/strong><\/h2>\n<\/div><\/div><\/div><\/div><\/div><\/section><\/div> <!-- .ts-element-heading-wrapper container --> [\/vc_column_inner][\/vc_row_inner][vc_row_inner][vc_column_inner width=\u00a0\u00bb1\/4&Prime;][vc_single_image image=\u00a0\u00bb6507&Prime; img_size=\u00a0\u00bbfull\u00a0\u00bb alignment=\u00a0\u00bbcenter\u00a0\u00bb][\/vc_column_inner][vc_column_inner width=\u00a0\u00bb1\/4&Prime;][vc_single_image image=\u00a0\u00bb6512&Prime; img_size=\u00a0\u00bbfull\u00a0\u00bb alignment=\u00a0\u00bbcenter\u00a0\u00bb][\/vc_column_inner][vc_column_inner width=\u00a0\u00bb1\/4&Prime;][vc_single_image image=\u00a0\u00bb6517&Prime; img_size=\u00a0\u00bbfull\u00a0\u00bb alignment=\u00a0\u00bbcenter\u00a0\u00bb][\/vc_column_inner][vc_column_inner width=\u00a0\u00bb1\/4&Prime;][vc_single_image image=\u00a0\u00bb6522&Prime; img_size=\u00a0\u00bbfull\u00a0\u00bb alignment=\u00a0\u00bbcenter\u00a0\u00bb][\/vc_column_inner][\/vc_row_inner][vc_row_inner][vc_column_inner width=\u00a0\u00bb1\/4&Prime;][vc_single_image image=\u00a0\u00bb6527&Prime; img_size=\u00a0\u00bbfull\u00a0\u00bb alignment=\u00a0\u00bbcenter\u00a0\u00bb][\/vc_column_inner][vc_column_inner width=\u00a0\u00bb1\/4&Prime;][vc_single_image image=\u00a0\u00bb6532&Prime; img_size=\u00a0\u00bbfull\u00a0\u00bb alignment=\u00a0\u00bbcenter\u00a0\u00bb][\/vc_column_inner][vc_column_inner width=\u00a0\u00bb1\/4&Prime;][vc_single_image image=\u00a0\u00bb6537&Prime; img_size=\u00a0\u00bbfull\u00a0\u00bb alignment=\u00a0\u00bbcenter\u00a0\u00bb][\/vc_column_inner][vc_column_inner width=\u00a0\u00bb1\/4&Prime;][vc_single_image image=\u00a0\u00bb6542&Prime; img_size=\u00a0\u00bbfull\u00a0\u00bb alignment=\u00a0\u00bbcenter\u00a0\u00bb][\/vc_column_inner][\/vc_row_inner][\/vc_column][\/vc_row][vc_row][vc_column][vc_column_text][\/vc_column_text][\/vc_column][\/vc_row][vc_row][vc_column][vc_column_text]<\/div>\n<\/div>\n<\/div>\n<\/div>\n<\/div>\n<\/div>\n<p>&nbsp;<\/p>\n<p><!-- \/wp:post-content -->[\/vc_column_text][\/vc_column][\/vc_row]<\/p>\n<!-- \/wp:freeform --><\/section>","protected":false},"excerpt":{"rendered":"<p>[vc_row][vc_column][vc_column_text]L&rsquo;abdominoplastie L&rsquo;abdominoplastie est n\u00e9cessaire pour des raisons telles que l&rsquo;affaissement, les fissures et la lubrification caus\u00e9es par la c\u00e9sarienne, la grossesse et les changements de poids. L&rsquo;abdominoplastie est pratiqu\u00e9e pour des probl\u00e8mes tels que l&rsquo;exc\u00e8s de graisse, l&rsquo;exc\u00e8s de peau, l&rsquo;affaissement dans l&rsquo;abdomen. Lors de l&rsquo;op\u00e9ration, l&rsquo;exc\u00e8s de peau est enlev\u00e9, la peau est \u00e9tir\u00e9e &hellip; <a href=\"https:\/\/clinicp.com\/fr\/abdominoplastie\/\" class=\"more-link\">Continue reading <span class=\"screen-reader-text\">Abdominoplastie<\/span><\/a><\/p>\n","protected":false},"author":3,"featured_media":5805,"parent":0,"menu_order":0,"comment_status":"closed","ping_status":"closed","template":"","meta":{"footnotes":""},"class_list":["post-6344","page","type-page","status-publish","has-post-thumbnail","hentry"],"_links":{"self":[{"href":"https:\/\/clinicp.com\/fr\/wp-json\/wp\/v2\/pages\/6344","targetHints":{"allow":["GET"]}}],"collection":[{"href":"https:\/\/clinicp.com\/fr\/wp-json\/wp\/v2\/pages"}],"about":[{"href":"https:\/\/clinicp.com\/fr\/wp-json\/wp\/v2\/types\/page"}],"author":[{"embeddable":true,"href":"https:\/\/clinicp.com\/fr\/wp-json\/wp\/v2\/users\/3"}],"replies":[{"embeddable":true,"href":"https:\/\/clinicp.com\/fr\/wp-json\/wp\/v2\/comments?post=6344"}],"version-history":[{"count":6,"href":"https:\/\/clinicp.com\/fr\/wp-json\/wp\/v2\/pages\/6344\/revisions"}],"predecessor-version":[{"id":6893,"href":"https:\/\/clinicp.com\/fr\/wp-json\/wp\/v2\/pages\/6344\/revisions\/6893"}],"wp:featuredmedia":[{"embeddable":true,"href":"https:\/\/clinicp.com\/fr\/wp-json\/wp\/v2\/media\/5805"}],"wp:attachment":[{"href":"https:\/\/clinicp.com\/fr\/wp-json\/wp\/v2\/media?parent=6344"}],"curies":[{"name":"wp","href":"https:\/\/api.w.org\/{rel}","templated":true}]}}