{"id":6361,"date":"2023-06-15T15:53:21","date_gmt":"2023-06-15T12:53:21","guid":{"rendered":"https:\/\/clinicp.com\/injections-dacide-hyaluronique-au-visage\/"},"modified":"2023-08-06T16:53:44","modified_gmt":"2023-08-06T13:53:44","slug":"injections-dacide-hyaluronique-au-visage","status":"publish","type":"page","link":"https:\/\/clinicp.com\/fr\/injections-dacide-hyaluronique-au-visage\/","title":{"rendered":"Injections d\u2019acide Hyaluronique au Visage"},"content":{"rendered":"<section class=\"wpb-content-wrapper\"><p>[vc_row][vc_column][vc_column_text]L&rsquo;acide hyaluronique est l&rsquo;un des \u00e9l\u00e9ments de base de la peau. Avec le vieillissement, la teneur en acide hyaluronique de la peau diminue et la capacit\u00e9 de r\u00e9tention d&rsquo;eau de la peau diminue. Une injection d&rsquo;acide hyaluronique permet d&rsquo;obtenir une apparence naturelle. Gr\u00e2ce \u00e0 l&rsquo;application rapide et facile dans le traitement des rides, vous pouvez le faire pendant votre pause d\u00e9jeuner et poursuivre votre vie quotidienne.<\/p>\n<p>La pr\u00e9paration d&rsquo;acide hyaluronique est inject\u00e9e dans la peau \u00e0 l&rsquo;aide d&rsquo;une aiguille tr\u00e8s fine. L&rsquo;application dure en moyenne 15 minutes. La proc\u00e9dure est r\u00e9alis\u00e9e tr\u00e8s confortablement par l&rsquo;application de cr\u00e8mes anesth\u00e9siques locales chez les personnes ayant un faible seuil de douleur. Selon le type de peau de la personne dans la zone d&rsquo;application, une l\u00e9g\u00e8re rougeur temporaire peut appara\u00eetre. Elle est g\u00e9n\u00e9ralement appliqu\u00e9e en 2 s\u00e9ances cons\u00e9cutives. Si elle est effectu\u00e9e pour la premi\u00e8re fois, une s\u00e9ance compl\u00e9mentaire peut \u00eatre n\u00e9cessaire apr\u00e8s 2 ou 3 semaines. Il prend effet imm\u00e9diatement apr\u00e8s l&rsquo;application. Il est permanent pendant 6 \u00e0 9 mois apr\u00e8s l&rsquo;application et doit \u00eatre r\u00e9p\u00e9t\u00e9 \u00e0 la fin de cette p\u00e9riode. Il n&rsquo;est pas n\u00e9cessaire de passer un test pr\u00e9alable. Cependant, il est important que la personne qui l&rsquo;applique soit experte et exp\u00e9riment\u00e9e.<\/p>\n<p>O\u00f9 peut-on l&rsquo;appliquer?<\/p>\n<ul>\n<li>Traitement des rides profondes sur le bord des l\u00e8vres<\/li>\n<li>Traitement des rides et ridules profondes du visage<\/li>\n<li>Remplissage des zones d\u00e9prim\u00e9es sous les yeux et sur les joues<\/li>\n<li>Lifting des sourcils<\/li>\n<li>\u00c9limination des rides sur le dos de la main<\/li>\n<\/ul>\n<div class=\"service-details mt-60 mb-60\">\n<div class=\"container\">\n<div class=\"row\">\n<div class=\"col-xxl-8 col-xl-8 col-lg-7\">\n<div class=\"service__left\">\n<div class=\"service__text-2 mt-50\">[\/vc_column_text][\/vc_column][\/vc_row][vc_row full_width=\u00a0\u00bbstretch_row_content\u00a0\u00bb css=\u00a0\u00bb.vc_custom_1688627067640{margin-top: 80px !important;margin-bottom: 30px !important;padding-top: 60px !important;padding-bottom: 50px !important;background-image: url(https:\/\/clinicp.com\/wp-content\/uploads\/2023\/06\/homepage-banner-1.jpg?id=6461) !important;background-position: center !important;background-repeat: no-repeat !important;background-size: cover !important;}\u00a0\u00bb ts_responsive_css=\u00a0\u00bb79823081|colbreak_no|||||80px||50px||colbreak_no|||||||||colbreak_no|||||60px||30px|||colbreak_no|||||||||\u00a0\u00bb el_class=\u00a0\u00bbts-opacity95 ts-font375mode\u00a0\u00bb][vc_column ts_textcolor=\u00a0\u00bbwhite\u00a0\u00bb]<p style=\"text-align:center;font-size:32px;line-height:42px;\" class=\"ts-custom-heading \" >Obtenez des informations instantan\u00e9es sur la chirurgie esth\u00e9tique et les applications m\u00e9dicales<\/p>\n<h3 style=\"text-align:center;font-size:40px;line-height:70px;color:#ffffff;\" class=\"ts-custom-heading vc_custom_1689175393551\" ><a href=\"tel:+90 531 881 6621\">+90 531 881 66 21<\/a><\/h3>\n\r\n\t\t<div class=\"ts-vc_btn3-container ts-vc_btn3-center\"><a class=\"ts-vc_general ts-vc_btn3 ts-vc_btn3-size-lg ts-vc_btn3-shape-rounded ts-vc_btn3-style-flat ts-vc_btn3-weight-yes ts-vc_btn3-icon-left ts-vc_btn3-color-success\" href=\"https:\/\/wa.me\/+905318816621\" title=\"+90 531 881 66 21\"><i class=\"ts-vc_btn3-icon fa fa-whatsapp\"><\/i> WhatsApp<\/a><\/div>[\/vc_column][\/vc_row]<\/p>\n<div class=\"service-details mt-60 mb-60\">\n<div class=\"container\">\n<div class=\"row\">\n<div class=\"col-xxl-8 col-xl-8 col-lg-7\">\n<div class=\"service__left\">\n<div class=\"service__text-2 mt-50\">[vc_row full_width=\u00a0\u00bbstretch_row_content\u00a0\u00bb ts_responsive_css=\u00a0\u00bb67427488|colbreak_no|||||80px||65px||colbreak_no|||||||||colbreak_no|||||60px||45px|||colbreak_no|||||||||\u00a0\u00bb css=\u00a0\u00bb.vc_custom_1691329093006{margin-top: 40px !important;}\u00a0\u00bb][vc_column][vc_row_inner][vc_column_inner]<div class=\"ts-element-heading-wrapper ts-heading-inner ts-element-align-center ts-seperator-none \"><section class=\"ts-vc_cta3-container\"><div class=\"ts-vc_general ts-vc_cta3 ts-cta3-only ts-vc_cta3-style-classic ts-vc_cta3-shape-rounded ts-vc_cta3-align-center ts-vc_cta3-color-transparent ts-vc_cta3-icon-size-md ts-vc_cta3-actions-no ts-cta3-without-desc\"><div class=\"ts-vc_cta3_content-container\"><div class=\"ts-vc_cta3-content\"><div class=\"ts-vc_cta3-content-header ts-wrap\"><div class=\"ts-vc_cta3-headers ts-wrap-cell\"><h4 class=\"ts-custom-heading \" >Clinic P<\/h4>\n<h2 class=\"ts-custom-heading ts-fontweightbold \" ><strong>Notre centre<\/strong><\/h2>\n<\/div><\/div><\/div><\/div><\/div><\/section><\/div> <!-- .ts-element-heading-wrapper container --> [\/vc_column_inner][\/vc_row_inner][vc_row_inner css=\u00a0\u00bb.vc_custom_1691329113973{margin-top: 40px !important;}\u00a0\u00bb][vc_column_inner width=\u00a0\u00bb1\/5&Prime;][vc_single_image image=\u00a0\u00bb7946&Prime; img_size=\u00a0\u00bbfull\u00a0\u00bb alignment=\u00a0\u00bbcenter\u00a0\u00bb onclick=\u00a0\u00bblink_image\u00a0\u00bb][\/vc_column_inner][vc_column_inner width=\u00a0\u00bb1\/5&Prime;][vc_single_image image=\u00a0\u00bb7951&Prime; img_size=\u00a0\u00bbfull\u00a0\u00bb alignment=\u00a0\u00bbcenter\u00a0\u00bb onclick=\u00a0\u00bblink_image\u00a0\u00bb][\/vc_column_inner][vc_column_inner width=\u00a0\u00bb1\/5&Prime;][vc_single_image image=\u00a0\u00bb7956&Prime; img_size=\u00a0\u00bbfull\u00a0\u00bb alignment=\u00a0\u00bbcenter\u00a0\u00bb onclick=\u00a0\u00bblink_image\u00a0\u00bb][\/vc_column_inner][vc_column_inner width=\u00a0\u00bb1\/5&Prime;][vc_single_image image=\u00a0\u00bb7961&Prime; img_size=\u00a0\u00bbfull\u00a0\u00bb alignment=\u00a0\u00bbcenter\u00a0\u00bb onclick=\u00a0\u00bblink_image\u00a0\u00bb][\/vc_column_inner][vc_column_inner width=\u00a0\u00bb1\/5&Prime;][vc_single_image image=\u00a0\u00bb7966&Prime; img_size=\u00a0\u00bbfull\u00a0\u00bb alignment=\u00a0\u00bbcenter\u00a0\u00bb onclick=\u00a0\u00bblink_image\u00a0\u00bb][\/vc_column_inner][\/vc_row_inner][vc_row_inner css=\u00a0\u00bb.vc_custom_1691329038843{margin-top: 20px !important;}\u00a0\u00bb][vc_column_inner width=\u00a0\u00bb1\/5&Prime;][vc_single_image image=\u00a0\u00bb7971&Prime; img_size=\u00a0\u00bbfull\u00a0\u00bb alignment=\u00a0\u00bbcenter\u00a0\u00bb onclick=\u00a0\u00bblink_image\u00a0\u00bb][\/vc_column_inner][vc_column_inner width=\u00a0\u00bb1\/5&Prime;][vc_single_image image=\u00a0\u00bb7976&Prime; img_size=\u00a0\u00bbfull\u00a0\u00bb alignment=\u00a0\u00bbcenter\u00a0\u00bb onclick=\u00a0\u00bblink_image\u00a0\u00bb][\/vc_column_inner][vc_column_inner width=\u00a0\u00bb1\/5&Prime;][vc_single_image image=\u00a0\u00bb7981&Prime; img_size=\u00a0\u00bbfull\u00a0\u00bb alignment=\u00a0\u00bbcenter\u00a0\u00bb onclick=\u00a0\u00bblink_image\u00a0\u00bb][\/vc_column_inner][vc_column_inner width=\u00a0\u00bb1\/5&Prime;][vc_single_image image=\u00a0\u00bb7986&Prime; img_size=\u00a0\u00bbfull\u00a0\u00bb alignment=\u00a0\u00bbcenter\u00a0\u00bb onclick=\u00a0\u00bblink_image\u00a0\u00bb][\/vc_column_inner][vc_column_inner width=\u00a0\u00bb1\/5&Prime;][vc_single_image image=\u00a0\u00bb7991&Prime; img_size=\u00a0\u00bbfull\u00a0\u00bb alignment=\u00a0\u00bbcenter\u00a0\u00bb onclick=\u00a0\u00bblink_image\u00a0\u00bb][\/vc_column_inner][\/vc_row_inner][\/vc_column][\/vc_row][vc_row][vc_column][vc_column_text]<\/div>\n<\/div>\n<\/div>\n<\/div>\n<\/div>\n<\/div>\n<p>[\/vc_column_text][\/vc_column][\/vc_row]<\/p>\n<\/div>\n<\/div>\n<\/div>\n<\/div>\n<\/div>\n<\/div>\n<\/section>","protected":false},"excerpt":{"rendered":"<p>[vc_row][vc_column][vc_column_text]L&rsquo;acide hyaluronique est l&rsquo;un des \u00e9l\u00e9ments de base de la peau. Avec le vieillissement, la teneur en acide hyaluronique de la peau diminue et la capacit\u00e9 de r\u00e9tention d&rsquo;eau de la peau diminue. Une injection d&rsquo;acide hyaluronique permet d&rsquo;obtenir une apparence naturelle. Gr\u00e2ce \u00e0 l&rsquo;application rapide et facile dans le traitement des rides, vous pouvez &hellip; <a href=\"https:\/\/clinicp.com\/fr\/injections-dacide-hyaluronique-au-visage\/\" class=\"more-link\">Continue reading <span class=\"screen-reader-text\">Injections d\u2019acide Hyaluronique au Visage<\/span><\/a><\/p>\n","protected":false},"author":3,"featured_media":5839,"parent":0,"menu_order":0,"comment_status":"closed","ping_status":"closed","template":"","meta":{"footnotes":""},"class_list":["post-6361","page","type-page","status-publish","has-post-thumbnail","hentry"],"_links":{"self":[{"href":"https:\/\/clinicp.com\/fr\/wp-json\/wp\/v2\/pages\/6361","targetHints":{"allow":["GET"]}}],"collection":[{"href":"https:\/\/clinicp.com\/fr\/wp-json\/wp\/v2\/pages"}],"about":[{"href":"https:\/\/clinicp.com\/fr\/wp-json\/wp\/v2\/types\/page"}],"author":[{"embeddable":true,"href":"https:\/\/clinicp.com\/fr\/wp-json\/wp\/v2\/users\/3"}],"replies":[{"embeddable":true,"href":"https:\/\/clinicp.com\/fr\/wp-json\/wp\/v2\/comments?post=6361"}],"version-history":[{"count":7,"href":"https:\/\/clinicp.com\/fr\/wp-json\/wp\/v2\/pages\/6361\/revisions"}],"predecessor-version":[{"id":8169,"href":"https:\/\/clinicp.com\/fr\/wp-json\/wp\/v2\/pages\/6361\/revisions\/8169"}],"wp:featuredmedia":[{"embeddable":true,"href":"https:\/\/clinicp.com\/fr\/wp-json\/wp\/v2\/media\/5839"}],"wp:attachment":[{"href":"https:\/\/clinicp.com\/fr\/wp-json\/wp\/v2\/media?parent=6361"}],"curies":[{"name":"wp","href":"https:\/\/api.w.org\/{rel}","templated":true}]}}