{"id":6365,"date":"2023-06-15T16:47:48","date_gmt":"2023-06-15T13:47:48","guid":{"rendered":"https:\/\/clinicp.com\/augmentation-des-levres-par-injection-dacide-hyaluronique\/"},"modified":"2023-08-06T16:55:52","modified_gmt":"2023-08-06T13:55:52","slug":"augmentation-des-levres-par-injection-dacide-hyaluronique","status":"publish","type":"page","link":"https:\/\/clinicp.com\/fr\/augmentation-des-levres-par-injection-dacide-hyaluronique\/","title":{"rendered":"Augmentation des L\u00e8vres par Injection D\u2019acide Hyaluronique"},"content":{"rendered":"<section class=\"wpb-content-wrapper\"><p>[vc_row][vc_column][vc_column_text]En raison de leur structure vasculaire dense et de leur mouvement, les l\u00e8vres donnent une r\u00e9ponse plus naturelle \u00e0 l&rsquo;acide hyaluronique sp\u00e9cialement d\u00e9velopp\u00e9 pour le remplissage. Il s&rsquo;agit d&rsquo;une innovation esth\u00e9tique extr\u00eamement populaire qui permet de d\u00e9finir et de contourner les l\u00e8vres gr\u00e2ce \u00e0 l&rsquo;injection d&rsquo;un produit de comblement qui donne du volume. L&rsquo;augmentation des l\u00e8vres est une m\u00e9thode d&rsquo;application de produit de remplissage qui n\u00e9cessite une petite injection.<\/p>\r\n<p>Il s&rsquo;agit d&rsquo;une nouvelle formule sp\u00e9cialement d\u00e9velopp\u00e9e pour le traitement de la zone sensible du contour des l\u00e8vres. Avant le remplissage des l\u00e8vres, une cr\u00e8me anesth\u00e9siante est appliqu\u00e9e sur la zone des l\u00e8vres. L&rsquo;acide hyaluronique est inject\u00e9 dans la l\u00e8vre et ses contours \u00e0 l&rsquo;aide d&rsquo;une aiguille tr\u00e8s fine. L&rsquo;application dure environ 10 \u00e0 15 minutes. Le d\u00e9lai recommand\u00e9 pour la prochaine injection est de 6 \u00e0 9 mois. Il est possible d&rsquo;augmenter le volume des l\u00e8vres, de remplir les coins des l\u00e8vres, de les modeler et d&rsquo;hydrater les l\u00e8vres. Apr\u00e8s l&rsquo;application, la personne peut retourner \u00e0 sa vie sociale.<\/p>\r\n<p><br \/><\/p>\r\n<h3 class=\"wp-block-heading\">Qu&rsquo;est-ce que d\u2019injections des l\u00e8vres?<\/h3>\r\n<p>\r\n\r\nAnatomiquement, la l\u00e8vre sup\u00e9rieure est l\u00e9g\u00e8rement en avant de la l\u00e8vre inf\u00e9rieure (1 \u00e0 2 mm), et la l\u00e8vre inf\u00e9rieure est plus \u00e9paisse que la l\u00e8vre sup\u00e9rieure. Ce rapport peut \u00eatre obtenu sans effort et en toute s\u00e9curit\u00e9 gr\u00e2ce aux produits de comblement \u00e0 base d&rsquo;acide hyaluronique. Si vos l\u00e8vres sont d\u00e9j\u00e0 pleines, il est inutile d&rsquo;ajouter du volume ; au contraire, il est n\u00e9cessaire de maintenir le ratio. L&rsquo;une des raisons de l&rsquo;amincissement des l\u00e8vres est la perte d&rsquo;\u0153strog\u00e8nes. Une petite quantit\u00e9 de produit de comblement peut arrondir les l\u00e8vres et augmenter le volume des l\u00e8vres, pour les rendre plus pleines et plus prononc\u00e9es. Il s&rsquo;agit d&rsquo;appliquer de l&rsquo;acide hyaluronique, qui a une grande capacit\u00e9 d&rsquo;absorption d&rsquo;eau par la peau, dans la zone des l\u00e8vres par injection apr\u00e8s une anesth\u00e9sie locale.<\/p>\r\n<p><br \/><\/p>\r\n<h3 class=\"wp-block-heading\">Utilisation d\u2019injections des l\u00e8vres;<\/h3>\r\n<p><br \/><\/p>\r\n<ul class=\"wp-block-list\">\r\n<li style=\"list-style-type: none;\">\r\n<ul>\r\n<li>Augmentation des l\u00e8vres<\/li>\r\n<\/ul>\r\n<\/li>\r\n<\/ul>\r\n<p><br \/><\/p>\r\n<ul>\r\n<li style=\"list-style-type: none;\">\r\n<ul>\r\n<li>Modelage des l\u00e8vres<\/li>\r\n<\/ul>\r\n<\/li>\r\n<\/ul>\r\n<p><br \/><\/p>\r\n<ul>\r\n<li style=\"list-style-type: none;\">\r\n<ul>\r\n<li>Contour des l\u00e8vres<\/li>\r\n<\/ul>\r\n<\/li>\r\n<\/ul>\r\n<p><\/p>\r\n<p><br \/><\/p>\r\n<h3 class=\"wp-block-heading\">Comment se fait l&rsquo;augmentation des l\u00e8vres?<\/h3>\r\n<p>\r\n\r\nLes l\u00e8vres sont des organes tr\u00e8s sensibles et les interventions pratiqu\u00e9es sur cette zone sont douloureuses. Avant d&rsquo;appliquer d\u2019injections sur les l\u00e8vres, des cr\u00e8mes \u00e0 effet anesth\u00e9siant doivent \u00eatre appliqu\u00e9es sur les l\u00e8vres et laiss\u00e9es pendant 15 \u00e0 20 minutes. Ensuite, une injection \u00e0 pointe tr\u00e8s fine est lanc\u00e9e, c&rsquo;est une application rapide et facile qui se fait en aussi peu que 5-10 minutes.<\/p>\r\n<p><br \/><\/p>\r\n<h3 class=\"wp-block-heading\">Apr\u00e8s une augmentation des l\u00e8vres?<\/h3>\r\n<p>\r\n\r\nElle donne des r\u00e9sultats imm\u00e9diats d\u00e8s que l&rsquo;intervention est r\u00e9alis\u00e9e, le changement est imm\u00e9diatement perceptible. Apr\u00e8s l&rsquo;application, il est interdit de manger ou de boire quoi que ce soit pendant au moins 2 heures et le rouge \u00e0 l\u00e8vres ne doit pas \u00eatre appliqu\u00e9. Un gonflement \u00e0 court terme peut se produire apr\u00e8s l&rsquo;augmentation des l\u00e8vres, et des ecchymoses peuvent appara\u00eetre aux points d&rsquo;injection. Ces effets s&rsquo;att\u00e9nuent dans les 2 \u00e0 3 jours.<\/p>\r\n<p><br \/><\/p>\r\n<h3 class=\"wp-block-heading\">Y aura-t-il un \u0153d\u00e8me et un gonflement apr\u00e8s une augmentation des l\u00e8vres?<\/h3>\r\n<p>\r\n\r\nDans de rares cas, il peut y avoir une petite quantit\u00e9 de gonflement et d&rsquo;\u0153d\u00e8me apr\u00e8s l&rsquo;intervention. Chez la plupart des patients, il n&rsquo;y a pas d&rsquo;\u0153d\u00e8me ni d&rsquo;ecchymose car la consistance du produit de comblement qu\u2019on utilise est tr\u00e8s souple.<\/p>\r\n<p><br \/><\/p>\r\n<h3 class=\"wp-block-heading\">L\u2019augmentation des l\u00e8vres est-il permanent?<\/h3>\r\n<p>\r\n\r\nL&rsquo;injection d&rsquo;acide hyaluronique n&rsquo;est pas permanente. Les produits de comblement sont absorb\u00e9s par l&rsquo;organisme au fil du temps. Les produits de comblement sont absorb\u00e9s par l&rsquo;organisme au fil du temps. Le mode de vie, la structure physique de la personne, les conditions ext\u00e9rieures d\u00e9terminent la dur\u00e9e de l&rsquo;augmentation des l\u00e8vres, la r\u00e9p\u00e9tition de la proc\u00e9dure affecte positivement le r\u00e9sultat.<\/p>\r\n<div class=\"service-details mt-60 mb-60\">\r\n<div class=\"container\">\r\n<div class=\"row\">\r\n<div class=\"col-xxl-8 col-xl-8 col-lg-7\">\r\n<div class=\"service__left\">\r\n<div class=\"service__text-2 mt-50\">[\/vc_column_text][\/vc_column][\/vc_row][vc_row full_width=\u00a0\u00bbstretch_row_content\u00a0\u00bb css=\u00a0\u00bb.vc_custom_1688627067640{margin-top: 80px !important;margin-bottom: 30px !important;padding-top: 60px !important;padding-bottom: 50px !important;background-image: url(https:\/\/clinicp.com\/wp-content\/uploads\/2023\/06\/homepage-banner-1.jpg?id=6461) !important;background-position: center !important;background-repeat: no-repeat !important;background-size: cover !important;}\u00a0\u00bb ts_responsive_css=\u00a0\u00bb79823081|colbreak_no|||||80px||50px||colbreak_no|||||||||colbreak_no|||||60px||30px|||colbreak_no|||||||||\u00a0\u00bb el_class=\u00a0\u00bbts-opacity95 ts-font375mode\u00a0\u00bb][vc_column ts_textcolor=\u00a0\u00bbwhite\u00a0\u00bb]<p style=\"text-align:center;font-size:32px;line-height:42px;\" class=\"ts-custom-heading \" >Obtenez des informations instantan\u00e9es sur la chirurgie esth\u00e9tique et les applications m\u00e9dicales<\/p>\n<h3 style=\"text-align:center;font-size:40px;line-height:70px;color:#ffffff;\" class=\"ts-custom-heading vc_custom_1689175505310\" ><a href=\"tel:+90 531 881 6621\">+90 531 881 66 21<\/a><\/h3>\n\r\n\t\t<div class=\"ts-vc_btn3-container ts-vc_btn3-center\"><a class=\"ts-vc_general ts-vc_btn3 ts-vc_btn3-size-lg ts-vc_btn3-shape-rounded ts-vc_btn3-style-flat ts-vc_btn3-weight-yes ts-vc_btn3-icon-left ts-vc_btn3-color-success\" href=\"https:\/\/wa.me\/+905318816621\" title=\"+90 531 881 66 21\"><i class=\"ts-vc_btn3-icon fa fa-whatsapp\"><\/i> WhatsApp<\/a><\/div>[\/vc_column][\/vc_row]\r\n<div class=\"service-details mt-60 mb-60\">\r\n<div class=\"container\">\r\n<div class=\"row\">\r\n<div class=\"col-xxl-8 col-xl-8 col-lg-7\">\r\n<div class=\"service__left\">\r\n<div class=\"service__text-2 mt-50\">[vc_row full_width=\u00a0\u00bbstretch_row_content\u00a0\u00bb ts_responsive_css=\u00a0\u00bb67427488|colbreak_no|||||80px||65px||colbreak_no|||||||||colbreak_no|||||60px||45px|||colbreak_no|||||||||\u00a0\u00bb css=\u00a0\u00bb.vc_custom_1691329093006{margin-top: 40px !important;}\u00a0\u00bb][vc_column][vc_row_inner][vc_column_inner]<div class=\"ts-element-heading-wrapper ts-heading-inner ts-element-align-center ts-seperator-none \"><section class=\"ts-vc_cta3-container\"><div class=\"ts-vc_general ts-vc_cta3 ts-cta3-only ts-vc_cta3-style-classic ts-vc_cta3-shape-rounded ts-vc_cta3-align-center ts-vc_cta3-color-transparent ts-vc_cta3-icon-size-md ts-vc_cta3-actions-no ts-cta3-without-desc\"><div class=\"ts-vc_cta3_content-container\"><div class=\"ts-vc_cta3-content\"><div class=\"ts-vc_cta3-content-header ts-wrap\"><div class=\"ts-vc_cta3-headers ts-wrap-cell\"><h4 class=\"ts-custom-heading \" >Clinic P<\/h4>\n<h2 class=\"ts-custom-heading ts-fontweightbold \" ><strong>Notre centre<\/strong><\/h2>\n<\/div><\/div><\/div><\/div><\/div><\/section><\/div> <!-- .ts-element-heading-wrapper container --> [\/vc_column_inner][\/vc_row_inner][vc_row_inner css=\u00a0\u00bb.vc_custom_1691329113973{margin-top: 40px !important;}\u00a0\u00bb][vc_column_inner width=\u00a0\u00bb1\/5&Prime;][vc_single_image image=\u00a0\u00bb7946&Prime; img_size=\u00a0\u00bbfull\u00a0\u00bb alignment=\u00a0\u00bbcenter\u00a0\u00bb onclick=\u00a0\u00bblink_image\u00a0\u00bb][\/vc_column_inner][vc_column_inner width=\u00a0\u00bb1\/5&Prime;][vc_single_image image=\u00a0\u00bb7951&Prime; img_size=\u00a0\u00bbfull\u00a0\u00bb alignment=\u00a0\u00bbcenter\u00a0\u00bb onclick=\u00a0\u00bblink_image\u00a0\u00bb][\/vc_column_inner][vc_column_inner width=\u00a0\u00bb1\/5&Prime;][vc_single_image image=\u00a0\u00bb7956&Prime; img_size=\u00a0\u00bbfull\u00a0\u00bb alignment=\u00a0\u00bbcenter\u00a0\u00bb onclick=\u00a0\u00bblink_image\u00a0\u00bb][\/vc_column_inner][vc_column_inner width=\u00a0\u00bb1\/5&Prime;][vc_single_image image=\u00a0\u00bb7961&Prime; img_size=\u00a0\u00bbfull\u00a0\u00bb alignment=\u00a0\u00bbcenter\u00a0\u00bb onclick=\u00a0\u00bblink_image\u00a0\u00bb][\/vc_column_inner][vc_column_inner width=\u00a0\u00bb1\/5&Prime;][vc_single_image image=\u00a0\u00bb7966&Prime; img_size=\u00a0\u00bbfull\u00a0\u00bb alignment=\u00a0\u00bbcenter\u00a0\u00bb onclick=\u00a0\u00bblink_image\u00a0\u00bb][\/vc_column_inner][\/vc_row_inner][vc_row_inner css=\u00a0\u00bb.vc_custom_1691329038843{margin-top: 20px !important;}\u00a0\u00bb][vc_column_inner width=\u00a0\u00bb1\/5&Prime;][vc_single_image image=\u00a0\u00bb7971&Prime; img_size=\u00a0\u00bbfull\u00a0\u00bb alignment=\u00a0\u00bbcenter\u00a0\u00bb onclick=\u00a0\u00bblink_image\u00a0\u00bb][\/vc_column_inner][vc_column_inner width=\u00a0\u00bb1\/5&Prime;][vc_single_image image=\u00a0\u00bb7976&Prime; img_size=\u00a0\u00bbfull\u00a0\u00bb alignment=\u00a0\u00bbcenter\u00a0\u00bb onclick=\u00a0\u00bblink_image\u00a0\u00bb][\/vc_column_inner][vc_column_inner width=\u00a0\u00bb1\/5&Prime;][vc_single_image image=\u00a0\u00bb7981&Prime; img_size=\u00a0\u00bbfull\u00a0\u00bb alignment=\u00a0\u00bbcenter\u00a0\u00bb onclick=\u00a0\u00bblink_image\u00a0\u00bb][\/vc_column_inner][vc_column_inner width=\u00a0\u00bb1\/5&Prime;][vc_single_image image=\u00a0\u00bb7986&Prime; img_size=\u00a0\u00bbfull\u00a0\u00bb alignment=\u00a0\u00bbcenter\u00a0\u00bb onclick=\u00a0\u00bblink_image\u00a0\u00bb][\/vc_column_inner][vc_column_inner width=\u00a0\u00bb1\/5&Prime;][vc_single_image image=\u00a0\u00bb7991&Prime; img_size=\u00a0\u00bbfull\u00a0\u00bb alignment=\u00a0\u00bbcenter\u00a0\u00bb onclick=\u00a0\u00bblink_image\u00a0\u00bb][\/vc_column_inner][\/vc_row_inner][\/vc_column][\/vc_row][vc_row][vc_column][vc_column_text]<\/div>\r\n<\/div>\r\n<\/div>\r\n<\/div>\r\n<\/div>\r\n<\/div>\r\n<p>[\/vc_column_text][\/vc_column][\/vc_row]<\/p>\r\n<\/div>\r\n<\/div>\r\n<\/div>\r\n<\/div>\r\n<\/div>\r\n<\/div><\/section>","protected":false},"excerpt":{"rendered":"<p>[vc_row][vc_column][vc_column_text]En raison de leur structure vasculaire dense et de leur mouvement, les l\u00e8vres donnent une r\u00e9ponse plus naturelle \u00e0 l&rsquo;acide hyaluronique sp\u00e9cialement d\u00e9velopp\u00e9 pour le remplissage. Il s&rsquo;agit d&rsquo;une innovation esth\u00e9tique extr\u00eamement populaire qui permet de d\u00e9finir et de contourner les l\u00e8vres gr\u00e2ce \u00e0 l&rsquo;injection d&rsquo;un produit de comblement qui donne du volume. L&rsquo;augmentation des &hellip; <a href=\"https:\/\/clinicp.com\/fr\/augmentation-des-levres-par-injection-dacide-hyaluronique\/\" class=\"more-link\">Continue reading <span class=\"screen-reader-text\">Augmentation des L\u00e8vres par Injection D\u2019acide Hyaluronique<\/span><\/a><\/p>\n","protected":false},"author":3,"featured_media":5849,"parent":0,"menu_order":0,"comment_status":"closed","ping_status":"closed","template":"","meta":{"footnotes":""},"class_list":["post-6365","page","type-page","status-publish","has-post-thumbnail","hentry"],"_links":{"self":[{"href":"https:\/\/clinicp.com\/fr\/wp-json\/wp\/v2\/pages\/6365","targetHints":{"allow":["GET"]}}],"collection":[{"href":"https:\/\/clinicp.com\/fr\/wp-json\/wp\/v2\/pages"}],"about":[{"href":"https:\/\/clinicp.com\/fr\/wp-json\/wp\/v2\/types\/page"}],"author":[{"embeddable":true,"href":"https:\/\/clinicp.com\/fr\/wp-json\/wp\/v2\/users\/3"}],"replies":[{"embeddable":true,"href":"https:\/\/clinicp.com\/fr\/wp-json\/wp\/v2\/comments?post=6365"}],"version-history":[{"count":7,"href":"https:\/\/clinicp.com\/fr\/wp-json\/wp\/v2\/pages\/6365\/revisions"}],"predecessor-version":[{"id":8170,"href":"https:\/\/clinicp.com\/fr\/wp-json\/wp\/v2\/pages\/6365\/revisions\/8170"}],"wp:featuredmedia":[{"embeddable":true,"href":"https:\/\/clinicp.com\/fr\/wp-json\/wp\/v2\/media\/5849"}],"wp:attachment":[{"href":"https:\/\/clinicp.com\/fr\/wp-json\/wp\/v2\/media?parent=6365"}],"curies":[{"name":"wp","href":"https:\/\/api.w.org\/{rel}","templated":true}]}}