{"id":6369,"date":"2023-06-15T18:04:00","date_gmt":"2023-06-15T15:04:00","guid":{"rendered":"https:\/\/clinicp.com\/injection-dacide-hyaluronique-pour-sous-les-yeux\/"},"modified":"2023-08-06T16:56:35","modified_gmt":"2023-08-06T13:56:35","slug":"injection-dacide-hyaluronique-pour-sous-les-yeux","status":"publish","type":"page","link":"https:\/\/clinicp.com\/fr\/injection-dacide-hyaluronique-pour-sous-les-yeux\/","title":{"rendered":"Injection D\u2019acide Hyaluronique Pour Sous Les Yeux"},"content":{"rendered":"<section class=\"wpb-content-wrapper\"><p>[vc_row][vc_column][vc_column_text]Aujourd\u2019hui, des injections d\u2019acide hyaluronique est appliqu\u00e9es pour traiter les cernes, les creux et les poches sous les yeux, ce qui est devenu le r\u00eave effrayant des femmes et des hommes.<\/p>\r\n<p>Aujourd&rsquo;hui, lorsque des facteurs tels que l&rsquo;effet du vieillissement, les facteurs environnementaux de la vie urbaine, le stress, etc. se conjuguent, il est in\u00e9vitable que des d\u00e9formations se produisent sur la peau. Sous les yeux et autour des yeux, dont la structure de la peau est beaucoup plus sp\u00e9ciale que celle des autres parties de notre corps, sont les premi\u00e8res zones o\u00f9 ces d\u00e9formations se produisent.<\/p>\r\n<p><br \/><\/p>\r\n<h3 class=\"wp-block-heading\">Pourquoi des d\u00e9formations se produisent-elles sous les yeux?<\/h3>\r\n<p>\r\n\r\nPar rapport \u00e0 d&rsquo;autres zones, le dessous et le contour des yeux pr\u00e9sentent une structure cutan\u00e9e particuli\u00e8re. Le tissu adipeux, qui constitue \u00e0 la fois la peau et le tissu de soutien sous-cutan\u00e9 de cette r\u00e9gion, est tr\u00e8s fin. Par cons\u00e9quent, les fibres de collag\u00e8ne et d&rsquo;\u00e9lastine de la peau de cette r\u00e9gion sont \u00e9galement plus fines et plus l\u00e2ches. En cons\u00e9quence, avec le vieillissement, les premiers troubles cutan\u00e9s commencent \u00e0 appara\u00eetre autour des yeux et sous les yeux. En raison de sa structure, la zone autour des yeux est la plus vuln\u00e9rable aux d\u00e9formations par rapport aux autres parties du visage.<\/p>\r\n<p><br \/><\/p>\r\n<h3 class=\"wp-block-heading\">Qu&rsquo;est-ce qu\u2019une injection d\u2019acide hyaluronique pour sous les yeux?<\/h3>\r\n<p>\r\n\r\nC\u2019est un produit de comblement qui met fin \u00e0 de nombreux probl\u00e8mes, il est produit uniquement pour les applications sous les yeux, et se r\u00e9pand dans le tissu sous les yeux. Gr\u00e2ce aux substances utilis\u00e9es dans son contenu, il refl\u00e8te la lumi\u00e8re venant autour des yeux, illumine et revitalise la peau. Puisqu&rsquo;il fournit la structure cellulaire avec ces substances qu&rsquo;il contient, les effets d&rsquo;illumination et de revitalisation sont vus autour des yeux.<\/p>\r\n<p><br \/><\/p>\r\n<h3 class=\"wp-block-heading\">\u00c0 qui peut-elle \u00eatre appliqu\u00e9e?<\/h3>\r\n<p>\r\n\r\nEn g\u00e9n\u00e9ral, elle peut \u00eatre appliqu\u00e9e \u00e0 tout adulte qui a des bleus, des poches, des creux et des rides autour des yeux. L&rsquo;application \u00e9claircit la couleur des bleus, remplit les creux et r\u00e9duit l&rsquo;apparence des poches. Il s&rsquo;agit donc d&rsquo;une m\u00e9thode efficace pour r\u00e9duire les rides autour des yeux.<\/p>\r\n<div class=\"service-details mt-60 mb-60\">\r\n<div class=\"container\">\r\n<div class=\"row\">\r\n<div class=\"col-xxl-8 col-xl-8 col-lg-7\">\r\n<div class=\"service__left\">\r\n<div class=\"service__text-2 mt-50\">[\/vc_column_text][\/vc_column][\/vc_row][vc_row full_width=\u00a0\u00bbstretch_row_content\u00a0\u00bb css=\u00a0\u00bb.vc_custom_1688627067640{margin-top: 80px !important;margin-bottom: 30px !important;padding-top: 60px !important;padding-bottom: 50px !important;background-image: url(https:\/\/clinicp.com\/wp-content\/uploads\/2023\/06\/homepage-banner-1.jpg?id=6461) !important;background-position: center !important;background-repeat: no-repeat !important;background-size: cover !important;}\u00a0\u00bb ts_responsive_css=\u00a0\u00bb79823081|colbreak_no|||||80px||50px||colbreak_no|||||||||colbreak_no|||||60px||30px|||colbreak_no|||||||||\u00a0\u00bb el_class=\u00a0\u00bbts-opacity95 ts-font375mode\u00a0\u00bb][vc_column ts_textcolor=\u00a0\u00bbwhite\u00a0\u00bb]<p style=\"text-align:center;font-size:32px;line-height:42px;\" class=\"ts-custom-heading \" >Obtenez des informations instantan\u00e9es sur la chirurgie esth\u00e9tique et les applications m\u00e9dicales<\/p>\n<h3 style=\"text-align:center;font-size:40px;line-height:70px;color:#ffffff;\" class=\"ts-custom-heading vc_custom_1689175568645\" ><a href=\"tel:+90 531 881 6621\">+90 531 881 66 21<\/a><\/h3>\n\r\n\t\t<div class=\"ts-vc_btn3-container ts-vc_btn3-center\"><a class=\"ts-vc_general ts-vc_btn3 ts-vc_btn3-size-lg ts-vc_btn3-shape-rounded ts-vc_btn3-style-flat ts-vc_btn3-weight-yes ts-vc_btn3-icon-left ts-vc_btn3-color-success\" href=\"https:\/\/wa.me\/+905318816621\" title=\"+90 531 881 66 21\"><i class=\"ts-vc_btn3-icon fa fa-whatsapp\"><\/i> WhatsApp<\/a><\/div>[\/vc_column][\/vc_row]\r\n<div class=\"service-details mt-60 mb-60\">\r\n<div class=\"container\">\r\n<div class=\"row\">\r\n<div class=\"col-xxl-8 col-xl-8 col-lg-7\">\r\n<div class=\"service__left\">\r\n<div class=\"service__text-2 mt-50\">[vc_row full_width=\u00a0\u00bbstretch_row_content\u00a0\u00bb ts_responsive_css=\u00a0\u00bb67427488|colbreak_no|||||80px||65px||colbreak_no|||||||||colbreak_no|||||60px||45px|||colbreak_no|||||||||\u00a0\u00bb css=\u00a0\u00bb.vc_custom_1691329093006{margin-top: 40px !important;}\u00a0\u00bb][vc_column][vc_row_inner][vc_column_inner]<div class=\"ts-element-heading-wrapper ts-heading-inner ts-element-align-center ts-seperator-none \"><section class=\"ts-vc_cta3-container\"><div class=\"ts-vc_general ts-vc_cta3 ts-cta3-only ts-vc_cta3-style-classic ts-vc_cta3-shape-rounded ts-vc_cta3-align-center ts-vc_cta3-color-transparent ts-vc_cta3-icon-size-md ts-vc_cta3-actions-no ts-cta3-without-desc\"><div class=\"ts-vc_cta3_content-container\"><div class=\"ts-vc_cta3-content\"><div class=\"ts-vc_cta3-content-header ts-wrap\"><div class=\"ts-vc_cta3-headers ts-wrap-cell\"><h4 class=\"ts-custom-heading \" >Clinic P<\/h4>\n<h2 class=\"ts-custom-heading ts-fontweightbold \" ><strong>Notre centre<\/strong><\/h2>\n<\/div><\/div><\/div><\/div><\/div><\/section><\/div> <!-- .ts-element-heading-wrapper container --> [\/vc_column_inner][\/vc_row_inner][vc_row_inner css=\u00a0\u00bb.vc_custom_1691329113973{margin-top: 40px !important;}\u00a0\u00bb][vc_column_inner width=\u00a0\u00bb1\/5&Prime;][vc_single_image image=\u00a0\u00bb7946&Prime; img_size=\u00a0\u00bbfull\u00a0\u00bb alignment=\u00a0\u00bbcenter\u00a0\u00bb onclick=\u00a0\u00bblink_image\u00a0\u00bb][\/vc_column_inner][vc_column_inner width=\u00a0\u00bb1\/5&Prime;][vc_single_image image=\u00a0\u00bb7951&Prime; img_size=\u00a0\u00bbfull\u00a0\u00bb alignment=\u00a0\u00bbcenter\u00a0\u00bb onclick=\u00a0\u00bblink_image\u00a0\u00bb][\/vc_column_inner][vc_column_inner width=\u00a0\u00bb1\/5&Prime;][vc_single_image image=\u00a0\u00bb7956&Prime; img_size=\u00a0\u00bbfull\u00a0\u00bb alignment=\u00a0\u00bbcenter\u00a0\u00bb onclick=\u00a0\u00bblink_image\u00a0\u00bb][\/vc_column_inner][vc_column_inner width=\u00a0\u00bb1\/5&Prime;][vc_single_image image=\u00a0\u00bb7961&Prime; img_size=\u00a0\u00bbfull\u00a0\u00bb alignment=\u00a0\u00bbcenter\u00a0\u00bb onclick=\u00a0\u00bblink_image\u00a0\u00bb][\/vc_column_inner][vc_column_inner width=\u00a0\u00bb1\/5&Prime;][vc_single_image image=\u00a0\u00bb7966&Prime; img_size=\u00a0\u00bbfull\u00a0\u00bb alignment=\u00a0\u00bbcenter\u00a0\u00bb onclick=\u00a0\u00bblink_image\u00a0\u00bb][\/vc_column_inner][\/vc_row_inner][vc_row_inner css=\u00a0\u00bb.vc_custom_1691329038843{margin-top: 20px !important;}\u00a0\u00bb][vc_column_inner width=\u00a0\u00bb1\/5&Prime;][vc_single_image image=\u00a0\u00bb7971&Prime; img_size=\u00a0\u00bbfull\u00a0\u00bb alignment=\u00a0\u00bbcenter\u00a0\u00bb onclick=\u00a0\u00bblink_image\u00a0\u00bb][\/vc_column_inner][vc_column_inner width=\u00a0\u00bb1\/5&Prime;][vc_single_image image=\u00a0\u00bb7976&Prime; img_size=\u00a0\u00bbfull\u00a0\u00bb alignment=\u00a0\u00bbcenter\u00a0\u00bb onclick=\u00a0\u00bblink_image\u00a0\u00bb][\/vc_column_inner][vc_column_inner width=\u00a0\u00bb1\/5&Prime;][vc_single_image image=\u00a0\u00bb7981&Prime; img_size=\u00a0\u00bbfull\u00a0\u00bb alignment=\u00a0\u00bbcenter\u00a0\u00bb onclick=\u00a0\u00bblink_image\u00a0\u00bb][\/vc_column_inner][vc_column_inner width=\u00a0\u00bb1\/5&Prime;][vc_single_image image=\u00a0\u00bb7986&Prime; img_size=\u00a0\u00bbfull\u00a0\u00bb alignment=\u00a0\u00bbcenter\u00a0\u00bb onclick=\u00a0\u00bblink_image\u00a0\u00bb][\/vc_column_inner][vc_column_inner width=\u00a0\u00bb1\/5&Prime;][vc_single_image image=\u00a0\u00bb7991&Prime; img_size=\u00a0\u00bbfull\u00a0\u00bb alignment=\u00a0\u00bbcenter\u00a0\u00bb onclick=\u00a0\u00bblink_image\u00a0\u00bb][\/vc_column_inner][\/vc_row_inner][\/vc_column][\/vc_row][vc_row][vc_column][vc_column_text]<\/div>\r\n<\/div>\r\n<\/div>\r\n<\/div>\r\n<\/div>\r\n<\/div>\r\n<p>[\/vc_column_text][\/vc_column][\/vc_row]<\/p>\r\n<\/div>\r\n<\/div>\r\n<\/div>\r\n<\/div>\r\n<\/div>\r\n<\/div><\/section>","protected":false},"excerpt":{"rendered":"<p>[vc_row][vc_column][vc_column_text]Aujourd\u2019hui, des injections d\u2019acide hyaluronique est appliqu\u00e9es pour traiter les cernes, les creux et les poches sous les yeux, ce qui est devenu le r\u00eave effrayant des femmes et des hommes. Aujourd&rsquo;hui, lorsque des facteurs tels que l&rsquo;effet du vieillissement, les facteurs environnementaux de la vie urbaine, le stress, etc. se conjuguent, il est in\u00e9vitable &hellip; <a href=\"https:\/\/clinicp.com\/fr\/injection-dacide-hyaluronique-pour-sous-les-yeux\/\" class=\"more-link\">Continue reading <span class=\"screen-reader-text\">Injection D\u2019acide Hyaluronique Pour Sous Les Yeux<\/span><\/a><\/p>\n","protected":false},"author":3,"featured_media":5858,"parent":0,"menu_order":0,"comment_status":"closed","ping_status":"closed","template":"","meta":{"footnotes":""},"class_list":["post-6369","page","type-page","status-publish","has-post-thumbnail","hentry"],"_links":{"self":[{"href":"https:\/\/clinicp.com\/fr\/wp-json\/wp\/v2\/pages\/6369","targetHints":{"allow":["GET"]}}],"collection":[{"href":"https:\/\/clinicp.com\/fr\/wp-json\/wp\/v2\/pages"}],"about":[{"href":"https:\/\/clinicp.com\/fr\/wp-json\/wp\/v2\/types\/page"}],"author":[{"embeddable":true,"href":"https:\/\/clinicp.com\/fr\/wp-json\/wp\/v2\/users\/3"}],"replies":[{"embeddable":true,"href":"https:\/\/clinicp.com\/fr\/wp-json\/wp\/v2\/comments?post=6369"}],"version-history":[{"count":7,"href":"https:\/\/clinicp.com\/fr\/wp-json\/wp\/v2\/pages\/6369\/revisions"}],"predecessor-version":[{"id":8171,"href":"https:\/\/clinicp.com\/fr\/wp-json\/wp\/v2\/pages\/6369\/revisions\/8171"}],"wp:featuredmedia":[{"embeddable":true,"href":"https:\/\/clinicp.com\/fr\/wp-json\/wp\/v2\/media\/5858"}],"wp:attachment":[{"href":"https:\/\/clinicp.com\/fr\/wp-json\/wp\/v2\/media?parent=6369"}],"curies":[{"name":"wp","href":"https:\/\/api.w.org\/{rel}","templated":true}]}}