{"id":6373,"date":"2023-06-15T18:06:11","date_gmt":"2023-06-15T15:06:11","guid":{"rendered":"https:\/\/clinicp.com\/prp-platelet-rich-plasma\/"},"modified":"2023-08-06T16:57:09","modified_gmt":"2023-08-06T13:57:09","slug":"prp-platelet-rich-plasma","status":"publish","type":"page","link":"https:\/\/clinicp.com\/fr\/prp-platelet-rich-plasma\/","title":{"rendered":"PRP (Platelet-Rich Plasma)"},"content":{"rendered":"<section class=\"wpb-content-wrapper\"><p>[vc_row][vc_column][vc_column_text]Il s&rsquo;agit de l&rsquo;abr\u00e9viation de l&rsquo;application appel\u00e9e &lsquo;PlateletRichPlasma-platelet-enriched plasma application&rsquo;. Cette application est bas\u00e9e sur la s\u00e9paration d&rsquo;une moyenne de 10 cc de sang pr\u00e9lev\u00e9 sur une personne dans un tube sp\u00e9cial et soumis \u00e0 une centrifugation, puis sur la restitution du plasma riche en plaquettes obtenu \u00e0 cette m\u00eame personne par injection.<\/p>\n<p>Les plaquettes sont les premi\u00e8res cellules \u00e0 migrer vers une zone de notre corps en cas de blessure. Ces cellules sont des composants sanguins qui contiennent les &lsquo;facteurs de croissance&rsquo; n\u00e9cessaires \u00e0 la r\u00e9paration de ces tissus endommag\u00e9s dans notre corps et \u00e0 leur retour \u00e0 leur \u00e9tat naturel. Lorsqu&rsquo;un dommage quelconque se produit dans nos tissus, notre sang entame un processus de r\u00e9paration en collectant des plaquettes vers ce tissu. Le but de l&rsquo;application du PRP est de d\u00e9livrer beaucoup plus de plaquettes \u00e0 ce tissu cible que ce que peut transporter la circulation sanguine, ainsi, la r\u00e9paration des tissus endommag\u00e9s commence si rapidement et fortement et les r\u00e9sultats sont plus rapides, car la densit\u00e9 des plaquettes obtenues avec le PRP est 2 \u00e0 4 fois sup\u00e9rieure \u00e0 celle du sang.<\/p>\n<p>Le vieillissement de notre peau est caus\u00e9 par la perte de certaines de ses propri\u00e9t\u00e9s physiques, tout comme dans le processus de blessure. C&rsquo;est pourquoi, dans les pratiques visant \u00e0 rajeunir notre peau, nous imitons en fait ce que notre corps fait lorsqu&rsquo;il gu\u00e9rit d&rsquo;une blessure gr\u00e2ce \u00e0 diverses m\u00e9thodes. Par exemple, des m\u00e9thodes comme le laser et le peeling causent de l\u00e9gers dommages \u00e0 la peau dans certaines limites et ces dommages sont utilis\u00e9s comme un d\u00e9clencheur pour gu\u00e9rir rapidement notre peau, apr\u00e8s ces dommages, le facteur de croissance est lib\u00e9r\u00e9 et le processus de gu\u00e9rison commence.<\/p>\n<p>La structure qui peut r\u00e9parer un dommage sur la peau de la mani\u00e8re la plus efficace, la plus rapide et la plus naturelle est \u00e9galement une partie de l&rsquo;ensemble auquel appartient la peau. L&rsquo;application de plasma s&rsquo;est donc d\u00e9velopp\u00e9e comme une m\u00e9thode qui active ce pouvoir magique qui circule dans nos veines.<\/p>\n<p>L&rsquo;application du PRP est utilis\u00e9e dans des domaines de la m\u00e9decine tels que l&rsquo;esth\u00e9tique, l&rsquo;orthop\u00e9die et la dentisterie, dans des domaines tels que les plaies qui ne gu\u00e9rissent pas, les douleurs chroniques, les blessures tendineuses et le traitement des plaintes rhumatismales.<\/p>\n<p>Pour les applications esth\u00e9tiques, le PRP est fr\u00e9quemment utilis\u00e9 dans des parties du corps telles que le visage, le cou, le d\u00e9collet\u00e9, les mains, l&rsquo;int\u00e9rieur des cuisses, les bras.<\/p>\n<p>L&rsquo;application du PRP est r\u00e9alis\u00e9e avec succ\u00e8s pour assurer une structuration rapide de la peau imm\u00e9diatement apr\u00e8s des applications esth\u00e9tiques telles que le laser\/peeling, pour inverser les mauvais r\u00e9sultats de longues ann\u00e9es d&rsquo;exposition au soleil, pour s&rsquo;assurer que la souplesse et la luminosit\u00e9 sont retrouv\u00e9es, pour acc\u00e9l\u00e9rer la gu\u00e9rison dans les cas de blessures chroniques non cicatrisantes, de fissures et d&rsquo;int\u00e9grit\u00e9 de la peau, pour assurer la revitalisation des cheveux et la r\u00e9sistance \u00e0 la chute.<\/p>\n<p>En fonction de la zone d&rsquo;application, un ou deux tubes (16-23 ml) de sang sont pr\u00e9lev\u00e9s sur la personne, centrifug\u00e9s et les plaquettes sont s\u00e9par\u00e9es. Le plasma riche en plaquettes d\u00e9compos\u00e9es est aspir\u00e9 dans l&rsquo;injecteur et appliqu\u00e9 sur la peau sous forme de m\u00e9soth\u00e9rapie. Son effet revitalisant et rajeunissant appara\u00eet quelques semaines apr\u00e8s l&rsquo;application. La pr\u00e9paration et l&rsquo;application sont un processus court qui prend 15 \u00e0 20 minutes.<\/p>\n<p>L&rsquo;application du PRP se fait sous forme de micro-injections appliqu\u00e9es dans la peau. Avec le pr\u00e9l\u00e8vement de sang et la micro-injection, aucune douleur n&rsquo;est \u00e0 pr\u00e9voir, si ce n&rsquo;est un l\u00e9ger inconfort pendant l&rsquo;application.<\/p>\n<p>Imm\u00e9diatement apr\u00e8s l&rsquo;application, une revitalisation de la peau se produit dans la premi\u00e8re p\u00e9riode, mais 3 ou 4 applications \u00e0 2 semaines d&rsquo;intervalle sont n\u00e9cessaires pour des r\u00e9sultats id\u00e9aux. Apr\u00e8s ces applications (c&rsquo;est-\u00e0-dire apr\u00e8s 1 cure), un effet permanent devient \u00e9vident.<\/p>\n<div class=\"service-details mt-60 mb-60\">\n<div class=\"container\">\n<div class=\"row\">\n<div class=\"col-xxl-8 col-xl-8 col-lg-7\">\n<div class=\"service__left\">\n<div class=\"service__text-2 mt-50\">[\/vc_column_text][\/vc_column][\/vc_row][vc_row full_width=\u00a0\u00bbstretch_row_content\u00a0\u00bb css=\u00a0\u00bb.vc_custom_1688627067640{margin-top: 80px !important;margin-bottom: 30px !important;padding-top: 60px !important;padding-bottom: 50px !important;background-image: url(https:\/\/clinicp.com\/wp-content\/uploads\/2023\/06\/homepage-banner-1.jpg?id=6461) !important;background-position: center !important;background-repeat: no-repeat !important;background-size: cover !important;}\u00a0\u00bb ts_responsive_css=\u00a0\u00bb79823081|colbreak_no|||||80px||50px||colbreak_no|||||||||colbreak_no|||||60px||30px|||colbreak_no|||||||||\u00a0\u00bb el_class=\u00a0\u00bbts-opacity95 ts-font375mode\u00a0\u00bb][vc_column ts_textcolor=\u00a0\u00bbwhite\u00a0\u00bb]<p style=\"text-align:center;font-size:32px;line-height:42px;\" class=\"ts-custom-heading \" >Obtenez des informations instantan\u00e9es sur la chirurgie esth\u00e9tique et les applications m\u00e9dicales<\/p>\n<h3 style=\"text-align:center;font-size:40px;line-height:70px;color:#ffffff;\" class=\"ts-custom-heading vc_custom_1689175691761\" ><a href=\"tel:+90 531 881 6621\">+90 531 881 66 21<\/a><\/h3>\n\r\n\t\t<div class=\"ts-vc_btn3-container ts-vc_btn3-center\"><a class=\"ts-vc_general ts-vc_btn3 ts-vc_btn3-size-lg ts-vc_btn3-shape-rounded ts-vc_btn3-style-flat ts-vc_btn3-weight-yes ts-vc_btn3-icon-left ts-vc_btn3-color-success\" href=\"https:\/\/wa.me\/+905318816621\" title=\"+90 531 881 66 21\"><i class=\"ts-vc_btn3-icon fa fa-whatsapp\"><\/i> WhatsApp<\/a><\/div>[\/vc_column][\/vc_row]<\/p>\n<div class=\"service-details mt-60 mb-60\">\n<div class=\"container\">\n<div class=\"row\">\n<div class=\"col-xxl-8 col-xl-8 col-lg-7\">\n<div class=\"service__left\">\n<div class=\"service__text-2 mt-50\">[vc_row full_width=\u00a0\u00bbstretch_row_content\u00a0\u00bb ts_responsive_css=\u00a0\u00bb67427488|colbreak_no|||||80px||65px||colbreak_no|||||||||colbreak_no|||||60px||45px|||colbreak_no|||||||||\u00a0\u00bb css=\u00a0\u00bb.vc_custom_1691329093006{margin-top: 40px !important;}\u00a0\u00bb][vc_column][vc_row_inner][vc_column_inner]<div class=\"ts-element-heading-wrapper ts-heading-inner ts-element-align-center ts-seperator-none \"><section class=\"ts-vc_cta3-container\"><div class=\"ts-vc_general ts-vc_cta3 ts-cta3-only ts-vc_cta3-style-classic ts-vc_cta3-shape-rounded ts-vc_cta3-align-center ts-vc_cta3-color-transparent ts-vc_cta3-icon-size-md ts-vc_cta3-actions-no ts-cta3-without-desc\"><div class=\"ts-vc_cta3_content-container\"><div class=\"ts-vc_cta3-content\"><div class=\"ts-vc_cta3-content-header ts-wrap\"><div class=\"ts-vc_cta3-headers ts-wrap-cell\"><h4 class=\"ts-custom-heading \" >Clinic P<\/h4>\n<h2 class=\"ts-custom-heading ts-fontweightbold \" ><strong>Notre centre<\/strong><\/h2>\n<\/div><\/div><\/div><\/div><\/div><\/section><\/div> <!-- .ts-element-heading-wrapper container --> [\/vc_column_inner][\/vc_row_inner][vc_row_inner css=\u00a0\u00bb.vc_custom_1691329113973{margin-top: 40px !important;}\u00a0\u00bb][vc_column_inner width=\u00a0\u00bb1\/5&Prime;][vc_single_image image=\u00a0\u00bb7946&Prime; img_size=\u00a0\u00bbfull\u00a0\u00bb alignment=\u00a0\u00bbcenter\u00a0\u00bb onclick=\u00a0\u00bblink_image\u00a0\u00bb][\/vc_column_inner][vc_column_inner width=\u00a0\u00bb1\/5&Prime;][vc_single_image image=\u00a0\u00bb7951&Prime; img_size=\u00a0\u00bbfull\u00a0\u00bb alignment=\u00a0\u00bbcenter\u00a0\u00bb onclick=\u00a0\u00bblink_image\u00a0\u00bb][\/vc_column_inner][vc_column_inner width=\u00a0\u00bb1\/5&Prime;][vc_single_image image=\u00a0\u00bb7956&Prime; img_size=\u00a0\u00bbfull\u00a0\u00bb alignment=\u00a0\u00bbcenter\u00a0\u00bb onclick=\u00a0\u00bblink_image\u00a0\u00bb][\/vc_column_inner][vc_column_inner width=\u00a0\u00bb1\/5&Prime;][vc_single_image image=\u00a0\u00bb7961&Prime; img_size=\u00a0\u00bbfull\u00a0\u00bb alignment=\u00a0\u00bbcenter\u00a0\u00bb onclick=\u00a0\u00bblink_image\u00a0\u00bb][\/vc_column_inner][vc_column_inner width=\u00a0\u00bb1\/5&Prime;][vc_single_image image=\u00a0\u00bb7966&Prime; img_size=\u00a0\u00bbfull\u00a0\u00bb alignment=\u00a0\u00bbcenter\u00a0\u00bb onclick=\u00a0\u00bblink_image\u00a0\u00bb][\/vc_column_inner][\/vc_row_inner][vc_row_inner css=\u00a0\u00bb.vc_custom_1691329038843{margin-top: 20px !important;}\u00a0\u00bb][vc_column_inner width=\u00a0\u00bb1\/5&Prime;][vc_single_image image=\u00a0\u00bb7971&Prime; img_size=\u00a0\u00bbfull\u00a0\u00bb alignment=\u00a0\u00bbcenter\u00a0\u00bb onclick=\u00a0\u00bblink_image\u00a0\u00bb][\/vc_column_inner][vc_column_inner width=\u00a0\u00bb1\/5&Prime;][vc_single_image image=\u00a0\u00bb7976&Prime; img_size=\u00a0\u00bbfull\u00a0\u00bb alignment=\u00a0\u00bbcenter\u00a0\u00bb onclick=\u00a0\u00bblink_image\u00a0\u00bb][\/vc_column_inner][vc_column_inner width=\u00a0\u00bb1\/5&Prime;][vc_single_image image=\u00a0\u00bb7981&Prime; img_size=\u00a0\u00bbfull\u00a0\u00bb alignment=\u00a0\u00bbcenter\u00a0\u00bb onclick=\u00a0\u00bblink_image\u00a0\u00bb][\/vc_column_inner][vc_column_inner width=\u00a0\u00bb1\/5&Prime;][vc_single_image image=\u00a0\u00bb7986&Prime; img_size=\u00a0\u00bbfull\u00a0\u00bb alignment=\u00a0\u00bbcenter\u00a0\u00bb onclick=\u00a0\u00bblink_image\u00a0\u00bb][\/vc_column_inner][vc_column_inner width=\u00a0\u00bb1\/5&Prime;][vc_single_image image=\u00a0\u00bb7991&Prime; img_size=\u00a0\u00bbfull\u00a0\u00bb alignment=\u00a0\u00bbcenter\u00a0\u00bb onclick=\u00a0\u00bblink_image\u00a0\u00bb][\/vc_column_inner][\/vc_row_inner][\/vc_column][\/vc_row][vc_row][vc_column][vc_column_text]<\/div>\n<\/div>\n<\/div>\n<\/div>\n<\/div>\n<\/div>\n<p>[\/vc_column_text][\/vc_column][\/vc_row]<\/p>\n<\/div>\n<\/div>\n<\/div>\n<\/div>\n<\/div>\n<\/div>\n<\/section>","protected":false},"excerpt":{"rendered":"<p>[vc_row][vc_column][vc_column_text]Il s&rsquo;agit de l&rsquo;abr\u00e9viation de l&rsquo;application appel\u00e9e &lsquo;PlateletRichPlasma-platelet-enriched plasma application&rsquo;. Cette application est bas\u00e9e sur la s\u00e9paration d&rsquo;une moyenne de 10 cc de sang pr\u00e9lev\u00e9 sur une personne dans un tube sp\u00e9cial et soumis \u00e0 une centrifugation, puis sur la restitution du plasma riche en plaquettes obtenu \u00e0 cette m\u00eame personne par injection. Les plaquettes &hellip; <a href=\"https:\/\/clinicp.com\/fr\/prp-platelet-rich-plasma\/\" class=\"more-link\">Continue reading <span class=\"screen-reader-text\">PRP (Platelet-Rich Plasma)<\/span><\/a><\/p>\n","protected":false},"author":3,"featured_media":5866,"parent":0,"menu_order":0,"comment_status":"closed","ping_status":"closed","template":"","meta":{"footnotes":""},"class_list":["post-6373","page","type-page","status-publish","has-post-thumbnail","hentry"],"_links":{"self":[{"href":"https:\/\/clinicp.com\/fr\/wp-json\/wp\/v2\/pages\/6373","targetHints":{"allow":["GET"]}}],"collection":[{"href":"https:\/\/clinicp.com\/fr\/wp-json\/wp\/v2\/pages"}],"about":[{"href":"https:\/\/clinicp.com\/fr\/wp-json\/wp\/v2\/types\/page"}],"author":[{"embeddable":true,"href":"https:\/\/clinicp.com\/fr\/wp-json\/wp\/v2\/users\/3"}],"replies":[{"embeddable":true,"href":"https:\/\/clinicp.com\/fr\/wp-json\/wp\/v2\/comments?post=6373"}],"version-history":[{"count":7,"href":"https:\/\/clinicp.com\/fr\/wp-json\/wp\/v2\/pages\/6373\/revisions"}],"predecessor-version":[{"id":8172,"href":"https:\/\/clinicp.com\/fr\/wp-json\/wp\/v2\/pages\/6373\/revisions\/8172"}],"wp:featuredmedia":[{"embeddable":true,"href":"https:\/\/clinicp.com\/fr\/wp-json\/wp\/v2\/media\/5866"}],"wp:attachment":[{"href":"https:\/\/clinicp.com\/fr\/wp-json\/wp\/v2\/media?parent=6373"}],"curies":[{"name":"wp","href":"https:\/\/api.w.org\/{rel}","templated":true}]}}