{"id":7014,"date":"2018-04-24T06:15:07","date_gmt":"2018-04-24T03:15:07","guid":{"rendered":"https:\/\/clinicp.com\/hakkimizda\/"},"modified":"2023-08-06T17:00:48","modified_gmt":"2023-08-06T14:00:48","slug":"a-propos-de-nous","status":"publish","type":"page","link":"https:\/\/clinicp.com\/fr\/a-propos-de-nous\/","title":{"rendered":"\u00e0 propos de nous"},"content":{"rendered":"<section class=\"wpb-content-wrapper\"><p>[vc_row full_width=\u00a0\u00bbstretch_row\u00a0\u00bb content_placement=\u00a0\u00bbbottom\u00a0\u00bb ts_responsive_css=\u00a0\u00bb77456577|colbreak_yes|||||||||colbreak_yes|||||||50||colbreak_yes|||||70||30|||colbreak_no|||||||||\u00a0\u00bb css=\u00a0\u00bb.vc_custom_1672725241795{padding-bottom: 0px !important;}\u00a0\u00bb][vc_column css=\u00a0\u00bb.vc_custom_1526259605164{background-position: center !important;background-repeat: no-repeat !important;background-size: cover !important;}\u00a0\u00bb][vc_column_text]La clinique P est connue comme une clinique respect\u00e9e et distingu\u00e9e qui offre une large gamme de services tels que l&rsquo;esth\u00e9tique, la dermatologie, la chirurgie de l&rsquo;estomac par sonde et le traitement de FIV, en tant que fournisseur de soins de sant\u00e9 de premier plan dans ses domaines d&rsquo;expertise. Baiser. Dr. Cem Payasli et op. Dr. Avec nos chirurgiens plasticiens experts tels que Ufuk Erdem, Dr. Notre \u00e9quipe de traitement FIV dirig\u00e9e par Ahmet Payasl\u0131, dermatologue Dr. P\u0131nar Ko\u00e7 et expert en sleeve gastrectomie Prof. Dr. Nous servons \u00e0 Caddebostan \u015ea\u015fk\u0131nbakkal depuis de nombreuses ann\u00e9es avec nos m\u00e9decins exp\u00e9riment\u00e9s tels que \u00d6ge Ta\u015fc\u0131lar.<\/p>\n<h2>Notre mission<\/h2>\n<p>En tant que Clinique P, notre mission est d&rsquo;am\u00e9liorer la qualit\u00e9 de vie de nos patients et de les faire se sentir mieux. Notre objectif est d&rsquo;offrir des traitements individuels et personnalis\u00e9s avec notre \u00e9quipe sp\u00e9cialis\u00e9e dans des domaines d&rsquo;expertise tels que la chirurgie plastique, le traitement de FIV, la dermatologie et la sleeve gastrectomie. Baiser. Dr. Cem Payasli et op. Dr. Notre \u00e9quipe de chirurgie plastique dirig\u00e9e par Ufuk Erdem, Dr. Notre \u00e9quipe de traitement FIV dirig\u00e9e par Ahmet Payasl\u0131, dermatologue Dr. P\u0131nar Ko\u00e7 et expert en sleeve gastrectomie Prof. Dr. Nous travaillons avec nos m\u00e9decins, tels que \u00d6ge Ta\u015fc\u0131lar, pour fournir des services efficaces et de la plus haute qualit\u00e9 en suivant des m\u00e9thodes de traitement \u00e0 jour.<\/p>\n<h2>Notre vision<\/h2>\n<p>En tant que Clinique P, notre vision est d&rsquo;\u00eatre un fournisseur de soins de sant\u00e9 innovant et contemporain. Baiser. Dr. Cem Payasli, op. Dr. Ufuk Erdem, Dr. Ahmet Payasli, Dr. Pinar Ko\u00e7 et Prof. Dr. Nous consid\u00e9rons toujours la satisfaction des patients comme notre priorit\u00e9, avec nos m\u00e9decins sp\u00e9cialistes et notre personnel exp\u00e9riment\u00e9 comme \u00d6ge Ta\u015fc\u0131lar. Nous adoptons une approche orient\u00e9e client et fournissons des services de haute qualit\u00e9 pour gagner la confiance de nos patients.<\/p>\n<p>Notre objectif est de fournir des services de sant\u00e9 \u00e0 d&rsquo;innombrables patients de Turquie et de l&rsquo;\u00e9tranger. En tant que Clinique P, nous sommes l\u00e0 pour vous accompagner au plus haut niveau dans votre parcours de sant\u00e9 et de beaut\u00e9 avec nos m\u00e9decins et notre personnel exp\u00e9riment\u00e9 sp\u00e9cialis\u00e9s dans des domaines tels que l&rsquo;esth\u00e9tique, la dermatologie, la sleeve gastrectomie et le traitement de FIV. Lorsque vous entrerez dans la clinique P, vous sentirez que votre sant\u00e9 et votre beaut\u00e9 sont au premier plan.[\/vc_column_text][\/vc_column][\/vc_row][vc_row full_width=\u00a0\u00bbstretch_row\u00a0\u00bb css=\u00a0\u00bb.vc_custom_1688650394404{margin-top: 60px !important;background-image: url(https:\/\/clinicp.com\/wp-content\/uploads\/2023\/06\/homepage-banner-1.jpg?id=6461) !important;background-position: center !important;background-repeat: no-repeat !important;background-size: cover !important;}\u00a0\u00bb ts_responsive_css=\u00a0\u00bb79823081|colbreak_no|||||80px||50px||colbreak_no|||||||||colbreak_no|||||60px||30px|||colbreak_no|||||||||\u00a0\u00bb el_class=\u00a0\u00bbts-opacity95 ts-font375mode\u00a0\u00bb][vc_column ts_textcolor=\u00a0\u00bbwhite\u00a0\u00bb]<p style=\"text-align:center;font-size:32px;line-height:42px;\" class=\"ts-custom-heading \" >Obtenez des informations instantan\u00e9es sur la chirurgie esth\u00e9tique et les applications m\u00e9dicales<\/p>\n<h3 style=\"text-align:center;font-size:40px;line-height:70px;color:#ffffff;\" class=\"ts-custom-heading vc_custom_1689173362452\" ><a href=\"tel:+90 531 881 6621\">+90 531 881 66 21<\/a><\/h3>\n\r\n\t\t<div class=\"ts-vc_btn3-container ts-vc_btn3-center\"><a class=\"ts-vc_general ts-vc_btn3 ts-vc_btn3-size-lg ts-vc_btn3-shape-rounded ts-vc_btn3-style-flat ts-vc_btn3-weight-yes ts-vc_btn3-icon-left ts-vc_btn3-color-success\" href=\"https:\/\/wa.me\/+905318816621\" title=\"+90 531 881 66 21\"><i class=\"ts-vc_btn3-icon fa fa-whatsapp\"><\/i> WhatsApp<\/a><\/div>[\/vc_column][\/vc_row]<\/p>\n<div class=\"service-details mt-60 mb-60\">\n<div class=\"container\">\n<div class=\"row\">\n<div class=\"col-xxl-8 col-xl-8 col-lg-7\">\n<div class=\"service__left\">\n<div class=\"service__text-2 mt-50\">[vc_row full_width=\u00a0\u00bbstretch_row_content\u00a0\u00bb ts_responsive_css=\u00a0\u00bb67427488|colbreak_no|||||80px||65px||colbreak_no|||||||||colbreak_no|||||60px||45px|||colbreak_no|||||||||\u00a0\u00bb css=\u00a0\u00bb.vc_custom_1691329093006{margin-top: 40px !important;}\u00a0\u00bb][vc_column][vc_row_inner][vc_column_inner]<div class=\"ts-element-heading-wrapper ts-heading-inner ts-element-align-center ts-seperator-none \"><section class=\"ts-vc_cta3-container\"><div class=\"ts-vc_general ts-vc_cta3 ts-cta3-only ts-vc_cta3-style-classic ts-vc_cta3-shape-rounded ts-vc_cta3-align-center ts-vc_cta3-color-transparent ts-vc_cta3-icon-size-md ts-vc_cta3-actions-no ts-cta3-without-desc\"><div class=\"ts-vc_cta3_content-container\"><div class=\"ts-vc_cta3-content\"><div class=\"ts-vc_cta3-content-header ts-wrap\"><div class=\"ts-vc_cta3-headers ts-wrap-cell\"><h4 class=\"ts-custom-heading \" >Clinic P<\/h4>\n<h2 class=\"ts-custom-heading ts-fontweightbold \" ><strong>Notre centre<\/strong><\/h2>\n<\/div><\/div><\/div><\/div><\/div><\/section><\/div> <!-- .ts-element-heading-wrapper container --> [\/vc_column_inner][\/vc_row_inner][vc_row_inner css=\u00a0\u00bb.vc_custom_1691329113973{margin-top: 40px !important;}\u00a0\u00bb][vc_column_inner width=\u00a0\u00bb1\/5&Prime;][vc_single_image image=\u00a0\u00bb7946&Prime; img_size=\u00a0\u00bbfull\u00a0\u00bb alignment=\u00a0\u00bbcenter\u00a0\u00bb onclick=\u00a0\u00bblink_image\u00a0\u00bb][\/vc_column_inner][vc_column_inner width=\u00a0\u00bb1\/5&Prime;][vc_single_image image=\u00a0\u00bb7951&Prime; img_size=\u00a0\u00bbfull\u00a0\u00bb alignment=\u00a0\u00bbcenter\u00a0\u00bb onclick=\u00a0\u00bblink_image\u00a0\u00bb][\/vc_column_inner][vc_column_inner width=\u00a0\u00bb1\/5&Prime;][vc_single_image image=\u00a0\u00bb7956&Prime; img_size=\u00a0\u00bbfull\u00a0\u00bb alignment=\u00a0\u00bbcenter\u00a0\u00bb onclick=\u00a0\u00bblink_image\u00a0\u00bb][\/vc_column_inner][vc_column_inner width=\u00a0\u00bb1\/5&Prime;][vc_single_image image=\u00a0\u00bb7961&Prime; img_size=\u00a0\u00bbfull\u00a0\u00bb alignment=\u00a0\u00bbcenter\u00a0\u00bb onclick=\u00a0\u00bblink_image\u00a0\u00bb][\/vc_column_inner][vc_column_inner width=\u00a0\u00bb1\/5&Prime;][vc_single_image image=\u00a0\u00bb7966&Prime; img_size=\u00a0\u00bbfull\u00a0\u00bb alignment=\u00a0\u00bbcenter\u00a0\u00bb onclick=\u00a0\u00bblink_image\u00a0\u00bb][\/vc_column_inner][\/vc_row_inner][vc_row_inner css=\u00a0\u00bb.vc_custom_1691329038843{margin-top: 20px !important;}\u00a0\u00bb][vc_column_inner width=\u00a0\u00bb1\/5&Prime;][vc_single_image image=\u00a0\u00bb7971&Prime; img_size=\u00a0\u00bbfull\u00a0\u00bb alignment=\u00a0\u00bbcenter\u00a0\u00bb onclick=\u00a0\u00bblink_image\u00a0\u00bb][\/vc_column_inner][vc_column_inner width=\u00a0\u00bb1\/5&Prime;][vc_single_image image=\u00a0\u00bb7976&Prime; img_size=\u00a0\u00bbfull\u00a0\u00bb alignment=\u00a0\u00bbcenter\u00a0\u00bb onclick=\u00a0\u00bblink_image\u00a0\u00bb][\/vc_column_inner][vc_column_inner width=\u00a0\u00bb1\/5&Prime;][vc_single_image image=\u00a0\u00bb7981&Prime; img_size=\u00a0\u00bbfull\u00a0\u00bb alignment=\u00a0\u00bbcenter\u00a0\u00bb onclick=\u00a0\u00bblink_image\u00a0\u00bb][\/vc_column_inner][vc_column_inner width=\u00a0\u00bb1\/5&Prime;][vc_single_image image=\u00a0\u00bb7986&Prime; img_size=\u00a0\u00bbfull\u00a0\u00bb alignment=\u00a0\u00bbcenter\u00a0\u00bb onclick=\u00a0\u00bblink_image\u00a0\u00bb][\/vc_column_inner][vc_column_inner width=\u00a0\u00bb1\/5&Prime;][vc_single_image image=\u00a0\u00bb7991&Prime; img_size=\u00a0\u00bbfull\u00a0\u00bb alignment=\u00a0\u00bbcenter\u00a0\u00bb onclick=\u00a0\u00bblink_image\u00a0\u00bb][\/vc_column_inner][\/vc_row_inner][\/vc_column][\/vc_row][vc_row][vc_column][vc_column_text]<\/div>\n<\/div>\n<\/div>\n<\/div>\n<\/div>\n<\/div>\n<p>[\/vc_column_text][\/vc_column][\/vc_row]<\/p>\n<\/section>","protected":false},"excerpt":{"rendered":"<p>[vc_row full_width=\u00a0\u00bbstretch_row\u00a0\u00bb content_placement=\u00a0\u00bbbottom\u00a0\u00bb ts_responsive_css=\u00a0\u00bb77456577|colbreak_yes|||||||||colbreak_yes|||||||50||colbreak_yes|||||70||30|||colbreak_no|||||||||\u00a0\u00bb css=\u00a0\u00bb.vc_custom_1672725241795{padding-bottom: 0px !important;}\u00a0\u00bb][vc_column css=\u00a0\u00bb.vc_custom_1526259605164{background-position: center !important;background-repeat: no-repeat !important;background-size: cover !important;}\u00a0\u00bb][vc_column_text]La clinique P est connue comme une clinique respect\u00e9e et distingu\u00e9e qui offre une large gamme de services tels que l&rsquo;esth\u00e9tique, la dermatologie, la chirurgie de l&rsquo;estomac par sonde et le traitement de FIV, en tant que fournisseur de soins de sant\u00e9 &hellip; <a href=\"https:\/\/clinicp.com\/fr\/a-propos-de-nous\/\" class=\"more-link\">Continue reading <span class=\"screen-reader-text\">\u00e0 propos de nous<\/span><\/a><\/p>\n","protected":false},"author":1,"featured_media":0,"parent":0,"menu_order":8,"comment_status":"closed","ping_status":"closed","template":"","meta":{"footnotes":""},"class_list":["post-7014","page","type-page","status-publish","hentry"],"_links":{"self":[{"href":"https:\/\/clinicp.com\/fr\/wp-json\/wp\/v2\/pages\/7014","targetHints":{"allow":["GET"]}}],"collection":[{"href":"https:\/\/clinicp.com\/fr\/wp-json\/wp\/v2\/pages"}],"about":[{"href":"https:\/\/clinicp.com\/fr\/wp-json\/wp\/v2\/types\/page"}],"author":[{"embeddable":true,"href":"https:\/\/clinicp.com\/fr\/wp-json\/wp\/v2\/users\/1"}],"replies":[{"embeddable":true,"href":"https:\/\/clinicp.com\/fr\/wp-json\/wp\/v2\/comments?post=7014"}],"version-history":[{"count":8,"href":"https:\/\/clinicp.com\/fr\/wp-json\/wp\/v2\/pages\/7014\/revisions"}],"predecessor-version":[{"id":8176,"href":"https:\/\/clinicp.com\/fr\/wp-json\/wp\/v2\/pages\/7014\/revisions\/8176"}],"wp:attachment":[{"href":"https:\/\/clinicp.com\/fr\/wp-json\/wp\/v2\/media?parent=7014"}],"curies":[{"name":"wp","href":"https:\/\/api.w.org\/{rel}","templated":true}]}}