{"id":4080,"date":"2018-04-27T10:38:18","date_gmt":"2018-04-27T10:38:18","guid":{"rendered":"https:\/\/optico-demo.pbminfotech.com\/?page_id=4080"},"modified":"2023-09-26T13:37:57","modified_gmt":"2023-09-26T10:37:57","slug":"yuz-ve-boyun-germe","status":"publish","type":"page","link":"https:\/\/clinicp.com\/tr\/yuz-ve-boyun-germe\/","title":{"rendered":"Y\u00fcz ve Boyun Germe"},"content":{"rendered":"<section class=\"wpb-content-wrapper\"><p>[vc_row ts_responsive_css=&#8221;68913450|colbreak_no|||||||||colbreak_no|||||70||60||colbreak_no|||||50||40|||colbreak_no|||||||||&#8221;][vc_column][vc_column_text]Ya\u015flanma ka\u00e7\u0131n\u0131lmaz bir s\u00fcre\u00e7tir ve ilk bulgular\u0131 daha 30\u2019lu ya\u015flarda y\u00fczde belirmeye ba\u015flar. Ya\u015f ilerledik\u00e7e belirginle\u015fir ve y\u00fczdeki t\u00fcm dokular etkilenir. Y\u00fcz kemikleri incelir. Y\u00fczde cilt elastikiyetini kaybeder, buru\u015fur. Cilt alt\u0131 ya\u011f dokusu ve kaslarda erime ile yumu\u015fak dokuda yer \u00e7ekimi etkisiyle sarkma ba\u015f g\u00f6sterir. T\u00fcm cilt k\u0131r\u0131\u015f\u0131kl\u0131k ve sarkmalarla kaplanmaya ba\u015flar. Sonu\u00e7ta y\u00fcz yorgun, ya\u015fl\u0131 ve \u00e7\u00f6km\u00fc\u015f bir g\u00f6r\u00fcn\u00fcm kazan\u0131r. Y\u00fcz germe i\u015flemi ile ilerleyen ya\u015f\u0131n bu t\u00fcr sonu\u00e7lar\u0131n\u0131 d\u00fczeltebilmek m\u00fcmk\u00fcnd\u00fcr.<\/p>\n<p>Y\u00fcz germe ameliyat\u0131 ya\u015flanmay\u0131 durdurmaz. Yap\u0131lan ameliyat ki\u015fiyi bulundu\u011fu ya\u015ftan daha gen\u00e7 ve daha canl\u0131 g\u00f6r\u00fcn\u00fcme kavu\u015fturur, fakat ya\u015flanma s\u00fcreci devam eder.\u00a0Y\u00fcz, anatomik olarak \u00fc\u00e7 farkl\u0131 b\u00f6lgeye ayr\u0131l\u0131r ve gen\u00e7le\u015ftirmeye y\u00f6nelik olarak yap\u0131lacak cerrahi giri\u015fim i\u00e7in her b\u00f6lge ayr\u0131 ayr\u0131 de\u011ferlendirilir. \u00dcst y\u00fcz, \u015fakak b\u00f6lgesi, al\u0131n ve ka\u015flar\u0131 i\u00e7erir, bu b\u00f6lgeye uygulanan giri\u015fim <strong>T\u00dcM Y\u00dcZ GERME<\/strong>\u00a0 ya da <strong>ORTA Y\u00dcZ GERME<\/strong>\u00a0 i\u015flemidir.<\/p>\n<p>Orta y\u00fcz, yanak b\u00f6lgesini i\u00e7erir, bu b\u00f6lgeye uygulanan giri\u015fim <strong>orta y\u00fcz ya da yanak germe<\/strong> i\u015flemidir. Alt y\u00fcz, \u00e7ene alt\u0131 ve boyun b\u00f6lgesini i\u00e7erir, bu b\u00f6lgeye uygulanan giri\u015fim alt y\u00fcz ya da boyun germe i\u015flemidir. Her bir b\u00f6lgeye tek tek ya da bir arada cerrahi giri\u015fim uygulanabilir.<\/p>\n<h2>Y\u00fcz Germe Ameliyat\u0131 Nas\u0131l Yap\u0131l\u0131r?<\/h2>\n<p>Y\u00fcz germe operasyonu genel anestezi ile yap\u0131l\u0131r. Ortalama ameliyat s\u00fcresi yap\u0131lacak giri\u015fimle orant\u0131l\u0131 olarak 3-6 saat s\u00fcrer. Y\u00fcz germe giri\u015fimi s\u0131ras\u0131nda kesi tamamen sa\u00e7l\u0131 deri i\u00e7erisinde yap\u0131l\u0131r. Orta y\u00fcz ve alt y\u00fcz germe i\u015flemi s\u0131ras\u0131nda ise kesiler kulak \u00f6n\u00fc ve arkas\u0131ndaki s\u0131n\u0131rdan yap\u0131l\u0131r. Operasyon izi sa\u00e7l\u0131 deri i\u00e7inde ve katlant\u0131 b\u00f6lgelerinde kald\u0131\u011f\u0131 i\u00e7in hi\u00e7bir zaman iz sorunu olmaz.<\/p>\n<h2>Y\u00fcz Germe Ameliyat\u0131 Sonras\u0131<\/h2>\n<ol>\n<li>Operasyondan sonra y\u00fczde \u015fi\u015flik ve morarma ola\u011fan bir s\u00fcre\u00e7tir, genellikle ciddi a\u011fr\u0131 san\u0131lan\u0131n aksine olmaz. \u0130lk g\u00fcnler olacak a\u011fr\u0131lar i\u00e7in a\u011f\u0131zdan al\u0131nacak basit a\u011fr\u0131 kesiciler yeterlidir.<\/li>\n<li>\u0130lk 24-48 saat bu b\u00f6lgeye aral\u0131klarla uygulanacak buz tatbiki \u015fi\u015fli\u011fi \u00f6nemli derecede azaltmaktad\u0131r. Ayr\u0131ca \u00f6nerilecek baz\u0131 etkili kremler yolu ile de morarmalar daha az olmakta ve daha h\u0131zla iyile\u015fmektedir.<\/li>\n<li>Operasyon sonras\u0131 1.g\u00fcn zaten drenler al\u0131naca\u011f\u0131 i\u00e7in bir g\u00fcn hastanede yatmak gerekebilir.<\/li>\n<li>Diki\u015flerin \u00e7o\u011fu eriyen diki\u015flerdir, al\u0131nmas\u0131 gerekmez. Kalan birka\u00e7 diki\u015f<\/li>\n<li>7-10 g\u00fcn sonra al\u0131n\u0131r.<\/li>\n<li>Ki\u015fi 1 hafta sonra i\u015fine d\u00f6nebilir.<\/li>\n<\/ol>\n<blockquote><p>Y\u00fcz germe ameliyat\u0131 ya\u015flanmay\u0131 durduramaz. Yap\u0131lan ameliyat ki\u015fiyi bulundu\u011fu ya\u015ftan daha gen\u00e7 g\u00f6r\u00fcn\u00fcme kavu\u015fturur.<\/p><\/blockquote>\n<h2>Boyun Germe<\/h2>\n<p>Do\u011fal ya\u015flanma s\u00fcrecinin yan\u0131nda yer \u00e7ekimi etkisi, kilo al\u0131p verme ve genetik \u00f6zellikler gibi fakt\u00f6rlerin olumsuz etkilerinin en fazla izlendi\u011fi yerlerden birisi de \u00e7ene alt\u0131 ve boyun b\u00f6lgesidir. Deri elastisitisesinde ki azalma, g\u0131d\u0131 b\u00f6lgesinde ya\u011f toplanmas\u0131 gibi di\u011fer nedenlerle de boyun b\u00f6lgesinde ya\u015flanma belirtileri g\u00f6zlenebilir. Boyun germe ameliyat\u0131 t\u00fcm bu nedenlerin tedavisine verilen genel bir isimdir.<\/p>\n<p>Boyun germe ameliyat\u0131nda genellikle kulak arkas\u0131na yerle\u015ftirilen bir kesi le ba\u015flan\u0131r. Bu kesi izi sa\u00e7l\u0131 derinin hemen alt\u0131nda kald\u0131\u011f\u0131 ve deri kalitesi olarak olduk\u00e7a iyi bir b\u00f6lgede oldu\u011fu i\u00e7in hastalar\u0131n \u00e7o\u011funda g\u00fczel sonu\u00e7 do\u011furur. Kulak \u00f6n\u00fcne ge\u00e7ildi\u011fi zamanki kesi izleri i\u00e7in de ayn\u0131 \u015fey s\u00f6z konusudur. Burada \u00f6nemli bir nokta iz geli\u015fim \u015fekli ve miktar\u0131nda hastaya ba\u011f\u0131ml\u0131 fakt\u00f6rlerin varl\u0131\u011f\u0131d\u0131r.<\/p>\n<p>\u00d6te yandan hemen hemen hastalar\u0131n tamam\u0131na yak\u0131n\u0131nda \u00e7ok iyi izler elde edilebilmekte iken, herkesin yara iyile\u015fmesi farkl\u0131 oldu\u011fu gibi iz kalma miktar\u0131 da farkl\u0131 olacakt\u0131r. Bunu etkileyen fakt\u00f6rler aras\u0131nda ki\u015finin geneti\u011fi, beslenme al\u0131\u015fkanl\u0131klar\u0131, d\u00fczenli kullan\u0131lan ila\u00e7lar ve hatta sigara kullan\u0131m\u0131 bulunur. Kulak arkas\u0131ndan yap\u0131lan kesi sonras\u0131 boyun derisi orta hatta kadar her iki taraftan kald\u0131r\u0131l\u0131r. Bu i\u015flem s\u0131ras\u0131nda kulak arkas\u0131 kesiler d\u0131\u015f\u0131nda boyunda g\u00f6r\u00fclebilen bir iz olmaz. Ancak baz\u0131 durumlarda kas gev\u015fekli\u011fi var ise g\u0131d\u0131 b\u00f6lgesinin onar\u0131m\u0131 i\u00e7in de \u00e7ene alt\u0131nda birka\u00e7 cm uzunlu\u011funda bir kesi kullan\u0131lmas\u0131 gerekebilir.<\/p>\n<p>\u0130lk birka\u00e7 gece y\u00fcksek yast\u0131k ile hafif oturur pozisyonda yatmak \u00f6demlerin \u00f6nlenmesi a\u00e7\u0131s\u0131ndan \u00f6nemlidir. Ertesi g\u00fcn hasta taburcu edilir. Yakla\u015f\u0131k iki hafta kadar y\u00fczde \u015fi\u015fkinlik ve hafif morluklar olmas\u0131 normaldir. Bu s\u00fcre boyunca \u00f6zel bir y\u00fcz korsesi kullan\u0131l\u0131r. \u0130ki hafta sonunda e\u011fer erimemi\u015fler ise geride kalan diki\u015fler al\u0131n\u0131r. Ameliyat sonras\u0131 be\u015finci g\u00fcnde hastan\u0131n y\u00fcz\u00fcn\u00fc y\u0131kamas\u0131na izin verilir. \u015ei\u015fliklerin inmesi ile ameliyat\u0131n olumlu sonu\u00e7lar\u0131 g\u00f6r\u00fclmeye ba\u015flan\u0131r. Ba\u015far\u0131l\u0131 bir \u015fekilde yap\u0131lm\u0131\u015f olan boyun germe ameliyat\u0131n\u0131n sonucu hastalar i\u00e7in son derece memnun edicidir ve ameliyat sonu\u00e7lar\u0131 kal\u0131c\u0131 olur.<\/p>\n<p>[\/vc_column_text][\/vc_column][\/vc_row][vc_row full_width=&#8221;stretch_row_content&#8221; ts_responsive_css=&#8221;67427488|colbreak_no|||||80px||65px||colbreak_no|||||||||colbreak_no|||||60px||45px|||colbreak_no|||||||||&#8221; css=&#8221;.vc_custom_1690652787134{margin-bottom: 20px !important;}&#8221;][vc_column][vc_row_inner][vc_column_inner]<div class=\"ts-element-heading-wrapper ts-heading-inner ts-element-align-center ts-seperator-none \"><section class=\"ts-vc_cta3-container\"><div class=\"ts-vc_general ts-vc_cta3 ts-cta3-only ts-vc_cta3-style-classic ts-vc_cta3-shape-rounded ts-vc_cta3-align-center ts-vc_cta3-color-transparent ts-vc_cta3-icon-size-md ts-vc_cta3-actions-no ts-cta3-without-desc\"><div class=\"ts-vc_cta3_content-container\"><div class=\"ts-vc_cta3-content\"><div class=\"ts-vc_cta3-content-header ts-wrap\"><div class=\"ts-vc_cta3-headers ts-wrap-cell\"><h4 class=\"ts-custom-heading \" >Clinic P<\/h4>\n<h2 class=\"ts-custom-heading ts-fontweightbold \" >Before &amp; After<\/h2>\n<\/div><\/div><\/div><\/div><\/div><\/section><\/div> <!-- .ts-element-heading-wrapper container --> [\/vc_column_inner][\/vc_row_inner][vc_row_inner][vc_column_inner width=&#8221;1\/3&#8243;][vc_single_image image=&#8221;7841&#8243; img_size=&#8221;medium&#8221; alignment=&#8221;center&#8221; onclick=&#8221;link_image&#8221;][\/vc_column_inner][vc_column_inner width=&#8221;1\/3&#8243;][vc_single_image image=&#8221;7846&#8243; img_size=&#8221;medium&#8221; alignment=&#8221;center&#8221; onclick=&#8221;link_image&#8221;][\/vc_column_inner][vc_column_inner width=&#8221;1\/3&#8243;][vc_single_image image=&#8221;7851&#8243; img_size=&#8221;medium&#8221; alignment=&#8221;center&#8221; onclick=&#8221;link_image&#8221;][\/vc_column_inner][\/vc_row_inner][vc_row_inner][vc_column_inner width=&#8221;1\/3&#8243;][vc_single_image image=&#8221;7856&#8243; img_size=&#8221;medium&#8221; alignment=&#8221;center&#8221; onclick=&#8221;link_image&#8221;][\/vc_column_inner][vc_column_inner width=&#8221;1\/3&#8243;][vc_single_image image=&#8221;7861&#8243; img_size=&#8221;medium&#8221; alignment=&#8221;center&#8221; onclick=&#8221;link_image&#8221;][\/vc_column_inner][vc_column_inner width=&#8221;1\/3&#8243;][vc_single_image image=&#8221;7866&#8243; img_size=&#8221;medium&#8221; alignment=&#8221;center&#8221; onclick=&#8221;link_image&#8221;][\/vc_column_inner][\/vc_row_inner][\/vc_column][\/vc_row]<\/p>\n<p>[vc_row full_width=&#8221;stretch_row_content&#8221; css=&#8221;.vc_custom_1688566483081{margin-top: 40px !important;margin-bottom: 40px !important;padding-top: 60px !important;padding-bottom: 50px !important;background-image: url(https:\/\/clinicp.com\/wp-content\/uploads\/2023\/06\/homepage-banner-1.jpg?id=6461) !important;background-position: center !important;background-repeat: no-repeat !important;background-size: cover !important;}&#8221; ts_responsive_css=&#8221;79823081|colbreak_no|||||80px||50px||colbreak_no|||||||||colbreak_no|||||60px||30px|||colbreak_no|||||||||&#8221; el_class=&#8221;ts-opacity95 ts-font375mode&#8221;][vc_column ts_textcolor=&#8221;white&#8221;]<p style=\"text-align:center;font-size:32px;line-height:42px;\" class=\"ts-custom-heading \" >Estetik Cerrahi ve Medikal Uygulamalar Hakk\u0131nda Hemen Bilgi Al\u0131n<\/p>\n<h3 style=\"text-align:center;font-size:50px;line-height:70px;color:#ffffff;\" class=\"ts-custom-heading vc_custom_1689154869650\" ><a href=\"tel:+90 531 881 6621\">+90 531 881 66 21<\/a><\/h3>\n\r\n\t\t<div class=\"ts-vc_btn3-container ts-vc_btn3-center\"><a class=\"ts-vc_general ts-vc_btn3 ts-vc_btn3-size-lg ts-vc_btn3-shape-rounded ts-vc_btn3-style-flat ts-vc_btn3-weight-yes ts-vc_btn3-icon-left ts-vc_btn3-color-success\" href=\"https:\/\/wa.me\/+905318816621\" title=\"+90 531 881 66 21\"><i class=\"ts-vc_btn3-icon fa fa-whatsapp\"><\/i> WhatsApp<\/a><\/div>[\/vc_column][\/vc_row][vc_row full_width=&#8221;stretch_row_content&#8221; ts_responsive_css=&#8221;67427488|colbreak_no|||||80px||65px||colbreak_no|||||||||colbreak_no|||||60px||45px|||colbreak_no|||||||||&#8221;][vc_column][vc_row_inner][vc_column_inner]<div class=\"ts-element-heading-wrapper ts-heading-inner ts-element-align-center ts-seperator-none \"><section class=\"ts-vc_cta3-container\"><div class=\"ts-vc_general ts-vc_cta3 ts-cta3-only ts-vc_cta3-style-classic ts-vc_cta3-shape-rounded ts-vc_cta3-align-center ts-vc_cta3-color-transparent ts-vc_cta3-icon-size-md ts-vc_cta3-actions-no ts-cta3-without-desc\"><div class=\"ts-vc_cta3_content-container\"><div class=\"ts-vc_cta3-content\"><div class=\"ts-vc_cta3-content-header ts-wrap\"><div class=\"ts-vc_cta3-headers ts-wrap-cell\"><h4 class=\"ts-custom-heading \" >Clinic P<\/h4>\n<h2 class=\"ts-custom-heading ts-fontweightbold \" ><strong>Merkezimiz<\/strong><\/h2>\n<\/div><\/div><\/div><\/div><\/div><\/section><\/div> <!-- .ts-element-heading-wrapper container --> [\/vc_column_inner][\/vc_row_inner][vc_row_inner][vc_column_inner width=&#8221;1\/5&#8243;][vc_single_image image=&#8221;7949&#8243; img_size=&#8221;full&#8221; alignment=&#8221;center&#8221; onclick=&#8221;link_image&#8221;][\/vc_column_inner][vc_column_inner width=&#8221;1\/5&#8243;][vc_single_image image=&#8221;7954&#8243; img_size=&#8221;full&#8221; alignment=&#8221;center&#8221; onclick=&#8221;link_image&#8221;][\/vc_column_inner][vc_column_inner width=&#8221;1\/5&#8243;][vc_single_image image=&#8221;7959&#8243; img_size=&#8221;full&#8221; alignment=&#8221;center&#8221; onclick=&#8221;link_image&#8221;][\/vc_column_inner][vc_column_inner width=&#8221;1\/5&#8243;][vc_single_image image=&#8221;7964&#8243; img_size=&#8221;full&#8221; alignment=&#8221;center&#8221; onclick=&#8221;link_image&#8221;][\/vc_column_inner][vc_column_inner width=&#8221;1\/5&#8243;][vc_single_image image=&#8221;7969&#8243; img_size=&#8221;full&#8221; alignment=&#8221;center&#8221; onclick=&#8221;link_image&#8221;][\/vc_column_inner][\/vc_row_inner][vc_row_inner][vc_column_inner width=&#8221;1\/5&#8243;][vc_single_image image=&#8221;7974&#8243; img_size=&#8221;full&#8221; alignment=&#8221;center&#8221; onclick=&#8221;link_image&#8221;][\/vc_column_inner][vc_column_inner width=&#8221;1\/5&#8243;][vc_single_image image=&#8221;7979&#8243; img_size=&#8221;full&#8221; alignment=&#8221;center&#8221; onclick=&#8221;link_image&#8221;][\/vc_column_inner][vc_column_inner width=&#8221;1\/5&#8243;][vc_single_image image=&#8221;7984&#8243; img_size=&#8221;full&#8221; alignment=&#8221;center&#8221; onclick=&#8221;link_image&#8221;][\/vc_column_inner][vc_column_inner width=&#8221;1\/5&#8243;][vc_single_image image=&#8221;7989&#8243; img_size=&#8221;full&#8221; alignment=&#8221;center&#8221; onclick=&#8221;link_image&#8221;][\/vc_column_inner][vc_column_inner width=&#8221;1\/5&#8243;][vc_single_image image=&#8221;7994&#8243; img_size=&#8221;full&#8221; alignment=&#8221;center&#8221; onclick=&#8221;link_image&#8221;][\/vc_column_inner][\/vc_row_inner][\/vc_column][\/vc_row]<\/p>\n<\/section>","protected":false},"excerpt":{"rendered":"<p>[vc_row ts_responsive_css=&#8221;68913450|colbreak_no|||||||||colbreak_no|||||70||60||colbreak_no|||||50||40|||colbreak_no|||||||||&#8221;][vc_column][vc_column_text]Ya\u015flanma ka\u00e7\u0131n\u0131lmaz bir s\u00fcre\u00e7tir ve ilk bulgular\u0131 daha 30\u2019lu ya\u015flarda y\u00fczde belirmeye ba\u015flar. Ya\u015f ilerledik\u00e7e belirginle\u015fir ve y\u00fczdeki t\u00fcm dokular etkilenir. Y\u00fcz kemikleri incelir. Y\u00fczde cilt elastikiyetini kaybeder, buru\u015fur. Cilt alt\u0131 ya\u011f dokusu ve kaslarda erime ile yumu\u015fak dokuda yer \u00e7ekimi etkisiyle sarkma ba\u015f g\u00f6sterir. T\u00fcm cilt k\u0131r\u0131\u015f\u0131kl\u0131k ve sarkmalarla kaplanmaya ba\u015flar. Sonu\u00e7ta y\u00fcz &hellip; <a href=\"https:\/\/clinicp.com\/tr\/yuz-ve-boyun-germe\/\" class=\"more-link\">Continue reading <span class=\"screen-reader-text\">Y\u00fcz ve Boyun Germe<\/span><\/a><\/p>\n","protected":false},"author":3,"featured_media":5691,"parent":0,"menu_order":13,"comment_status":"closed","ping_status":"closed","template":"","meta":{"footnotes":""},"class_list":["post-4080","page","type-page","status-publish","has-post-thumbnail","hentry"],"_links":{"self":[{"href":"https:\/\/clinicp.com\/tr\/wp-json\/wp\/v2\/pages\/4080","targetHints":{"allow":["GET"]}}],"collection":[{"href":"https:\/\/clinicp.com\/tr\/wp-json\/wp\/v2\/pages"}],"about":[{"href":"https:\/\/clinicp.com\/tr\/wp-json\/wp\/v2\/types\/page"}],"author":[{"embeddable":true,"href":"https:\/\/clinicp.com\/tr\/wp-json\/wp\/v2\/users\/3"}],"replies":[{"embeddable":true,"href":"https:\/\/clinicp.com\/tr\/wp-json\/wp\/v2\/comments?post=4080"}],"version-history":[{"count":11,"href":"https:\/\/clinicp.com\/tr\/wp-json\/wp\/v2\/pages\/4080\/revisions"}],"predecessor-version":[{"id":8569,"href":"https:\/\/clinicp.com\/tr\/wp-json\/wp\/v2\/pages\/4080\/revisions\/8569"}],"wp:featuredmedia":[{"embeddable":true,"href":"https:\/\/clinicp.com\/tr\/wp-json\/wp\/v2\/media\/5691"}],"wp:attachment":[{"href":"https:\/\/clinicp.com\/tr\/wp-json\/wp\/v2\/media?parent=4080"}],"curies":[{"name":"wp","href":"https:\/\/api.w.org\/{rel}","templated":true}]}}