{"id":5727,"date":"2023-06-15T11:18:43","date_gmt":"2023-06-15T11:18:43","guid":{"rendered":"https:\/\/clinicp.com\/?page_id=5727"},"modified":"2023-09-26T13:42:16","modified_gmt":"2023-09-26T10:42:16","slug":"goz-kapagi-estetigi","status":"publish","type":"page","link":"https:\/\/clinicp.com\/tr\/goz-kapagi-estetigi\/","title":{"rendered":"G\u00f6z Kapa\u011f\u0131 Esteti\u011fi"},"content":{"rendered":"<section class=\"wpb-content-wrapper\"><p>[vc_row][vc_column][vc_column_text]Cildimizdeki en ince deri g\u00f6z kapaklar\u0131m\u0131za aittir. Bu sebeple y\u0131llar ge\u00e7tik\u00e7e yer \u00e7ekimi ve ya\u015flanmas\u0131ndan dolay\u0131 g\u00f6z kapaklar\u0131 sarkar ve torbalanmalar olu\u015fur. bu sebeple g\u00f6r\u00fc\u015f bozukluklar\u0131 ile yorgun ve ya\u015fl\u0131 bir g\u00f6r\u00fcnt\u00fc olu\u015fmaya ba\u015flar, g\u00f6ze yap\u0131lan bas\u0131n\u00e7 ki\u015fiyi rahats\u0131z eder.<\/p>\r\n<p>\r\n\r\n\u00dcst G\u00f6z kapa\u011f\u0131 operasyonu sadece estetik a\u00e7\u0131dan de\u011fil, ki\u015finin ya\u015fam kalitesini d\u00fc\u015f\u00fcrmesi sebebiyle sa\u011fl\u0131k a\u00e7\u0131s\u0131ndan da yap\u0131lmas\u0131 uygun g\u00f6r\u00fclen bir operasyondur.<\/p>\r\n<p><strong>G\u00f6z kapa\u011f\u0131 operasyonu<\/strong> yapan cerrah taraf\u0131ndan dikkatli do\u011fru ve profesyonel bir \u015fekilde hesaplanarak yap\u0131lmal\u0131d\u0131r. G\u00f6z kapaklar\u0131 v\u00fccudumuzun di\u011fer b\u00f6lgelerine g\u00f6re daha h\u0131zl\u0131 iyile\u015fir. Yap\u0131lan i\u015flemde \u00fcst g\u00f6z kapa\u011f\u0131 katlanma \u00e7izgisine, saklanmas\u0131 nedeniyle\u00a0 kar\u015f\u0131dan bak\u0131ld\u0131\u011f\u0131nda kesi izinin fark edilmesi g\u00fc\u00e7t\u00fcr.<\/p>\r\n<p>\r\n\r\n<strong>\u00dcst G\u00f6z kapa\u011f\u0131 i\u015flemi<\/strong> uygun hastaya do\u011fru bir \u015fekilde yap\u0131ld\u0131\u011f\u0131 taktirde ki\u015fiyi olduk\u00e7a gen\u00e7le\u015ftiren daha canl\u0131 ve sa\u011fl\u0131kl\u0131 bir g\u00f6r\u00fcnt\u00fc sunan bir operasyondur.<\/p>\r\n\r\n<ul>\r\n<li>\u0130\u015flem yakla\u015f\u0131k 1 saat s\u00fcrer.<\/li>\r\n<li>Lokal yada genel anestezi kullan\u0131larak yap\u0131labilir. Bu tercih cerraha b\u0131rak\u0131lmal\u0131d\u0131r.<\/li>\r\n<li>Hasta ayn\u0131 g\u00fcn taburcu edilir ve 1 hafta i\u00e7inde hastam\u0131z sosyal ya\u015fant\u0131s\u0131na d\u00f6nmektedir.<\/li>\r\n<\/ul>\r\n<p>[\/vc_column_text][\/vc_column][\/vc_row][vc_row full_width=&#8221;stretch_row_content&#8221; ts_responsive_css=&#8221;67427488|colbreak_no|||||80px||65px||colbreak_no|||||||||colbreak_no|||||60px||45px|||colbreak_no|||||||||&#8221;][vc_column][vc_row_inner][vc_column_inner]<div class=\"ts-element-heading-wrapper ts-heading-inner ts-element-align-center ts-seperator-none \"><section class=\"ts-vc_cta3-container\"><div class=\"ts-vc_general ts-vc_cta3 ts-cta3-only ts-vc_cta3-style-classic ts-vc_cta3-shape-rounded ts-vc_cta3-align-center ts-vc_cta3-color-transparent ts-vc_cta3-icon-size-md ts-vc_cta3-actions-no ts-cta3-without-desc\"><div class=\"ts-vc_cta3_content-container\"><div class=\"ts-vc_cta3-content\"><div class=\"ts-vc_cta3-content-header ts-wrap\"><div class=\"ts-vc_cta3-headers ts-wrap-cell\"><h4 class=\"ts-custom-heading \" >Clinic P<\/h4>\n<h2 class=\"ts-custom-heading ts-fontweightbold \" >Before &amp; After<\/h2>\n<\/div><\/div><\/div><\/div><\/div><\/section><\/div> <!-- .ts-element-heading-wrapper container --> [\/vc_column_inner][\/vc_row_inner][vc_row_inner][vc_column_inner width=&#8221;1\/4&#8243;][vc_single_image image=&#8221;7909&#8243; img_size=&#8221;medium&#8221; alignment=&#8221;center&#8221; onclick=&#8221;link_image&#8221;][\/vc_column_inner][vc_column_inner width=&#8221;1\/4&#8243;][vc_single_image image=&#8221;7914&#8243; img_size=&#8221;medium&#8221; alignment=&#8221;center&#8221; onclick=&#8221;link_image&#8221;][\/vc_column_inner][vc_column_inner width=&#8221;1\/4&#8243;][vc_single_image image=&#8221;7919&#8243; img_size=&#8221;medium&#8221; alignment=&#8221;center&#8221; onclick=&#8221;link_image&#8221;][\/vc_column_inner][vc_column_inner width=&#8221;1\/4&#8243;][vc_single_image image=&#8221;7924&#8243; img_size=&#8221;medium&#8221; alignment=&#8221;center&#8221; onclick=&#8221;link_image&#8221;][\/vc_column_inner][\/vc_row_inner][vc_row_inner][vc_column_inner width=&#8221;1\/4&#8243;][vc_single_image image=&#8221;7929&#8243; img_size=&#8221;medium&#8221; alignment=&#8221;center&#8221; onclick=&#8221;link_image&#8221;][\/vc_column_inner][vc_column_inner width=&#8221;1\/4&#8243;][vc_single_image image=&#8221;7934&#8243; img_size=&#8221;medium&#8221; alignment=&#8221;center&#8221; onclick=&#8221;link_image&#8221;][\/vc_column_inner][vc_column_inner width=&#8221;1\/4&#8243;][vc_single_image image=&#8221;7939&#8243; img_size=&#8221;medium&#8221; alignment=&#8221;center&#8221; onclick=&#8221;link_image&#8221;][\/vc_column_inner][vc_column_inner width=&#8221;1\/4&#8243;][vc_single_image image=&#8221;8361&#8243; img_size=&#8221;medium&#8221; alignment=&#8221;center&#8221; onclick=&#8221;link_image&#8221;][\/vc_column_inner][\/vc_row_inner][\/vc_column][\/vc_row]<\/p>\r\n<p>[vc_row full_width=&#8221;stretch_row_content&#8221; css=&#8221;.vc_custom_1688566483081{margin-top: 40px !important;margin-bottom: 40px !important;padding-top: 60px !important;padding-bottom: 50px !important;background-image: url(https:\/\/clinicp.com\/wp-content\/uploads\/2023\/06\/homepage-banner-1.jpg?id=6461) !important;background-position: center !important;background-repeat: no-repeat !important;background-size: cover !important;}&#8221; ts_responsive_css=&#8221;79823081|colbreak_no|||||80px||50px||colbreak_no|||||||||colbreak_no|||||60px||30px|||colbreak_no|||||||||&#8221; el_class=&#8221;ts-opacity95 ts-font375mode&#8221;][vc_column ts_textcolor=&#8221;white&#8221;]<p style=\"text-align:center;font-size:32px;line-height:42px;\" class=\"ts-custom-heading \" >Estetik Cerrahi ve Medikal Uygulamalar Hakk\u0131nda Hemen Bilgi Al\u0131n<\/p>\n<h3 style=\"text-align:center;font-size:50px;line-height:70px;color:#ffffff;\" class=\"ts-custom-heading vc_custom_1689155730001\" ><a href=\"tel:+90 531 881 6621\">+90 531 881 66 21<\/a><\/h3>\n\r\n\t\t<div class=\"ts-vc_btn3-container ts-vc_btn3-center\"><a class=\"ts-vc_general ts-vc_btn3 ts-vc_btn3-size-lg ts-vc_btn3-shape-rounded ts-vc_btn3-style-flat ts-vc_btn3-weight-yes ts-vc_btn3-icon-left ts-vc_btn3-color-success\" href=\"https:\/\/wa.me\/+905318816621\" title=\"+90 531 881 66 21\"><i class=\"ts-vc_btn3-icon fa fa-whatsapp\"><\/i> WhatsApp<\/a><\/div>[\/vc_column][\/vc_row][vc_row full_width=&#8221;stretch_row_content&#8221; ts_responsive_css=&#8221;67427488|colbreak_no|||||80px||65px||colbreak_no|||||||||colbreak_no|||||60px||45px|||colbreak_no|||||||||&#8221;][vc_column][vc_row_inner][vc_column_inner]<div class=\"ts-element-heading-wrapper ts-heading-inner ts-element-align-center ts-seperator-none \"><section class=\"ts-vc_cta3-container\"><div class=\"ts-vc_general ts-vc_cta3 ts-cta3-only ts-vc_cta3-style-classic ts-vc_cta3-shape-rounded ts-vc_cta3-align-center ts-vc_cta3-color-transparent ts-vc_cta3-icon-size-md ts-vc_cta3-actions-no ts-cta3-without-desc\"><div class=\"ts-vc_cta3_content-container\"><div class=\"ts-vc_cta3-content\"><div class=\"ts-vc_cta3-content-header ts-wrap\"><div class=\"ts-vc_cta3-headers ts-wrap-cell\"><h4 class=\"ts-custom-heading \" >Clinic P<\/h4>\n<h2 class=\"ts-custom-heading ts-fontweightbold \" ><strong>Merkezimiz<\/strong><\/h2>\n<\/div><\/div><\/div><\/div><\/div><\/section><\/div> <!-- .ts-element-heading-wrapper container --> [\/vc_column_inner][\/vc_row_inner][vc_row_inner][vc_column_inner width=&#8221;1\/5&#8243;][vc_single_image image=&#8221;7949&#8243; img_size=&#8221;full&#8221; alignment=&#8221;center&#8221; onclick=&#8221;link_image&#8221;][\/vc_column_inner][vc_column_inner width=&#8221;1\/5&#8243;][vc_single_image image=&#8221;7954&#8243; img_size=&#8221;full&#8221; alignment=&#8221;center&#8221; onclick=&#8221;link_image&#8221;][\/vc_column_inner][vc_column_inner width=&#8221;1\/5&#8243;][vc_single_image image=&#8221;7959&#8243; img_size=&#8221;full&#8221; alignment=&#8221;center&#8221; onclick=&#8221;link_image&#8221;][\/vc_column_inner][vc_column_inner width=&#8221;1\/5&#8243;][vc_single_image image=&#8221;7964&#8243; img_size=&#8221;full&#8221; alignment=&#8221;center&#8221; onclick=&#8221;link_image&#8221;][\/vc_column_inner][vc_column_inner width=&#8221;1\/5&#8243;][vc_single_image image=&#8221;7969&#8243; img_size=&#8221;full&#8221; alignment=&#8221;center&#8221; onclick=&#8221;link_image&#8221;][\/vc_column_inner][\/vc_row_inner][vc_row_inner][vc_column_inner width=&#8221;1\/5&#8243;][vc_single_image image=&#8221;7974&#8243; img_size=&#8221;full&#8221; alignment=&#8221;center&#8221; onclick=&#8221;link_image&#8221;][\/vc_column_inner][vc_column_inner width=&#8221;1\/5&#8243;][vc_single_image image=&#8221;7979&#8243; img_size=&#8221;full&#8221; alignment=&#8221;center&#8221; onclick=&#8221;link_image&#8221;][\/vc_column_inner][vc_column_inner width=&#8221;1\/5&#8243;][vc_single_image image=&#8221;7984&#8243; img_size=&#8221;full&#8221; alignment=&#8221;center&#8221; onclick=&#8221;link_image&#8221;][\/vc_column_inner][vc_column_inner width=&#8221;1\/5&#8243;][vc_single_image image=&#8221;7989&#8243; img_size=&#8221;full&#8221; alignment=&#8221;center&#8221; onclick=&#8221;link_image&#8221;][\/vc_column_inner][vc_column_inner width=&#8221;1\/5&#8243;][vc_single_image image=&#8221;7994&#8243; img_size=&#8221;full&#8221; alignment=&#8221;center&#8221; onclick=&#8221;link_image&#8221;][\/vc_column_inner][\/vc_row_inner][\/vc_column][\/vc_row]<\/p><\/section>","protected":false},"excerpt":{"rendered":"<p>[vc_row][vc_column][vc_column_text]Cildimizdeki en ince deri g\u00f6z kapaklar\u0131m\u0131za aittir. Bu sebeple y\u0131llar ge\u00e7tik\u00e7e yer \u00e7ekimi ve ya\u015flanmas\u0131ndan dolay\u0131 g\u00f6z kapaklar\u0131 sarkar ve torbalanmalar olu\u015fur. bu sebeple g\u00f6r\u00fc\u015f bozukluklar\u0131 ile yorgun ve ya\u015fl\u0131 bir g\u00f6r\u00fcnt\u00fc olu\u015fmaya ba\u015flar, g\u00f6ze yap\u0131lan bas\u0131n\u00e7 ki\u015fiyi rahats\u0131z eder. \u00dcst G\u00f6z kapa\u011f\u0131 operasyonu sadece estetik a\u00e7\u0131dan de\u011fil, ki\u015finin ya\u015fam kalitesini d\u00fc\u015f\u00fcrmesi sebebiyle sa\u011fl\u0131k a\u00e7\u0131s\u0131ndan &hellip; <a href=\"https:\/\/clinicp.com\/tr\/goz-kapagi-estetigi\/\" class=\"more-link\">Continue reading <span class=\"screen-reader-text\">G\u00f6z Kapa\u011f\u0131 Esteti\u011fi<\/span><\/a><\/p>\n","protected":false},"author":3,"featured_media":5728,"parent":0,"menu_order":0,"comment_status":"closed","ping_status":"closed","template":"","meta":{"footnotes":""},"class_list":["post-5727","page","type-page","status-publish","has-post-thumbnail","hentry"],"_links":{"self":[{"href":"https:\/\/clinicp.com\/tr\/wp-json\/wp\/v2\/pages\/5727","targetHints":{"allow":["GET"]}}],"collection":[{"href":"https:\/\/clinicp.com\/tr\/wp-json\/wp\/v2\/pages"}],"about":[{"href":"https:\/\/clinicp.com\/tr\/wp-json\/wp\/v2\/types\/page"}],"author":[{"embeddable":true,"href":"https:\/\/clinicp.com\/tr\/wp-json\/wp\/v2\/users\/3"}],"replies":[{"embeddable":true,"href":"https:\/\/clinicp.com\/tr\/wp-json\/wp\/v2\/comments?post=5727"}],"version-history":[{"count":9,"href":"https:\/\/clinicp.com\/tr\/wp-json\/wp\/v2\/pages\/5727\/revisions"}],"predecessor-version":[{"id":8572,"href":"https:\/\/clinicp.com\/tr\/wp-json\/wp\/v2\/pages\/5727\/revisions\/8572"}],"wp:featuredmedia":[{"embeddable":true,"href":"https:\/\/clinicp.com\/tr\/wp-json\/wp\/v2\/media\/5728"}],"wp:attachment":[{"href":"https:\/\/clinicp.com\/tr\/wp-json\/wp\/v2\/media?parent=5727"}],"curies":[{"name":"wp","href":"https:\/\/api.w.org\/{rel}","templated":true}]}}