{"id":5747,"date":"2023-06-15T11:29:12","date_gmt":"2023-06-15T11:29:12","guid":{"rendered":"https:\/\/clinicp.com\/?page_id=5747"},"modified":"2023-09-26T13:44:53","modified_gmt":"2023-09-26T10:44:53","slug":"kepce-kulak-ameliyati","status":"publish","type":"page","link":"https:\/\/clinicp.com\/tr\/kepce-kulak-ameliyati\/","title":{"rendered":"Kep\u00e7e Kulak Ameliyat\u0131"},"content":{"rendered":"<section class=\"wpb-content-wrapper\"><p>[vc_row][vc_column][vc_column_text]Kep\u00e7e kulak deformitesi genellikle genetik etkenlerden dolay\u0131 olu\u015fmaktad\u0131r. Bu deformiteleri kep\u00e7e kulak esteti\u011fi uygulanarak giderilmektedir.<\/p>\r\n<p>\r\n\r\nT\u0131pta otoplasti olarak adland\u0131r\u0131lan kep\u00e7e kulak ameliyat\u0131 bu soruna kal\u0131c\u0131 \u00e7\u00f6z\u00fcm olmaktad\u0131r. Bu sorun kulaklarda ya\u015fanan bozukluklar\u0131n en ba\u015f\u0131nda gelmektedir. Y\u00fcz\u00fcn estetik a\u00e7\u0131dan g\u00f6r\u00fcn\u00fcm\u00fcn\u00fc tamamlayan kulaklar\u0131n kep\u00e7e olmas\u0131 halinde ki\u015filerde farkl\u0131 psikolojik sorunlar ortaya \u00e7\u0131kmaktad\u0131r. Bunlar ilerleyen d\u00f6nmelerde sa\u00e7larla kapat\u0131lmaya \u00e7al\u0131\u015f\u0131lsa bile, bu uygulamada fazla ba\u015far\u0131 sa\u011flanamaz. \u00d6zellikle \u00e7ocuklar bu konuda psikolojik sorunlar\u0131 olduk\u00e7a fazla ya\u015far. Bu nedenle kula\u011f\u0131n k\u0131k\u0131rdaklar\u0131n\u0131n geli\u015fimini tamamlad\u0131\u011f\u0131 5-6 ya\u015f\u0131ndan itibaren bu sorun kep\u00e7e kulak esteti\u011fi ile kal\u0131c\u0131 olarak \u00e7\u00f6z\u00fcmlenmelidir. Bu ameliyatlar ki\u015filerde psikolojik sorunlara neden olan kep\u00e7e kulak problemini ortadan kald\u0131rd\u0131\u011f\u0131ndan, bir estetik ameliyat olarak de\u011ferlendirilmemelidir.<\/p>\r\n<p><br \/><\/p>\r\n<h3 class=\"wp-block-heading\">Kep\u00e7e kulak esteti\u011fi&#8217;nin en erken uyguland\u0131\u011f\u0131 d\u00f6nem nedir?<\/h3>\r\n<p>\r\n\r\nKep\u00e7e kulak deformitesi toplumda en fazla rastlanan bir \u015fekil bozuklu\u011fu olarak dikkat \u00e7ekmektedir. Bu \u015fekil bozuklu\u011funun do\u011fu\u015ftan itibaren olmas\u0131, kep\u00e7e kulak sorununun genetik oldu\u011funu g\u00f6stermektedir. Kulaklardaki geli\u015fimin tamamlanmas\u0131 yani k\u0131k\u0131rdak dokular\u0131n\u0131n \u015fekillenmesi 5-6 ya\u015f\u0131na kadar devam eder. Bu d\u00f6nemde kulaklar\u0131n g\u00f6r\u00fcnt\u00fcs\u00fcnden rahats\u0131z olan \u00e7ocuklar\u0131n sosyal \u00e7evresiyle ileti\u015fimini koparabildi\u011fi g\u00f6zlenmektedir. \u00c7ocuklar i\u00e7in ruhsal sorunlara neden olabilecek kep\u00e7e kulak deformitesi okul \u00e7a\u011f\u0131ndan \u00f6nce d\u00fczeltilmelidir. \u00c7ocuklar\u0131n okul d\u00f6neminde sosyal bir travma ya\u015famamalar\u0131 i\u00e7in kep\u00e7e kulak ameliyat\u0131 daha \u00f6nce yap\u0131lmal\u0131d\u0131r. Bu ameliyat kulak geli\u015fimini tamamlam\u0131\u015f olan her ya\u015ftan ki\u015fiye uygulanabilir. Ancak uzmanlar\u0131n tavsiyesi okul d\u00f6neminden \u00f6nce yapt\u0131r\u0131lmas\u0131d\u0131r.<\/p>\r\n<p>\r\n\r\nCerrahi y\u00f6ntem kullan\u0131larak yap\u0131lan ameliyat sonras\u0131nda, yap\u0131lan kep\u00e7e kulak esteti\u011finde geri d\u00f6n\u00fc\u015f m\u00fcmk\u00fcn de\u011fildir. Kep\u00e7e kulak esteti\u011fi yap\u0131lan kulaklar kal\u0131c\u0131 olarak \u015fekillendirilmektedir.<\/p>\r\n<p><br \/><\/p>\r\n<h3 class=\"wp-block-heading\">Kep\u00e7e kulak ameliyat karar\u0131 nas\u0131l al\u0131n\u0131r?<\/h3>\r\n<p>\r\n\r\nYap\u0131lan muayenede kulaklar\u0131n yap\u0131s\u0131 incelenerek, bunlar\u0131n nas\u0131l d\u00fczeltilece\u011fi konusunda gereken karar verilecek ve ameliyat plan\u0131 yap\u0131lacakt\u0131r. Deformite tek kulakta olsa bile, baz\u0131 durumlarda simetriyi sa\u011flamak i\u00e7in her iki kula\u011fa m\u00fcdahale edilmesi gerekebilir. Kep\u00e7e kulak ameliyat\u0131n\u0131n gerekli oldu\u011fu karar\u0131ndan sonra, hastalar\u0131n ameliyat \u00f6ncesinde ve ameliyat sonras\u0131nda dikkat etmesi gereken konular konu\u015fulacakt\u0131r. Ameliyat s\u0131ras\u0131nda kullan\u0131lacak anestezi t\u00fcr\u00fc, cerrahi y\u00f6ntemler t\u00fcm a\u00e7\u0131kl\u0131\u011f\u0131yla doktor taraf\u0131ndan hastaya anlat\u0131lacakt\u0131r.<\/p>\r\n<p><br \/><\/p>\r\n<h3 class=\"wp-block-heading\">Kep\u00e7e kulak esteti\u011fi (ameliyat\u0131) nas\u0131l uygulan\u0131r?<\/h3>\r\n<p>\r\n\r\nKulak arkas\u0131ndan ve hi\u00e7 fark edilemeyecek kadar k\u00fc\u00e7\u00fck bir kesiyle ger\u00e7ekle\u015ftirilen kep\u00e7e kulak esteti\u011fi sayesinde, kulak kep\u00e7esinde kal\u0131c\u0131 bir \u015fekillendirme yap\u0131l\u0131r. Kulaktaki k\u0131k\u0131rdak yap\u0131lar, ameliyat s\u0131ras\u0131nda kullan\u0131lan kal\u0131c\u0131 diki\u015flerle uygun a\u00e7\u0131ya getirilerek \u015fekillendirilmektedir. Bu ameliyat kulakta kal\u0131c\u0131 bir d\u00fczelme meydana getirir.<\/p>\r\n<p><br \/><\/p>\r\n<blockquote class=\"wp-block-quote is-layout-flow wp-block-quote-is-layout-flow\">\r\n<p>Ameliyat\u0131n en b\u00fcy\u00fck avantaj\u0131, kep\u00e7e kulak deformitesinin yeniden tekrarlama olas\u0131l\u0131\u011f\u0131n\u0131n olmamas\u0131d\u0131r.<\/p>\r\n<\/blockquote>\r\n<p>\r\n\r\nKep\u00e7e kulak ameliyat\u0131 s\u0131ras\u0131nda 10-12 ya\u015f\u0131n alt\u0131ndaki \u00e7ocuklarda genel anestezi yap\u0131lmakta, daha b\u00fcy\u00fck ya\u015ftaki ki\u015filerde lokal anestezi uygulamas\u0131 yap\u0131lmaktad\u0131r. Ameliyat her iki kulak i\u00e7in, yakla\u015f\u0131k olarak 1 saat i\u00e7inde tamamlan\u0131r. Ameliyattan sonra kulaklar\u0131 bask\u0131lay\u0131c\u0131 bandaj uygulamas\u0131 yap\u0131l\u0131r. Genel anestezi uygulanmayan ki\u015filer d\u0131\u015f\u0131ndakiler ayn\u0131 g\u00fcn i\u00e7inde hastaneden taburcu edilir. Kulaklardaki bandajlar 5 g\u00fcn s\u00fcreyle a\u00e7\u0131lmaz. Bu s\u00fcre sonunda bandajlar doktor taraf\u0131ndan a\u00e7\u0131larak, hastalar\u0131n kulaklar\u0131na tenis\u00e7i band\u0131 tak\u0131l\u0131r. G\u00f6r\u00fcn\u00fcrde herhangi bir iz kalmayan ve ba\u015far\u0131l\u0131 bir \u015fekilde ger\u00e7ekle\u015fen ameliyatlar\u0131n ard\u0131ndan, ki\u015filerin kendine olan \u00f6zg\u00fcveni artar ve ya\u015fama daha iyi ba\u011flan\u0131rlar.<\/p>\r\n<p><br \/><\/p>\r\n<h3 class=\"wp-block-heading\">Kep\u00e7e kulak esteti\u011fi (ameliyat\u0131) riskli bir ameliyat m\u0131d\u0131r?<\/h3>\r\n<p>\r\n\r\nBu ameliyatlar\u0131n risk oran\u0131 olduk\u00e7a d\u00fc\u015f\u00fckt\u00fcr. Ancak uygulanan bir cerrahi giri\u015fim oldu\u011fundan, potansiyel risk fakt\u00f6rleri olabilir. Bu fakt\u00f6rler ameliyat b\u00f6lgesinde enfeksiyon olu\u015fma, kanama olmas\u0131, hematom yani kan birikimi gibi risklerdir. Bunlar \u00e7ok nadir olarak geli\u015fse de, hastalara bu konuda gereken bilgilendirme yap\u0131l\u0131r. Hastalar\u0131n estetik olarak ya\u015fayabilece\u011fi problemlerin ba\u015f\u0131nda, kulaklarda olu\u015facak asimetriler gelir. \u00c7o\u011fu hastan\u0131n ameliyat \u00f6ncesinde de asimetrisi olabilir. Bunlar\u0131n giderilmesi her zaman kolay olmaz. Ancak kulaklar\u0131n simetrik olmas\u0131, ameliyat sonras\u0131nda asimetri olu\u015fmas\u0131 sorunu da ya\u015fanabilir. Olu\u015fabilecek di\u011fer sorun ise kulaklar\u0131n ameliyatla ba\u015fa daha yak\u0131n hale getirilmesidir. Fakat bu t\u00fcr sorunlarda nadir olarak ya\u015fanabilir.<\/p>\r\n<p><br \/><\/p>\r\n<h3 class=\"wp-block-heading\">Kep\u00e7e kulak esteti\u011fi (ameliyat\u0131)nden sonra normal ya\u015fama ne zaman d\u00f6n\u00fclebilir?<\/h3>\r\n<p>\r\n\r\nBu ameliyat\u0131 olan ki\u015filer i\u015f ya\u015fam\u0131na ve sosyal hayat\u0131na d\u00f6n\u00fc\u015fte erkek ve kad\u0131n hastalara g\u00f6re farkl\u0131l\u0131klar ya\u015farlar. Kad\u0131nlar sa\u00e7 band\u0131n\u0131 normalde sa\u00e7lar\u0131na aksesuar olarak kulland\u0131\u011f\u0131ndan, ameliyat sonras\u0131nda normal ya\u015famalar\u0131na hemen d\u00f6nebilirler. Erkeklerin bu \u015fans\u0131 olmad\u0131\u011f\u0131ndan, normal ya\u015fama d\u00f6n\u00fc\u015f s\u00fcrecinde biraz beklemeleri gerekir. Sa\u00e7 band\u0131 uygulamas\u0131 eskiden yap\u0131lan klasik bandaj uygulamas\u0131na g\u00f6re daha kullan\u0131\u015fl\u0131d\u0131r.<\/p>\r\n<p><br \/><\/p>\r\n<h3 class=\"wp-block-heading\">Kep\u00e7e kulak esteti\u011fi (ameliyat\u0131n)de iyile\u015fme s\u00fcresi ne kadar s\u00fcrer?<\/h3>\r\n\r\n<ol>\r\n<li>Kep\u00e7e kulak ameliyat\u0131ndan sonra her iki kula\u011f\u0131n \u00fczerine uygulanan bask\u0131l\u0131 sarg\u0131yla hasta, ba\u015fka bir sorunu yoksa ayn\u0131 g\u00fcn i\u00e7inde evine gidebilir.<\/li>\r\n<li>Ameliyattan sonraki g\u00fcn hastan\u0131n doktoruna pansuman i\u00e7in gitmesi gerekir.<\/li>\r\n<li>\u0130lk g\u00fcnde gerdirmeden kaynakl\u0131 kulaklarda biraz a\u011fr\u0131 olsa da, a\u011fr\u0131lar normal a\u011fr\u0131 kesici ila\u00e7larla rahat\u00e7a giderilebilir.<\/li>\r\n<li>Kulaklardaki sarg\u0131lar a\u00e7\u0131ld\u0131ktan sonra birka\u00e7 g\u00fcn s\u00fcreyle kulaklar\u0131n \u00fczerine gelecek \u015fekilde tenis\u00e7i band\u0131 ya da kad\u0131nlar\u0131n kulland\u0131\u011f\u0131 sa\u00e7 band\u0131 tak\u0131lmas\u0131 gerekir. Tak\u0131lacak band\u0131n \u00e7ok gev\u015fek ya da \u00e7ok s\u0131k\u0131 olmamas\u0131 gerekir.<\/li>\r\n<li>Ameliyat\u0131n ard\u0131ndan 3-5 g\u00fcn s\u00fcreyle i\u015flem yap\u0131lan kulaklarda hafif bir k\u0131zar\u0131kl\u0131k ve \u015fi\u015flik meydana gelebilir. Bu s\u00fcre ge\u00e7tikten sonra kulaklarda d\u00fczelme g\u00f6zlenir.<\/li>\r\n<li>Kep\u00e7e kulak ameliyat\u0131 yap\u0131lan estetik ameliyatlar i\u00e7inde k\u0131sa s\u00fcrede iyile\u015fme g\u00f6steren operasyonlar aras\u0131nda yer al\u0131r.<\/li>\r\n<li>Kulakta olu\u015fan \u00f6dem ameliyattan sonra iki hafta i\u00e7inde ge\u00e7er. Kula\u011f\u0131n ger\u00e7ek \u015fekline kavu\u015fmas\u0131 1-2 ay kadar s\u00fcrer. Ancak bu s\u00fcrede kulaklardan rahats\u0131z olaca\u011f\u0131 bir g\u00f6r\u00fcnt\u00fc meydana gelmez.<\/li>\r\n<li>Ameliyat\u0131n kula\u011f\u0131n arka b\u00f6l\u00fcm\u00fcnden yap\u0131lmas\u0131 ve a\u00e7\u0131lan kesinin orada olmas\u0131 sebebiyle, kulaklarda g\u00f6r\u00fcn\u00fcr bir iz kalmaz. Bu ince kesi yeri ve diki\u015f izi ameliyattan belli bir sonra iyice belirsiz bir hale gelir.<\/li>\r\n<\/ol>\r\n<p>[\/vc_column_text][\/vc_column][\/vc_row][vc_row full_width=&#8221;stretch_row_content&#8221; ts_responsive_css=&#8221;67427488|colbreak_no|||||80px||65px||colbreak_no|||||||||colbreak_no|||||60px||45px|||colbreak_no|||||||||&#8221; css=&#8221;.vc_custom_1690192495995{margin-bottom: 50px !important;}&#8221;][vc_column][vc_row_inner][vc_column_inner]<div class=\"ts-element-heading-wrapper ts-heading-inner ts-element-align-center ts-seperator-none \"><section class=\"ts-vc_cta3-container\"><div class=\"ts-vc_general ts-vc_cta3 ts-cta3-only ts-vc_cta3-style-classic ts-vc_cta3-shape-rounded ts-vc_cta3-align-center ts-vc_cta3-color-transparent ts-vc_cta3-icon-size-md ts-vc_cta3-actions-no ts-cta3-without-desc\"><div class=\"ts-vc_cta3_content-container\"><div class=\"ts-vc_cta3-content\"><div class=\"ts-vc_cta3-content-header ts-wrap\"><div class=\"ts-vc_cta3-headers ts-wrap-cell\"><h4 class=\"ts-custom-heading \" >Clinic P<\/h4>\n<h2 class=\"ts-custom-heading ts-fontweightbold \" >Before &amp; After<\/h2>\n<\/div><\/div><\/div><\/div><\/div><\/section><\/div> <!-- .ts-element-heading-wrapper container --> [\/vc_column_inner][\/vc_row_inner][vc_row_inner][vc_column_inner width=&#8221;1\/3&#8243;][vc_single_image image=&#8221;7563&#8243; img_size=&#8221;medium&#8221; alignment=&#8221;center&#8221; onclick=&#8221;link_image&#8221;][\/vc_column_inner][vc_column_inner width=&#8221;1\/3&#8243;][vc_single_image image=&#8221;7558&#8243; img_size=&#8221;medium&#8221; alignment=&#8221;center&#8221; onclick=&#8221;link_image&#8221;][\/vc_column_inner][vc_column_inner width=&#8221;1\/3&#8243;][vc_single_image image=&#8221;7553&#8243; img_size=&#8221;medium&#8221; alignment=&#8221;center&#8221; onclick=&#8221;link_image&#8221;][\/vc_column_inner][\/vc_row_inner][\/vc_column][\/vc_row]<\/p>\r\n<p>[vc_row full_width=&#8221;stretch_row_content&#8221; css=&#8221;.vc_custom_1688566483081{margin-top: 40px !important;margin-bottom: 40px !important;padding-top: 60px !important;padding-bottom: 50px !important;background-image: url(https:\/\/clinicp.com\/wp-content\/uploads\/2023\/06\/homepage-banner-1.jpg?id=6461) !important;background-position: center !important;background-repeat: no-repeat !important;background-size: cover !important;}&#8221; ts_responsive_css=&#8221;79823081|colbreak_no|||||80px||50px||colbreak_no|||||||||colbreak_no|||||60px||30px|||colbreak_no|||||||||&#8221; el_class=&#8221;ts-opacity95 ts-font375mode&#8221;][vc_column ts_textcolor=&#8221;white&#8221;]<p style=\"text-align:center;font-size:32px;line-height:42px;\" class=\"ts-custom-heading \" >Estetik Cerrahi ve Medikal Uygulamalar Hakk\u0131nda Hemen Bilgi Al\u0131n<\/p>\n<h3 style=\"text-align:center;font-size:50px;line-height:70px;color:#ffffff;\" class=\"ts-custom-heading vc_custom_1689155939784\" ><a href=\"tel:+90 531 881 6621\">+90 531 881 66 21<\/a><\/h3>\n\r\n\t\t<div class=\"ts-vc_btn3-container ts-vc_btn3-center\"><a class=\"ts-vc_general ts-vc_btn3 ts-vc_btn3-size-lg ts-vc_btn3-shape-rounded ts-vc_btn3-style-flat ts-vc_btn3-weight-yes ts-vc_btn3-icon-left ts-vc_btn3-color-success\" href=\"https:\/\/wa.me\/+905318816621\" title=\"+90 531 881 66 21\"><i class=\"ts-vc_btn3-icon fa fa-whatsapp\"><\/i> WhatsApp<\/a><\/div>[\/vc_column][\/vc_row][vc_row full_width=&#8221;stretch_row_content&#8221; ts_responsive_css=&#8221;67427488|colbreak_no|||||80px||65px||colbreak_no|||||||||colbreak_no|||||60px||45px|||colbreak_no|||||||||&#8221;][vc_column][vc_row_inner][vc_column_inner]<div class=\"ts-element-heading-wrapper ts-heading-inner ts-element-align-center ts-seperator-none \"><section class=\"ts-vc_cta3-container\"><div class=\"ts-vc_general ts-vc_cta3 ts-cta3-only ts-vc_cta3-style-classic ts-vc_cta3-shape-rounded ts-vc_cta3-align-center ts-vc_cta3-color-transparent ts-vc_cta3-icon-size-md ts-vc_cta3-actions-no ts-cta3-without-desc\"><div class=\"ts-vc_cta3_content-container\"><div class=\"ts-vc_cta3-content\"><div class=\"ts-vc_cta3-content-header ts-wrap\"><div class=\"ts-vc_cta3-headers ts-wrap-cell\"><h4 class=\"ts-custom-heading \" >Clinic P<\/h4>\n<h2 class=\"ts-custom-heading ts-fontweightbold \" ><strong>Merkezimiz<\/strong><\/h2>\n<\/div><\/div><\/div><\/div><\/div><\/section><\/div> <!-- .ts-element-heading-wrapper container --> [\/vc_column_inner][\/vc_row_inner][vc_row_inner][vc_column_inner width=&#8221;1\/5&#8243;][vc_single_image image=&#8221;7949&#8243; img_size=&#8221;full&#8221; alignment=&#8221;center&#8221; onclick=&#8221;link_image&#8221;][\/vc_column_inner][vc_column_inner width=&#8221;1\/5&#8243;][vc_single_image image=&#8221;7954&#8243; img_size=&#8221;full&#8221; alignment=&#8221;center&#8221; onclick=&#8221;link_image&#8221;][\/vc_column_inner][vc_column_inner width=&#8221;1\/5&#8243;][vc_single_image image=&#8221;7959&#8243; img_size=&#8221;full&#8221; alignment=&#8221;center&#8221; onclick=&#8221;link_image&#8221;][\/vc_column_inner][vc_column_inner width=&#8221;1\/5&#8243;][vc_single_image image=&#8221;7964&#8243; img_size=&#8221;full&#8221; alignment=&#8221;center&#8221; onclick=&#8221;link_image&#8221;][\/vc_column_inner][vc_column_inner width=&#8221;1\/5&#8243;][vc_single_image image=&#8221;7969&#8243; img_size=&#8221;full&#8221; alignment=&#8221;center&#8221; onclick=&#8221;link_image&#8221;][\/vc_column_inner][\/vc_row_inner][vc_row_inner][vc_column_inner width=&#8221;1\/5&#8243;][vc_single_image image=&#8221;7974&#8243; img_size=&#8221;full&#8221; alignment=&#8221;center&#8221; onclick=&#8221;link_image&#8221;][\/vc_column_inner][vc_column_inner width=&#8221;1\/5&#8243;][vc_single_image image=&#8221;7979&#8243; img_size=&#8221;full&#8221; alignment=&#8221;center&#8221; onclick=&#8221;link_image&#8221;][\/vc_column_inner][vc_column_inner width=&#8221;1\/5&#8243;][vc_single_image image=&#8221;7984&#8243; img_size=&#8221;full&#8221; alignment=&#8221;center&#8221; onclick=&#8221;link_image&#8221;][\/vc_column_inner][vc_column_inner width=&#8221;1\/5&#8243;][vc_single_image image=&#8221;7989&#8243; img_size=&#8221;full&#8221; alignment=&#8221;center&#8221; onclick=&#8221;link_image&#8221;][\/vc_column_inner][vc_column_inner width=&#8221;1\/5&#8243;][vc_single_image image=&#8221;7994&#8243; img_size=&#8221;full&#8221; alignment=&#8221;center&#8221; onclick=&#8221;link_image&#8221;][\/vc_column_inner][\/vc_row_inner][\/vc_column][\/vc_row]<\/p><\/section>","protected":false},"excerpt":{"rendered":"<p>[vc_row][vc_column][vc_column_text]Kep\u00e7e kulak deformitesi genellikle genetik etkenlerden dolay\u0131 olu\u015fmaktad\u0131r. Bu deformiteleri kep\u00e7e kulak esteti\u011fi uygulanarak giderilmektedir. T\u0131pta otoplasti olarak adland\u0131r\u0131lan kep\u00e7e kulak ameliyat\u0131 bu soruna kal\u0131c\u0131 \u00e7\u00f6z\u00fcm olmaktad\u0131r. Bu sorun kulaklarda ya\u015fanan bozukluklar\u0131n en ba\u015f\u0131nda gelmektedir. Y\u00fcz\u00fcn estetik a\u00e7\u0131dan g\u00f6r\u00fcn\u00fcm\u00fcn\u00fc tamamlayan kulaklar\u0131n kep\u00e7e olmas\u0131 halinde ki\u015filerde farkl\u0131 psikolojik sorunlar ortaya \u00e7\u0131kmaktad\u0131r. Bunlar ilerleyen d\u00f6nmelerde sa\u00e7larla kapat\u0131lmaya &hellip; <a href=\"https:\/\/clinicp.com\/tr\/kepce-kulak-ameliyati\/\" class=\"more-link\">Continue reading <span class=\"screen-reader-text\">Kep\u00e7e Kulak Ameliyat\u0131<\/span><\/a><\/p>\n","protected":false},"author":3,"featured_media":5748,"parent":0,"menu_order":0,"comment_status":"closed","ping_status":"closed","template":"","meta":{"footnotes":""},"class_list":["post-5747","page","type-page","status-publish","has-post-thumbnail","hentry"],"_links":{"self":[{"href":"https:\/\/clinicp.com\/tr\/wp-json\/wp\/v2\/pages\/5747","targetHints":{"allow":["GET"]}}],"collection":[{"href":"https:\/\/clinicp.com\/tr\/wp-json\/wp\/v2\/pages"}],"about":[{"href":"https:\/\/clinicp.com\/tr\/wp-json\/wp\/v2\/types\/page"}],"author":[{"embeddable":true,"href":"https:\/\/clinicp.com\/tr\/wp-json\/wp\/v2\/users\/3"}],"replies":[{"embeddable":true,"href":"https:\/\/clinicp.com\/tr\/wp-json\/wp\/v2\/comments?post=5747"}],"version-history":[{"count":8,"href":"https:\/\/clinicp.com\/tr\/wp-json\/wp\/v2\/pages\/5747\/revisions"}],"predecessor-version":[{"id":8574,"href":"https:\/\/clinicp.com\/tr\/wp-json\/wp\/v2\/pages\/5747\/revisions\/8574"}],"wp:featuredmedia":[{"embeddable":true,"href":"https:\/\/clinicp.com\/tr\/wp-json\/wp\/v2\/media\/5748"}],"wp:attachment":[{"href":"https:\/\/clinicp.com\/tr\/wp-json\/wp\/v2\/media?parent=5747"}],"curies":[{"name":"wp","href":"https:\/\/api.w.org\/{rel}","templated":true}]}}