{"id":5786,"date":"2023-06-15T14:39:29","date_gmt":"2023-06-15T14:39:29","guid":{"rendered":"https:\/\/clinicp.com\/?page_id=5786"},"modified":"2023-09-26T13:49:18","modified_gmt":"2023-09-26T10:49:18","slug":"liposuction","status":"publish","type":"page","link":"https:\/\/clinicp.com\/tr\/liposuction\/","title":{"rendered":"Liposuction"},"content":{"rendered":"<section class=\"wpb-content-wrapper\"><p>[vc_row][vc_column][vc_column_text]<strong>Liposuction<\/strong> v\u00fccudun belli b\u00f6lgelerinde var olan fazla miktarda ya\u011f dokular\u0131n\u0131n vakum yoluyla al\u0131nma y\u00f6netimidir. Ancak liposuction halk aras\u0131nda zay\u0131flama y\u00f6ntemi olarak alg\u0131lansa da bu yanl\u0131\u015f bir bilgidir \u00e7\u00fcnk\u00fc liposuction kilo verme ameliyat\u0131 de\u011fil kontur d\u00fczeltme ameliyat\u0131d\u0131r.<\/p>\r\n\r\n<blockquote>\r\n<p>Liposuction i\u015fleminde ba\u015far\u0131l\u0131 sonu\u00e7 elde etmek i\u00e7in hastan\u0131n \u00f6ncelikle sa\u011fl\u0131\u011f\u0131, beraberinde deri elastikiyetine ve kilosunun bu i\u015fleme uygun olup olmad\u0131\u011f\u0131na bak\u0131lmal\u0131d\u0131r. \u00c7\u00fcnk\u00fc bu i\u015flemde hastadan al\u0131nmas\u0131 gereken ya\u011f oran\u0131 ki\u015finin kilosunun %5\u2019i kadar olmal\u0131d\u0131r.<\/p>\r\n<\/blockquote>\r\n<p>\r\n\r\n\u00d6rne\u011fin 25 kilo fazlas\u0131 olan bir ki\u015finin v\u00fccudundan al\u0131nacak 3.5 yada 4 litre ya\u011f dokusu hastan\u0131n v\u00fccudunda belirgin bir sonu\u00e7 vermez. Dolay\u0131s\u0131yla hasta i\u015flemden memnun kalmaz ancak 10 kilo fazlas\u0131 bulunan bir ki\u015fide al\u0131nan bu ya\u011f oran\u0131 hastan\u0131n v\u00fccudunda ortalama 2 bedene yak\u0131n bir incelme sa\u011flayabilir.<\/p>\r\n<h2>Liposuction Operasyon S\u00fcreci<\/h2>\r\n<p>\r\n\r\nLiposuction i\u015flemi yakla\u015f\u0131k 1 ile 3 saat aras\u0131nda yap\u0131lacak i\u015flemin b\u00fcy\u00fckl\u00fc\u011f\u00fcne g\u00f6re de\u011fi\u015fmektedir. \u0130\u015flemden sonra mutlaka 3 hafta ile 4 hafta aras\u0131nda korse kullan\u0131lmal\u0131d\u0131r bu \u00f6demin daha h\u0131zl\u0131 at\u0131lmas\u0131n\u0131 sa\u011flar.<\/p>\r\n<p>\r\n\r\nOperasyon tam donan\u0131ml\u0131 bir hastane ortam\u0131nda yap\u0131lmal\u0131d\u0131r hastan\u0131n hastanede kal\u0131p kalmayaca\u011f\u0131 yada ne s\u00fcre\u00e7te sosyal ya\u015fant\u0131s\u0131na d\u00f6nece\u011fi yap\u0131lan i\u015flemin b\u00fcy\u00fckl\u00fc\u011f\u00fcne g\u00f6re de\u011fi\u015fir.<\/p>\r\n<p>Liposuction, a\u011fr\u0131l\u0131 bir i\u015flem olarak bilinse de art\u0131k g\u00fcn\u00fcm\u00fczde \u00e7ok daha konforlu hale gelmi\u015ftir.<\/p>\r\n<p>[\/vc_column_text][\/vc_column][\/vc_row][vc_row full_width=&#8221;stretch_row_content&#8221; ts_responsive_css=&#8221;67427488|colbreak_no|||||80px||65px||colbreak_no|||||||||colbreak_no|||||60px||45px|||colbreak_no|||||||||&#8221; css=&#8221;.vc_custom_1690043090648{margin-bottom: 60px !important;}&#8221;][vc_column][vc_row_inner][vc_column_inner]<div class=\"ts-element-heading-wrapper ts-heading-inner ts-element-align-center ts-seperator-none \"><section class=\"ts-vc_cta3-container\"><div class=\"ts-vc_general ts-vc_cta3 ts-cta3-only ts-vc_cta3-style-classic ts-vc_cta3-shape-rounded ts-vc_cta3-align-center ts-vc_cta3-color-transparent ts-vc_cta3-icon-size-md ts-vc_cta3-actions-no ts-cta3-without-desc\"><div class=\"ts-vc_cta3_content-container\"><div class=\"ts-vc_cta3-content\"><div class=\"ts-vc_cta3-content-header ts-wrap\"><div class=\"ts-vc_cta3-headers ts-wrap-cell\"><h4 class=\"ts-custom-heading \" >Clinic P<\/h4>\n<h2 class=\"ts-custom-heading ts-fontweightbold \" >Before &amp; After<\/h2>\n<\/div><\/div><\/div><\/div><\/div><\/section><\/div> <!-- .ts-element-heading-wrapper container --> [\/vc_column_inner][\/vc_row_inner][vc_row_inner][vc_column_inner width=&#8221;1\/4&#8243;][vc_single_image image=&#8221;8418&#8243; img_size=&#8221;medium&#8221; alignment=&#8221;center&#8221; onclick=&#8221;link_image&#8221;][\/vc_column_inner][vc_column_inner width=&#8221;1\/4&#8243;][vc_single_image image=&#8221;8423&#8243; img_size=&#8221;medium&#8221; alignment=&#8221;center&#8221; onclick=&#8221;link_image&#8221;][\/vc_column_inner][vc_column_inner width=&#8221;1\/4&#8243;][vc_single_image image=&#8221;8428&#8243; img_size=&#8221;medium&#8221; alignment=&#8221;center&#8221; onclick=&#8221;link_image&#8221;][\/vc_column_inner][vc_column_inner width=&#8221;1\/4&#8243;][vc_single_image image=&#8221;8433&#8243; img_size=&#8221;medium&#8221; alignment=&#8221;center&#8221; onclick=&#8221;link_image&#8221;][\/vc_column_inner][\/vc_row_inner][vc_row_inner][vc_column_inner width=&#8221;1\/4&#8243;][vc_single_image image=&#8221;8438&#8243; img_size=&#8221;medium&#8221; alignment=&#8221;center&#8221; onclick=&#8221;link_image&#8221;][\/vc_column_inner][vc_column_inner width=&#8221;1\/4&#8243;][vc_single_image image=&#8221;8443&#8243; img_size=&#8221;medium&#8221; alignment=&#8221;center&#8221; onclick=&#8221;link_image&#8221;][\/vc_column_inner][vc_column_inner width=&#8221;1\/4&#8243;][vc_single_image image=&#8221;8448&#8243; img_size=&#8221;medium&#8221; alignment=&#8221;center&#8221; onclick=&#8221;link_image&#8221;][\/vc_column_inner][vc_column_inner width=&#8221;1\/4&#8243;][vc_single_image image=&#8221;8453&#8243; img_size=&#8221;medium&#8221; alignment=&#8221;center&#8221; onclick=&#8221;link_image&#8221;][\/vc_column_inner][\/vc_row_inner][\/vc_column][\/vc_row]<\/p>\r\n<p>[vc_row full_width=&#8221;stretch_row_content&#8221; css=&#8221;.vc_custom_1688566483081{margin-top: 40px !important;margin-bottom: 40px !important;padding-top: 60px !important;padding-bottom: 50px !important;background-image: url(https:\/\/clinicp.com\/wp-content\/uploads\/2023\/06\/homepage-banner-1.jpg?id=6461) !important;background-position: center !important;background-repeat: no-repeat !important;background-size: cover !important;}&#8221; ts_responsive_css=&#8221;79823081|colbreak_no|||||80px||50px||colbreak_no|||||||||colbreak_no|||||60px||30px|||colbreak_no|||||||||&#8221; el_class=&#8221;ts-opacity95 ts-font375mode&#8221;][vc_column ts_textcolor=&#8221;white&#8221;]<p style=\"text-align:center;font-size:32px;line-height:42px;\" class=\"ts-custom-heading \" >Estetik Cerrahi ve Medikal Uygulamalar Hakk\u0131nda Hemen Bilgi Al\u0131n<\/p>\n<h3 style=\"text-align:center;font-size:40px;line-height:70px;color:#ffffff;\" class=\"ts-custom-heading vc_custom_1689156290615\" ><a href=\"tel:+90 531 881 6621\">+90 531 881 66 21<\/a><\/h3>\n\r\n\t\t<div class=\"ts-vc_btn3-container ts-vc_btn3-center\"><a class=\"ts-vc_general ts-vc_btn3 ts-vc_btn3-size-lg ts-vc_btn3-shape-rounded ts-vc_btn3-style-flat ts-vc_btn3-weight-yes ts-vc_btn3-icon-left ts-vc_btn3-color-success\" href=\"https:\/\/wa.me\/+905318816621\" title=\"+90 531 881 66 21\"><i class=\"ts-vc_btn3-icon fa fa-whatsapp\"><\/i> WhatsApp<\/a><\/div>[\/vc_column][\/vc_row][vc_row full_width=&#8221;stretch_row_content&#8221; ts_responsive_css=&#8221;67427488|colbreak_no|||||80px||65px||colbreak_no|||||||||colbreak_no|||||60px||45px|||colbreak_no|||||||||&#8221;][vc_column][vc_row_inner][vc_column_inner]<div class=\"ts-element-heading-wrapper ts-heading-inner ts-element-align-center ts-seperator-none \"><section class=\"ts-vc_cta3-container\"><div class=\"ts-vc_general ts-vc_cta3 ts-cta3-only ts-vc_cta3-style-classic ts-vc_cta3-shape-rounded ts-vc_cta3-align-center ts-vc_cta3-color-transparent ts-vc_cta3-icon-size-md ts-vc_cta3-actions-no ts-cta3-without-desc\"><div class=\"ts-vc_cta3_content-container\"><div class=\"ts-vc_cta3-content\"><div class=\"ts-vc_cta3-content-header ts-wrap\"><div class=\"ts-vc_cta3-headers ts-wrap-cell\"><h4 class=\"ts-custom-heading \" >Clinic P<\/h4>\n<h2 class=\"ts-custom-heading ts-fontweightbold \" ><strong>Merkezimiz<\/strong><\/h2>\n<\/div><\/div><\/div><\/div><\/div><\/section><\/div> <!-- .ts-element-heading-wrapper container --> [\/vc_column_inner][\/vc_row_inner][vc_row_inner][vc_column_inner width=&#8221;1\/5&#8243;][vc_single_image image=&#8221;7949&#8243; img_size=&#8221;full&#8221; alignment=&#8221;center&#8221; onclick=&#8221;link_image&#8221;][\/vc_column_inner][vc_column_inner width=&#8221;1\/5&#8243;][vc_single_image image=&#8221;7954&#8243; img_size=&#8221;full&#8221; alignment=&#8221;center&#8221; onclick=&#8221;link_image&#8221;][\/vc_column_inner][vc_column_inner width=&#8221;1\/5&#8243;][vc_single_image image=&#8221;7959&#8243; img_size=&#8221;full&#8221; alignment=&#8221;center&#8221; onclick=&#8221;link_image&#8221;][\/vc_column_inner][vc_column_inner width=&#8221;1\/5&#8243;][vc_single_image image=&#8221;7964&#8243; img_size=&#8221;full&#8221; alignment=&#8221;center&#8221; onclick=&#8221;link_image&#8221;][\/vc_column_inner][vc_column_inner width=&#8221;1\/5&#8243;][vc_single_image image=&#8221;7969&#8243; img_size=&#8221;full&#8221; alignment=&#8221;center&#8221; onclick=&#8221;link_image&#8221;][\/vc_column_inner][\/vc_row_inner][vc_row_inner][vc_column_inner width=&#8221;1\/5&#8243;][vc_single_image image=&#8221;7974&#8243; img_size=&#8221;full&#8221; alignment=&#8221;center&#8221; onclick=&#8221;link_image&#8221;][\/vc_column_inner][vc_column_inner width=&#8221;1\/5&#8243;][vc_single_image image=&#8221;7979&#8243; img_size=&#8221;full&#8221; alignment=&#8221;center&#8221; onclick=&#8221;link_image&#8221;][\/vc_column_inner][vc_column_inner width=&#8221;1\/5&#8243;][vc_single_image image=&#8221;7984&#8243; img_size=&#8221;full&#8221; alignment=&#8221;center&#8221; onclick=&#8221;link_image&#8221;][\/vc_column_inner][vc_column_inner width=&#8221;1\/5&#8243;][vc_single_image image=&#8221;7989&#8243; img_size=&#8221;full&#8221; alignment=&#8221;center&#8221; onclick=&#8221;link_image&#8221;][\/vc_column_inner][vc_column_inner width=&#8221;1\/5&#8243;][vc_single_image image=&#8221;7994&#8243; img_size=&#8221;full&#8221; alignment=&#8221;center&#8221; onclick=&#8221;link_image&#8221;][\/vc_column_inner][\/vc_row_inner][\/vc_column][\/vc_row]<\/p><\/section>","protected":false},"excerpt":{"rendered":"<p>[vc_row][vc_column][vc_column_text]Liposuction v\u00fccudun belli b\u00f6lgelerinde var olan fazla miktarda ya\u011f dokular\u0131n\u0131n vakum yoluyla al\u0131nma y\u00f6netimidir. Ancak liposuction halk aras\u0131nda zay\u0131flama y\u00f6ntemi olarak alg\u0131lansa da bu yanl\u0131\u015f bir bilgidir \u00e7\u00fcnk\u00fc liposuction kilo verme ameliyat\u0131 de\u011fil kontur d\u00fczeltme ameliyat\u0131d\u0131r. Liposuction i\u015fleminde ba\u015far\u0131l\u0131 sonu\u00e7 elde etmek i\u00e7in hastan\u0131n \u00f6ncelikle sa\u011fl\u0131\u011f\u0131, beraberinde deri elastikiyetine ve kilosunun bu i\u015fleme uygun olup &hellip; <a href=\"https:\/\/clinicp.com\/tr\/liposuction\/\" class=\"more-link\">Continue reading <span class=\"screen-reader-text\">Liposuction<\/span><\/a><\/p>\n","protected":false},"author":3,"featured_media":5787,"parent":0,"menu_order":0,"comment_status":"closed","ping_status":"closed","template":"","meta":{"footnotes":""},"class_list":["post-5786","page","type-page","status-publish","has-post-thumbnail","hentry"],"_links":{"self":[{"href":"https:\/\/clinicp.com\/tr\/wp-json\/wp\/v2\/pages\/5786","targetHints":{"allow":["GET"]}}],"collection":[{"href":"https:\/\/clinicp.com\/tr\/wp-json\/wp\/v2\/pages"}],"about":[{"href":"https:\/\/clinicp.com\/tr\/wp-json\/wp\/v2\/types\/page"}],"author":[{"embeddable":true,"href":"https:\/\/clinicp.com\/tr\/wp-json\/wp\/v2\/users\/3"}],"replies":[{"embeddable":true,"href":"https:\/\/clinicp.com\/tr\/wp-json\/wp\/v2\/comments?post=5786"}],"version-history":[{"count":8,"href":"https:\/\/clinicp.com\/tr\/wp-json\/wp\/v2\/pages\/5786\/revisions"}],"predecessor-version":[{"id":8577,"href":"https:\/\/clinicp.com\/tr\/wp-json\/wp\/v2\/pages\/5786\/revisions\/8577"}],"wp:featuredmedia":[{"embeddable":true,"href":"https:\/\/clinicp.com\/tr\/wp-json\/wp\/v2\/media\/5787"}],"wp:attachment":[{"href":"https:\/\/clinicp.com\/tr\/wp-json\/wp\/v2\/media?parent=5786"}],"curies":[{"name":"wp","href":"https:\/\/api.w.org\/{rel}","templated":true}]}}