{"id":5794,"date":"2023-06-15T14:41:27","date_gmt":"2023-06-15T14:41:27","guid":{"rendered":"https:\/\/clinicp.com\/?page_id=5794"},"modified":"2023-08-01T15:50:52","modified_gmt":"2023-08-01T12:50:52","slug":"annelik-estetigi","status":"publish","type":"page","link":"https:\/\/clinicp.com\/tr\/annelik-estetigi\/","title":{"rendered":"Annelik Esteti\u011fi"},"content":{"rendered":"<section class=\"wpb-content-wrapper\"><p>[vc_row][vc_column][\/vc_column][vc_column_text]Hamilelik ve annelik s\u00fcreci, bir kad\u0131n\u0131n hayat\u0131ndaki en \u00f6nemli d\u00f6n\u00fcm noktalar\u0131ndan biridir. Ayn\u0131 zamanda, v\u00fccutta bir\u00e7ok de\u011fi\u015fiklik yaratmakla birlikte birtak\u0131m deformasyonlara da yol a\u00e7maktad\u0131r. Bu da bir\u00e7ok kad\u0131n\u0131n bedeninden art\u0131k eskisi gibi be\u011fenmemesine neden olur.<\/p>\n<p>Do\u011fum sonras\u0131 fazla kilolar verilse bile, kendili\u011finden v\u00fccudun eski g\u00f6r\u00fcnt\u00fcs\u00fcne d\u00f6nmesi m\u00fcmk\u00fcn olmayabilir. Bu b\u00fct\u00fcnc\u00fcl cerrahi m\u00fcdahale y\u00f6ntemi, tek seferde ki\u015fiyi hamilelik \u00f6ncesi sahip olunan v\u00fccut formuna geri sokmay\u0131 ba\u015far\u0131r.<\/p>\n<h2>Annelik Esteti\u011fi Ameliyat S\u00fcreci<\/h2>\n<p>Annelik esteti\u011finde; g\u00f6\u011f\u00fcs, kar\u0131n ve bel b\u00f6lgesine ayn\u0131 anda m\u00fcdahale edilir. G\u00f6\u011f\u00fcsler k\u00fc\u00e7\u00fclt\u00fcl\u00fcr, toparlan\u0131r ya da b\u00fcy\u00fcterek toparlan\u0131r.<\/p>\n<p>Kar\u0131n b\u00f6lgesine hastan\u0131n ihtiyac\u0131na g\u00f6re Liposuction ve kar\u0131n germe i\u015flemi uygulan\u0131r. Bel ve s\u0131rt b\u00f6lgesinden Liposuction&#8217;la fazla ya\u011flar al\u0131n\u0131r.<\/p>\n<p>Payasl\u0131 Klinik b\u00fcnyesinde Vaser Liposuction cihaz\u0131 kullan\u0131l\u0131r. Ameliyatlar\u0131m\u0131z hastane ortam\u0131nda genel anestezi alt\u0131nda yap\u0131l\u0131r.<\/p>\n<p>Ameliyat s\u00fcresi, ameliyat\u0131n teknik ve kapsam\u0131na ba\u011fl\u0131 olarak 3-5 saat aras\u0131ndad\u0131r. Bu ameliyatlardan sonra hastalar genellikle ilk g\u00fcn aya\u011fa kalkabilir. 2 g\u00fcn sonra da taburcu edilir.<\/p>\n<p>\u0130lk g\u00fcn hastalarda hafif a\u011f\u0131rlar g\u00f6r\u00fclebilir. 3. g\u00fcnden sonra art\u0131k tamamen hareket edebilecek durumda olurlar. Ameliyattan birka\u00e7 g\u00fcn sonra normal hayata d\u00f6n\u00fclmesi m\u00fcmk\u00fcnd\u00fcr.<\/p>\n<p>Hastalar\u0131n <strong>annelik esteti\u011fi<\/strong> sonras\u0131 dinlenme s\u00fcresi, yap\u0131lacak operasyon say\u0131s\u0131na ba\u011fl\u0131 olarak de\u011fi\u015fir.<\/p>\n<p>Annelik esteti\u011finin sonu\u00e7lar\u0131n\u0131 uzun s\u00fcre devam ettirebilmek i\u00e7in, ameliyat sonras\u0131nda uygun bir egzersiz program\u0131 olu\u015fturmak gerekir.<\/p>\n<p>Hamilelik sonras\u0131 iyi bir g\u00f6r\u00fcn\u00fcme sahip olmak yaln\u0131zca do\u011fum sonras\u0131 ger\u00e7ekle\u015ftirilen estetik s\u00fcre\u00e7lerle ili\u015fkili de\u011fildir. Do\u011fum sonras\u0131 g\u00f6r\u00fcn\u00fcm, hamilelik s\u00fcresi i\u00e7indeyken yapt\u0131\u011f\u0131n\u0131z egzersiz ve yeme rutiniyle de do\u011frudan ba\u011flant\u0131l\u0131d\u0131r. Bu sebeple hamilelik s\u00fcrecinde, v\u00fccut sa\u011fl\u0131\u011f\u0131 ve fiziksel g\u00f6r\u00fcn\u00fcm i\u00e7in dikkat edilmesi gereken hususlar\u0131 takip etmek gerekir.[\/vc_column_text][\/vc_row][vc_row full_width=&#8221;stretch_row_content&#8221; css=&#8221;.vc_custom_1688566483081{margin-top: 40px !important;margin-bottom: 40px !important;padding-top: 60px !important;padding-bottom: 50px !important;background-image: url(https:\/\/clinicp.com\/wp-content\/uploads\/2023\/06\/homepage-banner-1.jpg?id=6461) !important;background-position: center !important;background-repeat: no-repeat !important;background-size: cover !important;}&#8221; ts_responsive_css=&#8221;79823081|colbreak_no|||||80px||50px||colbreak_no|||||||||colbreak_no|||||60px||30px|||colbreak_no|||||||||&#8221; el_class=&#8221;ts-opacity95 ts-font375mode&#8221;][vc_column ts_textcolor=&#8221;white&#8221;]<p style=\"text-align:center;font-size:32px;line-height:42px;\" class=\"ts-custom-heading \" >Estetik Cerrahi ve Medikal Uygulamalar Hakk\u0131nda Hemen Bilgi Al\u0131n<\/p>\n<h3 style=\"text-align:center;font-size:40px;line-height:70px;color:#ffffff;\" class=\"ts-custom-heading vc_custom_1690894059552\" ><a href=\"tel:+90 531 881 6621\">+90 531 881 66 21<\/a><\/h3>\n\r\n\t\t<div class=\"ts-vc_btn3-container ts-vc_btn3-center\"><a class=\"ts-vc_general ts-vc_btn3 ts-vc_btn3-size-lg ts-vc_btn3-shape-rounded ts-vc_btn3-style-flat ts-vc_btn3-weight-yes ts-vc_btn3-icon-left ts-vc_btn3-color-success\" href=\"https:\/\/wa.me\/+905318816621\" title=\"+90 531 881 66 21\"><i class=\"ts-vc_btn3-icon fa fa-whatsapp\"><\/i> WhatsApp<\/a><\/div>[\/vc_column][\/vc_row][vc_row full_width=&#8221;stretch_row_content&#8221; ts_responsive_css=&#8221;67427488|colbreak_no|||||80px||65px||colbreak_no|||||||||colbreak_no|||||60px||45px|||colbreak_no|||||||||&#8221;][vc_column][vc_row_inner][vc_column_inner]<div class=\"ts-element-heading-wrapper ts-heading-inner ts-element-align-center ts-seperator-none \"><section class=\"ts-vc_cta3-container\"><div class=\"ts-vc_general ts-vc_cta3 ts-cta3-only ts-vc_cta3-style-classic ts-vc_cta3-shape-rounded ts-vc_cta3-align-center ts-vc_cta3-color-transparent ts-vc_cta3-icon-size-md ts-vc_cta3-actions-no ts-cta3-without-desc\"><div class=\"ts-vc_cta3_content-container\"><div class=\"ts-vc_cta3-content\"><div class=\"ts-vc_cta3-content-header ts-wrap\"><div class=\"ts-vc_cta3-headers ts-wrap-cell\"><h4 class=\"ts-custom-heading \" >Clinic P<\/h4>\n<h2 class=\"ts-custom-heading ts-fontweightbold \" >Merkezimiz<\/h2>\n<\/div><\/div><\/div><\/div><\/div><\/section><\/div> <!-- .ts-element-heading-wrapper container --> [\/vc_column_inner][\/vc_row_inner][vc_row_inner][vc_column_inner width=&#8221;1\/5&#8243;][vc_single_image image=&#8221;7949&#8243; img_size=&#8221;full&#8221; alignment=&#8221;center&#8221; onclick=&#8221;link_image&#8221;][\/vc_column_inner][vc_column_inner width=&#8221;1\/5&#8243;][vc_single_image image=&#8221;7954&#8243; img_size=&#8221;full&#8221; alignment=&#8221;center&#8221; onclick=&#8221;link_image&#8221;][\/vc_column_inner][vc_column_inner width=&#8221;1\/5&#8243;][vc_single_image image=&#8221;7959&#8243; img_size=&#8221;full&#8221; alignment=&#8221;center&#8221; onclick=&#8221;link_image&#8221;][\/vc_column_inner][vc_column_inner width=&#8221;1\/5&#8243;][vc_single_image image=&#8221;7964&#8243; img_size=&#8221;full&#8221; alignment=&#8221;center&#8221; onclick=&#8221;link_image&#8221;][\/vc_column_inner][vc_column_inner width=&#8221;1\/5&#8243;][vc_single_image image=&#8221;7969&#8243; img_size=&#8221;full&#8221; alignment=&#8221;center&#8221; onclick=&#8221;link_image&#8221;][\/vc_column_inner][\/vc_row_inner][vc_row_inner][vc_column_inner width=&#8221;1\/5&#8243;][vc_single_image image=&#8221;7974&#8243; img_size=&#8221;full&#8221; alignment=&#8221;center&#8221; onclick=&#8221;link_image&#8221;][\/vc_column_inner][vc_column_inner width=&#8221;1\/5&#8243;][vc_single_image image=&#8221;7979&#8243; img_size=&#8221;full&#8221; alignment=&#8221;center&#8221; onclick=&#8221;link_image&#8221;][\/vc_column_inner][vc_column_inner width=&#8221;1\/5&#8243;][vc_single_image image=&#8221;7984&#8243; img_size=&#8221;full&#8221; alignment=&#8221;center&#8221; onclick=&#8221;link_image&#8221;][\/vc_column_inner][vc_column_inner width=&#8221;1\/5&#8243;][vc_single_image image=&#8221;7989&#8243; img_size=&#8221;full&#8221; alignment=&#8221;center&#8221; onclick=&#8221;link_image&#8221;][\/vc_column_inner][vc_column_inner width=&#8221;1\/5&#8243;][vc_single_image image=&#8221;7994&#8243; img_size=&#8221;full&#8221; alignment=&#8221;center&#8221; onclick=&#8221;link_image&#8221;][\/vc_column_inner][\/vc_row_inner][\/vc_column][\/vc_row]<\/p>\n<\/section>","protected":false},"excerpt":{"rendered":"<p>[vc_row][vc_column][\/vc_column][vc_column_text]Hamilelik ve annelik s\u00fcreci, bir kad\u0131n\u0131n hayat\u0131ndaki en \u00f6nemli d\u00f6n\u00fcm noktalar\u0131ndan biridir. Ayn\u0131 zamanda, v\u00fccutta bir\u00e7ok de\u011fi\u015fiklik yaratmakla birlikte birtak\u0131m deformasyonlara da yol a\u00e7maktad\u0131r. Bu da bir\u00e7ok kad\u0131n\u0131n bedeninden art\u0131k eskisi gibi be\u011fenmemesine neden olur. Do\u011fum sonras\u0131 fazla kilolar verilse bile, kendili\u011finden v\u00fccudun eski g\u00f6r\u00fcnt\u00fcs\u00fcne d\u00f6nmesi m\u00fcmk\u00fcn olmayabilir. Bu b\u00fct\u00fcnc\u00fcl cerrahi m\u00fcdahale y\u00f6ntemi, tek seferde &hellip; <a href=\"https:\/\/clinicp.com\/tr\/annelik-estetigi\/\" class=\"more-link\">Continue reading <span class=\"screen-reader-text\">Annelik Esteti\u011fi<\/span><\/a><\/p>\n","protected":false},"author":3,"featured_media":5795,"parent":0,"menu_order":0,"comment_status":"closed","ping_status":"closed","template":"","meta":{"footnotes":""},"class_list":["post-5794","page","type-page","status-publish","has-post-thumbnail","hentry"],"_links":{"self":[{"href":"https:\/\/clinicp.com\/tr\/wp-json\/wp\/v2\/pages\/5794","targetHints":{"allow":["GET"]}}],"collection":[{"href":"https:\/\/clinicp.com\/tr\/wp-json\/wp\/v2\/pages"}],"about":[{"href":"https:\/\/clinicp.com\/tr\/wp-json\/wp\/v2\/types\/page"}],"author":[{"embeddable":true,"href":"https:\/\/clinicp.com\/tr\/wp-json\/wp\/v2\/users\/3"}],"replies":[{"embeddable":true,"href":"https:\/\/clinicp.com\/tr\/wp-json\/wp\/v2\/comments?post=5794"}],"version-history":[{"count":9,"href":"https:\/\/clinicp.com\/tr\/wp-json\/wp\/v2\/pages\/5794\/revisions"}],"predecessor-version":[{"id":8011,"href":"https:\/\/clinicp.com\/tr\/wp-json\/wp\/v2\/pages\/5794\/revisions\/8011"}],"wp:featuredmedia":[{"embeddable":true,"href":"https:\/\/clinicp.com\/tr\/wp-json\/wp\/v2\/media\/5795"}],"wp:attachment":[{"href":"https:\/\/clinicp.com\/tr\/wp-json\/wp\/v2\/media?parent=5794"}],"curies":[{"name":"wp","href":"https:\/\/api.w.org\/{rel}","templated":true}]}}