{"id":5802,"date":"2023-06-15T14:43:59","date_gmt":"2023-06-15T14:43:59","guid":{"rendered":"https:\/\/clinicp.com\/?page_id=5802"},"modified":"2023-09-26T13:50:21","modified_gmt":"2023-09-26T10:50:21","slug":"karin-germe","status":"publish","type":"page","link":"https:\/\/clinicp.com\/tr\/karin-germe\/","title":{"rendered":"Kar\u0131n Germe"},"content":{"rendered":"<section class=\"wpb-content-wrapper\"><p>[vc_row][vc_column][vc_column_text]Sezeryan, hamilelik ve s\u00fcrekli kilo al\u0131p vermeye ba\u011fl\u0131 olarak olu\u015fan sark\u0131kl\u0131k, \u00e7atlaklar ve ya\u011flanmalar gibi sebeplerle kar\u0131n germe ameliyatlar\u0131na ihtiya\u00e7 duyulmaktad\u0131r.<\/p>\r\n<p>\r\n\r\nKar\u0131n b\u00f6lgesindeki ya\u011f fazlal\u0131\u011f\u0131, deri fazlal\u0131\u011f\u0131, sark\u0131kl\u0131k gibi sorunlar i\u00e7in kar\u0131n germe ameliyat\u0131 yap\u0131l\u0131r. Operasyonda fazla deri al\u0131n\u0131r, deri gerdirilir, d\u00fczg\u00fcn bir g\u00f6r\u00fcn\u00fcme kavu\u015fturulmas\u0131 sa\u011flan\u0131r. Sarkm\u0131\u015f deri g\u00f6r\u00fcn\u00fcm\u00fc ortadan kalkar, fazla ya\u011flar al\u0131n\u0131r ve \u00f6zellikle g\u00f6bek deli\u011finin alt\u0131ndaki \u00e7atlaklar yok edilmi\u015f olur.<\/p>\r\n<p>\r\n\r\nKar\u0131n ve g\u00f6bek alt\u0131 b\u00f6lgesindeki deformasyonu gidermek i\u00e7in genel anlamda yap\u0131lacak m\u00fcdahalelerin yan\u0131 s\u0131ra ya\u011flanma ve sarkmalar sadece g\u00f6bek deli\u011fi alt\u0131 b\u00f6lgesinde olu\u015fmu\u015fsa, bu durumda mini kar\u0131n germe operasyonu yeterli olabilir.<\/p>\r\n<p>\r\n\r\nPayasl\u0131 Klinik b\u00fcnyesinde Vaser Liposuction cihaz\u0131 kullan\u0131l\u0131r. Ameliyat s\u00fcresi, ameliyat\u0131n teknik ve kapsam\u0131na ba\u011fl\u0131 olarak 3-5 saattir. Ki\u015fi operasyondan 4 saat sonra aya\u011fa kalkabilir, 2 g\u00fcn sonra da taburcu edilir.<\/p>\r\n<h2>Kar\u0131n Germe Ameliyat\u0131 Sonras\u0131<\/h2>\r\n\r\n<ul>\r\n<li>Hastalara <strong>kar\u0131n germe ameliyat\u0131<\/strong> sonras\u0131nda \u00f6zel bir korse giymeleri tavsiye edilir. Yakla\u015f\u0131k 1 ay gibi bir s\u00fcre devaml\u0131 olarak giyilen bu korse sayesinde, kar\u0131n b\u00f6lgesi istenen forma ula\u015f\u0131r ve operasyonun verimi artar. Ameliyattan a\u015fa\u011f\u0131 yukar\u0131 3-4 saat sonra aya\u011fa kalk\u0131p birinin yard\u0131m\u0131yla y\u00fcr\u00fcyebilirsiniz.<\/li>\r\n<li>Ameliyat\u0131n ertesi g\u00fcn\u00fcnde ise herhangi bir destek almadan yava\u015f yava\u015f y\u00fcr\u00fcmeye ba\u015flayabilirsiniz.<\/li>\r\n<li>Operasyon esnas\u0131nda kar\u0131n b\u00f6lgesine uygulanan i\u015flemler ve diki\u015flerden dolay\u0131, k\u0131sa bir s\u00fcre a\u011fr\u0131 olabilir.<\/li>\r\n<li>Kendinizi iyi hissediyorsan\u0131z ve a\u011f\u0131r ko\u015fullarda \u00e7al\u0131\u015fm\u0131yorsan\u0131z, yakla\u015f\u0131k 7-10 g\u00fcnl\u00fck bir s\u00fcre i\u00e7erisinde i\u015finize d\u00f6nebilirsiniz. Vermi\u015f oldu\u011fumuz bu bilgiler t\u00fcm kar\u0131n germe ameliyatlar\u0131 i\u00e7in ge\u00e7erlidir.<\/li>\r\n<\/ul>\r\n<p>[\/vc_column_text][\/vc_column][\/vc_row][vc_row full_width=&#8221;stretch_row_content&#8221; ts_responsive_css=&#8221;67427488|colbreak_no|||||80px||65px||colbreak_no|||||||||colbreak_no|||||60px||45px|||colbreak_no|||||||||&#8221; css=&#8221;.vc_custom_1690043090648{margin-bottom: 60px !important;}&#8221;][vc_column][vc_row_inner][vc_column_inner]<div class=\"ts-element-heading-wrapper ts-heading-inner ts-element-align-center ts-seperator-none \"><section class=\"ts-vc_cta3-container\"><div class=\"ts-vc_general ts-vc_cta3 ts-cta3-only ts-vc_cta3-style-classic ts-vc_cta3-shape-rounded ts-vc_cta3-align-center ts-vc_cta3-color-transparent ts-vc_cta3-icon-size-md ts-vc_cta3-actions-no ts-cta3-without-desc\"><div class=\"ts-vc_cta3_content-container\"><div class=\"ts-vc_cta3-content\"><div class=\"ts-vc_cta3-content-header ts-wrap\"><div class=\"ts-vc_cta3-headers ts-wrap-cell\"><h4 class=\"ts-custom-heading \" >Clinic P<\/h4>\n<h2 class=\"ts-custom-heading ts-fontweightbold \" >Before &amp; After<\/h2>\n<\/div><\/div><\/div><\/div><\/div><\/section><\/div> <!-- .ts-element-heading-wrapper container --> [\/vc_column_inner][\/vc_row_inner][vc_row_inner][vc_column_inner width=&#8221;1\/4&#8243;][vc_single_image image=&#8221;8460&#8243; img_size=&#8221;medium&#8221; alignment=&#8221;center&#8221; onclick=&#8221;link_image&#8221;][\/vc_column_inner][vc_column_inner width=&#8221;1\/4&#8243;][vc_single_image image=&#8221;8465&#8243; img_size=&#8221;medium&#8221; alignment=&#8221;center&#8221; onclick=&#8221;link_image&#8221;][\/vc_column_inner][vc_column_inner width=&#8221;1\/4&#8243;][vc_single_image image=&#8221;8470&#8243; img_size=&#8221;medium&#8221; alignment=&#8221;center&#8221; onclick=&#8221;link_image&#8221;][\/vc_column_inner][vc_column_inner width=&#8221;1\/4&#8243;][vc_single_image image=&#8221;8475&#8243; img_size=&#8221;medium&#8221; alignment=&#8221;center&#8221; onclick=&#8221;link_image&#8221;][\/vc_column_inner][\/vc_row_inner][vc_row_inner][vc_column_inner width=&#8221;1\/4&#8243;][vc_single_image image=&#8221;8480&#8243; img_size=&#8221;medium&#8221; alignment=&#8221;center&#8221; onclick=&#8221;link_image&#8221;][\/vc_column_inner][vc_column_inner width=&#8221;1\/4&#8243;][vc_single_image image=&#8221;8485&#8243; img_size=&#8221;medium&#8221; alignment=&#8221;center&#8221; onclick=&#8221;link_image&#8221;][\/vc_column_inner][vc_column_inner width=&#8221;1\/4&#8243;][vc_single_image image=&#8221;8490&#8243; img_size=&#8221;medium&#8221; alignment=&#8221;center&#8221; onclick=&#8221;link_image&#8221;][\/vc_column_inner][vc_column_inner width=&#8221;1\/4&#8243;][vc_single_image image=&#8221;8495&#8243; img_size=&#8221;medium&#8221; alignment=&#8221;center&#8221; onclick=&#8221;link_image&#8221;][\/vc_column_inner][\/vc_row_inner][\/vc_column][\/vc_row]<\/p>\r\n<p>[vc_row full_width=&#8221;stretch_row_content&#8221; css=&#8221;.vc_custom_1688566483081{margin-top: 40px !important;margin-bottom: 40px !important;padding-top: 60px !important;padding-bottom: 50px !important;background-image: url(https:\/\/clinicp.com\/wp-content\/uploads\/2023\/06\/homepage-banner-1.jpg?id=6461) !important;background-position: center !important;background-repeat: no-repeat !important;background-size: cover !important;}&#8221; ts_responsive_css=&#8221;79823081|colbreak_no|||||80px||50px||colbreak_no|||||||||colbreak_no|||||60px||30px|||colbreak_no|||||||||&#8221; el_class=&#8221;ts-opacity95 ts-font375mode&#8221;][vc_column ts_textcolor=&#8221;white&#8221;]<p style=\"text-align:center;font-size:32px;line-height:42px;\" class=\"ts-custom-heading \" >Estetik Cerrahi ve Medikal Uygulamalar Hakk\u0131nda Hemen Bilgi Al\u0131n<\/p>\n<h3 style=\"text-align:center;font-size:50px;line-height:70px;color:#ffffff;\" class=\"ts-custom-heading vc_custom_1689156396614\" ><a href=\"tel:+90 531 881 6621\">+90 531 881 66 21<\/a><\/h3>\n\r\n\t\t<div class=\"ts-vc_btn3-container ts-vc_btn3-center\"><a class=\"ts-vc_general ts-vc_btn3 ts-vc_btn3-size-lg ts-vc_btn3-shape-rounded ts-vc_btn3-style-flat ts-vc_btn3-weight-yes ts-vc_btn3-icon-left ts-vc_btn3-color-success\" href=\"https:\/\/wa.me\/+905318816621\" title=\"+90 531 881 66 21\"><i class=\"ts-vc_btn3-icon fa fa-whatsapp\"><\/i> WhatsApp<\/a><\/div>[\/vc_column][\/vc_row][vc_row full_width=&#8221;stretch_row_content&#8221; ts_responsive_css=&#8221;67427488|colbreak_no|||||80px||65px||colbreak_no|||||||||colbreak_no|||||60px||45px|||colbreak_no|||||||||&#8221;][vc_column][vc_row_inner][vc_column_inner]<div class=\"ts-element-heading-wrapper ts-heading-inner ts-element-align-center ts-seperator-none \"><section class=\"ts-vc_cta3-container\"><div class=\"ts-vc_general ts-vc_cta3 ts-cta3-only ts-vc_cta3-style-classic ts-vc_cta3-shape-rounded ts-vc_cta3-align-center ts-vc_cta3-color-transparent ts-vc_cta3-icon-size-md ts-vc_cta3-actions-no ts-cta3-without-desc\"><div class=\"ts-vc_cta3_content-container\"><div class=\"ts-vc_cta3-content\"><div class=\"ts-vc_cta3-content-header ts-wrap\"><div class=\"ts-vc_cta3-headers ts-wrap-cell\"><h4 class=\"ts-custom-heading \" >Clinic P<\/h4>\n<h2 class=\"ts-custom-heading ts-fontweightbold \" >Merkezimiz<\/h2>\n<\/div><\/div><\/div><\/div><\/div><\/section><\/div> <!-- .ts-element-heading-wrapper container --> [\/vc_column_inner][\/vc_row_inner][vc_row_inner][vc_column_inner width=&#8221;1\/4&#8243;][vc_single_image image=&#8221;6507&#8243; img_size=&#8221;full&#8221; alignment=&#8221;center&#8221;][\/vc_column_inner][vc_column_inner width=&#8221;1\/4&#8243;][vc_single_image image=&#8221;6512&#8243; img_size=&#8221;full&#8221; alignment=&#8221;center&#8221;][\/vc_column_inner][vc_column_inner width=&#8221;1\/4&#8243;][vc_single_image image=&#8221;6517&#8243; img_size=&#8221;full&#8221; alignment=&#8221;center&#8221;][\/vc_column_inner][vc_column_inner width=&#8221;1\/4&#8243;][vc_single_image image=&#8221;6522&#8243; img_size=&#8221;full&#8221; alignment=&#8221;center&#8221;][\/vc_column_inner][\/vc_row_inner][vc_row_inner][vc_column_inner width=&#8221;1\/4&#8243;][vc_single_image image=&#8221;6527&#8243; img_size=&#8221;full&#8221; alignment=&#8221;center&#8221;][\/vc_column_inner][vc_column_inner width=&#8221;1\/4&#8243;][vc_single_image image=&#8221;6532&#8243; img_size=&#8221;full&#8221; alignment=&#8221;center&#8221;][\/vc_column_inner][vc_column_inner width=&#8221;1\/4&#8243;][vc_single_image image=&#8221;6537&#8243; img_size=&#8221;full&#8221; alignment=&#8221;center&#8221;][\/vc_column_inner][vc_column_inner width=&#8221;1\/4&#8243;][vc_single_image image=&#8221;6542&#8243; img_size=&#8221;full&#8221; alignment=&#8221;center&#8221;][\/vc_column_inner][\/vc_row_inner][\/vc_column][\/vc_row]<\/p><\/section>","protected":false},"excerpt":{"rendered":"<p>[vc_row][vc_column][vc_column_text]Sezeryan, hamilelik ve s\u00fcrekli kilo al\u0131p vermeye ba\u011fl\u0131 olarak olu\u015fan sark\u0131kl\u0131k, \u00e7atlaklar ve ya\u011flanmalar gibi sebeplerle kar\u0131n germe ameliyatlar\u0131na ihtiya\u00e7 duyulmaktad\u0131r. Kar\u0131n b\u00f6lgesindeki ya\u011f fazlal\u0131\u011f\u0131, deri fazlal\u0131\u011f\u0131, sark\u0131kl\u0131k gibi sorunlar i\u00e7in kar\u0131n germe ameliyat\u0131 yap\u0131l\u0131r. Operasyonda fazla deri al\u0131n\u0131r, deri gerdirilir, d\u00fczg\u00fcn bir g\u00f6r\u00fcn\u00fcme kavu\u015fturulmas\u0131 sa\u011flan\u0131r. Sarkm\u0131\u015f deri g\u00f6r\u00fcn\u00fcm\u00fc ortadan kalkar, fazla ya\u011flar al\u0131n\u0131r ve &hellip; <a href=\"https:\/\/clinicp.com\/tr\/karin-germe\/\" class=\"more-link\">Continue reading <span class=\"screen-reader-text\">Kar\u0131n Germe<\/span><\/a><\/p>\n","protected":false},"author":3,"featured_media":5803,"parent":0,"menu_order":0,"comment_status":"closed","ping_status":"closed","template":"","meta":{"footnotes":""},"class_list":["post-5802","page","type-page","status-publish","has-post-thumbnail","hentry"],"_links":{"self":[{"href":"https:\/\/clinicp.com\/tr\/wp-json\/wp\/v2\/pages\/5802","targetHints":{"allow":["GET"]}}],"collection":[{"href":"https:\/\/clinicp.com\/tr\/wp-json\/wp\/v2\/pages"}],"about":[{"href":"https:\/\/clinicp.com\/tr\/wp-json\/wp\/v2\/types\/page"}],"author":[{"embeddable":true,"href":"https:\/\/clinicp.com\/tr\/wp-json\/wp\/v2\/users\/3"}],"replies":[{"embeddable":true,"href":"https:\/\/clinicp.com\/tr\/wp-json\/wp\/v2\/comments?post=5802"}],"version-history":[{"count":7,"href":"https:\/\/clinicp.com\/tr\/wp-json\/wp\/v2\/pages\/5802\/revisions"}],"predecessor-version":[{"id":8578,"href":"https:\/\/clinicp.com\/tr\/wp-json\/wp\/v2\/pages\/5802\/revisions\/8578"}],"wp:featuredmedia":[{"embeddable":true,"href":"https:\/\/clinicp.com\/tr\/wp-json\/wp\/v2\/media\/5803"}],"wp:attachment":[{"href":"https:\/\/clinicp.com\/tr\/wp-json\/wp\/v2\/media?parent=5802"}],"curies":[{"name":"wp","href":"https:\/\/api.w.org\/{rel}","templated":true}]}}