{"id":5810,"date":"2023-06-15T14:50:54","date_gmt":"2023-06-15T14:50:54","guid":{"rendered":"https:\/\/clinicp.com\/?page_id=5810"},"modified":"2023-07-12T10:07:44","modified_gmt":"2023-07-12T10:07:44","slug":"kol-germe","status":"publish","type":"page","link":"https:\/\/clinicp.com\/tr\/kol-germe\/","title":{"rendered":"Kol Germe"},"content":{"rendered":"<section class=\"wpb-content-wrapper\"><p>[vc_row][vc_column][vc_column_text]A\u015f\u0131r\u0131 kilo al\u0131p verme ve ya\u015flanmayla gev\u015feyip sarkan en belirgin b\u00f6lgelerden biri koldur. Hastalar s\u0131kl\u0131kla k\u0131sa kollu k\u0131yafetler giydiklerinde rahats\u0131z olurlar ve kol germe ameliyat\u0131na ihtiya\u00e7 duyarlar.[vc_row][vc_column width=&#8221;1\/1&#8243;]<\/p>\n\n<h2>Ameliyat S\u00fcreci<\/h2>\n<p>Kol germe ameliyat\u0131 ortalama 2 saat s\u00fcrer ve genel anestezi alt\u0131nda yap\u0131l\u0131r. Hastalar\u0131n bir gece hastanede kalmas\u0131 \u00f6nerilir ve ertesi g\u00fcn taburcu edilir. Ameliyat sonras\u0131 2 hafta korse kullan\u0131lmas\u0131n\u0131 \u00f6neriyorum. 1 hafta sonra g\u00fcnl\u00fck hayata d\u00f6n\u00fc\u015f sa\u011flan\u0131r. Hafif spor i\u00e7in 1 ay a\u011f\u0131r spor i\u00e7in en az 2 ay beklemek gerekir. 3 g\u00fcn sonra banyo yap\u0131labilir.<\/p>\n<h2>\u0130z Kal\u0131r M\u0131?<\/h2>\n<p>Fazla deri \u00e7\u0131kar\u0131ld\u0131\u011f\u0131 i\u00e7in iz ka\u00e7\u0131n\u0131lmazd\u0131r. Kalacak izin yeri kollar kapal\u0131 pozisyonda \u00f6nden ve arkadan g\u00f6r\u00fcnmeden g\u00f6vdeye bakacak \u015fekilde ayarlan\u0131r ve \u00e7\u0131kar\u0131lacak deri miktar\u0131na g\u00f6re koltuk alt\u0131ndan dirse\u011fe kadar uzanabilir. 1 y\u0131l i\u00e7erisinde iz belirginli\u011fini kaybetse de tamamen kaybolmaz.[\/vc_column_text][\/vc_column][\/vc_row][vc_row full_width=&#8221;stretch_row_content&#8221; css=&#8221;.vc_custom_1688736997450{margin-top: 80px !important;margin-bottom: 40px !important;padding-top: 60px !important;padding-bottom: 50px !important;background-image: url(https:\/\/clinicp.com\/wp-content\/uploads\/2023\/06\/homepage-banner-1.jpg?id=6461) !important;background-position: center !important;background-repeat: no-repeat !important;background-size: cover !important;}&#8221; ts_responsive_css=&#8221;79823081|colbreak_no|||||80px||50px||colbreak_no|||||||||colbreak_no|||||60px||30px|||colbreak_no|||||||||&#8221; el_class=&#8221;ts-opacity95 ts-font375mode&#8221;][vc_column ts_textcolor=&#8221;white&#8221;]<p style=\"text-align:center;font-size:32px;line-height:42px;\" class=\"ts-custom-heading \" >Estetik Cerrahi ve Medikal Uygulamalar Hakk\u0131nda Hemen Bilgi Al\u0131n<\/p>\n<h3 style=\"text-align:center;font-size:50px;line-height:70px;color:#ffffff;\" class=\"ts-custom-heading vc_custom_1689156446786\" ><a href=\"tel:+90 531 881 6621\">+90 531 881 66 21<\/a><\/h3>\n\r\n\t\t<div class=\"ts-vc_btn3-container ts-vc_btn3-center\"><a class=\"ts-vc_general ts-vc_btn3 ts-vc_btn3-size-lg ts-vc_btn3-shape-rounded ts-vc_btn3-style-flat ts-vc_btn3-weight-yes ts-vc_btn3-icon-left ts-vc_btn3-color-success\" href=\"https:\/\/wa.me\/+905318816621\" title=\"+90 531 881 66 21\"><i class=\"ts-vc_btn3-icon fa fa-whatsapp\"><\/i> WhatsApp<\/a><\/div>[\/vc_column][\/vc_row][vc_row full_width=&#8221;stretch_row_content&#8221; ts_responsive_css=&#8221;67427488|colbreak_no|||||80px||65px||colbreak_no|||||||||colbreak_no|||||60px||45px|||colbreak_no|||||||||&#8221;][vc_column][vc_row_inner][vc_column_inner]<div class=\"ts-element-heading-wrapper ts-heading-inner ts-element-align-center ts-seperator-none \"><section class=\"ts-vc_cta3-container\"><div class=\"ts-vc_general ts-vc_cta3 ts-cta3-only ts-vc_cta3-style-classic ts-vc_cta3-shape-rounded ts-vc_cta3-align-center ts-vc_cta3-color-transparent ts-vc_cta3-icon-size-md ts-vc_cta3-actions-no ts-cta3-without-desc\"><div class=\"ts-vc_cta3_content-container\"><div class=\"ts-vc_cta3-content\"><div class=\"ts-vc_cta3-content-header ts-wrap\"><div class=\"ts-vc_cta3-headers ts-wrap-cell\"><h4 class=\"ts-custom-heading \" >Clinic P<\/h4>\n<h2 class=\"ts-custom-heading ts-fontweightbold \" >Merkezimiz<\/h2>\n<\/div><\/div><\/div><\/div><\/div><\/section><\/div> <!-- .ts-element-heading-wrapper container --> [\/vc_column_inner][\/vc_row_inner][vc_row_inner][vc_column_inner width=&#8221;1\/4&#8243;][vc_single_image image=&#8221;6507&#8243; img_size=&#8221;full&#8221; alignment=&#8221;center&#8221;][\/vc_column_inner][vc_column_inner width=&#8221;1\/4&#8243;][vc_single_image image=&#8221;6512&#8243; img_size=&#8221;full&#8221; alignment=&#8221;center&#8221;][\/vc_column_inner][vc_column_inner width=&#8221;1\/4&#8243;][vc_single_image image=&#8221;6517&#8243; img_size=&#8221;full&#8221; alignment=&#8221;center&#8221;][\/vc_column_inner][vc_column_inner width=&#8221;1\/4&#8243;][vc_single_image image=&#8221;6522&#8243; img_size=&#8221;full&#8221; alignment=&#8221;center&#8221;][\/vc_column_inner][\/vc_row_inner][vc_row_inner][vc_column_inner width=&#8221;1\/4&#8243;][vc_single_image image=&#8221;6527&#8243; img_size=&#8221;full&#8221; alignment=&#8221;center&#8221;][\/vc_column_inner][vc_column_inner width=&#8221;1\/4&#8243;][vc_single_image image=&#8221;6532&#8243; img_size=&#8221;full&#8221; alignment=&#8221;center&#8221;][\/vc_column_inner][vc_column_inner width=&#8221;1\/4&#8243;][vc_single_image image=&#8221;6537&#8243; img_size=&#8221;full&#8221; alignment=&#8221;center&#8221;][\/vc_column_inner][vc_column_inner width=&#8221;1\/4&#8243;][vc_single_image image=&#8221;6542&#8243; img_size=&#8221;full&#8221; alignment=&#8221;center&#8221;][\/vc_column_inner][\/vc_row_inner][\/vc_column][\/vc_row][vc_row][vc_column][vc_column_text]<!-- \/wp:post-content -->[\/vc_column_text][\/vc_column][\/vc_row]<\/p>\n<\/section>","protected":false},"excerpt":{"rendered":"<p>[vc_row][vc_column][vc_column_text]A\u015f\u0131r\u0131 kilo al\u0131p verme ve ya\u015flanmayla gev\u015feyip sarkan en belirgin b\u00f6lgelerden biri koldur. Hastalar s\u0131kl\u0131kla k\u0131sa kollu k\u0131yafetler giydiklerinde rahats\u0131z olurlar ve kol germe ameliyat\u0131na ihtiya\u00e7 duyarlar.[vc_row][vc_column width=&#8221;1\/1&#8243;] Ameliyat S\u00fcreci Kol germe ameliyat\u0131 ortalama 2 saat s\u00fcrer ve genel anestezi alt\u0131nda yap\u0131l\u0131r. Hastalar\u0131n bir gece hastanede kalmas\u0131 \u00f6nerilir ve ertesi g\u00fcn taburcu edilir. Ameliyat sonras\u0131 &hellip; <a href=\"https:\/\/clinicp.com\/tr\/kol-germe\/\" class=\"more-link\">Continue reading <span class=\"screen-reader-text\">Kol Germe<\/span><\/a><\/p>\n","protected":false},"author":3,"featured_media":5811,"parent":0,"menu_order":0,"comment_status":"closed","ping_status":"closed","template":"","meta":{"footnotes":""},"class_list":["post-5810","page","type-page","status-publish","has-post-thumbnail","hentry"],"_links":{"self":[{"href":"https:\/\/clinicp.com\/tr\/wp-json\/wp\/v2\/pages\/5810","targetHints":{"allow":["GET"]}}],"collection":[{"href":"https:\/\/clinicp.com\/tr\/wp-json\/wp\/v2\/pages"}],"about":[{"href":"https:\/\/clinicp.com\/tr\/wp-json\/wp\/v2\/types\/page"}],"author":[{"embeddable":true,"href":"https:\/\/clinicp.com\/tr\/wp-json\/wp\/v2\/users\/3"}],"replies":[{"embeddable":true,"href":"https:\/\/clinicp.com\/tr\/wp-json\/wp\/v2\/comments?post=5810"}],"version-history":[{"count":7,"href":"https:\/\/clinicp.com\/tr\/wp-json\/wp\/v2\/pages\/5810\/revisions"}],"predecessor-version":[{"id":7195,"href":"https:\/\/clinicp.com\/tr\/wp-json\/wp\/v2\/pages\/5810\/revisions\/7195"}],"wp:featuredmedia":[{"embeddable":true,"href":"https:\/\/clinicp.com\/tr\/wp-json\/wp\/v2\/media\/5811"}],"wp:attachment":[{"href":"https:\/\/clinicp.com\/tr\/wp-json\/wp\/v2\/media?parent=5810"}],"curies":[{"name":"wp","href":"https:\/\/api.w.org\/{rel}","templated":true}]}}