{"id":5818,"date":"2023-06-15T14:53:40","date_gmt":"2023-06-15T14:53:40","guid":{"rendered":"https:\/\/clinicp.com\/?page_id=5818"},"modified":"2023-07-12T10:08:29","modified_gmt":"2023-07-12T10:08:29","slug":"uyluk-germe","status":"publish","type":"page","link":"https:\/\/clinicp.com\/tr\/uyluk-germe\/","title":{"rendered":"Uyluk Germe"},"content":{"rendered":"<section class=\"wpb-content-wrapper\"><p>[vc_row][vc_column][vc_column_text]Uyluk cildinin gev\u015femesi ve sarkmas\u0131 a\u015f\u0131r\u0131 kilo al\u0131p verme sonras\u0131 s\u0131k g\u00f6r\u00fclen deformitelerden biridir, ya\u015flanmaya ba\u011fl\u0131 da olabilir. Liposuction ile d\u00fczeltilemeyecek kadar cilt fazlas\u0131 olan durumlarda uyluk germe ameliyat\u0131 gerekir.<\/p>\n<h2>Ameliyat S\u00fcreci<\/h2>\n<p>Kullan\u0131lacak tekni\u011fe ba\u011fl\u0131 olarak 2-4 saat aras\u0131 s\u00fcrer ve genel anestezi alt\u0131nda yap\u0131l\u0131r. Hafif-orta d\u00fczeyde sarkma olan durumlarda sadece kas\u0131k b\u00f6lgesinden yap\u0131lan kesi ile uyluk derisi yukar\u0131 toplanabilir. Sark\u0131kl\u0131\u011f\u0131n ileri oldu\u011fu durumlarda T \u015feklinde dize kadar uzanan uyluk i\u00e7 y\u00fcz\u00fcnde kesi yapmak gerekebilir. Ameliyat sonras\u0131 1 gece hastanede kal\u0131n\u0131r. Taburculuk sonras\u0131 5-6 g\u00fcn i\u00e7erisinde g\u00fcnl\u00fck hayata d\u00f6n\u00fclebilir. Zorlay\u0131c\u0131 hareketlerden 1 ay ka\u00e7\u0131nmak gerekir. Ameliyat sonras\u0131 d\u00f6nemde 3 hafta korse kullan\u0131lmas\u0131n\u0131 \u00f6neriyorum.<\/p>\n<h2>\u0130z kal\u0131r m\u0131?<\/h2>\n<p>Fazla derinin \u00e7\u0131kar\u0131ld\u0131\u011f\u0131 bir ameliyat oldu\u011fu i\u00e7in iz ka\u00e7\u0131n\u0131lmazd\u0131r. Sadece kas\u0131k b\u00f6lgesinden yap\u0131lan hafif-orta d\u00fczeyde sark\u0131kl\u0131\u011f\u0131 olan hastalarda izin tamam\u0131 i\u00e7 \u00e7ama\u015f\u0131r\u0131 i\u00e7inde kal\u0131r. \u0130leri d\u00fczeyde sarkmas\u0131 olan hastalarda kesi izi uyluk i\u00e7inden dize kadar uzanabilir.<\/p>\n<p>&nbsp;[\/vc_column_text][\/vc_column][\/vc_row][vc_row full_width=&#8221;stretch_row_content&#8221; css=&#8221;.vc_custom_1688566483081{margin-top: 40px !important;margin-bottom: 40px !important;padding-top: 60px !important;padding-bottom: 50px !important;background-image: url(https:\/\/clinicp.com\/wp-content\/uploads\/2023\/06\/homepage-banner-1.jpg?id=6461) !important;background-position: center !important;background-repeat: no-repeat !important;background-size: cover !important;}&#8221; ts_responsive_css=&#8221;79823081|colbreak_no|||||80px||50px||colbreak_no|||||||||colbreak_no|||||60px||30px|||colbreak_no|||||||||&#8221; el_class=&#8221;ts-opacity95 ts-font375mode&#8221;][vc_column ts_textcolor=&#8221;white&#8221;]<p style=\"text-align:center;font-size:32px;line-height:42px;\" class=\"ts-custom-heading \" >Estetik Cerrahi ve Medikal Uygulamalar Hakk\u0131nda Hemen Bilgi Al\u0131n<\/p>\n<h3 style=\"text-align:center;font-size:50px;line-height:70px;color:#ffffff;\" class=\"ts-custom-heading vc_custom_1689156491364\" ><a href=\"tel:+90 531 881 6621\">+90 531 881 66 21<\/a><\/h3>\n\r\n\t\t<div class=\"ts-vc_btn3-container ts-vc_btn3-center\"><a class=\"ts-vc_general ts-vc_btn3 ts-vc_btn3-size-lg ts-vc_btn3-shape-rounded ts-vc_btn3-style-flat ts-vc_btn3-weight-yes ts-vc_btn3-icon-left ts-vc_btn3-color-success\" href=\"https:\/\/wa.me\/+905318816621\" title=\"+90 531 881 66 21\"><i class=\"ts-vc_btn3-icon fa fa-whatsapp\"><\/i> WhatsApp<\/a><\/div>[\/vc_column][\/vc_row][vc_row full_width=&#8221;stretch_row_content&#8221; ts_responsive_css=&#8221;67427488|colbreak_no|||||80px||65px||colbreak_no|||||||||colbreak_no|||||60px||45px|||colbreak_no|||||||||&#8221;][vc_column][vc_row_inner][vc_column_inner]<div class=\"ts-element-heading-wrapper ts-heading-inner ts-element-align-center ts-seperator-none \"><section class=\"ts-vc_cta3-container\"><div class=\"ts-vc_general ts-vc_cta3 ts-cta3-only ts-vc_cta3-style-classic ts-vc_cta3-shape-rounded ts-vc_cta3-align-center ts-vc_cta3-color-transparent ts-vc_cta3-icon-size-md ts-vc_cta3-actions-no ts-cta3-without-desc\"><div class=\"ts-vc_cta3_content-container\"><div class=\"ts-vc_cta3-content\"><div class=\"ts-vc_cta3-content-header ts-wrap\"><div class=\"ts-vc_cta3-headers ts-wrap-cell\"><h4 class=\"ts-custom-heading \" >Clinic P<\/h4>\n<h2 class=\"ts-custom-heading ts-fontweightbold \" >Merkezimiz<\/h2>\n<\/div><\/div><\/div><\/div><\/div><\/section><\/div> <!-- .ts-element-heading-wrapper container --> [\/vc_column_inner][\/vc_row_inner][vc_row_inner][vc_column_inner width=&#8221;1\/4&#8243;][vc_single_image image=&#8221;6507&#8243; img_size=&#8221;full&#8221; alignment=&#8221;center&#8221;][\/vc_column_inner][vc_column_inner width=&#8221;1\/4&#8243;][vc_single_image image=&#8221;6512&#8243; img_size=&#8221;full&#8221; alignment=&#8221;center&#8221;][\/vc_column_inner][vc_column_inner width=&#8221;1\/4&#8243;][vc_single_image image=&#8221;6517&#8243; img_size=&#8221;full&#8221; alignment=&#8221;center&#8221;][\/vc_column_inner][vc_column_inner width=&#8221;1\/4&#8243;][vc_single_image image=&#8221;6522&#8243; img_size=&#8221;full&#8221; alignment=&#8221;center&#8221;][\/vc_column_inner][\/vc_row_inner][vc_row_inner][vc_column_inner width=&#8221;1\/4&#8243;][vc_single_image image=&#8221;6527&#8243; img_size=&#8221;full&#8221; alignment=&#8221;center&#8221;][\/vc_column_inner][vc_column_inner width=&#8221;1\/4&#8243;][vc_single_image image=&#8221;6532&#8243; img_size=&#8221;full&#8221; alignment=&#8221;center&#8221;][\/vc_column_inner][vc_column_inner width=&#8221;1\/4&#8243;][vc_single_image image=&#8221;6537&#8243; img_size=&#8221;full&#8221; alignment=&#8221;center&#8221;][\/vc_column_inner][vc_column_inner width=&#8221;1\/4&#8243;][vc_single_image image=&#8221;6542&#8243; img_size=&#8221;full&#8221; alignment=&#8221;center&#8221;][\/vc_column_inner][\/vc_row_inner][\/vc_column][\/vc_row][vc_row][vc_column][vc_column_text]<!-- \/wp:post-content -->[\/vc_column_text][\/vc_column][\/vc_row]<\/p>\n<\/section>","protected":false},"excerpt":{"rendered":"<p>[vc_row][vc_column][vc_column_text]Uyluk cildinin gev\u015femesi ve sarkmas\u0131 a\u015f\u0131r\u0131 kilo al\u0131p verme sonras\u0131 s\u0131k g\u00f6r\u00fclen deformitelerden biridir, ya\u015flanmaya ba\u011fl\u0131 da olabilir. Liposuction ile d\u00fczeltilemeyecek kadar cilt fazlas\u0131 olan durumlarda uyluk germe ameliyat\u0131 gerekir. Ameliyat S\u00fcreci Kullan\u0131lacak tekni\u011fe ba\u011fl\u0131 olarak 2-4 saat aras\u0131 s\u00fcrer ve genel anestezi alt\u0131nda yap\u0131l\u0131r. Hafif-orta d\u00fczeyde sarkma olan durumlarda sadece kas\u0131k b\u00f6lgesinden yap\u0131lan kesi &hellip; <a href=\"https:\/\/clinicp.com\/tr\/uyluk-germe\/\" class=\"more-link\">Continue reading <span class=\"screen-reader-text\">Uyluk Germe<\/span><\/a><\/p>\n","protected":false},"author":3,"featured_media":5819,"parent":0,"menu_order":0,"comment_status":"closed","ping_status":"closed","template":"","meta":{"footnotes":""},"class_list":["post-5818","page","type-page","status-publish","has-post-thumbnail","hentry"],"_links":{"self":[{"href":"https:\/\/clinicp.com\/tr\/wp-json\/wp\/v2\/pages\/5818","targetHints":{"allow":["GET"]}}],"collection":[{"href":"https:\/\/clinicp.com\/tr\/wp-json\/wp\/v2\/pages"}],"about":[{"href":"https:\/\/clinicp.com\/tr\/wp-json\/wp\/v2\/types\/page"}],"author":[{"embeddable":true,"href":"https:\/\/clinicp.com\/tr\/wp-json\/wp\/v2\/users\/3"}],"replies":[{"embeddable":true,"href":"https:\/\/clinicp.com\/tr\/wp-json\/wp\/v2\/comments?post=5818"}],"version-history":[{"count":5,"href":"https:\/\/clinicp.com\/tr\/wp-json\/wp\/v2\/pages\/5818\/revisions"}],"predecessor-version":[{"id":7196,"href":"https:\/\/clinicp.com\/tr\/wp-json\/wp\/v2\/pages\/5818\/revisions\/7196"}],"wp:featuredmedia":[{"embeddable":true,"href":"https:\/\/clinicp.com\/tr\/wp-json\/wp\/v2\/media\/5819"}],"wp:attachment":[{"href":"https:\/\/clinicp.com\/tr\/wp-json\/wp\/v2\/media?parent=5818"}],"curies":[{"name":"wp","href":"https:\/\/api.w.org\/{rel}","templated":true}]}}