{"id":5826,"date":"2023-06-15T15:39:47","date_gmt":"2023-06-15T15:39:47","guid":{"rendered":"https:\/\/clinicp.com\/?page_id=5826"},"modified":"2023-07-12T10:09:20","modified_gmt":"2023-07-12T10:09:20","slug":"popo-sekillendirme","status":"publish","type":"page","link":"https:\/\/clinicp.com\/tr\/popo-sekillendirme\/","title":{"rendered":"Popo \u015eekillendirme"},"content":{"rendered":"<section class=\"wpb-content-wrapper\"><p>[vc_row][vc_column][vc_column_text]<strong>BBL<\/strong><\/p>\n<p>Orant\u0131l\u0131 bir v\u00fccut i\u00e7in, kal\u00e7an\u0131n \u015fekli ve oran\u0131 \u00f6nemli bir fakt\u00f6rd\u00fcr. \u201cBrezilya Popo Kald\u0131rma Ameliyat\u0131\u201d \u201c<strong>Brezilya Poposu (BBL)<\/strong>\u201d ameliyat\u0131 olarak an\u0131lan uygulama ile daha dolgun, daha yuvarlak bir kal\u00e7a \u015fekli elde etmek i\u00e7in \u00f6zel ya\u011f transfer tekniklerini kullan\u0131yoruz.<\/p>\n<p>Sa\u011fl\u0131kl\u0131 bir diyet ve egzersiz, sa\u011fl\u0131kl\u0131 bir v\u00fccut a\u011f\u0131rl\u0131\u011f\u0131 elde etmek ve kaslar\u0131 s\u0131k\u0131la\u015ft\u0131rmak i\u00e7in i\u015fe yarayabilir, ancak bir\u00e7ok hasta sa\u011fl\u0131kl\u0131 bir ya\u015fam tarz\u0131na ra\u011fmen d\u00fcz kal\u00e7alar\u0131ndan memnun de\u011fildir. Bu noktada BBL ameliyat\u0131 hasta i\u00e7in uygun olabilir.<\/p>\n\n<ul>\n<li>Brezilya Poposu esteti\u011fi ile d\u00fcz, kavissiz, \u015fekilsiz ve s\u00f6n\u00fck \u015fekle sahip kal\u00e7alara yeniden \u015fekil verilir.<\/li>\n<li>B\u00f6lgesel ya\u011flanma olan alandan ya\u011flar Liposuction y\u00f6ntemiyle al\u0131n\u0131r, kal\u00e7alara ya\u011f kan\u00fcller ile transfer edilir.<\/li>\n<li>Ameliyatlar hastane ortam\u0131nda, genel anestezi alt\u0131nda yap\u0131l\u0131r. Ameliyat s\u00fcresi, ameliyat\u0131n teknik ve kapsam\u0131na ba\u011fl\u0131 olarak 2-4 saat aras\u0131ndad\u0131r.<\/li>\n<li>Ki\u015fi operasyondan bir ka\u00e7 saat sonra aya\u011fa kalkabilir, 2 g\u00fcn sonra da taburcu edilir.<\/li>\n<\/ul>\n<blockquote><p>\u00a0Kulland\u0131\u011f\u0131m\u0131z Liposuction cihaz\u0131 VASER Liposuction cihaz\u0131d\u0131r.<\/p><\/blockquote>\n<p><strong>BBL ameliyat sonras\u0131<\/strong>, y\u00fcz \u00fcst\u00fc ya da yan yatman\u0131z gerekecektir. Kal\u00e7alar \u00fczerinde bask\u0131 olu\u015fmas\u0131n\u0131 \u00f6nlemek i\u00e7in &#8220;simit&#8221; yast\u0131k kullanarak oturman\u0131z gerekecektir. Brezilya Popo Esteti\u011fi sonras\u0131 (BBL) normal oturma d\u00fczenine genellikle 8 hafta kadar sonra izin verilir. Brezilya poposu ameliyat\u0131, uzun s\u00fcreli sonu\u00e7lar\u0131 olan etkileyici bir i\u015flemdir.<\/p>\n<p>&nbsp;[\/vc_column_text][\/vc_column][\/vc_row][vc_row full_width=&#8221;stretch_row_content&#8221; css=&#8221;.vc_custom_1688566483081{margin-top: 40px !important;margin-bottom: 40px !important;padding-top: 60px !important;padding-bottom: 50px !important;background-image: url(https:\/\/clinicp.com\/wp-content\/uploads\/2023\/06\/homepage-banner-1.jpg?id=6461) !important;background-position: center !important;background-repeat: no-repeat !important;background-size: cover !important;}&#8221; ts_responsive_css=&#8221;79823081|colbreak_no|||||80px||50px||colbreak_no|||||||||colbreak_no|||||60px||30px|||colbreak_no|||||||||&#8221; el_class=&#8221;ts-opacity95 ts-font375mode&#8221;][vc_column ts_textcolor=&#8221;white&#8221;]<p style=\"text-align:center;font-size:32px;line-height:42px;\" class=\"ts-custom-heading \" >Estetik Cerrahi ve Medikal Uygulamalar Hakk\u0131nda Hemen Bilgi Al\u0131n<\/p>\n<h3 style=\"text-align:center;font-size:50px;line-height:70px;color:#ffffff;\" class=\"ts-custom-heading vc_custom_1689156540120\" ><a href=\"tel:+90 531 881 6621\">+90 531 881 66 21<\/a><\/h3>\n\r\n\t\t<div class=\"ts-vc_btn3-container ts-vc_btn3-center\"><a class=\"ts-vc_general ts-vc_btn3 ts-vc_btn3-size-lg ts-vc_btn3-shape-rounded ts-vc_btn3-style-flat ts-vc_btn3-weight-yes ts-vc_btn3-icon-left ts-vc_btn3-color-success\" href=\"https:\/\/wa.me\/+905318816621\" title=\"+90 531 881 66 21\"><i class=\"ts-vc_btn3-icon fa fa-whatsapp\"><\/i> WhatsApp<\/a><\/div>[\/vc_column][\/vc_row][vc_row full_width=&#8221;stretch_row_content&#8221; ts_responsive_css=&#8221;67427488|colbreak_no|||||80px||65px||colbreak_no|||||||||colbreak_no|||||60px||45px|||colbreak_no|||||||||&#8221;][vc_column][vc_row_inner][vc_column_inner]<div class=\"ts-element-heading-wrapper ts-heading-inner ts-element-align-center ts-seperator-none \"><section class=\"ts-vc_cta3-container\"><div class=\"ts-vc_general ts-vc_cta3 ts-cta3-only ts-vc_cta3-style-classic ts-vc_cta3-shape-rounded ts-vc_cta3-align-center ts-vc_cta3-color-transparent ts-vc_cta3-icon-size-md ts-vc_cta3-actions-no ts-cta3-without-desc\"><div class=\"ts-vc_cta3_content-container\"><div class=\"ts-vc_cta3-content\"><div class=\"ts-vc_cta3-content-header ts-wrap\"><div class=\"ts-vc_cta3-headers ts-wrap-cell\"><h4 class=\"ts-custom-heading \" >Clinic P<\/h4>\n<h2 class=\"ts-custom-heading ts-fontweightbold \" >Merkezimiz<\/h2>\n<\/div><\/div><\/div><\/div><\/div><\/section><\/div> <!-- .ts-element-heading-wrapper container --> [\/vc_column_inner][\/vc_row_inner][vc_row_inner][vc_column_inner width=&#8221;1\/4&#8243;][vc_single_image image=&#8221;6507&#8243; img_size=&#8221;full&#8221; alignment=&#8221;center&#8221;][\/vc_column_inner][vc_column_inner width=&#8221;1\/4&#8243;][vc_single_image image=&#8221;6512&#8243; img_size=&#8221;full&#8221; alignment=&#8221;center&#8221;][\/vc_column_inner][vc_column_inner width=&#8221;1\/4&#8243;][vc_single_image image=&#8221;6517&#8243; img_size=&#8221;full&#8221; alignment=&#8221;center&#8221;][\/vc_column_inner][vc_column_inner width=&#8221;1\/4&#8243;][vc_single_image image=&#8221;6522&#8243; img_size=&#8221;full&#8221; alignment=&#8221;center&#8221;][\/vc_column_inner][\/vc_row_inner][vc_row_inner][vc_column_inner width=&#8221;1\/4&#8243;][vc_single_image image=&#8221;6527&#8243; img_size=&#8221;full&#8221; alignment=&#8221;center&#8221;][\/vc_column_inner][vc_column_inner width=&#8221;1\/4&#8243;][vc_single_image image=&#8221;6532&#8243; img_size=&#8221;full&#8221; alignment=&#8221;center&#8221;][\/vc_column_inner][vc_column_inner width=&#8221;1\/4&#8243;][vc_single_image image=&#8221;6537&#8243; img_size=&#8221;full&#8221; alignment=&#8221;center&#8221;][\/vc_column_inner][vc_column_inner width=&#8221;1\/4&#8243;][vc_single_image image=&#8221;6542&#8243; img_size=&#8221;full&#8221; alignment=&#8221;center&#8221;][\/vc_column_inner][\/vc_row_inner][\/vc_column][\/vc_row]<\/p>\n<\/section>","protected":false},"excerpt":{"rendered":"<p>[vc_row][vc_column][vc_column_text]BBL Orant\u0131l\u0131 bir v\u00fccut i\u00e7in, kal\u00e7an\u0131n \u015fekli ve oran\u0131 \u00f6nemli bir fakt\u00f6rd\u00fcr. \u201cBrezilya Popo Kald\u0131rma Ameliyat\u0131\u201d \u201cBrezilya Poposu (BBL)\u201d ameliyat\u0131 olarak an\u0131lan uygulama ile daha dolgun, daha yuvarlak bir kal\u00e7a \u015fekli elde etmek i\u00e7in \u00f6zel ya\u011f transfer tekniklerini kullan\u0131yoruz. Sa\u011fl\u0131kl\u0131 bir diyet ve egzersiz, sa\u011fl\u0131kl\u0131 bir v\u00fccut a\u011f\u0131rl\u0131\u011f\u0131 elde etmek ve kaslar\u0131 s\u0131k\u0131la\u015ft\u0131rmak i\u00e7in i\u015fe &hellip; <a href=\"https:\/\/clinicp.com\/tr\/popo-sekillendirme\/\" class=\"more-link\">Continue reading <span class=\"screen-reader-text\">Popo \u015eekillendirme<\/span><\/a><\/p>\n","protected":false},"author":3,"featured_media":5827,"parent":0,"menu_order":0,"comment_status":"closed","ping_status":"closed","template":"","meta":{"footnotes":""},"class_list":["post-5826","page","type-page","status-publish","has-post-thumbnail","hentry"],"_links":{"self":[{"href":"https:\/\/clinicp.com\/tr\/wp-json\/wp\/v2\/pages\/5826","targetHints":{"allow":["GET"]}}],"collection":[{"href":"https:\/\/clinicp.com\/tr\/wp-json\/wp\/v2\/pages"}],"about":[{"href":"https:\/\/clinicp.com\/tr\/wp-json\/wp\/v2\/types\/page"}],"author":[{"embeddable":true,"href":"https:\/\/clinicp.com\/tr\/wp-json\/wp\/v2\/users\/3"}],"replies":[{"embeddable":true,"href":"https:\/\/clinicp.com\/tr\/wp-json\/wp\/v2\/comments?post=5826"}],"version-history":[{"count":6,"href":"https:\/\/clinicp.com\/tr\/wp-json\/wp\/v2\/pages\/5826\/revisions"}],"predecessor-version":[{"id":7197,"href":"https:\/\/clinicp.com\/tr\/wp-json\/wp\/v2\/pages\/5826\/revisions\/7197"}],"wp:featuredmedia":[{"embeddable":true,"href":"https:\/\/clinicp.com\/tr\/wp-json\/wp\/v2\/media\/5827"}],"wp:attachment":[{"href":"https:\/\/clinicp.com\/tr\/wp-json\/wp\/v2\/media?parent=5826"}],"curies":[{"name":"wp","href":"https:\/\/api.w.org\/{rel}","templated":true}]}}