{"id":5836,"date":"2023-06-15T15:53:21","date_gmt":"2023-06-15T15:53:21","guid":{"rendered":"https:\/\/clinicp.com\/?page_id=5836"},"modified":"2023-07-12T10:10:09","modified_gmt":"2023-07-12T10:10:09","slug":"yuz-dolgusu","status":"publish","type":"page","link":"https:\/\/clinicp.com\/tr\/yuz-dolgusu\/","title":{"rendered":"Y\u00fcz Dolgusu"},"content":{"rendered":"<section class=\"wpb-content-wrapper\"><p>[vc_row][vc_column][vc_column_text]Hyal\u00fcronik asit derinin temel elemanlar\u0131ndan biridir. Ya\u015flanma ile birlikte cildin hyal\u00fcronik asit i\u00e7eri\u011fi azal\u0131r ve cildin su tutma kapasitesi d\u00fc\u015fer. Hyal\u00fcronik asit enjeksiyonundan sonra do\u011fal bir g\u00f6r\u00fcn\u00fcm sa\u011flan\u0131r.<\/p>\n<p>Y\u00fcz dolgusu, k\u0131r\u0131\u015f\u0131kl\u0131klar\u0131n tedavisinde h\u0131zl\u0131 ve kolay uygulanmas\u0131 nedeniyle \u00f6\u011fle yeme\u011fi tatilinde yapt\u0131r\u0131p g\u00fcnl\u00fck hayat\u0131n\u0131za devam edebilirsiniz.<\/p>\n<h2>Y\u00fcz Dolgusu Nas\u0131l Uygulan\u0131r?<\/h2>\n\n<ol>\n<li>\u00c7ok ince bir i\u011fneyle hyal\u00fcronik asit preparat\u0131 deriye enjekte edilir.<\/li>\n<li>Uygulama s\u00fcresi ortalama 15 dakika s\u00fcrer.<\/li>\n<li>A\u011fr\u0131 e\u015fi\u011fi d\u00fc\u015f\u00fck ki\u015filerde lokal anestezik kremlerin uygulanmas\u0131yla olduk\u00e7a konforlu bir \u015fekilde i\u015flem tamamlan\u0131r.<\/li>\n<li>Uygulama b\u00f6lgesinde ki\u015finin cilt tipine ba\u011fl\u0131 olarak ge\u00e7ici hafif k\u0131zar\u0131kl\u0131klar olu\u015fabilir.<\/li>\n<li>Genellikle art arda 2 seans olarak uygulan\u0131r. \u0130lk kez yap\u0131l\u0131yorsa 2 veya 3 hafta sonra tamamlay\u0131c\u0131 bir seans daha gerekebilir.<\/li>\n<li>Uygulamadan hemen sonra etki g\u00f6sterir. Uygulama sonras\u0131 4-6 ay kadar kal\u0131c\u0131 olur ve bu s\u00fcrenin sonunda tekrarlamak gerekir.<\/li>\n<li>Herhangi bir \u00f6n test yapt\u0131rman\u0131za gerek yoktur. Ancak uygulayan ki\u015finin uzman ve tecr\u00fcbeli olmas\u0131 \u00f6nemlidir.<\/li>\n<\/ol>\n<p>[\/vc_column_text][\/vc_column][\/vc_row][vc_row full_width=&#8221;stretch_row_content&#8221; css=&#8221;.vc_custom_1688566483081{margin-top: 40px !important;margin-bottom: 40px !important;padding-top: 60px !important;padding-bottom: 50px !important;background-image: url(https:\/\/clinicp.com\/wp-content\/uploads\/2023\/06\/homepage-banner-1.jpg?id=6461) !important;background-position: center !important;background-repeat: no-repeat !important;background-size: cover !important;}&#8221; ts_responsive_css=&#8221;79823081|colbreak_no|||||80px||50px||colbreak_no|||||||||colbreak_no|||||60px||30px|||colbreak_no|||||||||&#8221; el_class=&#8221;ts-opacity95 ts-font375mode&#8221;][vc_column ts_textcolor=&#8221;white&#8221;]<p style=\"text-align:center;font-size:32px;line-height:42px;\" class=\"ts-custom-heading \" >Estetik Cerrahi ve Medikal Uygulamalar Hakk\u0131nda Hemen Bilgi Al\u0131n<\/p>\n<h3 style=\"text-align:center;font-size:50px;line-height:70px;color:#ffffff;\" class=\"ts-custom-heading vc_custom_1689156589625\" ><a href=\"tel:+90 531 881 6621\">+90 531 881 66 21<\/a><\/h3>\n\r\n\t\t<div class=\"ts-vc_btn3-container ts-vc_btn3-center\"><a class=\"ts-vc_general ts-vc_btn3 ts-vc_btn3-size-lg ts-vc_btn3-shape-rounded ts-vc_btn3-style-flat ts-vc_btn3-weight-yes ts-vc_btn3-icon-left ts-vc_btn3-color-success\" href=\"https:\/\/wa.me\/+905318816621\" title=\"+90 531 881 66 21\"><i class=\"ts-vc_btn3-icon fa fa-whatsapp\"><\/i> WhatsApp<\/a><\/div>[\/vc_column][\/vc_row][vc_row full_width=&#8221;stretch_row_content&#8221; ts_responsive_css=&#8221;67427488|colbreak_no|||||80px||65px||colbreak_no|||||||||colbreak_no|||||60px||45px|||colbreak_no|||||||||&#8221;][vc_column][vc_row_inner][vc_column_inner]<div class=\"ts-element-heading-wrapper ts-heading-inner ts-element-align-center ts-seperator-none \"><section class=\"ts-vc_cta3-container\"><div class=\"ts-vc_general ts-vc_cta3 ts-cta3-only ts-vc_cta3-style-classic ts-vc_cta3-shape-rounded ts-vc_cta3-align-center ts-vc_cta3-color-transparent ts-vc_cta3-icon-size-md ts-vc_cta3-actions-no ts-cta3-without-desc\"><div class=\"ts-vc_cta3_content-container\"><div class=\"ts-vc_cta3-content\"><div class=\"ts-vc_cta3-content-header ts-wrap\"><div class=\"ts-vc_cta3-headers ts-wrap-cell\"><h4 class=\"ts-custom-heading \" >Clinic P<\/h4>\n<h2 class=\"ts-custom-heading ts-fontweightbold \" >Merkezimiz<\/h2>\n<\/div><\/div><\/div><\/div><\/div><\/section><\/div> <!-- .ts-element-heading-wrapper container --> [\/vc_column_inner][\/vc_row_inner][vc_row_inner][vc_column_inner width=&#8221;1\/4&#8243;][vc_single_image image=&#8221;6507&#8243; img_size=&#8221;full&#8221; alignment=&#8221;center&#8221;][\/vc_column_inner][vc_column_inner width=&#8221;1\/4&#8243;][vc_single_image image=&#8221;6512&#8243; img_size=&#8221;full&#8221; alignment=&#8221;center&#8221;][\/vc_column_inner][vc_column_inner width=&#8221;1\/4&#8243;][vc_single_image image=&#8221;6517&#8243; img_size=&#8221;full&#8221; alignment=&#8221;center&#8221;][\/vc_column_inner][vc_column_inner width=&#8221;1\/4&#8243;][vc_single_image image=&#8221;6522&#8243; img_size=&#8221;full&#8221; alignment=&#8221;center&#8221;][\/vc_column_inner][\/vc_row_inner][vc_row_inner][vc_column_inner width=&#8221;1\/4&#8243;][vc_single_image image=&#8221;6527&#8243; img_size=&#8221;full&#8221; alignment=&#8221;center&#8221;][\/vc_column_inner][vc_column_inner width=&#8221;1\/4&#8243;][vc_single_image image=&#8221;6532&#8243; img_size=&#8221;full&#8221; alignment=&#8221;center&#8221;][\/vc_column_inner][vc_column_inner width=&#8221;1\/4&#8243;][vc_single_image image=&#8221;6537&#8243; img_size=&#8221;full&#8221; alignment=&#8221;center&#8221;][\/vc_column_inner][vc_column_inner width=&#8221;1\/4&#8243;][vc_single_image image=&#8221;6542&#8243; img_size=&#8221;full&#8221; alignment=&#8221;center&#8221;][\/vc_column_inner][\/vc_row_inner][\/vc_column][\/vc_row]<\/p>\n<\/section>","protected":false},"excerpt":{"rendered":"<p>[vc_row][vc_column][vc_column_text]Hyal\u00fcronik asit derinin temel elemanlar\u0131ndan biridir. Ya\u015flanma ile birlikte cildin hyal\u00fcronik asit i\u00e7eri\u011fi azal\u0131r ve cildin su tutma kapasitesi d\u00fc\u015fer. Hyal\u00fcronik asit enjeksiyonundan sonra do\u011fal bir g\u00f6r\u00fcn\u00fcm sa\u011flan\u0131r. Y\u00fcz dolgusu, k\u0131r\u0131\u015f\u0131kl\u0131klar\u0131n tedavisinde h\u0131zl\u0131 ve kolay uygulanmas\u0131 nedeniyle \u00f6\u011fle yeme\u011fi tatilinde yapt\u0131r\u0131p g\u00fcnl\u00fck hayat\u0131n\u0131za devam edebilirsiniz. Y\u00fcz Dolgusu Nas\u0131l Uygulan\u0131r? \u00c7ok ince bir i\u011fneyle hyal\u00fcronik asit &hellip; <a href=\"https:\/\/clinicp.com\/tr\/yuz-dolgusu\/\" class=\"more-link\">Continue reading <span class=\"screen-reader-text\">Y\u00fcz Dolgusu<\/span><\/a><\/p>\n","protected":false},"author":3,"featured_media":5837,"parent":0,"menu_order":0,"comment_status":"closed","ping_status":"closed","template":"","meta":{"footnotes":""},"class_list":["post-5836","page","type-page","status-publish","has-post-thumbnail","hentry"],"_links":{"self":[{"href":"https:\/\/clinicp.com\/tr\/wp-json\/wp\/v2\/pages\/5836","targetHints":{"allow":["GET"]}}],"collection":[{"href":"https:\/\/clinicp.com\/tr\/wp-json\/wp\/v2\/pages"}],"about":[{"href":"https:\/\/clinicp.com\/tr\/wp-json\/wp\/v2\/types\/page"}],"author":[{"embeddable":true,"href":"https:\/\/clinicp.com\/tr\/wp-json\/wp\/v2\/users\/3"}],"replies":[{"embeddable":true,"href":"https:\/\/clinicp.com\/tr\/wp-json\/wp\/v2\/comments?post=5836"}],"version-history":[{"count":6,"href":"https:\/\/clinicp.com\/tr\/wp-json\/wp\/v2\/pages\/5836\/revisions"}],"predecessor-version":[{"id":7198,"href":"https:\/\/clinicp.com\/tr\/wp-json\/wp\/v2\/pages\/5836\/revisions\/7198"}],"wp:featuredmedia":[{"embeddable":true,"href":"https:\/\/clinicp.com\/tr\/wp-json\/wp\/v2\/media\/5837"}],"wp:attachment":[{"href":"https:\/\/clinicp.com\/tr\/wp-json\/wp\/v2\/media?parent=5836"}],"curies":[{"name":"wp","href":"https:\/\/api.w.org\/{rel}","templated":true}]}}