{"id":5846,"date":"2023-06-15T16:47:48","date_gmt":"2023-06-15T16:47:48","guid":{"rendered":"https:\/\/clinicp.com\/?page_id=5846"},"modified":"2023-07-12T10:10:57","modified_gmt":"2023-07-12T10:10:57","slug":"dudak-dolgusu","status":"publish","type":"page","link":"https:\/\/clinicp.com\/tr\/dudak-dolgusu\/","title":{"rendered":"Dudak Dolgusu"},"content":{"rendered":"<section class=\"wpb-content-wrapper\"><p>[vc_row][vc_column][vc_column_text]Yo\u011fun damar yap\u0131s\u0131 ve hareketli\u00a0 nedeniyle dudaklar, dolgu a\u00e7\u0131s\u0131ndan \u00f6zel geli\u015ftirilmi\u015f hyal\u00fcranik asite daha do\u011fal bir tepki verir.\u00a0 \u0130\u015fte bu b\u00f6lgeyi hacim veren dolgu enjeksiyonu ile belirginle\u015ftirip kontur olu\u015fturmak son derece pop\u00fcler ve estetik bir yeniliktir. Dudak dolgusu k\u00fc\u00e7\u00fck bir enjeksiyon gerektiren, doldurucu bir uygulama y\u00f6ntemidir.<\/p>\n<p>Dudaklar\u0131n etraf\u0131ndaki hassas b\u00f6lgenin tedavisi i\u00e7in \u00f6zel olarak geli\u015ftirilmi\u015f yeni bir form\u00fcld\u00fcr. Dudak dolgusu yap\u0131lmadan \u00f6nce dudak\u00a0 b\u00f6lgesine anestezi krem\u00a0 uygulan\u0131r. Dudak dolgu maddeleri \u00e7ok ince i\u011fneler ile dudak i\u00e7erisine, kont\u00fcrlere dolgu maddesi enjeksiyonu yap\u0131l\u0131r. Uygulama yakla\u015f\u0131k 15-20 dk s\u00fcrer. Bir sonraki enjeksiyon i\u00e7in \u00f6nerilen s\u00fcre 6-9 ayd\u0131r. Dudaklar\u0131n hacmini art\u0131rabilir, dudak k\u00f6\u015felerini doldurarak \u015fekillendirebilir ve dudaklar\u0131n nemlendirilmesini sa\u011flayabilirsiniz. Uygulama sonras\u0131 ki\u015fi sosyal hayat\u0131na d\u00f6nebilir.<\/p>\n<h3>Dudak dolgusu nedir?<\/h3>\n<p>Anatomik olarak \u00fcst dudak hafif\u00e7e alt duda\u011f\u0131n (1-2 mm) \u00f6n\u00fcndedir ve alt dudak \u00fcst duda\u011fa g\u00f6re daha kal\u0131nd\u0131r. Bu oran\u0131 hyluronik asit dolgularla zahmetsiz ve g\u00fcvenli bi\u00e7imde sa\u011flanabilir. Dudaklar\u0131n\u0131z zaten dolgunsa ayr\u0131ca hacim katmak gereksiz; aksine, oran\u0131 korumak gerekiyor. Dudaklardaki incelmenin nedenlerinden biri \u00f6strojen kayb\u0131 ve az miktarda dolgu ile dudaklar\u0131 yuvarlakla\u015ft\u0131rarak daha dolgun ve belirgin hem dudak vol\u00fcm\u00fcn\u00fc artt\u0131rmak\u00a0 sa\u011flanabiliyor. Cilde su \u00e7ekme kapasitesi y\u00fcksek olan Hyaluronik asidin, lokal anestezi sonras\u0131 enjeksiyonla dudak b\u00f6lgesine uygulanmas\u0131 i\u015flemidir.<\/p>\n<h3>Dudak dolgusu kullan\u0131m\u0131 ;<\/h3>\n<ul>\n<li>&#8211; Dudak dolgunla\u015ft\u0131rma<\/li>\n<li>&#8211; Dudak \u015fekillendirme<\/li>\n<li>&#8211; Dudak konturunda kullan\u0131l\u0131r&#8230;.<\/li>\n<\/ul>\n<h3>Dudak dolgusu nas\u0131l yap\u0131l\u0131r?<\/h3>\n<p>Dudaklar \u00e7ok hassas organlard\u0131r ve bu b\u00f6lgeye yap\u0131lan i\u015flemler a\u011fr\u0131l\u0131d\u0131r. Dudaklara dolgusu uygulama \u00f6ncesinde, genellikle anestezik (lokal uyu\u015fturucu) etki g\u00f6steren kremler s\u00fcr\u00fclerek 15-20 dakika bekletilmesi gerekli. sonra \u00e7ok ince u\u00e7lu enjeksiyona ba\u015flan\u0131r, 10 dakika gibi k\u0131sa bir s\u00fcrede tamamlanan h\u0131zl\u0131 ve kolay bir uygulamad\u0131r.<\/p>\n<h3>Dudak dolgusu sonras\u0131?<\/h3>\n<p>\u0130\u015flem yap\u0131ld\u0131\u011f\u0131 anda hemen\u00a0 sonu\u00e7 verir, de\u011fi\u015fiklik hemen fark edilebilir.Dudak dolgu uygulamas\u0131ndan sonra en az 2 saat s\u00fcreyle herhangi bir \u015fey yemek ve i\u00e7mek yasakt\u0131r, ruj s\u00fcr\u00fclmemelidir. Dudak dolgu i\u015fleminden sonra k\u0131sa s\u00fcreli \u015fi\u015flik olu\u015fabilir, i\u011fne giri\u015f yerlerinde\u00a0 morarma meydana gelebilir. 2-3 g\u00fcn i\u00e7inde bu etkiler azal\u0131r.<\/p>\n<h3>Dudak dolgusu sonras\u0131 \u00f6dem\u00a0 ve \u015fi\u015flik\u00a0 olur mu?<\/h3>\n<p>Nadir olarak i\u015flem sonras\u0131 az miktarda \u015fi\u015flik ve \u00f6dem olabilir, \u00e7o\u011fu hastada kulland\u0131\u011f\u0131m\u0131z dolgu maddesinin k\u0131vam\u0131 \u00e7ok yumu\u015fak oldu\u011fu i\u00e7in \u015fi\u015flik ve morluk olu\u015fmaz.<\/p>\n<h3>Dudak dolgusu kal\u0131c\u0131 m\u0131?<\/h3>\n<p>Dudak dolgusunda duda\u011f\u0131 \u015fi\u015firmeye y\u00f6nelik de\u011fil ha\u00e7imlendirme, bi\u00e7imlendirmeye ve \u015fekillendirmede kullan\u0131lan hyal\u00fcronik asit dolgu enjeksiyonu kal\u0131c\u0131 de\u011fildir. Dolgular v\u00fccut taraf\u0131ndan zamanla emilir.\u00a0 Ya\u015fam tarz\u0131 ve fiziksel yap\u0131s\u0131 ki\u015finin , d\u0131\u015f ko\u015fullar dudak dolgusunun s\u00fcresini belirler, tekrarlamak\u00a0 sonucu olumlu etkiler.<\/p>\n<h3>Dudak dolgusunu kimler yapt\u0131rabilir?<\/h3>\n<p>Dudak yap\u0131s\u0131 ince, ya\u015fla birlikte cilt alt\u0131ndaki hyaluronik asidin azalmas\u0131 sonucu cilt elastikiyetlerini kaybedip ,incelen,dolgun ve kal\u0131n dudaklarla y\u00fcz\u00fcndeki g\u00fczellik\u00a0 ve gen\u00e7lik ifadesini g\u00fc\u00e7lendirmek,diri ve dolgun dudaklara sahip olmak isteyenler taraf\u0131ndan tercih ediliyor.<\/p>\n<h3>Dudak dolgusu sonra dudaklar yapay g\u00f6r\u00fcn\u00fcr m\u00fc?<\/h3>\n<p>A\u015f\u0131r\u0131ya ka\u00e7mayan dudak dolgusu ile do\u011fal dudaklar m\u00fcmk\u00fcnd\u00fcr.<\/p>\n<h3>Dudak dolgusunun etkisi\u00a0 s\u00fcresi ne kadar?<\/h3>\n<p>Dolgunun etkinlik s\u00fcresi ki\u015finin ya\u015f\u0131, dudak yap\u0131s\u0131, elastikiyeti, enjekte edilen dolgu maddesinin \u00f6zellikleri, miktar\u0131, kalitesi gibi fakt\u00f6rlere ba\u011fl\u0131d\u0131r.Dudaklara uygulanan hyaluronik asit dolgu maddelerinin kal\u0131c\u0131l\u0131\u011f\u0131 4-6 ayd\u0131r ve bu s\u00fcrenin sonunda tekrarlamak gerekir.<\/p>\n<p>&nbsp;[\/vc_column_text][\/vc_column][\/vc_row][vc_row full_width=&#8221;stretch_row_content&#8221; css=&#8221;.vc_custom_1688566483081{margin-top: 40px !important;margin-bottom: 40px !important;padding-top: 60px !important;padding-bottom: 50px !important;background-image: url(https:\/\/clinicp.com\/wp-content\/uploads\/2023\/06\/homepage-banner-1.jpg?id=6461) !important;background-position: center !important;background-repeat: no-repeat !important;background-size: cover !important;}&#8221; ts_responsive_css=&#8221;79823081|colbreak_no|||||80px||50px||colbreak_no|||||||||colbreak_no|||||60px||30px|||colbreak_no|||||||||&#8221; el_class=&#8221;ts-opacity95 ts-font375mode&#8221;][vc_column ts_textcolor=&#8221;white&#8221;]<p style=\"text-align:center;font-size:32px;line-height:42px;\" class=\"ts-custom-heading \" >Estetik Cerrahi ve Medikal Uygulamalar Hakk\u0131nda Hemen Bilgi Al\u0131n<\/p>\n<h3 style=\"text-align:center;font-size:50px;line-height:70px;color:#ffffff;\" class=\"ts-custom-heading vc_custom_1689156635796\" ><a href=\"tel:+90 531 881 6621\">+90 531 881 66 21<\/a><\/h3>\n\r\n\t\t<div class=\"ts-vc_btn3-container ts-vc_btn3-center\"><a class=\"ts-vc_general ts-vc_btn3 ts-vc_btn3-size-lg ts-vc_btn3-shape-rounded ts-vc_btn3-style-flat ts-vc_btn3-weight-yes ts-vc_btn3-icon-left ts-vc_btn3-color-success\" href=\"https:\/\/wa.me\/+905318816621\" title=\"+90 531 881 66 21\"><i class=\"ts-vc_btn3-icon fa fa-whatsapp\"><\/i> WhatsApp<\/a><\/div>[\/vc_column][\/vc_row][vc_row full_width=&#8221;stretch_row_content&#8221; ts_responsive_css=&#8221;67427488|colbreak_no|||||80px||65px||colbreak_no|||||||||colbreak_no|||||60px||45px|||colbreak_no|||||||||&#8221;][vc_column][vc_row_inner][vc_column_inner]<div class=\"ts-element-heading-wrapper ts-heading-inner ts-element-align-center ts-seperator-none \"><section class=\"ts-vc_cta3-container\"><div class=\"ts-vc_general ts-vc_cta3 ts-cta3-only ts-vc_cta3-style-classic ts-vc_cta3-shape-rounded ts-vc_cta3-align-center ts-vc_cta3-color-transparent ts-vc_cta3-icon-size-md ts-vc_cta3-actions-no ts-cta3-without-desc\"><div class=\"ts-vc_cta3_content-container\"><div class=\"ts-vc_cta3-content\"><div class=\"ts-vc_cta3-content-header ts-wrap\"><div class=\"ts-vc_cta3-headers ts-wrap-cell\"><h4 class=\"ts-custom-heading \" >Clinic P<\/h4>\n<h2 class=\"ts-custom-heading ts-fontweightbold \" >Merkezimiz<\/h2>\n<\/div><\/div><\/div><\/div><\/div><\/section><\/div> <!-- .ts-element-heading-wrapper container --> [\/vc_column_inner][\/vc_row_inner][vc_row_inner][vc_column_inner width=&#8221;1\/4&#8243;][vc_single_image image=&#8221;6507&#8243; img_size=&#8221;full&#8221; alignment=&#8221;center&#8221;][\/vc_column_inner][vc_column_inner width=&#8221;1\/4&#8243;][vc_single_image image=&#8221;6512&#8243; img_size=&#8221;full&#8221; alignment=&#8221;center&#8221;][\/vc_column_inner][vc_column_inner width=&#8221;1\/4&#8243;][vc_single_image image=&#8221;6517&#8243; img_size=&#8221;full&#8221; alignment=&#8221;center&#8221;][\/vc_column_inner][vc_column_inner width=&#8221;1\/4&#8243;][vc_single_image image=&#8221;6522&#8243; img_size=&#8221;full&#8221; alignment=&#8221;center&#8221;][\/vc_column_inner][\/vc_row_inner][vc_row_inner][vc_column_inner width=&#8221;1\/4&#8243;][vc_single_image image=&#8221;6527&#8243; img_size=&#8221;full&#8221; alignment=&#8221;center&#8221;][\/vc_column_inner][vc_column_inner width=&#8221;1\/4&#8243;][vc_single_image image=&#8221;6532&#8243; img_size=&#8221;full&#8221; alignment=&#8221;center&#8221;][\/vc_column_inner][vc_column_inner width=&#8221;1\/4&#8243;][vc_single_image image=&#8221;6537&#8243; img_size=&#8221;full&#8221; alignment=&#8221;center&#8221;][\/vc_column_inner][vc_column_inner width=&#8221;1\/4&#8243;][vc_single_image image=&#8221;6542&#8243; img_size=&#8221;full&#8221; alignment=&#8221;center&#8221;][\/vc_column_inner][\/vc_row_inner][\/vc_column][\/vc_row][vc_row][vc_column][vc_column_text]<!-- \/wp:post-content -->[\/vc_column_text][\/vc_column][\/vc_row]<\/p>\n<\/section>","protected":false},"excerpt":{"rendered":"<p>[vc_row][vc_column][vc_column_text]Yo\u011fun damar yap\u0131s\u0131 ve hareketli\u00a0 nedeniyle dudaklar, dolgu a\u00e7\u0131s\u0131ndan \u00f6zel geli\u015ftirilmi\u015f hyal\u00fcranik asite daha do\u011fal bir tepki verir.\u00a0 \u0130\u015fte bu b\u00f6lgeyi hacim veren dolgu enjeksiyonu ile belirginle\u015ftirip kontur olu\u015fturmak son derece pop\u00fcler ve estetik bir yeniliktir. Dudak dolgusu k\u00fc\u00e7\u00fck bir enjeksiyon gerektiren, doldurucu bir uygulama y\u00f6ntemidir. Dudaklar\u0131n etraf\u0131ndaki hassas b\u00f6lgenin tedavisi i\u00e7in \u00f6zel olarak geli\u015ftirilmi\u015f &hellip; <a href=\"https:\/\/clinicp.com\/tr\/dudak-dolgusu\/\" class=\"more-link\">Continue reading <span class=\"screen-reader-text\">Dudak Dolgusu<\/span><\/a><\/p>\n","protected":false},"author":3,"featured_media":5847,"parent":0,"menu_order":0,"comment_status":"closed","ping_status":"closed","template":"","meta":{"footnotes":""},"class_list":["post-5846","page","type-page","status-publish","has-post-thumbnail","hentry"],"_links":{"self":[{"href":"https:\/\/clinicp.com\/tr\/wp-json\/wp\/v2\/pages\/5846","targetHints":{"allow":["GET"]}}],"collection":[{"href":"https:\/\/clinicp.com\/tr\/wp-json\/wp\/v2\/pages"}],"about":[{"href":"https:\/\/clinicp.com\/tr\/wp-json\/wp\/v2\/types\/page"}],"author":[{"embeddable":true,"href":"https:\/\/clinicp.com\/tr\/wp-json\/wp\/v2\/users\/3"}],"replies":[{"embeddable":true,"href":"https:\/\/clinicp.com\/tr\/wp-json\/wp\/v2\/comments?post=5846"}],"version-history":[{"count":6,"href":"https:\/\/clinicp.com\/tr\/wp-json\/wp\/v2\/pages\/5846\/revisions"}],"predecessor-version":[{"id":7199,"href":"https:\/\/clinicp.com\/tr\/wp-json\/wp\/v2\/pages\/5846\/revisions\/7199"}],"wp:featuredmedia":[{"embeddable":true,"href":"https:\/\/clinicp.com\/tr\/wp-json\/wp\/v2\/media\/5847"}],"wp:attachment":[{"href":"https:\/\/clinicp.com\/tr\/wp-json\/wp\/v2\/media?parent=5846"}],"curies":[{"name":"wp","href":"https:\/\/api.w.org\/{rel}","templated":true}]}}