{"id":5855,"date":"2023-06-15T18:04:00","date_gmt":"2023-06-15T18:04:00","guid":{"rendered":"https:\/\/clinicp.com\/?page_id=5855"},"modified":"2023-07-12T10:11:48","modified_gmt":"2023-07-12T10:11:48","slug":"isik-dolgusu","status":"publish","type":"page","link":"https:\/\/clinicp.com\/tr\/isik-dolgusu\/","title":{"rendered":"I\u015f\u0131k Dolgusu"},"content":{"rendered":"<section class=\"wpb-content-wrapper\"><p>[vc_row][vc_column][vc_column_text]G\u00fcn\u00fcm\u00fczde bayanlar\u0131n ve erkeklerin korkulu r\u00fcyas\u0131 haline gelen g\u00f6zalt\u0131 koyu halkalar\u0131, \u00e7\u00f6k\u00fck ve torbalanmalar ve \u00e7evresi i\u00e7in \u0131\u015f\u0131k dolgusu uygulanmaktad\u0131r. G\u00fcn\u00fcm\u00fczde gerek ya\u015flanma etkisi, gerekse \u015fehir hayat\u0131ndaki \u00e7evresel fakt\u00f6rler, stres vb. fakt\u00f6rler bir araya gelince ciltte deformasyonlar\u0131n meydana gelmesi ka\u00e7\u0131n\u0131lmaz oluyor. V\u00fccudumuzdaki di\u011fer b\u00f6lgelere g\u00f6re \u00e7ok daha \u00f6zel bir cilt yap\u0131s\u0131na sahip olan g\u00f6zalt\u0131 ve g\u00f6z \u00e7evresi, bu deformasyonlar\u0131n meydana geldi\u011fi ilk b\u00f6lgeler oluyor.<\/p>\n<h3>G\u00f6zalt\u0131nda deformasyonlar neden olu\u015fur?<\/h3>\n<p>Di\u011fer b\u00f6lgelere g\u00f6re g\u00f6zalt\u0131 ve g\u00f6z \u00e7evresi \u00f6zel bir cilt yap\u0131s\u0131na sahiptir. Bu b\u00f6lgenin hem derisi, hem de cilt alt\u0131 destek dokusu olan ya\u011f dokusu olduk\u00e7a incedir. Bu y\u00fczden dolay\u0131 bu b\u00f6lgedeki deride kolajen elastin lifleri de daha ince ve gev\u015fektir. Buna ba\u011fl\u0131 olarak ya\u015flanmayla beraber ciltteki ilk bozukluklar g\u00f6z \u00e7evresi ve g\u00f6zalt\u0131nda olu\u015fmaya ba\u015flar. G\u00f6z \u00e7evresi, yap\u0131s\u0131ndan kaynaklanan nedenlerle y\u00fcz\u00fcn di\u011fer b\u00f6lgelerine g\u00f6re deformasyonlara en a\u00e7\u0131k b\u00f6lgedir.<\/p>\n<h3>G\u00f6zalt\u0131 \u0131\u015f\u0131k dolgusu nedir?<\/h3>\n<p>G\u00fcn\u00fcm\u00fczde \u0131\u015f\u0131k dolgusu; bir\u00e7ok problemi sona erdiren, sadece g\u00f6zalt\u0131 uygulamalar\u0131 i\u00e7in \u00fcretilmi\u015f, g\u00f6zalt\u0131 dokusuna yay\u0131lan dolgudur. \u0130\u00e7eri\u011finden kullan\u0131lan maddelerden dolay\u0131 g\u00f6z etraf\u0131na gelen \u0131\u015f\u0131\u011f\u0131 yans\u0131tt\u0131\u011f\u0131, cildi ayd\u0131nlatt\u0131\u011f\u0131 ve canland\u0131rd\u0131\u011f\u0131 i\u00e7in \u0131\u015f\u0131k dolgusu olarak adland\u0131r\u0131l\u0131yor. \u0130\u00e7erisinde i\u00e7erdi\u011fi bu maddeler ile h\u00fccresel seviyede yap\u0131lanmay\u0131 sa\u011flad\u0131\u011f\u0131 i\u00e7in g\u00f6z \u00e7evresinde ayd\u0131nlanma ve canlanma etkileri g\u00f6r\u00fcl\u00fcyor.<\/p>\n<h3>I\u015f\u0131k dolgusu kimlere uygulan\u0131r?<\/h3>\n<p>Genellikle \u0131\u015f\u0131k dolgusu; g\u00f6zalt\u0131nda morluk, torbalanma, \u00e7ukurluk, g\u00f6z \u00e7evresi k\u0131r\u0131\u015f\u0131kl\u0131\u011f\u0131 olu\u015fmu\u015f her eri\u015fkine uygulanabilir. Kullan\u0131lan \u0131\u015f\u0131k dolgusu uygulamas\u0131 morluklar\u0131n rengini a\u00e7\u0131yor, \u00e7ukurluklar\u0131 dolduruyor ve hafif torbalarda da torba g\u00f6r\u00fcn\u00fcm\u00fcn\u00fc azalt\u0131yor. B\u00f6ylece g\u00f6z \u00e7evresinde olu\u015fan k\u0131r\u0131\u015f\u0131kl\u0131klar\u0131n a\u00e7\u0131lmas\u0131nda da etkili olan bir y\u00f6ntem haline gelmektedir.<\/p>\n<p>&nbsp;[\/vc_column_text][\/vc_column][\/vc_row][vc_row full_width=&#8221;stretch_row_content&#8221; css=&#8221;.vc_custom_1688566483081{margin-top: 40px !important;margin-bottom: 40px !important;padding-top: 60px !important;padding-bottom: 50px !important;background-image: url(https:\/\/clinicp.com\/wp-content\/uploads\/2023\/06\/homepage-banner-1.jpg?id=6461) !important;background-position: center !important;background-repeat: no-repeat !important;background-size: cover !important;}&#8221; ts_responsive_css=&#8221;79823081|colbreak_no|||||80px||50px||colbreak_no|||||||||colbreak_no|||||60px||30px|||colbreak_no|||||||||&#8221; el_class=&#8221;ts-opacity95 ts-font375mode&#8221;][vc_column ts_textcolor=&#8221;white&#8221;]<p style=\"text-align:center;font-size:32px;line-height:42px;\" class=\"ts-custom-heading \" >Estetik Cerrahi ve Medikal Uygulamalar Hakk\u0131nda Hemen Bilgi Al\u0131n<\/p>\n<h3 style=\"text-align:center;font-size:50px;line-height:70px;color:#ffffff;\" class=\"ts-custom-heading vc_custom_1689156687000\" ><a href=\"tel:+90 531 881 6621\">+90 531 881 66 21<\/a><\/h3>\n\r\n\t\t<div class=\"ts-vc_btn3-container ts-vc_btn3-center\"><a class=\"ts-vc_general ts-vc_btn3 ts-vc_btn3-size-lg ts-vc_btn3-shape-rounded ts-vc_btn3-style-flat ts-vc_btn3-weight-yes ts-vc_btn3-icon-left ts-vc_btn3-color-success\" href=\"https:\/\/wa.me\/+905318816621\" title=\"+90 531 881 66 21\"><i class=\"ts-vc_btn3-icon fa fa-whatsapp\"><\/i> WhatsApp<\/a><\/div>[\/vc_column][\/vc_row][vc_row full_width=&#8221;stretch_row_content&#8221; ts_responsive_css=&#8221;67427488|colbreak_no|||||80px||65px||colbreak_no|||||||||colbreak_no|||||60px||45px|||colbreak_no|||||||||&#8221;][vc_column][vc_row_inner][vc_column_inner]<div class=\"ts-element-heading-wrapper ts-heading-inner ts-element-align-center ts-seperator-none \"><section class=\"ts-vc_cta3-container\"><div class=\"ts-vc_general ts-vc_cta3 ts-cta3-only ts-vc_cta3-style-classic ts-vc_cta3-shape-rounded ts-vc_cta3-align-center ts-vc_cta3-color-transparent ts-vc_cta3-icon-size-md ts-vc_cta3-actions-no ts-cta3-without-desc\"><div class=\"ts-vc_cta3_content-container\"><div class=\"ts-vc_cta3-content\"><div class=\"ts-vc_cta3-content-header ts-wrap\"><div class=\"ts-vc_cta3-headers ts-wrap-cell\"><h4 class=\"ts-custom-heading \" >Clinic P<\/h4>\n<h2 class=\"ts-custom-heading ts-fontweightbold \" >Merkezimiz<\/h2>\n<\/div><\/div><\/div><\/div><\/div><\/section><\/div> <!-- .ts-element-heading-wrapper container --> [\/vc_column_inner][\/vc_row_inner][vc_row_inner][vc_column_inner width=&#8221;1\/4&#8243;][vc_single_image image=&#8221;6507&#8243; img_size=&#8221;full&#8221; alignment=&#8221;center&#8221;][\/vc_column_inner][vc_column_inner width=&#8221;1\/4&#8243;][vc_single_image image=&#8221;6512&#8243; img_size=&#8221;full&#8221; alignment=&#8221;center&#8221;][\/vc_column_inner][vc_column_inner width=&#8221;1\/4&#8243;][vc_single_image image=&#8221;6517&#8243; img_size=&#8221;full&#8221; alignment=&#8221;center&#8221;][\/vc_column_inner][vc_column_inner width=&#8221;1\/4&#8243;][vc_single_image image=&#8221;6522&#8243; img_size=&#8221;full&#8221; alignment=&#8221;center&#8221;][\/vc_column_inner][\/vc_row_inner][vc_row_inner][vc_column_inner width=&#8221;1\/4&#8243;][vc_single_image image=&#8221;6527&#8243; img_size=&#8221;full&#8221; alignment=&#8221;center&#8221;][\/vc_column_inner][vc_column_inner width=&#8221;1\/4&#8243;][vc_single_image image=&#8221;6532&#8243; img_size=&#8221;full&#8221; alignment=&#8221;center&#8221;][\/vc_column_inner][vc_column_inner width=&#8221;1\/4&#8243;][vc_single_image image=&#8221;6537&#8243; img_size=&#8221;full&#8221; alignment=&#8221;center&#8221;][\/vc_column_inner][vc_column_inner width=&#8221;1\/4&#8243;][vc_single_image image=&#8221;6542&#8243; img_size=&#8221;full&#8221; alignment=&#8221;center&#8221;][\/vc_column_inner][\/vc_row_inner][\/vc_column][\/vc_row][vc_row][vc_column][vc_column_text]<!-- \/wp:post-content -->[\/vc_column_text][\/vc_column][\/vc_row]<\/p>\n<\/section>","protected":false},"excerpt":{"rendered":"<p>[vc_row][vc_column][vc_column_text]G\u00fcn\u00fcm\u00fczde bayanlar\u0131n ve erkeklerin korkulu r\u00fcyas\u0131 haline gelen g\u00f6zalt\u0131 koyu halkalar\u0131, \u00e7\u00f6k\u00fck ve torbalanmalar ve \u00e7evresi i\u00e7in \u0131\u015f\u0131k dolgusu uygulanmaktad\u0131r. G\u00fcn\u00fcm\u00fczde gerek ya\u015flanma etkisi, gerekse \u015fehir hayat\u0131ndaki \u00e7evresel fakt\u00f6rler, stres vb. fakt\u00f6rler bir araya gelince ciltte deformasyonlar\u0131n meydana gelmesi ka\u00e7\u0131n\u0131lmaz oluyor. V\u00fccudumuzdaki di\u011fer b\u00f6lgelere g\u00f6re \u00e7ok daha \u00f6zel bir cilt yap\u0131s\u0131na sahip olan g\u00f6zalt\u0131 ve &hellip; <a href=\"https:\/\/clinicp.com\/tr\/isik-dolgusu\/\" class=\"more-link\">Continue reading <span class=\"screen-reader-text\">I\u015f\u0131k Dolgusu<\/span><\/a><\/p>\n","protected":false},"author":3,"featured_media":5856,"parent":0,"menu_order":0,"comment_status":"closed","ping_status":"closed","template":"","meta":{"footnotes":""},"class_list":["post-5855","page","type-page","status-publish","has-post-thumbnail","hentry"],"_links":{"self":[{"href":"https:\/\/clinicp.com\/tr\/wp-json\/wp\/v2\/pages\/5855","targetHints":{"allow":["GET"]}}],"collection":[{"href":"https:\/\/clinicp.com\/tr\/wp-json\/wp\/v2\/pages"}],"about":[{"href":"https:\/\/clinicp.com\/tr\/wp-json\/wp\/v2\/types\/page"}],"author":[{"embeddable":true,"href":"https:\/\/clinicp.com\/tr\/wp-json\/wp\/v2\/users\/3"}],"replies":[{"embeddable":true,"href":"https:\/\/clinicp.com\/tr\/wp-json\/wp\/v2\/comments?post=5855"}],"version-history":[{"count":5,"href":"https:\/\/clinicp.com\/tr\/wp-json\/wp\/v2\/pages\/5855\/revisions"}],"predecessor-version":[{"id":7200,"href":"https:\/\/clinicp.com\/tr\/wp-json\/wp\/v2\/pages\/5855\/revisions\/7200"}],"wp:featuredmedia":[{"embeddable":true,"href":"https:\/\/clinicp.com\/tr\/wp-json\/wp\/v2\/media\/5856"}],"wp:attachment":[{"href":"https:\/\/clinicp.com\/tr\/wp-json\/wp\/v2\/media?parent=5855"}],"curies":[{"name":"wp","href":"https:\/\/api.w.org\/{rel}","templated":true}]}}