{"id":5863,"date":"2023-06-15T18:06:11","date_gmt":"2023-06-15T18:06:11","guid":{"rendered":"https:\/\/clinicp.com\/?page_id=5863"},"modified":"2023-07-12T10:12:42","modified_gmt":"2023-07-12T10:12:42","slug":"prp","status":"publish","type":"page","link":"https:\/\/clinicp.com\/tr\/prp\/","title":{"rendered":"PRP"},"content":{"rendered":"<section class=\"wpb-content-wrapper\"><p>[vc_row][vc_column][vc_column_text]\u201c<strong>PlateletRichPlasma\u2014platelet y\u00f6n\u00fcnden zenginle\u015ftirilmi\u015f plazma uygulamas\u0131<\/strong>\u201d ad\u0131 verilen uygulaman\u0131n k\u0131salt\u0131lm\u0131\u015f ismidir. Bu uygulama ki\u015fiden al\u0131nan ortalama 10 cc miktardaki kan\u0131n \u00f6zel bir t\u00fcpe konularak santrif\u00fcj i\u015flemine tabi tutulduktan sonra bile\u015fenlerine ayr\u0131\u015ft\u0131r\u0131lmas\u0131 ve elde edilen plateletten zengin plazman\u0131n yine ayn\u0131 ki\u015fiye enjeksiyon yoluyla geri verilmesini temel al\u0131r.<\/p>\n<p>Plateletler v\u00fccudumuzda bir b\u00f6lgede yaralanma oldu\u011funda o b\u00f6lgeye ilk g\u00f6\u00e7 eden h\u00fccrelerdir. Bu h\u00fccreler v\u00fccudumuzdaki hasarl\u0131 olan bu dokular\u0131n onar\u0131m\u0131n\u0131 ve do\u011fal hallerine d\u00f6nmelerini sa\u011flamak i\u00e7in gerekli olan \u201cb\u00fcy\u00fcme fakt\u00f6rlerini\u201d yap\u0131s\u0131nda bar\u0131nd\u0131ran kan bile\u015fenleridir.<\/p>\n<p>Dokular\u0131m\u0131zda herhangi bir hasar olu\u015ftu\u011funda kan\u0131m\u0131z plateletleri bu dokuya toplayarak bir onar\u0131m s\u00fcreci ba\u015flat\u0131r, PRP uygulamas\u0131n\u0131n amac\u0131 ise bu hedef dokuya kan dola\u015f\u0131m\u0131 ile ta\u015f\u0131nabilecek olandan \u00e7ok daha fazla say\u0131da plateleti verebilmektir, b\u00f6ylece hasarl\u0131 dokunun onar\u0131m\u0131 da bu kadar h\u0131zl\u0131 ve g\u00fc\u00e7l\u00fc bir \u015fekilde ba\u015flar ve daha \u00e7abuk sonu\u00e7lan\u0131r, \u00e7\u00fcnk\u00fc PRP ile elde edilen plateletlerin yo\u011funlu\u011fu kandakinden 2 ila 4 kat fazlad\u0131r.<\/p>\n<p>Derimizin ya\u015flanmas\u0131 ayn\u0131 yaralanma s\u00fcrecinde oldu\u011fu gibi baz\u0131 fiziksel \u00f6zelliklerini kaybetmesinden kaynaklan\u0131r. Bu nedenle derimizi gen\u00e7le\u015ftirmeye y\u00f6nelik uygulamalarda asl\u0131nda v\u00fccudumuzun bir yaray\u0131 iyile\u015ftirirken yapt\u0131klar\u0131n\u0131 \u00e7e\u015fitli y\u00f6ntemlerle taklit ederiz.<\/p>\n<p>\u00d6rne\u011fin lazer, peeling gibi y\u00f6ntemler ciltte limitleri belli, hafif bir hasar verir ve bu hasar\u0131 cildimizi h\u0131zla iyile\u015ftirmek i\u00e7in tetikleyici bir g\u00fc\u00e7 olarak kullan\u0131l\u0131r, bu hasar sonras\u0131nda b\u00fcy\u00fcme fakt\u00f6r\u00fc sal\u0131n\u0131r ve iyile\u015fme s\u00fcreci ba\u015flar.<\/p>\n<p>Derideki bir hasar\u0131 en etkili, en h\u0131zl\u0131 ve en do\u011fal bi\u00e7imde onarabilecek olan yap\u0131, yine derinin ait oldu\u011fu b\u00fct\u00fcn\u00fcn bir par\u00e7as\u0131d\u0131r, bu nedenle plazma uygulamas\u0131 damarlar\u0131m\u0131zda dola\u015fan bu sihirli g\u00fcc\u00fc harekete ge\u00e7iren bir y\u00f6ntem olarak geli\u015fmi\u015ftir.<\/p>\n<h2>Prp Hangi Uygulamalarda Kullan\u0131l\u0131r?<\/h2>\n<p>PRP uygulamas\u0131 estetik, ortopedi, di\u015f gibi t\u0131p dallar\u0131nda iyile\u015fmeyen yara, kronik a\u011fr\u0131, tendon hasarlar\u0131, romatizmal yak\u0131nmalar\u0131n tedavisi gibi alanlarda kullan\u0131lmaktad\u0131r.<\/p>\n<p>Estetik uygulamalar i\u00e7in PRP y\u00fcz, boyun, dekolte b\u00f6lgesi, eller, bacak i\u00e7leri, kollar gibi v\u00fccut b\u00f6l\u00fcmlerinde s\u0131kl\u0131kla kullan\u0131l\u0131r.<\/p>\n<p>PRP uygulamas\u0131n\u0131n fayda sa\u011flayaca\u011f\u0131 durumlar ; Lazer\/peeling gibi estetik uygulamalardan hemen sonra derinin h\u0131zla yap\u0131lanmas\u0131n\u0131 sa\u011flamak, Uzun y\u0131llar g\u00fcne\u015fe maruz kalman\u0131n k\u00f6t\u00fc sonu\u00e7lar\u0131n\u0131 geriye d\u00f6nd\u00fcrecek esneklik ve parlakl\u0131\u011f\u0131n yeniden kazand\u0131r\u0131lmas\u0131n\u0131 sa\u011flamak, kronik iyile\u015fmeyen yara, \u00e7atlak ve deri b\u00fct\u00fcnl\u00fc\u011f\u00fcn\u00fcn zarar g\u00f6rd\u00fc\u011f\u00fc durumlarda iyile\u015fmeyi h\u0131zland\u0131rmak, Sa\u00e7lar\u0131n canlanmas\u0131n\u0131 sa\u011flamak ve d\u00f6k\u00fclmeye kar\u015f\u0131 diren\u00e7 olu\u015fturarak s\u0131kla\u015ft\u0131rmak gibi ama\u00e7larla ve yukar\u0131da belirtilen alanlar d\u0131\u015f\u0131nda pek \u00e7ok alanda ba\u015far\u0131yla uygulanmaktad\u0131r.<\/p>\n<p>Ki\u015fiden uygulama alan\u0131na g\u00f6re bir ya da iki t\u00fcp ( 16-23 ml ) kan al\u0131n\u0131r, santrf\u00fcj edilerek plateletleri ayr\u0131\u015ft\u0131r\u0131l\u0131r. Ayr\u0131\u015ft\u0131r\u0131lan plateletlerden zengin plazma enjekt\u00f6re \u00e7ekilerek mezoterapi \u015feklinde cilde uygulan\u0131r, cildi canland\u0131r\u0131c\u0131 ve gen\u00e7le\u015ftirici etkisi uygulamadan birka\u00e7 hafta sonra ortaya \u00e7\u0131kar. Haz\u0131rl\u0131k ve uygulama 15-20 dk s\u00fcren k\u0131sa bir i\u015flemdir.<\/p>\n<p>PRP uygulamas\u0131 cilt i\u00e7ine uygulanan mikroenjeksiyonlar \u015feklinde yap\u0131l\u0131r. Kan al\u0131nmas\u0131 ve mikroenjeksiyon ile uygulama esnas\u0131nda duyulan hafif bir rahats\u0131zl\u0131ktan ba\u015fka bir ac\u0131 hissi beklenmez. PRP ile mezoterapi uygulamas\u0131 \u00e7o\u011funlukla cilt i\u00e7ine yap\u0131l\u0131r.<\/p>\n<p>Uygulamadan hemen sonra erken d\u00f6nemde ciltte bir canlanma ortaya \u00e7\u0131kar, ancak ideal sonu\u00e7lar\u0131n g\u00f6r\u00fclmesi i\u00e7in 2 hafta aral\u0131klar ile 3 veya 4 uygulama gerekir. Bu uygulamalardan sonra ( yani 1 k\u00fcr uyguland\u0131ktan sonra ) kal\u0131c\u0131 bir etki belirgin hale gelir.<\/p>\n<p>3 veya 4 uygulamadan olu\u015fan k\u00fcrler ciltte bir d\u00fczelme sa\u011flar. Ancak elde edilen d\u00fczelmenin s\u00fcreklili\u011fi i\u00e7in 12-18 ayda bir k\u00fcr tedavisi tekrarlanmal\u0131d\u0131r. Bu sayede daha kal\u0131c\u0131 bir etki elde edilebilir.[\/vc_column_text][\/vc_column][\/vc_row][vc_row full_width=&#8221;stretch_row_content&#8221; css=&#8221;.vc_custom_1688566483081{margin-top: 40px !important;margin-bottom: 40px !important;padding-top: 60px !important;padding-bottom: 50px !important;background-image: url(https:\/\/clinicp.com\/wp-content\/uploads\/2023\/06\/homepage-banner-1.jpg?id=6461) !important;background-position: center !important;background-repeat: no-repeat !important;background-size: cover !important;}&#8221; ts_responsive_css=&#8221;79823081|colbreak_no|||||80px||50px||colbreak_no|||||||||colbreak_no|||||60px||30px|||colbreak_no|||||||||&#8221; el_class=&#8221;ts-opacity95 ts-font375mode&#8221;][vc_column ts_textcolor=&#8221;white&#8221;]<p style=\"text-align:center;font-size:32px;line-height:42px;\" class=\"ts-custom-heading \" >Estetik Cerrahi ve Medikal Uygulamalar Hakk\u0131nda Hemen Bilgi Al\u0131n<\/p>\n<h3 style=\"text-align:center;font-size:50px;line-height:70px;color:#ffffff;\" class=\"ts-custom-heading vc_custom_1689156738408\" ><a href=\"tel:+90 531 881 6621\">+90 531 881 66 21<\/a><\/h3>\n\r\n\t\t<div class=\"ts-vc_btn3-container ts-vc_btn3-center\"><a class=\"ts-vc_general ts-vc_btn3 ts-vc_btn3-size-lg ts-vc_btn3-shape-rounded ts-vc_btn3-style-flat ts-vc_btn3-weight-yes ts-vc_btn3-icon-left ts-vc_btn3-color-success\" href=\"https:\/\/wa.me\/+905318816621\" title=\"+90 531 881 66 21\"><i class=\"ts-vc_btn3-icon fa fa-whatsapp\"><\/i> WhatsApp<\/a><\/div>[\/vc_column][\/vc_row][vc_row full_width=&#8221;stretch_row_content&#8221; ts_responsive_css=&#8221;67427488|colbreak_no|||||80px||65px||colbreak_no|||||||||colbreak_no|||||60px||45px|||colbreak_no|||||||||&#8221;][vc_column][vc_row_inner][vc_column_inner]<div class=\"ts-element-heading-wrapper ts-heading-inner ts-element-align-center ts-seperator-none \"><section class=\"ts-vc_cta3-container\"><div class=\"ts-vc_general ts-vc_cta3 ts-cta3-only ts-vc_cta3-style-classic ts-vc_cta3-shape-rounded ts-vc_cta3-align-center ts-vc_cta3-color-transparent ts-vc_cta3-icon-size-md ts-vc_cta3-actions-no ts-cta3-without-desc\"><div class=\"ts-vc_cta3_content-container\"><div class=\"ts-vc_cta3-content\"><div class=\"ts-vc_cta3-content-header ts-wrap\"><div class=\"ts-vc_cta3-headers ts-wrap-cell\"><h4 class=\"ts-custom-heading \" >Clinic P<\/h4>\n<h2 class=\"ts-custom-heading ts-fontweightbold \" >Merkezimiz<\/h2>\n<\/div><\/div><\/div><\/div><\/div><\/section><\/div> <!-- .ts-element-heading-wrapper container --> [\/vc_column_inner][\/vc_row_inner][vc_row_inner][vc_column_inner width=&#8221;1\/4&#8243;][vc_single_image image=&#8221;6507&#8243; img_size=&#8221;full&#8221; alignment=&#8221;center&#8221;][\/vc_column_inner][vc_column_inner width=&#8221;1\/4&#8243;][vc_single_image image=&#8221;6512&#8243; img_size=&#8221;full&#8221; alignment=&#8221;center&#8221;][\/vc_column_inner][vc_column_inner width=&#8221;1\/4&#8243;][vc_single_image image=&#8221;6517&#8243; img_size=&#8221;full&#8221; alignment=&#8221;center&#8221;][\/vc_column_inner][vc_column_inner width=&#8221;1\/4&#8243;][vc_single_image image=&#8221;6522&#8243; img_size=&#8221;full&#8221; alignment=&#8221;center&#8221;][\/vc_column_inner][\/vc_row_inner][vc_row_inner][vc_column_inner width=&#8221;1\/4&#8243;][vc_single_image image=&#8221;6527&#8243; img_size=&#8221;full&#8221; alignment=&#8221;center&#8221;][\/vc_column_inner][vc_column_inner width=&#8221;1\/4&#8243;][vc_single_image image=&#8221;6532&#8243; img_size=&#8221;full&#8221; alignment=&#8221;center&#8221;][\/vc_column_inner][vc_column_inner width=&#8221;1\/4&#8243;][vc_single_image image=&#8221;6537&#8243; img_size=&#8221;full&#8221; alignment=&#8221;center&#8221;][\/vc_column_inner][vc_column_inner width=&#8221;1\/4&#8243;][vc_single_image image=&#8221;6542&#8243; img_size=&#8221;full&#8221; alignment=&#8221;center&#8221;][\/vc_column_inner][\/vc_row_inner][\/vc_column][\/vc_row]<\/p>\n<\/section>","protected":false},"excerpt":{"rendered":"<p>[vc_row][vc_column][vc_column_text]\u201cPlateletRichPlasma\u2014platelet y\u00f6n\u00fcnden zenginle\u015ftirilmi\u015f plazma uygulamas\u0131\u201d ad\u0131 verilen uygulaman\u0131n k\u0131salt\u0131lm\u0131\u015f ismidir. Bu uygulama ki\u015fiden al\u0131nan ortalama 10 cc miktardaki kan\u0131n \u00f6zel bir t\u00fcpe konularak santrif\u00fcj i\u015flemine tabi tutulduktan sonra bile\u015fenlerine ayr\u0131\u015ft\u0131r\u0131lmas\u0131 ve elde edilen plateletten zengin plazman\u0131n yine ayn\u0131 ki\u015fiye enjeksiyon yoluyla geri verilmesini temel al\u0131r. Plateletler v\u00fccudumuzda bir b\u00f6lgede yaralanma oldu\u011funda o b\u00f6lgeye ilk g\u00f6\u00e7 &hellip; <a href=\"https:\/\/clinicp.com\/tr\/prp\/\" class=\"more-link\">Continue reading <span class=\"screen-reader-text\">PRP<\/span><\/a><\/p>\n","protected":false},"author":3,"featured_media":5864,"parent":0,"menu_order":0,"comment_status":"closed","ping_status":"closed","template":"","meta":{"footnotes":""},"class_list":["post-5863","page","type-page","status-publish","has-post-thumbnail","hentry"],"_links":{"self":[{"href":"https:\/\/clinicp.com\/tr\/wp-json\/wp\/v2\/pages\/5863","targetHints":{"allow":["GET"]}}],"collection":[{"href":"https:\/\/clinicp.com\/tr\/wp-json\/wp\/v2\/pages"}],"about":[{"href":"https:\/\/clinicp.com\/tr\/wp-json\/wp\/v2\/types\/page"}],"author":[{"embeddable":true,"href":"https:\/\/clinicp.com\/tr\/wp-json\/wp\/v2\/users\/3"}],"replies":[{"embeddable":true,"href":"https:\/\/clinicp.com\/tr\/wp-json\/wp\/v2\/comments?post=5863"}],"version-history":[{"count":6,"href":"https:\/\/clinicp.com\/tr\/wp-json\/wp\/v2\/pages\/5863\/revisions"}],"predecessor-version":[{"id":7201,"href":"https:\/\/clinicp.com\/tr\/wp-json\/wp\/v2\/pages\/5863\/revisions\/7201"}],"wp:featuredmedia":[{"embeddable":true,"href":"https:\/\/clinicp.com\/tr\/wp-json\/wp\/v2\/media\/5864"}],"wp:attachment":[{"href":"https:\/\/clinicp.com\/tr\/wp-json\/wp\/v2\/media?parent=5863"}],"curies":[{"name":"wp","href":"https:\/\/api.w.org\/{rel}","templated":true}]}}