{"id":5872,"date":"2023-06-15T18:10:51","date_gmt":"2023-06-15T18:10:51","guid":{"rendered":"https:\/\/clinicp.com\/?page_id=5872"},"modified":"2023-07-12T10:13:24","modified_gmt":"2023-07-12T10:13:24","slug":"mezoterapi","status":"publish","type":"page","link":"https:\/\/clinicp.com\/tr\/mezoterapi\/","title":{"rendered":"Mezoterapi"},"content":{"rendered":"<section class=\"wpb-content-wrapper\"><p>[vc_row][vc_column][vc_column_text]Sorunlu olan b\u00f6lgeye vitaminlerin, enzimlerin, minerallerin kar\u0131\u015ft\u0131r\u0131l\u0131p ila\u00e7 haline geldikten sonra enjeksiyon y\u00f6ntemi ile verilmesidir. Cilt, sa\u00e7, \u00e7atlak, lekeler ve deri hastal\u0131klar\u0131 i\u00e7in \u00f6nerilen bu tedavi \u015fekli a\u011f\u0131z yoluyla al\u0131nan ila\u00e7lardan daha h\u0131zl\u0131 etki etti\u011fi i\u00e7in enjeksiyon y\u00f6ntemi ile uygulanmaktad\u0131r.<\/p>\n<p>\u00d6zellikle ciltteki etkileri k\u0131sa s\u00fcrede g\u00f6zle g\u00f6r\u00fcl\u00fcr \u015fekilde sonu\u00e7land\u0131\u011f\u0131ndan uzun y\u0131llard\u0131r en \u00e7ok tercih edilen tedavilerdendir. Uygulama sadece doktor taraf\u0131ndan yap\u0131lmal\u0131d\u0131r. Kombine tedavilerle \u00e7ok daha ba\u015far\u0131l\u0131 sonu\u00e7lar elde edilir. Cildin durumuna g\u00f6re seanslar\u0131n\u0131 ve seans aral\u0131klar\u0131n\u0131 yine doktorlar taraf\u0131ndan belirlenir.<\/p>\n<p>[\/vc_column_text][\/vc_column][\/vc_row][vc_row full_width=&#8221;stretch_row_content&#8221; css=&#8221;.vc_custom_1688737616967{margin-top: 100px !important;margin-bottom: 40px !important;padding-top: 60px !important;padding-bottom: 50px !important;background-image: url(https:\/\/clinicp.com\/wp-content\/uploads\/2023\/06\/homepage-banner-1.jpg?id=6461) !important;background-position: center !important;background-repeat: no-repeat !important;background-size: cover !important;}&#8221; ts_responsive_css=&#8221;79823081|colbreak_no|||||80px||50px||colbreak_no|||||||||colbreak_no|||||60px||30px|||colbreak_no|||||||||&#8221; el_class=&#8221;ts-opacity95 ts-font375mode&#8221;][vc_column ts_textcolor=&#8221;white&#8221;]<p style=\"text-align:center;font-size:32px;line-height:42px;\" class=\"ts-custom-heading \" >Estetik Cerrahi ve Medikal Uygulamalar Hakk\u0131nda Hemen Bilgi Al\u0131n<\/p>\n<h3 style=\"text-align:center;font-size:50px;line-height:70px;color:#ffffff;\" class=\"ts-custom-heading vc_custom_1689156784703\" ><a href=\"tel:+90 531 881 6621\">+90 531 881 66 21<\/a><\/h3>\n\r\n\t\t<div class=\"ts-vc_btn3-container ts-vc_btn3-center\"><a class=\"ts-vc_general ts-vc_btn3 ts-vc_btn3-size-lg ts-vc_btn3-shape-rounded ts-vc_btn3-style-flat ts-vc_btn3-weight-yes ts-vc_btn3-icon-left ts-vc_btn3-color-success\" href=\"https:\/\/wa.me\/+905318816621\" title=\"+90 531 881 66 21\"><i class=\"ts-vc_btn3-icon fa fa-whatsapp\"><\/i> WhatsApp<\/a><\/div>[\/vc_column][\/vc_row][vc_row full_width=&#8221;stretch_row_content&#8221; ts_responsive_css=&#8221;67427488|colbreak_no|||||80px||65px||colbreak_no|||||||||colbreak_no|||||60px||45px|||colbreak_no|||||||||&#8221;][vc_column][vc_row_inner][vc_column_inner]<div class=\"ts-element-heading-wrapper ts-heading-inner ts-element-align-center ts-seperator-none \"><section class=\"ts-vc_cta3-container\"><div class=\"ts-vc_general ts-vc_cta3 ts-cta3-only ts-vc_cta3-style-classic ts-vc_cta3-shape-rounded ts-vc_cta3-align-center ts-vc_cta3-color-transparent ts-vc_cta3-icon-size-md ts-vc_cta3-actions-no ts-cta3-without-desc\"><div class=\"ts-vc_cta3_content-container\"><div class=\"ts-vc_cta3-content\"><div class=\"ts-vc_cta3-content-header ts-wrap\"><div class=\"ts-vc_cta3-headers ts-wrap-cell\"><h4 class=\"ts-custom-heading \" >Clinic P<\/h4>\n<h2 class=\"ts-custom-heading ts-fontweightbold \" >Merkezimiz<\/h2>\n<\/div><\/div><\/div><\/div><\/div><\/section><\/div> <!-- .ts-element-heading-wrapper container --> [\/vc_column_inner][\/vc_row_inner][vc_row_inner][vc_column_inner width=&#8221;1\/4&#8243;][vc_single_image image=&#8221;6507&#8243; img_size=&#8221;full&#8221; alignment=&#8221;center&#8221;][\/vc_column_inner][vc_column_inner width=&#8221;1\/4&#8243;][vc_single_image image=&#8221;6512&#8243; img_size=&#8221;full&#8221; alignment=&#8221;center&#8221;][\/vc_column_inner][vc_column_inner width=&#8221;1\/4&#8243;][vc_single_image image=&#8221;6517&#8243; img_size=&#8221;full&#8221; alignment=&#8221;center&#8221;][\/vc_column_inner][vc_column_inner width=&#8221;1\/4&#8243;][vc_single_image image=&#8221;6522&#8243; img_size=&#8221;full&#8221; alignment=&#8221;center&#8221;][\/vc_column_inner][\/vc_row_inner][vc_row_inner][vc_column_inner width=&#8221;1\/4&#8243;][vc_single_image image=&#8221;6527&#8243; img_size=&#8221;full&#8221; alignment=&#8221;center&#8221;][\/vc_column_inner][vc_column_inner width=&#8221;1\/4&#8243;][vc_single_image image=&#8221;6532&#8243; img_size=&#8221;full&#8221; alignment=&#8221;center&#8221;][\/vc_column_inner][vc_column_inner width=&#8221;1\/4&#8243;][vc_single_image image=&#8221;6537&#8243; img_size=&#8221;full&#8221; alignment=&#8221;center&#8221;][\/vc_column_inner][vc_column_inner width=&#8221;1\/4&#8243;][vc_single_image image=&#8221;6542&#8243; img_size=&#8221;full&#8221; alignment=&#8221;center&#8221;][\/vc_column_inner][\/vc_row_inner][\/vc_column][\/vc_row]<\/p>\n<\/section>","protected":false},"excerpt":{"rendered":"<p>[vc_row][vc_column][vc_column_text]Sorunlu olan b\u00f6lgeye vitaminlerin, enzimlerin, minerallerin kar\u0131\u015ft\u0131r\u0131l\u0131p ila\u00e7 haline geldikten sonra enjeksiyon y\u00f6ntemi ile verilmesidir. Cilt, sa\u00e7, \u00e7atlak, lekeler ve deri hastal\u0131klar\u0131 i\u00e7in \u00f6nerilen bu tedavi \u015fekli a\u011f\u0131z yoluyla al\u0131nan ila\u00e7lardan daha h\u0131zl\u0131 etki etti\u011fi i\u00e7in enjeksiyon y\u00f6ntemi ile uygulanmaktad\u0131r. \u00d6zellikle ciltteki etkileri k\u0131sa s\u00fcrede g\u00f6zle g\u00f6r\u00fcl\u00fcr \u015fekilde sonu\u00e7land\u0131\u011f\u0131ndan uzun y\u0131llard\u0131r en \u00e7ok tercih edilen &hellip; <a href=\"https:\/\/clinicp.com\/tr\/mezoterapi\/\" class=\"more-link\">Continue reading <span class=\"screen-reader-text\">Mezoterapi<\/span><\/a><\/p>\n","protected":false},"author":3,"featured_media":5873,"parent":0,"menu_order":0,"comment_status":"closed","ping_status":"closed","template":"","meta":{"footnotes":""},"class_list":["post-5872","page","type-page","status-publish","has-post-thumbnail","hentry"],"_links":{"self":[{"href":"https:\/\/clinicp.com\/tr\/wp-json\/wp\/v2\/pages\/5872","targetHints":{"allow":["GET"]}}],"collection":[{"href":"https:\/\/clinicp.com\/tr\/wp-json\/wp\/v2\/pages"}],"about":[{"href":"https:\/\/clinicp.com\/tr\/wp-json\/wp\/v2\/types\/page"}],"author":[{"embeddable":true,"href":"https:\/\/clinicp.com\/tr\/wp-json\/wp\/v2\/users\/3"}],"replies":[{"embeddable":true,"href":"https:\/\/clinicp.com\/tr\/wp-json\/wp\/v2\/comments?post=5872"}],"version-history":[{"count":6,"href":"https:\/\/clinicp.com\/tr\/wp-json\/wp\/v2\/pages\/5872\/revisions"}],"predecessor-version":[{"id":7202,"href":"https:\/\/clinicp.com\/tr\/wp-json\/wp\/v2\/pages\/5872\/revisions\/7202"}],"wp:featuredmedia":[{"embeddable":true,"href":"https:\/\/clinicp.com\/tr\/wp-json\/wp\/v2\/media\/5873"}],"wp:attachment":[{"href":"https:\/\/clinicp.com\/tr\/wp-json\/wp\/v2\/media?parent=5872"}],"curies":[{"name":"wp","href":"https:\/\/api.w.org\/{rel}","templated":true}]}}