{"id":5880,"date":"2023-06-15T18:12:51","date_gmt":"2023-06-15T18:12:51","guid":{"rendered":"https:\/\/clinicp.com\/?page_id=5880"},"modified":"2023-07-12T10:14:09","modified_gmt":"2023-07-12T10:14:09","slug":"burun-dolgusu","status":"publish","type":"page","link":"https:\/\/clinicp.com\/tr\/burun-dolgusu\/","title":{"rendered":"Burun Dolgusu"},"content":{"rendered":"<section class=\"wpb-content-wrapper\"><p>[vc_row][vc_column][vc_column_text]<strong>Ameliyats\u0131z burun esteti\u011fi<\/strong> olarak da bilinen burun dolgusu, cerrahi m\u00fcdahale yap\u0131lmadan ger\u00e7ekle\u015ftirilen burun \u015fekli de\u011fi\u015fikliklerini ifade eder.<\/p>\n<p>Cilt dolgu malzemeleri, hyal\u00fcronik asit dolgu malzemesi gibi hacim kazand\u0131rmak i\u00e7in farkl\u0131 y\u00fcz b\u00f6lgelerine enjekte edilen \u00fcr\u00fcnlerdir.<\/p>\n<p>Burundaki e\u011frilikleri\/\u00e7\u00f6kmeleri hafifletmek veya gidermek, burun ucunu kald\u0131rmak, burun s\u0131rt\u0131n\u0131 d\u00fczle\u015ftirmek, asimetrileri d\u00fczeltmek gibi farkl\u0131 ama\u00e7larla dolgu yap\u0131labilir.<\/p>\n<p><strong>Ameliyats\u0131z burun esteti\u011fi<\/strong> i\u015flemi olarak yap\u0131lan burun dolgusu 15- 30 dakika s\u00fcrmektedir. 2-3 hafta sonra kontrol yap\u0131labilir. Kal\u0131c\u0131l\u0131k 7-9 ay aras\u0131ndad\u0131r.<\/p>\n<p>A\u011fr\u0131s\u0131z bir i\u015flem olmas\u0131 i\u00e7in burun b\u00f6lgesine s\u00fcr\u00fclen uyu\u015fturucu lokal krem kullan\u0131labilir. Burun planland\u0131\u011f\u0131 gibi \u015fekillendirilir. Bunun i\u00e7in i\u011fne yada kan\u00fcl ad\u0131 verilen ucu sivri olmayan i\u011fne kullan\u0131labilir. K\u00fc\u00e7\u00fck dozlarda da duruma g\u00f6re eklenebilir.<\/p>\n<p>Uygulama sonras\u0131nda ise sadece 5- 10 dakika kadar buz ile kompress yap\u0131lmas\u0131 yeterli olmaktad\u0131r. Ameliyatlara g\u00f6re pek \u00e7ok art\u0131s\u0131 vard\u0131r; muayenehane ko\u015fullar\u0131nda uygulanabilir.<\/p>\n<p>Ac\u0131, a\u011fr\u0131, yanma ve s\u0131z\u0131 ya\u015fanma riski d\u00fc\u015f\u00fckt\u00fcr. Kal\u0131c\u0131 bir uygulama olmad\u0131\u011f\u0131 i\u00e7in g\u00fcvenlidir. Ameliyat ile k\u0131yasland\u0131\u011f\u0131nda ekonomik bir uygulamad\u0131r.<\/p>\n<p>[\/vc_column_text][\/vc_column][\/vc_row][vc_row full_width=&#8221;stretch_row_content&#8221; css=&#8221;.vc_custom_1688566483081{margin-top: 40px !important;margin-bottom: 40px !important;padding-top: 60px !important;padding-bottom: 50px !important;background-image: url(https:\/\/clinicp.com\/wp-content\/uploads\/2023\/06\/homepage-banner-1.jpg?id=6461) !important;background-position: center !important;background-repeat: no-repeat !important;background-size: cover !important;}&#8221; ts_responsive_css=&#8221;79823081|colbreak_no|||||80px||50px||colbreak_no|||||||||colbreak_no|||||60px||30px|||colbreak_no|||||||||&#8221; el_class=&#8221;ts-opacity95 ts-font375mode&#8221;][vc_column ts_textcolor=&#8221;white&#8221;]<p style=\"text-align:center;font-size:32px;line-height:42px;\" class=\"ts-custom-heading \" >Estetik Cerrahi ve Medikal Uygulamalar Hakk\u0131nda Hemen Bilgi Al\u0131n<\/p>\n<h3 style=\"text-align:center;font-size:50px;line-height:70px;color:#ffffff;\" class=\"ts-custom-heading vc_custom_1689156829024\" ><a href=\"tel:+90 531 881 6621\">+90 531 881 66 21<\/a><\/h3>\n\r\n\t\t<div class=\"ts-vc_btn3-container ts-vc_btn3-center\"><a class=\"ts-vc_general ts-vc_btn3 ts-vc_btn3-size-lg ts-vc_btn3-shape-rounded ts-vc_btn3-style-flat ts-vc_btn3-weight-yes ts-vc_btn3-icon-left ts-vc_btn3-color-success\" href=\"https:\/\/wa.me\/+905318816621\" title=\"+90 531 881 66 21\"><i class=\"ts-vc_btn3-icon fa fa-whatsapp\"><\/i> WhatsApp<\/a><\/div>[\/vc_column][\/vc_row][vc_row full_width=&#8221;stretch_row_content&#8221; ts_responsive_css=&#8221;67427488|colbreak_no|||||80px||65px||colbreak_no|||||||||colbreak_no|||||60px||45px|||colbreak_no|||||||||&#8221;][vc_column][vc_row_inner][vc_column_inner]<div class=\"ts-element-heading-wrapper ts-heading-inner ts-element-align-center ts-seperator-none \"><section class=\"ts-vc_cta3-container\"><div class=\"ts-vc_general ts-vc_cta3 ts-cta3-only ts-vc_cta3-style-classic ts-vc_cta3-shape-rounded ts-vc_cta3-align-center ts-vc_cta3-color-transparent ts-vc_cta3-icon-size-md ts-vc_cta3-actions-no ts-cta3-without-desc\"><div class=\"ts-vc_cta3_content-container\"><div class=\"ts-vc_cta3-content\"><div class=\"ts-vc_cta3-content-header ts-wrap\"><div class=\"ts-vc_cta3-headers ts-wrap-cell\"><h4 class=\"ts-custom-heading \" >Clinic P<\/h4>\n<h2 class=\"ts-custom-heading ts-fontweightbold \" >Merkezimiz<\/h2>\n<\/div><\/div><\/div><\/div><\/div><\/section><\/div> <!-- .ts-element-heading-wrapper container --> [\/vc_column_inner][\/vc_row_inner][vc_row_inner][vc_column_inner width=&#8221;1\/4&#8243;][vc_single_image image=&#8221;6507&#8243; img_size=&#8221;full&#8221; alignment=&#8221;center&#8221;][\/vc_column_inner][vc_column_inner width=&#8221;1\/4&#8243;][vc_single_image image=&#8221;6512&#8243; img_size=&#8221;full&#8221; alignment=&#8221;center&#8221;][\/vc_column_inner][vc_column_inner width=&#8221;1\/4&#8243;][vc_single_image image=&#8221;6517&#8243; img_size=&#8221;full&#8221; alignment=&#8221;center&#8221;][\/vc_column_inner][vc_column_inner width=&#8221;1\/4&#8243;][vc_single_image image=&#8221;6522&#8243; img_size=&#8221;full&#8221; alignment=&#8221;center&#8221;][\/vc_column_inner][\/vc_row_inner][vc_row_inner][vc_column_inner width=&#8221;1\/4&#8243;][vc_single_image image=&#8221;6527&#8243; img_size=&#8221;full&#8221; alignment=&#8221;center&#8221;][\/vc_column_inner][vc_column_inner width=&#8221;1\/4&#8243;][vc_single_image image=&#8221;6532&#8243; img_size=&#8221;full&#8221; alignment=&#8221;center&#8221;][\/vc_column_inner][vc_column_inner width=&#8221;1\/4&#8243;][vc_single_image image=&#8221;6537&#8243; img_size=&#8221;full&#8221; alignment=&#8221;center&#8221;][\/vc_column_inner][vc_column_inner width=&#8221;1\/4&#8243;][vc_single_image image=&#8221;6542&#8243; img_size=&#8221;full&#8221; alignment=&#8221;center&#8221;][\/vc_column_inner][\/vc_row_inner][\/vc_column][\/vc_row][vc_row][vc_column][vc_column_text]&nbsp;[\/vc_column_text][\/vc_column][\/vc_row]<\/p>\n<\/section>","protected":false},"excerpt":{"rendered":"<p>[vc_row][vc_column][vc_column_text]Ameliyats\u0131z burun esteti\u011fi olarak da bilinen burun dolgusu, cerrahi m\u00fcdahale yap\u0131lmadan ger\u00e7ekle\u015ftirilen burun \u015fekli de\u011fi\u015fikliklerini ifade eder. Cilt dolgu malzemeleri, hyal\u00fcronik asit dolgu malzemesi gibi hacim kazand\u0131rmak i\u00e7in farkl\u0131 y\u00fcz b\u00f6lgelerine enjekte edilen \u00fcr\u00fcnlerdir. Burundaki e\u011frilikleri\/\u00e7\u00f6kmeleri hafifletmek veya gidermek, burun ucunu kald\u0131rmak, burun s\u0131rt\u0131n\u0131 d\u00fczle\u015ftirmek, asimetrileri d\u00fczeltmek gibi farkl\u0131 ama\u00e7larla dolgu yap\u0131labilir. Ameliyats\u0131z burun esteti\u011fi &hellip; <a href=\"https:\/\/clinicp.com\/tr\/burun-dolgusu\/\" class=\"more-link\">Continue reading <span class=\"screen-reader-text\">Burun Dolgusu<\/span><\/a><\/p>\n","protected":false},"author":3,"featured_media":5881,"parent":0,"menu_order":0,"comment_status":"closed","ping_status":"closed","template":"","meta":{"footnotes":""},"class_list":["post-5880","page","type-page","status-publish","has-post-thumbnail","hentry"],"_links":{"self":[{"href":"https:\/\/clinicp.com\/tr\/wp-json\/wp\/v2\/pages\/5880","targetHints":{"allow":["GET"]}}],"collection":[{"href":"https:\/\/clinicp.com\/tr\/wp-json\/wp\/v2\/pages"}],"about":[{"href":"https:\/\/clinicp.com\/tr\/wp-json\/wp\/v2\/types\/page"}],"author":[{"embeddable":true,"href":"https:\/\/clinicp.com\/tr\/wp-json\/wp\/v2\/users\/3"}],"replies":[{"embeddable":true,"href":"https:\/\/clinicp.com\/tr\/wp-json\/wp\/v2\/comments?post=5880"}],"version-history":[{"count":6,"href":"https:\/\/clinicp.com\/tr\/wp-json\/wp\/v2\/pages\/5880\/revisions"}],"predecessor-version":[{"id":7203,"href":"https:\/\/clinicp.com\/tr\/wp-json\/wp\/v2\/pages\/5880\/revisions\/7203"}],"wp:featuredmedia":[{"embeddable":true,"href":"https:\/\/clinicp.com\/tr\/wp-json\/wp\/v2\/media\/5881"}],"wp:attachment":[{"href":"https:\/\/clinicp.com\/tr\/wp-json\/wp\/v2\/media?parent=5880"}],"curies":[{"name":"wp","href":"https:\/\/api.w.org\/{rel}","templated":true}]}}