{"id":5888,"date":"2023-06-15T18:15:37","date_gmt":"2023-06-15T18:15:37","guid":{"rendered":"https:\/\/clinicp.com\/?page_id=5888"},"modified":"2023-09-26T13:27:29","modified_gmt":"2023-09-26T10:27:29","slug":"meme-buyutme","status":"publish","type":"page","link":"https:\/\/clinicp.com\/tr\/meme-buyutme\/","title":{"rendered":"Meme B\u00fcy\u00fctme"},"content":{"rendered":"<section class=\"wpb-content-wrapper\"><p>[vc_row][vc_column][vc_column_text]Her kad\u0131n hayat\u0131 boyunca dik ve dolgun memelere sahip olmak ister ancak bir\u00e7ok kad\u0131n ya genetik olarak k\u00fc\u00e7\u00fck g\u00f6\u011f\u00fcslere sahiptir ya da do\u011fum sonras\u0131 meme dokusunu emzirme sebebiyle kaybetmektedir. Meme k\u00fc\u00e7\u00fckl\u00fc\u011f\u00fcn\u00fcn en uygun ve sa\u011fl\u0131kl\u0131 \u00e7\u00f6z\u00fcm\u00fc silikon meme protezidir.<\/p>\r\n<p><br \/><\/p>\r\n<blockquote class=\"wp-block-quote is-layout-flow wp-block-quote-is-layout-flow\">\r\n<p>Meme protezinin markas\u0131 ve kalitesi en az doktor tecr\u00fcbesi kadar \u00f6nemli ve dikkat edilmesi gereken bir unsurdur. Maliyeti d\u00fc\u015f\u00fcrmek i\u00e7in d\u00fc\u015f\u00fck kalitede meme protezi kullan\u0131lmas\u0131 affedilemez bir hatad\u0131r.<\/p>\r\n<\/blockquote>\r\n<p>\r\n\r\nBu i\u015fleme karar vermeden \u00f6nce hastan\u0131n beklentisi tam olarak anlamal\u0131 ve hastan\u0131n v\u00fccuduna uygun \u00f6l\u00e7\u00fc belirlenmesi i\u00e7in hastayla birlikte uzun bir g\u00f6r\u00fc\u015fme yap\u0131lmal\u0131d\u0131r. Her operasyonda oldu\u011fu gibi meme protezi uygulamalar\u0131mda da en dikkat etti\u011fimiz konu hastam\u0131za yapabilece\u011fimizden fazlas\u0131n\u0131 vaat etmemektir.<\/p>\r\n<p>\r\n\r\nBaz\u0131 hastalarda maalesef meme protezi tek ba\u015f\u0131na yeterli olmayabilir, belirli bir \u00f6l\u00e7\u00fcden daha fazla sarkma olan hastalarda sadece meme protezi kullanmak hasta a\u00e7\u0131s\u0131ndan b\u00fcy\u00fck mutsuzluklara yol a\u00e7abilir. Bu gibi durumlarda dikle\u015ftirme ve meme protezi birlikte yap\u0131lmal\u0131d\u0131r,; \u00e7\u00fcnk\u00fc \u00f6nemli olan hastan\u0131n ne yap\u0131lmas\u0131n\u0131 uygun g\u00f6rd\u00fc\u011f\u00fc de\u011fil i\u015flem sonras\u0131nda istedi\u011fi gibi bir memeye sahip olmas\u0131d\u0131r.<\/p>\r\n<p>\r\n\r\nOperasyon yakla\u015f\u0131k 1 saat s\u00fcrer ve hasta 1 gece hastanede misafir edilir, operasyon sonras\u0131 \u00f6zel bir s\u00fctyen kullan\u0131lmal\u0131d\u0131r. <strong>Meme protezi<\/strong> do\u011fru hastaya uyguland\u0131\u011f\u0131nda estetik cerrahinin en iyi sonu\u00e7 veren operasyonlar\u0131nda biridir.<\/p>\r\n<p>[\/vc_column_text][\/vc_column][\/vc_row][vc_row full_width=&#8221;stretch_row_content&#8221; ts_responsive_css=&#8221;67427488|colbreak_no|||||80px||65px||colbreak_no|||||||||colbreak_no|||||60px||45px|||colbreak_no|||||||||&#8221; css=&#8221;.vc_custom_1690054848360{margin-bottom: 60px !important;}&#8221;][vc_column][vc_row_inner][vc_column_inner]<div class=\"ts-element-heading-wrapper ts-heading-inner ts-element-align-center ts-seperator-none \"><section class=\"ts-vc_cta3-container\"><div class=\"ts-vc_general ts-vc_cta3 ts-cta3-only ts-vc_cta3-style-classic ts-vc_cta3-shape-rounded ts-vc_cta3-align-center ts-vc_cta3-color-transparent ts-vc_cta3-icon-size-md ts-vc_cta3-actions-no ts-cta3-without-desc\"><div class=\"ts-vc_cta3_content-container\"><div class=\"ts-vc_cta3-content\"><div class=\"ts-vc_cta3-content-header ts-wrap\"><div class=\"ts-vc_cta3-headers ts-wrap-cell\"><h4 class=\"ts-custom-heading \" >Clinic P<\/h4>\n<h2 class=\"ts-custom-heading ts-fontweightbold \" >\u00d6ncesi &amp; Sonras\u0131<\/h2>\n<\/div><\/div><\/div><\/div><\/div><\/section><\/div> <!-- .ts-element-heading-wrapper container --> [\/vc_column_inner][\/vc_row_inner][vc_row_inner][vc_column_inner width=&#8221;1\/3&#8243;][vc_single_image image=&#8221;7406&#8243; img_size=&#8221;medium&#8221; alignment=&#8221;center&#8221; onclick=&#8221;link_image&#8221;][\/vc_column_inner][vc_column_inner width=&#8221;1\/3&#8243;][vc_single_image image=&#8221;7411&#8243; img_size=&#8221;medium&#8221; alignment=&#8221;center&#8221; onclick=&#8221;link_image&#8221;][\/vc_column_inner][vc_column_inner width=&#8221;1\/3&#8243;][vc_single_image image=&#8221;7416&#8243; img_size=&#8221;medium&#8221; alignment=&#8221;center&#8221; onclick=&#8221;link_image&#8221;][\/vc_column_inner][\/vc_row_inner][vc_row_inner][vc_column_inner width=&#8221;1\/3&#8243;][vc_single_image image=&#8221;7426&#8243; img_size=&#8221;medium&#8221; alignment=&#8221;center&#8221; onclick=&#8221;link_image&#8221;][\/vc_column_inner][vc_column_inner width=&#8221;1\/3&#8243;][vc_single_image image=&#8221;7431&#8243; img_size=&#8221;medium&#8221; alignment=&#8221;center&#8221; onclick=&#8221;link_image&#8221;][\/vc_column_inner][vc_column_inner width=&#8221;1\/3&#8243;][vc_single_image image=&#8221;7421&#8243; img_size=&#8221;medium&#8221; alignment=&#8221;center&#8221; onclick=&#8221;link_image&#8221;][\/vc_column_inner]<\/p>\r\n<p>[\/vc_column][\/vc_row][vc_row full_width=&#8221;stretch_row_content&#8221; css=&#8221;.vc_custom_1688566483081{margin-top: 40px !important;margin-bottom: 40px !important;padding-top: 60px !important;padding-bottom: 50px !important;background-image: url(https:\/\/clinicp.com\/wp-content\/uploads\/2023\/06\/homepage-banner-1.jpg?id=6461) !important;background-position: center !important;background-repeat: no-repeat !important;background-size: cover !important;}&#8221; ts_responsive_css=&#8221;79823081|colbreak_no|||||80px||50px||colbreak_no|||||||||colbreak_no|||||60px||30px|||colbreak_no|||||||||&#8221; el_class=&#8221;ts-opacity95 ts-font375mode&#8221;][vc_column ts_textcolor=&#8221;white&#8221;]<p style=\"text-align:center;font-size:32px;line-height:42px;\" class=\"ts-custom-heading \" >Estetik Cerrahi ve Medikal Uygulamalar Hakk\u0131nda Hemen Bilgi Al\u0131n<\/p>\n<h3 style=\"text-align:center;font-size:50px;line-height:70px;color:#ffffff;\" class=\"ts-custom-heading vc_custom_1689154015326\" ><a href=\"tel:+90 531 881 6621\" target=\"_blank\">+90 531 881 66 21<\/a><\/h3>\n\r\n\t\t<div class=\"ts-vc_btn3-container ts-vc_btn3-center\"><a class=\"ts-vc_general ts-vc_btn3 ts-vc_btn3-size-lg ts-vc_btn3-shape-rounded ts-vc_btn3-style-flat ts-vc_btn3-weight-yes ts-vc_btn3-icon-left ts-vc_btn3-color-success\" href=\"https:\/\/wa.me\/+905318816621\" title=\"\"><i class=\"ts-vc_btn3-icon fa fa-whatsapp\"><\/i> WhatsApp<\/a><\/div>[\/vc_column][\/vc_row][vc_row full_width=&#8221;stretch_row_content&#8221; ts_responsive_css=&#8221;67427488|colbreak_no|||||80px||65px||colbreak_no|||||||||colbreak_no|||||60px||45px|||colbreak_no|||||||||&#8221;][vc_column][vc_row_inner][vc_column_inner]<div class=\"ts-element-heading-wrapper ts-heading-inner ts-element-align-center ts-seperator-none \"><section class=\"ts-vc_cta3-container\"><div class=\"ts-vc_general ts-vc_cta3 ts-cta3-only ts-vc_cta3-style-classic ts-vc_cta3-shape-rounded ts-vc_cta3-align-center ts-vc_cta3-color-transparent ts-vc_cta3-icon-size-md ts-vc_cta3-actions-no ts-cta3-without-desc\"><div class=\"ts-vc_cta3_content-container\"><div class=\"ts-vc_cta3-content\"><div class=\"ts-vc_cta3-content-header ts-wrap\"><div class=\"ts-vc_cta3-headers ts-wrap-cell\"><h4 class=\"ts-custom-heading \" >Clinic P<\/h4>\n<h2 class=\"ts-custom-heading ts-fontweightbold \" ><strong>Merkezimiz<\/strong><\/h2>\n<\/div><\/div><\/div><\/div><\/div><\/section><\/div> <!-- .ts-element-heading-wrapper container --> [\/vc_column_inner][\/vc_row_inner][vc_row_inner][vc_column_inner width=&#8221;1\/5&#8243;][vc_single_image image=&#8221;7949&#8243; img_size=&#8221;full&#8221; alignment=&#8221;center&#8221; onclick=&#8221;link_image&#8221;][\/vc_column_inner][vc_column_inner width=&#8221;1\/5&#8243;][vc_single_image image=&#8221;7954&#8243; img_size=&#8221;full&#8221; alignment=&#8221;center&#8221; onclick=&#8221;link_image&#8221;][\/vc_column_inner][vc_column_inner width=&#8221;1\/5&#8243;][vc_single_image image=&#8221;7959&#8243; img_size=&#8221;full&#8221; alignment=&#8221;center&#8221; onclick=&#8221;link_image&#8221;][\/vc_column_inner][vc_column_inner width=&#8221;1\/5&#8243;][vc_single_image image=&#8221;7964&#8243; img_size=&#8221;full&#8221; alignment=&#8221;center&#8221; onclick=&#8221;link_image&#8221;][\/vc_column_inner][vc_column_inner width=&#8221;1\/5&#8243;][vc_single_image image=&#8221;7969&#8243; img_size=&#8221;full&#8221; alignment=&#8221;center&#8221; onclick=&#8221;link_image&#8221;][\/vc_column_inner][\/vc_row_inner][vc_row_inner][vc_column_inner width=&#8221;1\/5&#8243;][vc_single_image image=&#8221;7974&#8243; img_size=&#8221;full&#8221; alignment=&#8221;center&#8221; onclick=&#8221;link_image&#8221;][\/vc_column_inner][vc_column_inner width=&#8221;1\/5&#8243;][vc_single_image image=&#8221;7979&#8243; img_size=&#8221;full&#8221; alignment=&#8221;center&#8221; onclick=&#8221;link_image&#8221;][\/vc_column_inner][vc_column_inner width=&#8221;1\/5&#8243;][vc_single_image image=&#8221;7984&#8243; img_size=&#8221;full&#8221; alignment=&#8221;center&#8221; onclick=&#8221;link_image&#8221;][\/vc_column_inner][vc_column_inner width=&#8221;1\/5&#8243;][vc_single_image image=&#8221;7989&#8243; img_size=&#8221;full&#8221; alignment=&#8221;center&#8221; onclick=&#8221;link_image&#8221;][\/vc_column_inner][vc_column_inner width=&#8221;1\/5&#8243;][vc_single_image image=&#8221;7994&#8243; img_size=&#8221;full&#8221; alignment=&#8221;center&#8221; onclick=&#8221;link_image&#8221;][\/vc_column_inner][\/vc_row_inner][\/vc_column][\/vc_row]<\/p><\/section>","protected":false},"excerpt":{"rendered":"<p>[vc_row][vc_column][vc_column_text]Her kad\u0131n hayat\u0131 boyunca dik ve dolgun memelere sahip olmak ister ancak bir\u00e7ok kad\u0131n ya genetik olarak k\u00fc\u00e7\u00fck g\u00f6\u011f\u00fcslere sahiptir ya da do\u011fum sonras\u0131 meme dokusunu emzirme sebebiyle kaybetmektedir. Meme k\u00fc\u00e7\u00fckl\u00fc\u011f\u00fcn\u00fcn en uygun ve sa\u011fl\u0131kl\u0131 \u00e7\u00f6z\u00fcm\u00fc silikon meme protezidir. Meme protezinin markas\u0131 ve kalitesi en az doktor tecr\u00fcbesi kadar \u00f6nemli ve dikkat edilmesi gereken bir &hellip; <a href=\"https:\/\/clinicp.com\/tr\/meme-buyutme\/\" class=\"more-link\">Continue reading <span class=\"screen-reader-text\">Meme B\u00fcy\u00fctme<\/span><\/a><\/p>\n","protected":false},"author":3,"featured_media":5889,"parent":0,"menu_order":0,"comment_status":"closed","ping_status":"closed","template":"","meta":{"footnotes":""},"class_list":["post-5888","page","type-page","status-publish","has-post-thumbnail","hentry"],"_links":{"self":[{"href":"https:\/\/clinicp.com\/tr\/wp-json\/wp\/v2\/pages\/5888","targetHints":{"allow":["GET"]}}],"collection":[{"href":"https:\/\/clinicp.com\/tr\/wp-json\/wp\/v2\/pages"}],"about":[{"href":"https:\/\/clinicp.com\/tr\/wp-json\/wp\/v2\/types\/page"}],"author":[{"embeddable":true,"href":"https:\/\/clinicp.com\/tr\/wp-json\/wp\/v2\/users\/3"}],"replies":[{"embeddable":true,"href":"https:\/\/clinicp.com\/tr\/wp-json\/wp\/v2\/comments?post=5888"}],"version-history":[{"count":8,"href":"https:\/\/clinicp.com\/tr\/wp-json\/wp\/v2\/pages\/5888\/revisions"}],"predecessor-version":[{"id":8564,"href":"https:\/\/clinicp.com\/tr\/wp-json\/wp\/v2\/pages\/5888\/revisions\/8564"}],"wp:featuredmedia":[{"embeddable":true,"href":"https:\/\/clinicp.com\/tr\/wp-json\/wp\/v2\/media\/5889"}],"wp:attachment":[{"href":"https:\/\/clinicp.com\/tr\/wp-json\/wp\/v2\/media?parent=5888"}],"curies":[{"name":"wp","href":"https:\/\/api.w.org\/{rel}","templated":true}]}}