{"id":5896,"date":"2023-06-15T18:20:51","date_gmt":"2023-06-15T18:20:51","guid":{"rendered":"https:\/\/clinicp.com\/?page_id=5896"},"modified":"2023-09-26T13:30:27","modified_gmt":"2023-09-26T10:30:27","slug":"meme-kucultme","status":"publish","type":"page","link":"https:\/\/clinicp.com\/tr\/meme-kucultme\/","title":{"rendered":"Meme K\u00fc\u00e7\u00fcltme"},"content":{"rendered":"<section class=\"wpb-content-wrapper\"><p>[vc_row][vc_column][vc_column_text]Meme k\u00fc\u00e7\u00fcltme operasyonu sadece estetik operasyon de\u011fil ayn\u0131 zamanda ciddi bir sa\u011fl\u0131k sorunudur ; \u00e7\u00fcnk\u00fc <strong>meme dokusu<\/strong> b\u00fcy\u00fck olan ki\u015filerde bel, boyun a\u011fr\u0131lar\u0131 duru\u015f bozukluklar\u0131, meme alt\u0131nda pi\u015fiklere ve tahri\u015flere yol a\u00e7ar.<\/p>\r\n\r\n<blockquote>\r\n<p>Meme k\u00fc\u00e7\u00fcltme i\u015fleminde ama\u00e7 ki\u015finin v\u00fccuduna uygun bir \u00f6l\u00e7\u00fcde yapmak ve estetik a\u00e7\u0131dan daha dik ve g\u00fczel g\u00f6r\u00fcn\u00fcme kavu\u015fturmakt\u0131r.<\/p>\r\n<\/blockquote>\r\n<p>Meme k\u00fc\u00e7\u00fcltme operasyonlar\u0131nda hastalar\u0131m\u0131z\u0131n en b\u00fcy\u00fck kayg\u0131s\u0131 ameliyat sonras\u0131nda memede olu\u015fan izlerdir. Ancak zaman i\u00e7inde bu izler kayboldu\u011fu i\u00e7in memenin \u015fekli izlerden daha \u00f6nemlidir.<\/p>\r\n<h2>Meme K\u00fc\u00e7\u00fcltme Operasyon S\u00fcreci<\/h2>\r\n<ul>\r\n<li>Hastan\u0131n memesinin durumuna g\u00f6re de\u011fi\u015fik teknikler kullan\u0131labilir, operasyondan belirli bir s\u00fcre sonra iz giderici kremler ba\u015flanarak, kalacak iz miktar\u0131 azalt\u0131l\u0131r&#8230;<\/li>\r\n<li>Bu y\u00f6ntem hastalar\u0131n iz konusunda endi\u015felerini en aza indirmektedir. Operasyondan belli bir s\u00fcre sonra ize y\u00f6nelik uygulanan tedavilerle daha da azalmas\u0131 sa\u011flan\u0131r.<\/li>\r\n<li>Operasyon yakla\u015f\u0131k 2-3 saat s\u00fcrmektedir, operasyon sonras\u0131nda k\u0131sa s\u00fcrede sosyal ya\u015fant\u0131n\u0131za d\u00f6nmeniz m\u00fcmk\u00fcnd\u00fcr.<\/li>\r\n<li>Hasta 1 hafta a\u011f\u0131r kald\u0131rmamal\u0131 ve araba kullan\u0131lmamal\u0131d\u0131r. \u0130\u015flemden hemen sonra yakla\u015f\u0131k 1 ay \u00f6zel sutyen kullan\u0131lmas\u0131 \u015fartt\u0131r.<\/li>\r\n<\/ul>\r\n<p>[\/vc_column_text][\/vc_column][\/vc_row][vc_row full_width=&#8221;stretch_row_content&#8221; ts_responsive_css=&#8221;67427488|colbreak_no|||||80px||65px||colbreak_no|||||||||colbreak_no|||||60px||45px|||colbreak_no|||||||||&#8221; css=&#8221;.vc_custom_1690056219801{margin-bottom: 60px !important;}&#8221;][vc_column][vc_row_inner][vc_column_inner]<div class=\"ts-element-heading-wrapper ts-heading-inner ts-element-align-center ts-seperator-none \"><section class=\"ts-vc_cta3-container\"><div class=\"ts-vc_general ts-vc_cta3 ts-cta3-only ts-vc_cta3-style-classic ts-vc_cta3-shape-rounded ts-vc_cta3-align-center ts-vc_cta3-color-transparent ts-vc_cta3-icon-size-md ts-vc_cta3-actions-no ts-cta3-without-desc\"><div class=\"ts-vc_cta3_content-container\"><div class=\"ts-vc_cta3-content\"><div class=\"ts-vc_cta3-content-header ts-wrap\"><div class=\"ts-vc_cta3-headers ts-wrap-cell\"><h4 class=\"ts-custom-heading \" >Clinic P<\/h4>\n<h2 class=\"ts-custom-heading ts-fontweightbold \" >Before &amp; After<\/h2>\n<\/div><\/div><\/div><\/div><\/div><\/section><\/div> <!-- .ts-element-heading-wrapper container --> [\/vc_column_inner][\/vc_row_inner][vc_row_inner][vc_column_inner width=&#8221;1\/4&#8243;][vc_single_image image=&#8221;7439&#8243; img_size=&#8221;medium&#8221; alignment=&#8221;center&#8221; onclick=&#8221;link_image&#8221;][\/vc_column_inner][vc_column_inner width=&#8221;1\/4&#8243;][vc_single_image image=&#8221;7444&#8243; img_size=&#8221;medium&#8221; alignment=&#8221;center&#8221; onclick=&#8221;link_image&#8221;][\/vc_column_inner][vc_column_inner width=&#8221;1\/4&#8243;][vc_single_image image=&#8221;7449&#8243; img_size=&#8221;medium&#8221; alignment=&#8221;center&#8221; onclick=&#8221;link_image&#8221;][\/vc_column_inner][vc_column_inner width=&#8221;1\/4&#8243;][vc_single_image image=&#8221;7454&#8243; img_size=&#8221;medium&#8221; alignment=&#8221;center&#8221; onclick=&#8221;link_image&#8221;][\/vc_column_inner][\/vc_row_inner][vc_row_inner][vc_column_inner width=&#8221;1\/4&#8243;][vc_single_image image=&#8221;7459&#8243; img_size=&#8221;medium&#8221; alignment=&#8221;center&#8221; onclick=&#8221;link_image&#8221;][\/vc_column_inner][vc_column_inner width=&#8221;1\/4&#8243;][vc_single_image image=&#8221;7464&#8243; img_size=&#8221;medium&#8221; alignment=&#8221;center&#8221; onclick=&#8221;link_image&#8221;][\/vc_column_inner][vc_column_inner width=&#8221;1\/4&#8243;][vc_single_image image=&#8221;7469&#8243; img_size=&#8221;medium&#8221; alignment=&#8221;center&#8221; onclick=&#8221;link_image&#8221;][\/vc_column_inner][vc_column_inner width=&#8221;1\/4&#8243;][vc_single_image image=&#8221;7474&#8243; img_size=&#8221;medium&#8221; alignment=&#8221;center&#8221; onclick=&#8221;link_image&#8221;][\/vc_column_inner][\/vc_row_inner][\/vc_column][\/vc_row]<\/p>\r\n<p>[vc_row full_width=&#8221;stretch_row_content&#8221; css=&#8221;.vc_custom_1688566483081{margin-top: 40px !important;margin-bottom: 40px !important;padding-top: 60px !important;padding-bottom: 50px !important;background-image: url(https:\/\/clinicp.com\/wp-content\/uploads\/2023\/06\/homepage-banner-1.jpg?id=6461) !important;background-position: center !important;background-repeat: no-repeat !important;background-size: cover !important;}&#8221; ts_responsive_css=&#8221;79823081|colbreak_no|||||80px||50px||colbreak_no|||||||||colbreak_no|||||60px||30px|||colbreak_no|||||||||&#8221; el_class=&#8221;ts-opacity95 ts-font375mode&#8221;][vc_column ts_textcolor=&#8221;white&#8221;]<p style=\"text-align:center;font-size:32px;line-height:42px;\" class=\"ts-custom-heading \" >Estetik Cerrahi ve Medikal Uygulamalar Hakk\u0131nda Hemen Bilgi Al\u0131n<\/p>\n<h3 style=\"text-align:center;font-size:50px;line-height:70px;color:#ffffff;\" class=\"ts-custom-heading vc_custom_1689154158204\" ><a href=\"tel:+90 531 881 6621\" target=\"_blank\">+90 531 881 66 21<\/a><\/h3>\n\r\n\t\t<div class=\"ts-vc_btn3-container ts-vc_btn3-center\"><a class=\"ts-vc_general ts-vc_btn3 ts-vc_btn3-size-lg ts-vc_btn3-shape-rounded ts-vc_btn3-style-flat ts-vc_btn3-weight-yes ts-vc_btn3-icon-left ts-vc_btn3-color-success\" href=\"https:\/\/wa.me\/+905318816621\" title=\"+90 531 881 66 21\"><i class=\"ts-vc_btn3-icon fa fa-whatsapp\"><\/i> WhatsApp<\/a><\/div>[\/vc_column][\/vc_row][vc_row full_width=&#8221;stretch_row_content&#8221; ts_responsive_css=&#8221;67427488|colbreak_no|||||80px||65px||colbreak_no|||||||||colbreak_no|||||60px||45px|||colbreak_no|||||||||&#8221;][vc_column][vc_row_inner][vc_column_inner]<div class=\"ts-element-heading-wrapper ts-heading-inner ts-element-align-center ts-seperator-none \"><section class=\"ts-vc_cta3-container\"><div class=\"ts-vc_general ts-vc_cta3 ts-cta3-only ts-vc_cta3-style-classic ts-vc_cta3-shape-rounded ts-vc_cta3-align-center ts-vc_cta3-color-transparent ts-vc_cta3-icon-size-md ts-vc_cta3-actions-no ts-cta3-without-desc\"><div class=\"ts-vc_cta3_content-container\"><div class=\"ts-vc_cta3-content\"><div class=\"ts-vc_cta3-content-header ts-wrap\"><div class=\"ts-vc_cta3-headers ts-wrap-cell\"><h4 class=\"ts-custom-heading \" >Clinic P<\/h4>\n<h2 class=\"ts-custom-heading ts-fontweightbold \" ><strong>Merkezimiz<\/strong><\/h2>\n<\/div><\/div><\/div><\/div><\/div><\/section><\/div> <!-- .ts-element-heading-wrapper container --> [\/vc_column_inner][\/vc_row_inner][vc_row_inner][vc_column_inner width=&#8221;1\/5&#8243;][vc_single_image image=&#8221;7949&#8243; img_size=&#8221;full&#8221; alignment=&#8221;center&#8221; onclick=&#8221;link_image&#8221;][\/vc_column_inner][vc_column_inner width=&#8221;1\/5&#8243;][vc_single_image image=&#8221;7954&#8243; img_size=&#8221;full&#8221; alignment=&#8221;center&#8221; onclick=&#8221;link_image&#8221;][\/vc_column_inner][vc_column_inner width=&#8221;1\/5&#8243;][vc_single_image image=&#8221;7959&#8243; img_size=&#8221;full&#8221; alignment=&#8221;center&#8221; onclick=&#8221;link_image&#8221;][\/vc_column_inner][vc_column_inner width=&#8221;1\/5&#8243;][vc_single_image image=&#8221;7964&#8243; img_size=&#8221;full&#8221; alignment=&#8221;center&#8221; onclick=&#8221;link_image&#8221;][\/vc_column_inner][vc_column_inner width=&#8221;1\/5&#8243;][vc_single_image image=&#8221;7969&#8243; img_size=&#8221;full&#8221; alignment=&#8221;center&#8221; onclick=&#8221;link_image&#8221;][\/vc_column_inner][\/vc_row_inner][vc_row_inner][vc_column_inner width=&#8221;1\/5&#8243;][vc_single_image image=&#8221;7974&#8243; img_size=&#8221;full&#8221; alignment=&#8221;center&#8221; onclick=&#8221;link_image&#8221;][\/vc_column_inner][vc_column_inner width=&#8221;1\/5&#8243;][vc_single_image image=&#8221;7979&#8243; img_size=&#8221;full&#8221; alignment=&#8221;center&#8221; onclick=&#8221;link_image&#8221;][\/vc_column_inner][vc_column_inner width=&#8221;1\/5&#8243;][vc_single_image image=&#8221;7984&#8243; img_size=&#8221;full&#8221; alignment=&#8221;center&#8221; onclick=&#8221;link_image&#8221;][\/vc_column_inner][vc_column_inner width=&#8221;1\/5&#8243;][vc_single_image image=&#8221;7989&#8243; img_size=&#8221;full&#8221; alignment=&#8221;center&#8221; onclick=&#8221;link_image&#8221;][\/vc_column_inner][vc_column_inner width=&#8221;1\/5&#8243;][vc_single_image image=&#8221;7994&#8243; img_size=&#8221;full&#8221; alignment=&#8221;center&#8221; onclick=&#8221;link_image&#8221;][\/vc_column_inner][\/vc_row_inner][\/vc_column][\/vc_row]<\/p><\/section>","protected":false},"excerpt":{"rendered":"<p>[vc_row][vc_column][vc_column_text]Meme k\u00fc\u00e7\u00fcltme operasyonu sadece estetik operasyon de\u011fil ayn\u0131 zamanda ciddi bir sa\u011fl\u0131k sorunudur ; \u00e7\u00fcnk\u00fc meme dokusu b\u00fcy\u00fck olan ki\u015filerde bel, boyun a\u011fr\u0131lar\u0131 duru\u015f bozukluklar\u0131, meme alt\u0131nda pi\u015fiklere ve tahri\u015flere yol a\u00e7ar. Meme k\u00fc\u00e7\u00fcltme i\u015fleminde ama\u00e7 ki\u015finin v\u00fccuduna uygun bir \u00f6l\u00e7\u00fcde yapmak ve estetik a\u00e7\u0131dan daha dik ve g\u00fczel g\u00f6r\u00fcn\u00fcme kavu\u015fturmakt\u0131r. Meme k\u00fc\u00e7\u00fcltme operasyonlar\u0131nda hastalar\u0131m\u0131z\u0131n &hellip; <a href=\"https:\/\/clinicp.com\/tr\/meme-kucultme\/\" class=\"more-link\">Continue reading <span class=\"screen-reader-text\">Meme K\u00fc\u00e7\u00fcltme<\/span><\/a><\/p>\n","protected":false},"author":3,"featured_media":5897,"parent":0,"menu_order":0,"comment_status":"closed","ping_status":"closed","template":"","meta":{"footnotes":""},"class_list":["post-5896","page","type-page","status-publish","has-post-thumbnail","hentry"],"_links":{"self":[{"href":"https:\/\/clinicp.com\/tr\/wp-json\/wp\/v2\/pages\/5896","targetHints":{"allow":["GET"]}}],"collection":[{"href":"https:\/\/clinicp.com\/tr\/wp-json\/wp\/v2\/pages"}],"about":[{"href":"https:\/\/clinicp.com\/tr\/wp-json\/wp\/v2\/types\/page"}],"author":[{"embeddable":true,"href":"https:\/\/clinicp.com\/tr\/wp-json\/wp\/v2\/users\/3"}],"replies":[{"embeddable":true,"href":"https:\/\/clinicp.com\/tr\/wp-json\/wp\/v2\/comments?post=5896"}],"version-history":[{"count":9,"href":"https:\/\/clinicp.com\/tr\/wp-json\/wp\/v2\/pages\/5896\/revisions"}],"predecessor-version":[{"id":8565,"href":"https:\/\/clinicp.com\/tr\/wp-json\/wp\/v2\/pages\/5896\/revisions\/8565"}],"wp:featuredmedia":[{"embeddable":true,"href":"https:\/\/clinicp.com\/tr\/wp-json\/wp\/v2\/media\/5897"}],"wp:attachment":[{"href":"https:\/\/clinicp.com\/tr\/wp-json\/wp\/v2\/media?parent=5896"}],"curies":[{"name":"wp","href":"https:\/\/api.w.org\/{rel}","templated":true}]}}