{"id":5904,"date":"2023-06-15T18:25:44","date_gmt":"2023-06-15T18:25:44","guid":{"rendered":"https:\/\/clinicp.com\/?page_id=5904"},"modified":"2023-09-26T13:32:56","modified_gmt":"2023-09-26T10:32:56","slug":"meme-diklestirme","status":"publish","type":"page","link":"https:\/\/clinicp.com\/tr\/meme-diklestirme\/","title":{"rendered":"Meme Dikle\u015ftirme"},"content":{"rendered":"<section class=\"wpb-content-wrapper\"><p>[vc_row][vc_column][\/vc_column][vc_column_text]Her kad\u0131n dolgun, iri, estetik olarak daha g\u00fczel g\u00f6r\u00fcn\u00fcml\u00fc memelere sahip olmak ister. Meme k\u00fc\u00e7\u00fcltme ameliyat\u0131 ile ilgili bilgiler meme dikle\u015ftirme ameliyat\u0131 i\u00e7inde ge\u00e7erlidir. Aradaki fark memenin sark\u0131kl\u0131\u011f\u0131 yan\u0131nda meme normal boyuttad\u0131r ya da i\u00e7i bo\u015falm\u0131\u015ft\u0131r, b\u00fcy\u00fck meme de\u011fildir.<\/p>\r\n<p>\r\n\r\nKilo kayb\u0131, emzirme sonras\u0131 ya da ya\u015flanma sonucu hacmini yitiren meme dokusu, \u00fczerini saran derinin bol kalmas\u0131 sonucu sark\u0131k bir g\u00f6r\u00fcnt\u00fc kazanabilir. Sark\u0131k memelerin g\u00f6r\u00fcn\u00fcm\u00fc meme dikle\u015ftirme ameliyat\u0131 ile d\u00fczeltilir. Yeterli bir hacme sahip olmayan sark\u0131k memeler i\u00e7in tek ba\u015f\u0131na meme dikle\u015ftirme ameliyat\u0131 yeterli olmayabilir.<\/p>\r\n<p>\r\n\r\nMeme dikle\u015ftirme ameliyat\u0131na ek olarak daha dik durmas\u0131 i\u00e7in <strong>meme protezi<\/strong> uygulamas\u0131 ile kombine edilebilir. Meme dikle\u015ftirme ameliyat\u0131nda fazla cilt \u00e7\u0131kar\u0131l\u0131r, meme ba\u015f\u0131 etraf\u0131ndaki koyu renkli deri halkas\u0131n\u0131n \u00e7ap\u0131 k\u00fc\u00e7\u00fclt\u00fcl\u00fcr ve meme ba\u015f\u0131 yukar\u0131ya y\u00fckseltilir.<\/p>\r\n<p><strong>Meme dikle\u015ftirme ameliyat\u0131<\/strong> genel anestezi alt\u0131nda yap\u0131l\u0131r. Ameliyat s\u00fcresi yap\u0131lacak giri\u015fimle orant\u0131l\u0131 olarak 2-3 saat s\u00fcrer. 1 ak\u015fam hastanede misafir edilir.<\/p>\r\n<p>\r\n\r\nAmeliyat izi ve tekni\u011fi meme sark\u0131kl\u0131\u011f\u0131n\u0131n derecesine g\u00f6re de\u011fi\u015fir. Ama\u00e7 g\u00fczel memenin yan\u0131 s\u0131ra olabildi\u011fince a iz b\u0131rakmakt\u0131r. Sark\u0131kl\u0131\u011f\u0131 az olan memelerde sadece meme ba\u015f\u0131 etraf\u0131nda iz b\u0131rakan teknik, sark\u0131kl\u0131\u011f\u0131 fazla olan olgularda ise meme ba\u015f\u0131ndan a\u015fa\u011f\u0131 inen dikey iz b\u0131rakan teknik tercih edilir.<\/p>\r\n\r\n<ul>\r\n<li>Ameliyat sonras\u0131 olu\u015fan a\u011fr\u0131 basit a\u011fr\u0131 kesicilerle giderilebilir.<\/li>\r\n<li>Diki\u015flerin tamam\u0131 eriyen diki\u015flerdir.<\/li>\r\n<li>Hasta 3-4 g\u00fcn sonra i\u015fine d\u00f6nebilir.<\/li>\r\n<\/ul>\r\n<p>[\/vc_column_text][\/vc_row][vc_row full_width=&#8221;stretch_row_content&#8221; ts_responsive_css=&#8221;67427488|colbreak_no|||||80px||65px||colbreak_no|||||||||colbreak_no|||||60px||45px|||colbreak_no|||||||||&#8221; css=&#8221;.vc_custom_1690182345517{margin-bottom: 50px !important;}&#8221;][vc_column][vc_row_inner][vc_column_inner]<div class=\"ts-element-heading-wrapper ts-heading-inner ts-element-align-center ts-seperator-none \"><section class=\"ts-vc_cta3-container\"><div class=\"ts-vc_general ts-vc_cta3 ts-cta3-only ts-vc_cta3-style-classic ts-vc_cta3-shape-rounded ts-vc_cta3-align-center ts-vc_cta3-color-transparent ts-vc_cta3-icon-size-md ts-vc_cta3-actions-no ts-cta3-without-desc\"><div class=\"ts-vc_cta3_content-container\"><div class=\"ts-vc_cta3-content\"><div class=\"ts-vc_cta3-content-header ts-wrap\"><div class=\"ts-vc_cta3-headers ts-wrap-cell\"><h4 class=\"ts-custom-heading \" >Clinic P<\/h4>\n<h2 class=\"ts-custom-heading ts-fontweightbold \" >Before &amp; After<\/h2>\n<\/div><\/div><\/div><\/div><\/div><\/section><\/div> <!-- .ts-element-heading-wrapper container --> [\/vc_column_inner][\/vc_row_inner][vc_row_inner][vc_column_inner width=&#8221;1\/4&#8243;][vc_single_image image=&#8221;7481&#8243; img_size=&#8221;medium&#8221; alignment=&#8221;center&#8221; onclick=&#8221;link_image&#8221;][\/vc_column_inner][vc_column_inner width=&#8221;1\/4&#8243;][vc_single_image image=&#8221;7486&#8243; img_size=&#8221;medium&#8221; alignment=&#8221;center&#8221; onclick=&#8221;link_image&#8221;][\/vc_column_inner][vc_column_inner width=&#8221;1\/4&#8243;][vc_single_image image=&#8221;7491&#8243; img_size=&#8221;medium&#8221; alignment=&#8221;center&#8221; onclick=&#8221;link_image&#8221;][\/vc_column_inner][vc_column_inner width=&#8221;1\/4&#8243;][vc_single_image image=&#8221;7496&#8243; img_size=&#8221;medium&#8221; alignment=&#8221;center&#8221; onclick=&#8221;link_image&#8221;][\/vc_column_inner][\/vc_row_inner][vc_row_inner][vc_column_inner width=&#8221;1\/4&#8243;][vc_single_image image=&#8221;7501&#8243; img_size=&#8221;medium&#8221; alignment=&#8221;center&#8221; onclick=&#8221;link_image&#8221;][\/vc_column_inner][vc_column_inner width=&#8221;1\/4&#8243;][vc_single_image image=&#8221;7506&#8243; img_size=&#8221;medium&#8221; alignment=&#8221;center&#8221; onclick=&#8221;link_image&#8221;][\/vc_column_inner][vc_column_inner width=&#8221;1\/4&#8243;][vc_single_image image=&#8221;7511&#8243; img_size=&#8221;medium&#8221; alignment=&#8221;center&#8221; onclick=&#8221;link_image&#8221;][\/vc_column_inner][vc_column_inner width=&#8221;1\/4&#8243;][vc_single_image image=&#8221;8373&#8243; img_size=&#8221;medium&#8221; alignment=&#8221;center&#8221; onclick=&#8221;link_image&#8221;][\/vc_column_inner][\/vc_row_inner]<\/p>\r\n<p>[\/vc_row][vc_row full_width=&#8221;stretch_row_content&#8221; css=&#8221;.vc_custom_1688566483081{margin-top: 40px !important;margin-bottom: 40px !important;padding-top: 60px !important;padding-bottom: 50px !important;background-image: url(https:\/\/clinicp.com\/wp-content\/uploads\/2023\/06\/homepage-banner-1.jpg?id=6461) !important;background-position: center !important;background-repeat: no-repeat !important;background-size: cover !important;}&#8221; ts_responsive_css=&#8221;79823081|colbreak_no|||||80px||50px||colbreak_no|||||||||colbreak_no|||||60px||30px|||colbreak_no|||||||||&#8221; el_class=&#8221;ts-opacity95 ts-font375mode&#8221;][vc_column ts_textcolor=&#8221;white&#8221;]<p style=\"text-align:center;font-size:32px;line-height:42px;\" class=\"ts-custom-heading \" >Estetik Cerrahi ve Medikal Uygulamalar Hakk\u0131nda Hemen Bilgi Al\u0131n<\/p>\n<h3 style=\"text-align:center;font-size:50px;line-height:70px;color:#ffffff;\" class=\"ts-custom-heading vc_custom_1689154211217\" ><a href=\"tel:+90 531 881 6621\">+90 531 881 66 21<\/a><\/h3>\n\r\n\t\t<div class=\"ts-vc_btn3-container ts-vc_btn3-center\"><a class=\"ts-vc_general ts-vc_btn3 ts-vc_btn3-size-lg ts-vc_btn3-shape-rounded ts-vc_btn3-style-flat ts-vc_btn3-weight-yes ts-vc_btn3-icon-left ts-vc_btn3-color-success\" href=\"https:\/\/wa.me\/+905318816621\" title=\"+90 531 881 66 21\"><i class=\"ts-vc_btn3-icon fa fa-whatsapp\"><\/i> WhatsApp<\/a><\/div>[\/vc_column][\/vc_row][vc_row full_width=&#8221;stretch_row_content&#8221; ts_responsive_css=&#8221;67427488|colbreak_no|||||80px||65px||colbreak_no|||||||||colbreak_no|||||60px||45px|||colbreak_no|||||||||&#8221;][vc_column][vc_row_inner][vc_column_inner]<div class=\"ts-element-heading-wrapper ts-heading-inner ts-element-align-center ts-seperator-none \"><section class=\"ts-vc_cta3-container\"><div class=\"ts-vc_general ts-vc_cta3 ts-cta3-only ts-vc_cta3-style-classic ts-vc_cta3-shape-rounded ts-vc_cta3-align-center ts-vc_cta3-color-transparent ts-vc_cta3-icon-size-md ts-vc_cta3-actions-no ts-cta3-without-desc\"><div class=\"ts-vc_cta3_content-container\"><div class=\"ts-vc_cta3-content\"><div class=\"ts-vc_cta3-content-header ts-wrap\"><div class=\"ts-vc_cta3-headers ts-wrap-cell\"><h4 class=\"ts-custom-heading \" >Clinic P<\/h4>\n<h2 class=\"ts-custom-heading ts-fontweightbold \" ><strong>Merkezimiz<\/strong><\/h2>\n<\/div><\/div><\/div><\/div><\/div><\/section><\/div> <!-- .ts-element-heading-wrapper container --> [\/vc_column_inner][\/vc_row_inner][vc_row_inner][vc_column_inner width=&#8221;1\/5&#8243;][vc_single_image image=&#8221;7949&#8243; img_size=&#8221;full&#8221; alignment=&#8221;center&#8221; onclick=&#8221;link_image&#8221;][\/vc_column_inner][vc_column_inner width=&#8221;1\/5&#8243;][vc_single_image image=&#8221;7954&#8243; img_size=&#8221;full&#8221; alignment=&#8221;center&#8221; onclick=&#8221;link_image&#8221;][\/vc_column_inner][vc_column_inner width=&#8221;1\/5&#8243;][vc_single_image image=&#8221;7959&#8243; img_size=&#8221;full&#8221; alignment=&#8221;center&#8221; onclick=&#8221;link_image&#8221;][\/vc_column_inner][vc_column_inner width=&#8221;1\/5&#8243;][vc_single_image image=&#8221;7964&#8243; img_size=&#8221;full&#8221; alignment=&#8221;center&#8221; onclick=&#8221;link_image&#8221;][\/vc_column_inner][vc_column_inner width=&#8221;1\/5&#8243;][vc_single_image image=&#8221;7969&#8243; img_size=&#8221;full&#8221; alignment=&#8221;center&#8221; onclick=&#8221;link_image&#8221;][\/vc_column_inner][\/vc_row_inner][vc_row_inner][vc_column_inner width=&#8221;1\/5&#8243;][vc_single_image image=&#8221;7974&#8243; img_size=&#8221;full&#8221; alignment=&#8221;center&#8221; onclick=&#8221;link_image&#8221;][\/vc_column_inner][vc_column_inner width=&#8221;1\/5&#8243;][vc_single_image image=&#8221;7979&#8243; img_size=&#8221;full&#8221; alignment=&#8221;center&#8221; onclick=&#8221;link_image&#8221;][\/vc_column_inner][vc_column_inner width=&#8221;1\/5&#8243;][vc_single_image image=&#8221;7984&#8243; img_size=&#8221;full&#8221; alignment=&#8221;center&#8221; onclick=&#8221;link_image&#8221;][\/vc_column_inner][vc_column_inner width=&#8221;1\/5&#8243;][vc_single_image image=&#8221;7989&#8243; img_size=&#8221;full&#8221; alignment=&#8221;center&#8221; onclick=&#8221;link_image&#8221;][\/vc_column_inner][vc_column_inner width=&#8221;1\/5&#8243;][vc_single_image image=&#8221;7994&#8243; img_size=&#8221;full&#8221; alignment=&#8221;center&#8221; onclick=&#8221;link_image&#8221;][\/vc_column_inner][\/vc_row_inner][\/vc_column][\/vc_row]<\/p><\/section>","protected":false},"excerpt":{"rendered":"<p>[vc_row][vc_column][\/vc_column][vc_column_text]Her kad\u0131n dolgun, iri, estetik olarak daha g\u00fczel g\u00f6r\u00fcn\u00fcml\u00fc memelere sahip olmak ister. Meme k\u00fc\u00e7\u00fcltme ameliyat\u0131 ile ilgili bilgiler meme dikle\u015ftirme ameliyat\u0131 i\u00e7inde ge\u00e7erlidir. Aradaki fark memenin sark\u0131kl\u0131\u011f\u0131 yan\u0131nda meme normal boyuttad\u0131r ya da i\u00e7i bo\u015falm\u0131\u015ft\u0131r, b\u00fcy\u00fck meme de\u011fildir. Kilo kayb\u0131, emzirme sonras\u0131 ya da ya\u015flanma sonucu hacmini yitiren meme dokusu, \u00fczerini saran derinin bol &hellip; <a href=\"https:\/\/clinicp.com\/tr\/meme-diklestirme\/\" class=\"more-link\">Continue reading <span class=\"screen-reader-text\">Meme Dikle\u015ftirme<\/span><\/a><\/p>\n","protected":false},"author":3,"featured_media":5905,"parent":0,"menu_order":0,"comment_status":"closed","ping_status":"closed","template":"","meta":{"footnotes":""},"class_list":["post-5904","page","type-page","status-publish","has-post-thumbnail","hentry"],"_links":{"self":[{"href":"https:\/\/clinicp.com\/tr\/wp-json\/wp\/v2\/pages\/5904","targetHints":{"allow":["GET"]}}],"collection":[{"href":"https:\/\/clinicp.com\/tr\/wp-json\/wp\/v2\/pages"}],"about":[{"href":"https:\/\/clinicp.com\/tr\/wp-json\/wp\/v2\/types\/page"}],"author":[{"embeddable":true,"href":"https:\/\/clinicp.com\/tr\/wp-json\/wp\/v2\/users\/3"}],"replies":[{"embeddable":true,"href":"https:\/\/clinicp.com\/tr\/wp-json\/wp\/v2\/comments?post=5904"}],"version-history":[{"count":9,"href":"https:\/\/clinicp.com\/tr\/wp-json\/wp\/v2\/pages\/5904\/revisions"}],"predecessor-version":[{"id":8566,"href":"https:\/\/clinicp.com\/tr\/wp-json\/wp\/v2\/pages\/5904\/revisions\/8566"}],"wp:featuredmedia":[{"embeddable":true,"href":"https:\/\/clinicp.com\/tr\/wp-json\/wp\/v2\/media\/5905"}],"wp:attachment":[{"href":"https:\/\/clinicp.com\/tr\/wp-json\/wp\/v2\/media?parent=5904"}],"curies":[{"name":"wp","href":"https:\/\/api.w.org\/{rel}","templated":true}]}}