{"id":5967,"date":"2023-06-19T09:27:15","date_gmt":"2023-06-19T09:27:15","guid":{"rendered":"https:\/\/clinicp.com\/?page_id=5967"},"modified":"2023-09-26T13:36:14","modified_gmt":"2023-09-26T10:36:14","slug":"burun-estetigi","status":"publish","type":"page","link":"https:\/\/clinicp.com\/tr\/burun-estetigi\/","title":{"rendered":"Burun Esteti\u011fi"},"content":{"rendered":"<section class=\"wpb-content-wrapper\"><p>[vc_row][vc_column][vc_column_text]<\/p>\r\n<blockquote>\r\n<p>\u201dBurun esteti\u011fi bir plastik cerrah\u0131n vizyonunu sergiler..\u201d<\/p>\r\n<\/blockquote>\r\n<p>\r\n\r\nBurun esteti\u011fi en s\u0131k yap\u0131lan operasyonlardan biri olmas\u0131na ra\u011fmen hakk\u0131nda en \u00e7ok bilgi kirlili\u011fi olan ameliyatt\u0131r.<\/p>\r\n<p><br \/><\/p>\r\n<h3 class=\"wp-block-heading\">Operasyon \u00d6ncesi Haz\u0131rl\u0131k<\/h3>\r\n<p>\r\n\r\nHasta ile ilk g\u00f6r\u00fc\u015fmede hastan\u0131n talepleri al\u0131n\u0131r, hastan\u0131n nas\u0131l bir burun istedi\u011fi en ince ayr\u0131nt\u0131s\u0131na kadar anlamaya \u00e7al\u0131\u015f\u0131l\u0131r. \u0130kinci a\u015famada hastan\u0131n burnu \u00a0ayr\u0131nt\u0131l\u0131 \u015fekilde incelenir ve hasta burnunun operasyon sonunda olu\u015fabilecek \u015fekli hakk\u0131nda bilgilendirilir.<\/p>\r\n<p><br \/><\/p>\r\n<h3 class=\"wp-block-heading\">Burun Esteti\u011fi Operasyon S\u00fcreci<\/h3>\r\n<p>\r\n\r\nHastan\u0131n hangi nedenle olursa olsun burnundan nefes alma problemi varsa ayn\u0131 operasyon i\u00e7inde nefes a\u00e7ma operasyonu ger\u00e7ekle\u015ftirilir. Hasta sabah ameliyat edilir, operasyon yakla\u015f\u0131k 1-2 saat s\u00fcrmektedir ve operasyon sonras\u0131 g\u00f6zlere buz uygulamas\u0131 yap\u0131l\u0131r. \u00c7ok b\u00fcy\u00fck ihtimalle hastan\u0131n operasyon sonras\u0131nda a\u011fr\u0131s\u0131 olmayacakt\u0131r. A\u011fr\u0131 yerine hafif s\u0131zlamalar\u0131 olabilir.<\/p>\r\n<p><br \/><\/p>\r\n<h3 class=\"wp-block-heading\">Operasyon Sonras\u0131<\/h3>\r\n\r\n<ul>\r\n<li>Hasta bir gece hastanede misafir edilir, bunun sebebi konforunu artt\u0131rmakt\u0131r. Sabah\u0131nda da taburcu edilir.<\/li>\r\n<li>Operasyon sonras\u0131nda hasta 3.g\u00fcn kontrole \u00e7a\u011fr\u0131l\u0131r. Hastalar\u0131n ve bizim korkulu r\u00fcyam\u0131z olan bez tamponlar\u0131n yerini g\u00fcn\u00fcm\u00fczde silikon hava kanall\u0131 splintler alm\u0131\u015ft\u0131r. Ameliyat tekni\u011findeki bu de\u011fi\u015fiklik devrim niteli\u011findedir.<\/li>\r\n<li>Silikon sa\u011fa sola yap\u0131\u015fmad\u0131\u011f\u0131 i\u00e7in al\u0131n\u0131rken de hastan\u0131n can\u0131 \u00e7ok yanmaz, hastalar sadece burun i\u00e7inden silikonun \u00e7ekilme hissini ya\u015farlar.<\/li>\r\n<li>Hastalar\u0131n bir k\u0131sm\u0131na (nefes a\u00e7ma operasyonu yap\u0131lmayanlarda) ise hi\u00e7 burun tamponu konulmaz. Bir hafta doldu\u011funda 2. kontrol yap\u0131l\u0131r, burun ateli al\u0131n\u0131r ve yerine bant yap\u0131\u015ft\u0131r\u0131l\u0131r.<\/li>\r\n<li>Sonraki s\u00fcre\u00e7 art\u0131k do\u011fal iyile\u015fme s\u00fcrecidir. Bir ay doldu\u011funda hasta davet edilir, sonras\u0131 foto\u011fraflar\u0131 \u00e7ekilir ve ameliyat \u00f6ncesi foto\u011fraflar\u0131yla yan yana konulup hasta ile beraber kar\u015f\u0131la\u015ft\u0131r\u0131l\u0131r.<\/li>\r\n<\/ul>\r\n<p>\r\n\r\n<strong>\u00a0\u201cG\u00dcZEL BURUN DO\u011eAL BURUNDUR.\u201d<\/strong><\/p>\r\n<p>[\/vc_column_text][\/vc_column][\/vc_row][vc_row full_width=&#8221;stretch_row_content&#8221; ts_responsive_css=&#8221;67427488|colbreak_no|||||80px||65px||colbreak_no|||||||||colbreak_no|||||60px||45px|||colbreak_no|||||||||&#8221; css=&#8221;.vc_custom_1690043090648{margin-bottom: 60px !important;}&#8221;][vc_column][vc_row_inner][vc_column_inner]<div class=\"ts-element-heading-wrapper ts-heading-inner ts-element-align-center ts-seperator-none \"><section class=\"ts-vc_cta3-container\"><div class=\"ts-vc_general ts-vc_cta3 ts-cta3-only ts-vc_cta3-style-classic ts-vc_cta3-shape-rounded ts-vc_cta3-align-center ts-vc_cta3-color-transparent ts-vc_cta3-icon-size-md ts-vc_cta3-actions-no ts-cta3-without-desc\"><div class=\"ts-vc_cta3_content-container\"><div class=\"ts-vc_cta3-content\"><div class=\"ts-vc_cta3-content-header ts-wrap\"><div class=\"ts-vc_cta3-headers ts-wrap-cell\"><h4 class=\"ts-custom-heading \" >Clinic P<\/h4>\n<h2 class=\"ts-custom-heading ts-fontweightbold \" >Before &amp; After<\/h2>\n<\/div><\/div><\/div><\/div><\/div><\/section><\/div> <!-- .ts-element-heading-wrapper container --> [\/vc_column_inner][\/vc_row_inner][vc_row_inner][vc_column_inner width=&#8221;1\/4&#8243;][vc_single_image image=&#8221;7386&#8243; img_size=&#8221;medium&#8221; alignment=&#8221;center&#8221; onclick=&#8221;link_image&#8221;][\/vc_column_inner][vc_column_inner width=&#8221;1\/4&#8243;][vc_single_image image=&#8221;7391&#8243; img_size=&#8221;medium&#8221; alignment=&#8221;center&#8221; onclick=&#8221;link_image&#8221;][\/vc_column_inner][vc_column_inner width=&#8221;1\/4&#8243;][vc_single_image image=&#8221;7320&#8243; img_size=&#8221;medium&#8221; alignment=&#8221;center&#8221; onclick=&#8221;link_image&#8221;][\/vc_column_inner][vc_column_inner width=&#8221;1\/4&#8243;][vc_single_image image=&#8221;7330&#8243; img_size=&#8221;medium&#8221; alignment=&#8221;center&#8221; onclick=&#8221;link_image&#8221;][\/vc_column_inner][\/vc_row_inner][vc_row_inner][vc_column_inner width=&#8221;1\/4&#8243;][vc_single_image image=&#8221;7396&#8243; img_size=&#8221;medium&#8221; alignment=&#8221;center&#8221; onclick=&#8221;link_image&#8221;][\/vc_column_inner][vc_column_inner width=&#8221;1\/4&#8243;][vc_single_image image=&#8221;7340&#8243; img_size=&#8221;medium&#8221; alignment=&#8221;center&#8221; onclick=&#8221;link_image&#8221;][\/vc_column_inner][vc_column_inner width=&#8221;1\/4&#8243;][vc_single_image image=&#8221;7345&#8243; img_size=&#8221;medium&#8221; alignment=&#8221;center&#8221; onclick=&#8221;link_image&#8221;][\/vc_column_inner][vc_column_inner width=&#8221;1\/4&#8243;][vc_single_image image=&#8221;7350&#8243; img_size=&#8221;medium&#8221; alignment=&#8221;center&#8221; onclick=&#8221;link_image&#8221;][\/vc_column_inner][\/vc_row_inner][\/vc_column][\/vc_row]<\/p>\r\n<p>[vc_row full_width=&#8221;stretch_row_content&#8221; css=&#8221;.vc_custom_1688736274199{margin-bottom: 30px !important;padding-top: 60px !important;padding-bottom: 50px !important;background-image: url(https:\/\/clinicp.com\/wp-content\/uploads\/2023\/06\/homepage-banner-1.jpg?id=6461) !important;background-position: center !important;background-repeat: no-repeat !important;background-size: cover !important;}&#8221; ts_responsive_css=&#8221;79823081|colbreak_no|||||80px||50px||colbreak_no|||||||||colbreak_no|||||60px||30px|||colbreak_no|||||||||&#8221; el_class=&#8221;ts-opacity95 ts-font375mode&#8221;][vc_column ts_textcolor=&#8221;white&#8221;]<p style=\"text-align:center;font-size:32px;line-height:42px;\" class=\"ts-custom-heading \" >Estetik Cerrahi ve Medikal Uygulamalar Hakk\u0131nda Hemen Bilgi Al\u0131n<\/p>\n<h3 style=\"text-align:center;font-size:50px;line-height:70px;color:#ffffff;\" class=\"ts-custom-heading vc_custom_1689153955745\" ><a href=\"tel:+90 531 881 6621\" target=\"_blank\">+90 531 881 66 21<\/a><\/h3>\n\r\n\t\t<div class=\"ts-vc_btn3-container ts-vc_btn3-center\"><a class=\"ts-vc_general ts-vc_btn3 ts-vc_btn3-size-lg ts-vc_btn3-shape-rounded ts-vc_btn3-style-flat ts-vc_btn3-weight-yes ts-vc_btn3-icon-left ts-vc_btn3-color-success\" href=\"https:\/\/wa.me\/+905318816621\" title=\"+90 533 027 99 31\"><i class=\"ts-vc_btn3-icon fa fa-whatsapp\"><\/i> WhatsApp<\/a><\/div>[\/vc_column][\/vc_row][vc_row full_width=&#8221;stretch_row_content&#8221; ts_responsive_css=&#8221;67427488|colbreak_no|||||80px||65px||colbreak_no|||||||||colbreak_no|||||60px||45px|||colbreak_no|||||||||&#8221;][vc_column][vc_row_inner][vc_column_inner]<div class=\"ts-element-heading-wrapper ts-heading-inner ts-element-align-center ts-seperator-none \"><section class=\"ts-vc_cta3-container\"><div class=\"ts-vc_general ts-vc_cta3 ts-cta3-only ts-vc_cta3-style-classic ts-vc_cta3-shape-rounded ts-vc_cta3-align-center ts-vc_cta3-color-transparent ts-vc_cta3-icon-size-md ts-vc_cta3-actions-no ts-cta3-without-desc\"><div class=\"ts-vc_cta3_content-container\"><div class=\"ts-vc_cta3-content\"><div class=\"ts-vc_cta3-content-header ts-wrap\"><div class=\"ts-vc_cta3-headers ts-wrap-cell\"><h4 class=\"ts-custom-heading \" >Clinic P<\/h4>\n<h2 class=\"ts-custom-heading ts-fontweightbold \" ><strong>Merkezimiz<\/strong><\/h2>\n<\/div><\/div><\/div><\/div><\/div><\/section><\/div> <!-- .ts-element-heading-wrapper container --> [\/vc_column_inner][\/vc_row_inner][vc_row_inner][vc_column_inner width=&#8221;1\/5&#8243;][vc_single_image image=&#8221;7949&#8243; img_size=&#8221;full&#8221; alignment=&#8221;center&#8221; onclick=&#8221;link_image&#8221;][\/vc_column_inner][vc_column_inner width=&#8221;1\/5&#8243;][vc_single_image image=&#8221;7954&#8243; img_size=&#8221;full&#8221; alignment=&#8221;center&#8221; onclick=&#8221;link_image&#8221;][\/vc_column_inner][vc_column_inner width=&#8221;1\/5&#8243;][vc_single_image image=&#8221;7959&#8243; img_size=&#8221;full&#8221; alignment=&#8221;center&#8221; onclick=&#8221;link_image&#8221;][\/vc_column_inner][vc_column_inner width=&#8221;1\/5&#8243;][vc_single_image image=&#8221;7964&#8243; img_size=&#8221;full&#8221; alignment=&#8221;center&#8221; onclick=&#8221;link_image&#8221;][\/vc_column_inner][vc_column_inner width=&#8221;1\/5&#8243;][vc_single_image image=&#8221;7969&#8243; img_size=&#8221;full&#8221; alignment=&#8221;center&#8221; onclick=&#8221;link_image&#8221;][\/vc_column_inner][\/vc_row_inner][vc_row_inner][vc_column_inner width=&#8221;1\/5&#8243;][vc_single_image image=&#8221;7974&#8243; img_size=&#8221;full&#8221; alignment=&#8221;center&#8221; onclick=&#8221;link_image&#8221;][\/vc_column_inner][vc_column_inner width=&#8221;1\/5&#8243;][vc_single_image image=&#8221;7979&#8243; img_size=&#8221;full&#8221; alignment=&#8221;center&#8221; onclick=&#8221;link_image&#8221;][\/vc_column_inner][vc_column_inner width=&#8221;1\/5&#8243;][vc_single_image image=&#8221;7984&#8243; img_size=&#8221;full&#8221; alignment=&#8221;center&#8221; onclick=&#8221;link_image&#8221;][\/vc_column_inner][vc_column_inner width=&#8221;1\/5&#8243;][vc_single_image image=&#8221;7989&#8243; img_size=&#8221;full&#8221; alignment=&#8221;center&#8221; onclick=&#8221;link_image&#8221;][\/vc_column_inner][vc_column_inner width=&#8221;1\/5&#8243;][vc_single_image image=&#8221;7994&#8243; img_size=&#8221;full&#8221; alignment=&#8221;center&#8221; onclick=&#8221;link_image&#8221;][\/vc_column_inner][\/vc_row_inner][\/vc_column][\/vc_row]<\/p><\/section>","protected":false},"excerpt":{"rendered":"<p>[vc_row][vc_column][vc_column_text] \u201dBurun esteti\u011fi bir plastik cerrah\u0131n vizyonunu sergiler..\u201d Burun esteti\u011fi en s\u0131k yap\u0131lan operasyonlardan biri olmas\u0131na ra\u011fmen hakk\u0131nda en \u00e7ok bilgi kirlili\u011fi olan ameliyatt\u0131r. Operasyon \u00d6ncesi Haz\u0131rl\u0131k Hasta ile ilk g\u00f6r\u00fc\u015fmede hastan\u0131n talepleri al\u0131n\u0131r, hastan\u0131n nas\u0131l bir burun istedi\u011fi en ince ayr\u0131nt\u0131s\u0131na kadar anlamaya \u00e7al\u0131\u015f\u0131l\u0131r. \u0130kinci a\u015famada hastan\u0131n burnu \u00a0ayr\u0131nt\u0131l\u0131 \u015fekilde incelenir ve hasta burnunun &hellip; <a href=\"https:\/\/clinicp.com\/tr\/burun-estetigi\/\" class=\"more-link\">Continue reading <span class=\"screen-reader-text\">Burun Esteti\u011fi<\/span><\/a><\/p>\n","protected":false},"author":3,"featured_media":5968,"parent":0,"menu_order":0,"comment_status":"closed","ping_status":"closed","template":"","meta":{"footnotes":""},"class_list":["post-5967","page","type-page","status-publish","has-post-thumbnail","hentry"],"_links":{"self":[{"href":"https:\/\/clinicp.com\/tr\/wp-json\/wp\/v2\/pages\/5967","targetHints":{"allow":["GET"]}}],"collection":[{"href":"https:\/\/clinicp.com\/tr\/wp-json\/wp\/v2\/pages"}],"about":[{"href":"https:\/\/clinicp.com\/tr\/wp-json\/wp\/v2\/types\/page"}],"author":[{"embeddable":true,"href":"https:\/\/clinicp.com\/tr\/wp-json\/wp\/v2\/users\/3"}],"replies":[{"embeddable":true,"href":"https:\/\/clinicp.com\/tr\/wp-json\/wp\/v2\/comments?post=5967"}],"version-history":[{"count":13,"href":"https:\/\/clinicp.com\/tr\/wp-json\/wp\/v2\/pages\/5967\/revisions"}],"predecessor-version":[{"id":8568,"href":"https:\/\/clinicp.com\/tr\/wp-json\/wp\/v2\/pages\/5967\/revisions\/8568"}],"wp:featuredmedia":[{"embeddable":true,"href":"https:\/\/clinicp.com\/tr\/wp-json\/wp\/v2\/media\/5968"}],"wp:attachment":[{"href":"https:\/\/clinicp.com\/tr\/wp-json\/wp\/v2\/media?parent=5967"}],"curies":[{"name":"wp","href":"https:\/\/api.w.org\/{rel}","templated":true}]}}