{"id":7741,"date":"2023-07-29T12:39:54","date_gmt":"2023-07-29T09:39:54","guid":{"rendered":"https:\/\/clinicp.com\/?page_id=7741"},"modified":"2023-07-29T12:59:03","modified_gmt":"2023-07-29T09:59:03","slug":"ben-alimi","status":"publish","type":"page","link":"https:\/\/clinicp.com\/tr\/ben-alimi\/","title":{"rendered":"Ben Al\u0131m\u0131"},"content":{"rendered":"<section class=\"wpb-content-wrapper\"><p>[vc_row][vc_column css=&#8221;.vc_custom_1690624714304{margin-top: 20px !important;}&#8221;][vc_column_text]Benler olduk\u00e7a yayg\u0131nd\u0131r. Hemen hemen her yeti\u015fkinde bunlardan birka\u00e7 tane bulunur. A\u00e7\u0131k tenli yeti\u015fkinlerde genellikle daha fazla ben bulunur. Derilerinde 10 ila 40 adet ben olabilir ve bu olduk\u00e7a normaldir.<\/p>\n<p>Benlerin \u00e7o\u011fu \u00e7ocukluk ve ergenlik d\u00f6neminde ciltte g\u00f6r\u00fcl\u00fcr. \u00c7ocuk (veya gen\u00e7) b\u00fcy\u00fcd\u00fck\u00e7e benler b\u00fcy\u00fcr. Baz\u0131 benler koyula\u015facak ve di\u011ferleri ise hafifleyecektir. Bu de\u011fi\u015fiklikler beklenir ve nadiren de olsa bir melanom belirtisidir.<\/p>\n<p>Yeti\u015fkinler i\u00e7in yeni benler ve var olan benlerde de\u011fi\u015fiklikler melanom belirtisi olabilir. Erken yakalanan melanom y\u00fcksek oranda tedavi edilebilir.<\/p>\n<p><strong>\u0130\u015fte melanomu erken saptaman\u0131za ve tedavi g\u00f6rmenize yard\u0131mc\u0131 olabilecek \u00fc\u00e7 ger\u00e7ek:<\/strong><\/p>\n<ol>\n<li>Ben veya yeni bir ben de\u011fi\u015fikli\u011fi genellikle melanomun ilk belirtisidir.<\/li>\n<li>Kendi cildinizi kontrol ederek melanomu erken te\u015fhis edebilirsiniz.<\/li>\n<li>B\u00fcy\u00fcyen, ka\u015f\u0131nan, kanayan veya herhangi bir \u015fekilde de\u011fi\u015fen bir ben veya ba\u015fka bir nokta g\u00f6r\u00fcrseniz hemen bir dermatolo\u011fa g\u00f6r\u00fcnmelisiniz.<\/li>\n<\/ol>\n<p>Ben tedavi gerektirmez. E\u011fer a\u015fa\u011f\u0131daki durumlar s\u00f6z konusu ise beninizi ald\u0131rabilirsiniz:<\/p>\n<ul>\n<li>Rahats\u0131z edici (giysilere s\u00fcrt\u00fcyor vb.)<\/li>\n<li>G\u00f6r\u00fcnt\u00fcs\u00fc rahats\u0131z edici<\/li>\n<li>\u015e\u00fcpheli (cilt kanseri olabilir)<\/li>\n<\/ul>\n<p>\u00c7o\u011fu ben ald\u0131rma i\u015flemi yaln\u0131zca bir ofis ziyareti gerektirir. Baz\u0131 durumlarda ikinci bir ziyarete de ihtiya\u00e7 duyulabilir.<\/p>\n<p>\u0130ster bir ister iki ziyaret s\u0131ras\u0131nda olsun, bir dermatolog bir beni g\u00fcvenli ve kolay bir \u015fekilde \u00e7\u0131karabilir.<\/p>\n<p><strong>Cerrahi eksizyon:<\/strong> Dermatolog, t\u00fcm benleri keser ve gerekirse cildi kapatarak diker. Ben ayr\u0131ca \u00f6zel e\u011fitimli bir doktor taraf\u0131ndan mikroskop alt\u0131nda incelenecektir. Bu, kanser h\u00fccrelerini kontrol etmek i\u00e7in yap\u0131l\u0131r. Kanser h\u00fccreleri bulunursa, dermatolo\u011funuz size haber verecektir.<\/p>\n<p><strong>Cerrahi t\u0131ra\u015f:<\/strong> Dermatolog, beni \u00e7\u0131karmak i\u00e7in cerrahi bir b\u0131\u00e7ak kullan\u0131r. \u00c7o\u011fu durumda, \u00f6zel olarak e\u011fitilmi\u015f bir doktor, beninizi mikroskop alt\u0131nda inceleyecektir. Kanser h\u00fccreleri bulunursa, dermatolo\u011funuz size haber verecektir.[\/vc_column_text][\/vc_column][\/vc_row][vc_row full_width=&#8221;stretch_row_content&#8221; css=&#8221;.vc_custom_1688566483081{margin-top: 40px !important;margin-bottom: 40px !important;padding-top: 60px !important;padding-bottom: 50px !important;background-image: url(https:\/\/clinicp.com\/wp-content\/uploads\/2023\/06\/homepage-banner-1.jpg?id=6461) !important;background-position: center !important;background-repeat: no-repeat !important;background-size: cover !important;}&#8221; ts_responsive_css=&#8221;79823081|colbreak_no|||||80px||50px||colbreak_no|||||||||colbreak_no|||||60px||30px|||colbreak_no|||||||||&#8221; el_class=&#8221;ts-opacity95 ts-font375mode&#8221;][vc_column ts_textcolor=&#8221;white&#8221;]<p style=\"text-align:center;font-size:32px;line-height:42px;\" class=\"ts-custom-heading \" >Estetik Cerrahi ve Medikal Uygulamalar Hakk\u0131nda Hemen Bilgi Al\u0131n<\/p>\n<h3 style=\"text-align:center;font-size:50px;line-height:70px;color:#ffffff;\" class=\"ts-custom-heading vc_custom_1689156338129\" ><a href=\"tel:+90 531 881 6621\">+90 531 881 66 21<\/a><\/h3>\n\r\n\t\t<div class=\"ts-vc_btn3-container ts-vc_btn3-center\"><a class=\"ts-vc_general ts-vc_btn3 ts-vc_btn3-size-lg ts-vc_btn3-shape-rounded ts-vc_btn3-style-flat ts-vc_btn3-weight-yes ts-vc_btn3-icon-left ts-vc_btn3-color-success\" href=\"https:\/\/wa.me\/+905318816621\" title=\"+90 531 881 66 21\"><i class=\"ts-vc_btn3-icon fa fa-whatsapp\"><\/i> WhatsApp<\/a><\/div>[\/vc_column][\/vc_row][vc_row full_width=&#8221;stretch_row_content&#8221; ts_responsive_css=&#8221;67427488|colbreak_no|||||80px||65px||colbreak_no|||||||||colbreak_no|||||60px||45px|||colbreak_no|||||||||&#8221;][vc_column][vc_row_inner][vc_column_inner]<div class=\"ts-element-heading-wrapper ts-heading-inner ts-element-align-center ts-seperator-none \"><section class=\"ts-vc_cta3-container\"><div class=\"ts-vc_general ts-vc_cta3 ts-cta3-only ts-vc_cta3-style-classic ts-vc_cta3-shape-rounded ts-vc_cta3-align-center ts-vc_cta3-color-transparent ts-vc_cta3-icon-size-md ts-vc_cta3-actions-no ts-cta3-without-desc\"><div class=\"ts-vc_cta3_content-container\"><div class=\"ts-vc_cta3-content\"><div class=\"ts-vc_cta3-content-header ts-wrap\"><div class=\"ts-vc_cta3-headers ts-wrap-cell\"><h4 class=\"ts-custom-heading \" >Clinic P<\/h4>\n<h2 class=\"ts-custom-heading ts-fontweightbold \" >Merkezimiz<\/h2>\n<\/div><\/div><\/div><\/div><\/div><\/section><\/div> <!-- .ts-element-heading-wrapper container --> [\/vc_column_inner][\/vc_row_inner][vc_row_inner][vc_column_inner width=&#8221;1\/4&#8243;][vc_single_image image=&#8221;6507&#8243; img_size=&#8221;full&#8221; alignment=&#8221;center&#8221;][\/vc_column_inner][vc_column_inner width=&#8221;1\/4&#8243;][vc_single_image image=&#8221;6512&#8243; img_size=&#8221;full&#8221; alignment=&#8221;center&#8221;][\/vc_column_inner][vc_column_inner width=&#8221;1\/4&#8243;][vc_single_image image=&#8221;6517&#8243; img_size=&#8221;full&#8221; alignment=&#8221;center&#8221;][\/vc_column_inner][vc_column_inner width=&#8221;1\/4&#8243;][vc_single_image image=&#8221;6522&#8243; img_size=&#8221;full&#8221; alignment=&#8221;center&#8221;][\/vc_column_inner][\/vc_row_inner][vc_row_inner][vc_column_inner width=&#8221;1\/4&#8243;][vc_single_image image=&#8221;6527&#8243; img_size=&#8221;full&#8221; alignment=&#8221;center&#8221;][\/vc_column_inner][vc_column_inner width=&#8221;1\/4&#8243;][vc_single_image image=&#8221;6532&#8243; img_size=&#8221;full&#8221; alignment=&#8221;center&#8221;][\/vc_column_inner][vc_column_inner width=&#8221;1\/4&#8243;][vc_single_image image=&#8221;6537&#8243; img_size=&#8221;full&#8221; alignment=&#8221;center&#8221;][\/vc_column_inner][vc_column_inner width=&#8221;1\/4&#8243;][vc_single_image image=&#8221;6542&#8243; img_size=&#8221;full&#8221; alignment=&#8221;center&#8221;][\/vc_column_inner][\/vc_row_inner][\/vc_column][\/vc_row]<\/p>\n<\/section>","protected":false},"excerpt":{"rendered":"<p>[vc_row][vc_column css=&#8221;.vc_custom_1690624714304{margin-top: 20px !important;}&#8221;][vc_column_text]Benler olduk\u00e7a yayg\u0131nd\u0131r. Hemen hemen her yeti\u015fkinde bunlardan birka\u00e7 tane bulunur. A\u00e7\u0131k tenli yeti\u015fkinlerde genellikle daha fazla ben bulunur. Derilerinde 10 ila 40 adet ben olabilir ve bu olduk\u00e7a normaldir. Benlerin \u00e7o\u011fu \u00e7ocukluk ve ergenlik d\u00f6neminde ciltte g\u00f6r\u00fcl\u00fcr. \u00c7ocuk (veya gen\u00e7) b\u00fcy\u00fcd\u00fck\u00e7e benler b\u00fcy\u00fcr. Baz\u0131 benler koyula\u015facak ve di\u011ferleri ise hafifleyecektir. Bu &hellip; <a href=\"https:\/\/clinicp.com\/tr\/ben-alimi\/\" class=\"more-link\">Continue reading <span class=\"screen-reader-text\">Ben Al\u0131m\u0131<\/span><\/a><\/p>\n","protected":false},"author":3,"featured_media":7744,"parent":0,"menu_order":0,"comment_status":"closed","ping_status":"closed","template":"","meta":{"footnotes":""},"class_list":["post-7741","page","type-page","status-publish","has-post-thumbnail","hentry"],"_links":{"self":[{"href":"https:\/\/clinicp.com\/tr\/wp-json\/wp\/v2\/pages\/7741","targetHints":{"allow":["GET"]}}],"collection":[{"href":"https:\/\/clinicp.com\/tr\/wp-json\/wp\/v2\/pages"}],"about":[{"href":"https:\/\/clinicp.com\/tr\/wp-json\/wp\/v2\/types\/page"}],"author":[{"embeddable":true,"href":"https:\/\/clinicp.com\/tr\/wp-json\/wp\/v2\/users\/3"}],"replies":[{"embeddable":true,"href":"https:\/\/clinicp.com\/tr\/wp-json\/wp\/v2\/comments?post=7741"}],"version-history":[{"count":5,"href":"https:\/\/clinicp.com\/tr\/wp-json\/wp\/v2\/pages\/7741\/revisions"}],"predecessor-version":[{"id":7779,"href":"https:\/\/clinicp.com\/tr\/wp-json\/wp\/v2\/pages\/7741\/revisions\/7779"}],"wp:featuredmedia":[{"embeddable":true,"href":"https:\/\/clinicp.com\/tr\/wp-json\/wp\/v2\/media\/7744"}],"wp:attachment":[{"href":"https:\/\/clinicp.com\/tr\/wp-json\/wp\/v2\/media?parent=7741"}],"curies":[{"name":"wp","href":"https:\/\/api.w.org\/{rel}","templated":true}]}}