{"id":7751,"date":"2023-07-29T12:45:11","date_gmt":"2023-07-29T09:45:11","guid":{"rendered":"https:\/\/clinicp.com\/?page_id=7751"},"modified":"2023-07-29T12:49:58","modified_gmt":"2023-07-29T09:49:58","slug":"genclik-asisi","status":"publish","type":"page","link":"https:\/\/clinicp.com\/tr\/genclik-asisi\/","title":{"rendered":"Gen\u00e7lik A\u015f\u0131s\u0131"},"content":{"rendered":"<section class=\"wpb-content-wrapper\"><p>[vc_row][vc_column][vc_column_text]Cildinizin do\u011fal gen\u00e7 g\u00f6r\u00fcn\u00fcm\u00fcn\u00fc geri kazand\u0131rmak ve ya\u015flanma belirtilerini iyile\u015ftirmek isteyenler i\u00e7in ideal olan Gen\u00e7lik a\u015f\u0131s\u0131 dolgu tedavilerinden tamamen farkl\u0131, enjekte edilebilir bir tedavidir; Bu tedavi, amino asitleri (elastin ve kollajenin temel yap\u0131 ta\u015flar\u0131) hyaluronik asit ile birle\u015ftiren patentli bir form\u00fcl kullan\u0131r. Gen\u00e7lik a\u015f\u0131s\u0131 cildinizin Ekstra H\u00fccresel matrisini (ECM) yeniler ve tedavi edilen dokuyu derinlemesine nemlendirir ve dolgunla\u015ft\u0131r\u0131r. Bu &#8216;dermal biyogenez&#8217;e yol a\u00e7ar.<\/p>\n<p>Peki, sonu\u00e7?<\/p>\n<p>K\u0131r\u0131\u015f\u0131kl\u0131klar\u0131n\u0131z\u0131n \u015fiddetinde azalma, cildinizin hem y\u00fczeysel hem de derin katmanlar\u0131nda nemlendirme, arzu edilen bir hacimlendirme etkisi ve elastin ve kollajeninizde \u00e7arp\u0131c\u0131 bir art\u0131\u015f.<\/p>\n<p>Bu tedavi, gev\u015fek, kremsi, ince bir cildiniz varsa ve\/veya g\u00f6z \u00e7evrenizde hacim kayb\u0131 varsa idealdir. Boynunuzdaki ve y\u00fcz\u00fcn\u00fczdeki \u00e7izgiler, k\u0131r\u0131\u015f\u0131kl\u0131klar, kreplik, hacim kayb\u0131 ve gev\u015feklik i\u00e7in de uygundur. Gen\u00e7lik a\u015f\u0131s\u0131 ya\u015flanan cildinizi \u00f6nemli \u00f6l\u00e7\u00fcde yenileyebilir ve do\u011fal g\u00f6r\u00fcn\u00fcml\u00fc, gen\u00e7 bir g\u00f6r\u00fcn\u00fcm kazand\u0131rabilir.<\/p>\n<h2>Gen\u00e7lik A\u015f\u0131s\u0131 Tedavisi<\/h2>\n<p>Tedavi edilen alanlarda ince hacim de\u011fi\u015fimi elde etmek m\u00fcmk\u00fcnd\u00fcr; ancak sonu\u00e7lar, hacmi nerede ve ne derecede kaybetti\u011finize ba\u011fl\u0131d\u0131r. Gen\u00e7lik a\u015f\u0131s\u0131 hacim kayb\u0131 olan b\u00f6lgelerde etkilidir, ancak yanak b\u00fcy\u00fctme gibi istekler i\u00e7in gereken hacim de\u011fi\u015fimini size sa\u011flamaz; bunu \u00f6rne\u011fin dermal dolgu maddeleri ile ba\u015farabilirsiniz.<\/p>\n<p>Bir kons\u00fcltasyon, endi\u015felerinizin de\u011ferlendirilmesini ve g\u00f6z \u00f6n\u00fcnde bulundurman\u0131z i\u00e7in en uygun tedavi(ler) ile e\u015fle\u015ftirilebilmesi i\u00e7in tedavi s\u00fcrecinizin hayati bir par\u00e7as\u0131d\u0131r.[\/vc_column_text][\/vc_column][\/vc_row][vc_row full_width=&#8221;stretch_row_content&#8221; css=&#8221;.vc_custom_1688566483081{margin-top: 40px !important;margin-bottom: 40px !important;padding-top: 60px !important;padding-bottom: 50px !important;background-image: url(https:\/\/clinicp.com\/wp-content\/uploads\/2023\/06\/homepage-banner-1.jpg?id=6461) !important;background-position: center !important;background-repeat: no-repeat !important;background-size: cover !important;}&#8221; ts_responsive_css=&#8221;79823081|colbreak_no|||||80px||50px||colbreak_no|||||||||colbreak_no|||||60px||30px|||colbreak_no|||||||||&#8221; el_class=&#8221;ts-opacity95 ts-font375mode&#8221;][vc_column ts_textcolor=&#8221;white&#8221;]<p style=\"text-align:center;font-size:32px;line-height:42px;\" class=\"ts-custom-heading \" >Estetik Cerrahi ve Medikal Uygulamalar Hakk\u0131nda Hemen Bilgi Al\u0131n<\/p>\n<h3 style=\"text-align:center;font-size:40px;line-height:70px;color:#ffffff;\" class=\"ts-custom-heading vc_custom_1690624194523\" ><a href=\"tel:+90 531 881 6621\">+90 531 881 66 21<\/a><\/h3>\n\r\n\t\t<div class=\"ts-vc_btn3-container ts-vc_btn3-center\"><a class=\"ts-vc_general ts-vc_btn3 ts-vc_btn3-size-lg ts-vc_btn3-shape-rounded ts-vc_btn3-style-flat ts-vc_btn3-weight-yes ts-vc_btn3-icon-left ts-vc_btn3-color-success\" href=\"https:\/\/wa.me\/+905318816621\" title=\"+90 531 881 66 21\"><i class=\"ts-vc_btn3-icon fa fa-whatsapp\"><\/i> WhatsApp<\/a><\/div>[\/vc_column][\/vc_row][vc_row full_width=&#8221;stretch_row_content&#8221; ts_responsive_css=&#8221;67427488|colbreak_no|||||80px||65px||colbreak_no|||||||||colbreak_no|||||60px||45px|||colbreak_no|||||||||&#8221;][vc_column][vc_row_inner][vc_column_inner]<div class=\"ts-element-heading-wrapper ts-heading-inner ts-element-align-center ts-seperator-none \"><section class=\"ts-vc_cta3-container\"><div class=\"ts-vc_general ts-vc_cta3 ts-cta3-only ts-vc_cta3-style-classic ts-vc_cta3-shape-rounded ts-vc_cta3-align-center ts-vc_cta3-color-transparent ts-vc_cta3-icon-size-md ts-vc_cta3-actions-no ts-cta3-without-desc\"><div class=\"ts-vc_cta3_content-container\"><div class=\"ts-vc_cta3-content\"><div class=\"ts-vc_cta3-content-header ts-wrap\"><div class=\"ts-vc_cta3-headers ts-wrap-cell\"><h4 class=\"ts-custom-heading \" >Clinic P<\/h4>\n<h2 class=\"ts-custom-heading ts-fontweightbold \" >Merkezimiz<\/h2>\n<\/div><\/div><\/div><\/div><\/div><\/section><\/div> <!-- .ts-element-heading-wrapper container --> [\/vc_column_inner][\/vc_row_inner][vc_row_inner][vc_column_inner width=&#8221;1\/4&#8243;][vc_single_image image=&#8221;6507&#8243; img_size=&#8221;full&#8221; alignment=&#8221;center&#8221;][\/vc_column_inner][vc_column_inner width=&#8221;1\/4&#8243;][vc_single_image image=&#8221;6512&#8243; img_size=&#8221;full&#8221; alignment=&#8221;center&#8221;][\/vc_column_inner][vc_column_inner width=&#8221;1\/4&#8243;][vc_single_image image=&#8221;6517&#8243; img_size=&#8221;full&#8221; alignment=&#8221;center&#8221;][\/vc_column_inner][vc_column_inner width=&#8221;1\/4&#8243;][vc_single_image image=&#8221;6522&#8243; img_size=&#8221;full&#8221; alignment=&#8221;center&#8221;][\/vc_column_inner][\/vc_row_inner][vc_row_inner][vc_column_inner width=&#8221;1\/4&#8243;][vc_single_image image=&#8221;6527&#8243; img_size=&#8221;full&#8221; alignment=&#8221;center&#8221;][\/vc_column_inner][vc_column_inner width=&#8221;1\/4&#8243;][vc_single_image image=&#8221;6532&#8243; img_size=&#8221;full&#8221; alignment=&#8221;center&#8221;][\/vc_column_inner][vc_column_inner width=&#8221;1\/4&#8243;][vc_single_image image=&#8221;6537&#8243; img_size=&#8221;full&#8221; alignment=&#8221;center&#8221;][\/vc_column_inner][vc_column_inner width=&#8221;1\/4&#8243;][vc_single_image image=&#8221;6542&#8243; img_size=&#8221;full&#8221; alignment=&#8221;center&#8221;][\/vc_column_inner][\/vc_row_inner][\/vc_column][\/vc_row]<\/p>\n<\/section>","protected":false},"excerpt":{"rendered":"<p>[vc_row][vc_column][vc_column_text]Cildinizin do\u011fal gen\u00e7 g\u00f6r\u00fcn\u00fcm\u00fcn\u00fc geri kazand\u0131rmak ve ya\u015flanma belirtilerini iyile\u015ftirmek isteyenler i\u00e7in ideal olan Gen\u00e7lik a\u015f\u0131s\u0131 dolgu tedavilerinden tamamen farkl\u0131, enjekte edilebilir bir tedavidir; Bu tedavi, amino asitleri (elastin ve kollajenin temel yap\u0131 ta\u015flar\u0131) hyaluronik asit ile birle\u015ftiren patentli bir form\u00fcl kullan\u0131r. Gen\u00e7lik a\u015f\u0131s\u0131 cildinizin Ekstra H\u00fccresel matrisini (ECM) yeniler ve tedavi edilen dokuyu derinlemesine &hellip; <a href=\"https:\/\/clinicp.com\/tr\/genclik-asisi\/\" class=\"more-link\">Continue reading <span class=\"screen-reader-text\">Gen\u00e7lik A\u015f\u0131s\u0131<\/span><\/a><\/p>\n","protected":false},"author":3,"featured_media":7752,"parent":0,"menu_order":0,"comment_status":"closed","ping_status":"closed","template":"","meta":{"footnotes":""},"class_list":["post-7751","page","type-page","status-publish","has-post-thumbnail","hentry"],"_links":{"self":[{"href":"https:\/\/clinicp.com\/tr\/wp-json\/wp\/v2\/pages\/7751","targetHints":{"allow":["GET"]}}],"collection":[{"href":"https:\/\/clinicp.com\/tr\/wp-json\/wp\/v2\/pages"}],"about":[{"href":"https:\/\/clinicp.com\/tr\/wp-json\/wp\/v2\/types\/page"}],"author":[{"embeddable":true,"href":"https:\/\/clinicp.com\/tr\/wp-json\/wp\/v2\/users\/3"}],"replies":[{"embeddable":true,"href":"https:\/\/clinicp.com\/tr\/wp-json\/wp\/v2\/comments?post=7751"}],"version-history":[{"count":5,"href":"https:\/\/clinicp.com\/tr\/wp-json\/wp\/v2\/pages\/7751\/revisions"}],"predecessor-version":[{"id":7761,"href":"https:\/\/clinicp.com\/tr\/wp-json\/wp\/v2\/pages\/7751\/revisions\/7761"}],"wp:featuredmedia":[{"embeddable":true,"href":"https:\/\/clinicp.com\/tr\/wp-json\/wp\/v2\/media\/7752"}],"wp:attachment":[{"href":"https:\/\/clinicp.com\/tr\/wp-json\/wp\/v2\/media?parent=7751"}],"curies":[{"name":"wp","href":"https:\/\/api.w.org\/{rel}","templated":true}]}}