{"id":7780,"date":"2023-07-29T13:00:58","date_gmt":"2023-07-29T10:00:58","guid":{"rendered":"https:\/\/clinicp.com\/?page_id=7780"},"modified":"2023-09-26T13:47:50","modified_gmt":"2023-09-26T10:47:50","slug":"lip-lift-dudak-kaldirma","status":"publish","type":"page","link":"https:\/\/clinicp.com\/tr\/lip-lift-dudak-kaldirma\/","title":{"rendered":"Lip Lift (Dudak Kald\u0131rma)"},"content":{"rendered":"<section class=\"wpb-content-wrapper\">[vc_row][vc_column][vc_column_text]\r\n\r\n<strong>Dudak kald\u0131rma ameliyat\u0131,<\/strong> burun alt\u0131ndaki ince deri \u015feridinin \u00e7\u0131kar\u0131lmas\u0131yla ger\u00e7ekle\u015ftirilen cerrahi bir i\u015flemdir. Bu prosed\u00fcr, \u00fcst dudak ile burun aras\u0131ndaki b\u00f6lgeyi k\u0131saltarak, k\u0131rm\u0131z\u0131 dudaklar\u0131 daha belirgin hale getirir.\r\n\r\nAyn\u0131 zamanda vermilyon s\u0131n\u0131r\u0131n\u0131 (normal dudak derisi ile vermilyon aras\u0131ndaki \u00e7izgi) hafif\u00e7e yuvarlayarak &#8220;Cupid&#8217;in yay\u0131&#8221;n\u0131 daha belirgin hale getirir ve \u00fcst di\u015flerinizin daha fazlas\u0131n\u0131 ortaya \u00e7\u0131kar\u0131r.\r\n\r\nLokal anestezi alt\u0131nda ger\u00e7ekle\u015ftirilen bu ki\u015fiselle\u015ftirilebilir ayakta tedavi prosed\u00fcr\u00fc olan dudak kald\u0131rma ameliyat\u0131 genellikle yakla\u015f\u0131k bir saat s\u00fcrer ve birka\u00e7 ayda iyile\u015fen, neredeyse g\u00f6r\u00fcnmez bir yara izi b\u0131rak\u0131r. Baz\u0131 hastalar, a\u011f\u0131z k\u00f6\u015felerini y\u00fckseltmek i\u00e7in sadece deri veya deri art\u0131 kas\u0131 keserek k\u00f6\u015fe dudak kald\u0131rma prosed\u00fcr\u00fcn\u00fc tercih edebilirler.\r\n\r\nDaha az yayg\u0131n olan alt dudak kald\u0131rma prosed\u00fcr\u00fc, \u00f6zellikle ince alt duda\u011f\u0131 veya b\u00fcy\u00fck \u00fcst duda\u011f\u0131 olan hastalar\u0131n dudaklar\u0131n\u0131n daha dengeli g\u00f6r\u00fcnmesini sa\u011flamak i\u00e7in uygulan\u0131r.\r\n\r\nAmeliyat sonras\u0131nda dudaklar\u0131n\u0131z hemen daha dolgun ve \u015fekilli g\u00f6r\u00fcnecektir, ancak tam sonu\u00e7lar\u0131 g\u00f6rmek i\u00e7in \u015fi\u015fliklerin, morarmalar\u0131n ve yara izinin d\u00fczelmesi genellikle yakla\u015f\u0131k \u00fc\u00e7 ay\u0131 alabilir.\r\n\r\nDudak kald\u0131rma ameliyat\u0131 uzun \u00f6m\u00fcrl\u00fc bir \u00e7\u00f6z\u00fcmd\u00fcr, g\u00fcvenebilirsiniz. Bu son derece g\u00fcvenilir olmas\u0131na ra\u011fmen, y\u00fcz\u00fcn\u00fcz\u00fcn di\u011fer b\u00f6lgeleri gibi zamanla ya\u015flanmaya devam edecektir.\r\n\r\nG\u00fcl\u00fcmsemenizi \u015fekillendirmek ve dudaklar\u0131n\u0131z\u0131 \u00f6n plana \u00e7\u0131karmak i\u00e7in dudak kald\u0131rma ameliyat\u0131 sizin i\u00e7in m\u00fckemmel bir se\u00e7enek olabilir. Bu cerrahi m\u00fcdahale hakk\u0131nda daha fazla bilgi i\u00e7in uzman dermatologlar\u0131m\u0131zla ileti\u015fime ge\u00e7mekten \u00e7ekinmeyin. Size yard\u0131mc\u0131 olmaktan mutluluk duyar\u0131z!\r\n\r\n[\/vc_column_text][\/vc_column][\/vc_row][vc_row full_width=&#8221;stretch_row_content&#8221; ts_responsive_css=&#8221;67427488|colbreak_no|||||80px||65px||colbreak_no|||||||||colbreak_no|||||60px||45px|||colbreak_no|||||||||&#8221; css=&#8221;.vc_custom_1690043090648{margin-bottom: 60px !important;}&#8221;][vc_column][vc_row_inner][vc_column_inner]<div class=\"ts-element-heading-wrapper ts-heading-inner ts-element-align-center ts-seperator-none \"><section class=\"ts-vc_cta3-container\"><div class=\"ts-vc_general ts-vc_cta3 ts-cta3-only ts-vc_cta3-style-classic ts-vc_cta3-shape-rounded ts-vc_cta3-align-center ts-vc_cta3-color-transparent ts-vc_cta3-icon-size-md ts-vc_cta3-actions-no ts-cta3-without-desc\"><div class=\"ts-vc_cta3_content-container\"><div class=\"ts-vc_cta3-content\"><div class=\"ts-vc_cta3-content-header ts-wrap\"><div class=\"ts-vc_cta3-headers ts-wrap-cell\"><h4 class=\"ts-custom-heading \" >Clinic P<\/h4>\n<h2 class=\"ts-custom-heading ts-fontweightbold \" >Before &amp; After<\/h2>\n<\/div><\/div><\/div><\/div><\/div><\/section><\/div> <!-- .ts-element-heading-wrapper container --> [\/vc_column_inner][\/vc_row_inner][vc_row_inner][vc_column_inner width=&#8221;1\/4&#8243;][vc_single_image image=&#8221;8314&#8243; img_size=&#8221;medium&#8221; alignment=&#8221;center&#8221; onclick=&#8221;link_image&#8221;][\/vc_column_inner][vc_column_inner width=&#8221;1\/4&#8243;][vc_single_image image=&#8221;8319&#8243; img_size=&#8221;medium&#8221; alignment=&#8221;center&#8221; onclick=&#8221;link_image&#8221;][\/vc_column_inner][vc_column_inner width=&#8221;1\/4&#8243;][vc_single_image image=&#8221;8324&#8243; img_size=&#8221;medium&#8221; alignment=&#8221;center&#8221; onclick=&#8221;link_image&#8221;][\/vc_column_inner][vc_column_inner width=&#8221;1\/4&#8243;][vc_single_image image=&#8221;8329&#8243; img_size=&#8221;medium&#8221; alignment=&#8221;center&#8221; onclick=&#8221;link_image&#8221;][\/vc_column_inner][\/vc_row_inner][vc_row_inner][vc_column_inner width=&#8221;1\/4&#8243;][vc_single_image image=&#8221;8334&#8243; img_size=&#8221;medium&#8221; alignment=&#8221;center&#8221; onclick=&#8221;link_image&#8221;][\/vc_column_inner][vc_column_inner width=&#8221;1\/4&#8243;][vc_single_image image=&#8221;8339&#8243; img_size=&#8221;medium&#8221; alignment=&#8221;center&#8221; onclick=&#8221;link_image&#8221;][\/vc_column_inner][vc_column_inner width=&#8221;1\/4&#8243;][vc_single_image image=&#8221;8344&#8243; img_size=&#8221;medium&#8221; alignment=&#8221;center&#8221; onclick=&#8221;link_image&#8221;][\/vc_column_inner][vc_column_inner width=&#8221;1\/4&#8243;][vc_single_image image=&#8221;8349&#8243; img_size=&#8221;medium&#8221; alignment=&#8221;center&#8221; onclick=&#8221;link_image&#8221;][\/vc_column_inner][\/vc_row_inner][\/vc_column][\/vc_row]\r\n\r\n[vc_row full_width=&#8221;stretch_row_content&#8221; css=&#8221;.vc_custom_1688566483081{margin-top: 40px !important;margin-bottom: 40px !important;padding-top: 60px !important;padding-bottom: 50px !important;background-image: url(https:\/\/clinicp.com\/wp-content\/uploads\/2023\/06\/homepage-banner-1.jpg?id=6461) !important;background-position: center !important;background-repeat: no-repeat !important;background-size: cover !important;}&#8221; ts_responsive_css=&#8221;79823081|colbreak_no|||||80px||50px||colbreak_no|||||||||colbreak_no|||||60px||30px|||colbreak_no|||||||||&#8221; el_class=&#8221;ts-opacity95 ts-font375mode&#8221;][vc_column ts_textcolor=&#8221;white&#8221;]<p style=\"text-align:center;font-size:32px;line-height:42px;\" class=\"ts-custom-heading \" >Estetik Cerrahi ve Medikal Uygulamalar Hakk\u0131nda Hemen Bilgi Al\u0131n<\/p>\n<h3 style=\"text-align:center;font-size:40px;line-height:70px;color:#ffffff;\" class=\"ts-custom-heading vc_custom_1690625001470\" ><a href=\"tel:+90 531 881 6621\">+90 531 881 66 21<\/a><\/h3>\n\r\n\t\t<div class=\"ts-vc_btn3-container ts-vc_btn3-center\"><a class=\"ts-vc_general ts-vc_btn3 ts-vc_btn3-size-lg ts-vc_btn3-shape-rounded ts-vc_btn3-style-flat ts-vc_btn3-weight-yes ts-vc_btn3-icon-left ts-vc_btn3-color-success\" href=\"https:\/\/wa.me\/+905318816621\" title=\"+90 531 881 66 21\"><i class=\"ts-vc_btn3-icon fa fa-whatsapp\"><\/i> WhatsApp<\/a><\/div>[\/vc_column][\/vc_row][vc_row full_width=&#8221;stretch_row_content&#8221; ts_responsive_css=&#8221;67427488|colbreak_no|||||80px||65px||colbreak_no|||||||||colbreak_no|||||60px||45px|||colbreak_no|||||||||&#8221;][vc_column][vc_row_inner][vc_column_inner]<div class=\"ts-element-heading-wrapper ts-heading-inner ts-element-align-center ts-seperator-none \"><section class=\"ts-vc_cta3-container\"><div class=\"ts-vc_general ts-vc_cta3 ts-cta3-only ts-vc_cta3-style-classic ts-vc_cta3-shape-rounded ts-vc_cta3-align-center ts-vc_cta3-color-transparent ts-vc_cta3-icon-size-md ts-vc_cta3-actions-no ts-cta3-without-desc\"><div class=\"ts-vc_cta3_content-container\"><div class=\"ts-vc_cta3-content\"><div class=\"ts-vc_cta3-content-header ts-wrap\"><div class=\"ts-vc_cta3-headers ts-wrap-cell\"><h4 class=\"ts-custom-heading \" >Clinic P<\/h4>\n<h2 class=\"ts-custom-heading ts-fontweightbold \" >Merkezimiz<\/h2>\n<\/div><\/div><\/div><\/div><\/div><\/section><\/div> <!-- .ts-element-heading-wrapper container --> [\/vc_column_inner][\/vc_row_inner][vc_row_inner][vc_column_inner width=&#8221;1\/4&#8243;][vc_single_image image=&#8221;6507&#8243; img_size=&#8221;full&#8221; alignment=&#8221;center&#8221;][\/vc_column_inner][vc_column_inner width=&#8221;1\/4&#8243;][vc_single_image image=&#8221;6512&#8243; img_size=&#8221;full&#8221; alignment=&#8221;center&#8221;][\/vc_column_inner][vc_column_inner width=&#8221;1\/4&#8243;][vc_single_image image=&#8221;6517&#8243; img_size=&#8221;full&#8221; alignment=&#8221;center&#8221;][\/vc_column_inner][vc_column_inner width=&#8221;1\/4&#8243;][vc_single_image image=&#8221;6522&#8243; img_size=&#8221;full&#8221; alignment=&#8221;center&#8221;][\/vc_column_inner][\/vc_row_inner][vc_row_inner][vc_column_inner width=&#8221;1\/4&#8243;][vc_single_image image=&#8221;6527&#8243; img_size=&#8221;full&#8221; alignment=&#8221;center&#8221;][\/vc_column_inner][vc_column_inner width=&#8221;1\/4&#8243;][vc_single_image image=&#8221;6532&#8243; img_size=&#8221;full&#8221; alignment=&#8221;center&#8221;][\/vc_column_inner][vc_column_inner width=&#8221;1\/4&#8243;][vc_single_image image=&#8221;6537&#8243; img_size=&#8221;full&#8221; alignment=&#8221;center&#8221;][\/vc_column_inner][vc_column_inner width=&#8221;1\/4&#8243;][vc_single_image image=&#8221;6542&#8243; img_size=&#8221;full&#8221; alignment=&#8221;center&#8221;][\/vc_column_inner][\/vc_row_inner][\/vc_column][\/vc_row][vc_row][vc_column][vc_column_text][\/vc_column_text][\/vc_column][\/vc_row]<!-- \/wp:post-content --><\/section>","protected":false},"excerpt":{"rendered":"<p>[vc_row][vc_column][vc_column_text] Dudak kald\u0131rma ameliyat\u0131, burun alt\u0131ndaki ince deri \u015feridinin \u00e7\u0131kar\u0131lmas\u0131yla ger\u00e7ekle\u015ftirilen cerrahi bir i\u015flemdir. Bu prosed\u00fcr, \u00fcst dudak ile burun aras\u0131ndaki b\u00f6lgeyi k\u0131saltarak, k\u0131rm\u0131z\u0131 dudaklar\u0131 daha belirgin hale getirir. Ayn\u0131 zamanda vermilyon s\u0131n\u0131r\u0131n\u0131 (normal dudak derisi ile vermilyon aras\u0131ndaki \u00e7izgi) hafif\u00e7e yuvarlayarak &#8220;Cupid&#8217;in yay\u0131&#8221;n\u0131 daha belirgin hale getirir ve \u00fcst di\u015flerinizin daha fazlas\u0131n\u0131 ortaya \u00e7\u0131kar\u0131r. &hellip; <a href=\"https:\/\/clinicp.com\/tr\/lip-lift-dudak-kaldirma\/\" class=\"more-link\">Continue reading <span class=\"screen-reader-text\">Lip Lift (Dudak Kald\u0131rma)<\/span><\/a><\/p>\n","protected":false},"author":3,"featured_media":7781,"parent":0,"menu_order":0,"comment_status":"closed","ping_status":"closed","template":"","meta":{"footnotes":""},"class_list":["post-7780","page","type-page","status-publish","has-post-thumbnail","hentry"],"_links":{"self":[{"href":"https:\/\/clinicp.com\/tr\/wp-json\/wp\/v2\/pages\/7780","targetHints":{"allow":["GET"]}}],"collection":[{"href":"https:\/\/clinicp.com\/tr\/wp-json\/wp\/v2\/pages"}],"about":[{"href":"https:\/\/clinicp.com\/tr\/wp-json\/wp\/v2\/types\/page"}],"author":[{"embeddable":true,"href":"https:\/\/clinicp.com\/tr\/wp-json\/wp\/v2\/users\/3"}],"replies":[{"embeddable":true,"href":"https:\/\/clinicp.com\/tr\/wp-json\/wp\/v2\/comments?post=7780"}],"version-history":[{"count":6,"href":"https:\/\/clinicp.com\/tr\/wp-json\/wp\/v2\/pages\/7780\/revisions"}],"predecessor-version":[{"id":7788,"href":"https:\/\/clinicp.com\/tr\/wp-json\/wp\/v2\/pages\/7780\/revisions\/7788"}],"wp:featuredmedia":[{"embeddable":true,"href":"https:\/\/clinicp.com\/tr\/wp-json\/wp\/v2\/media\/7781"}],"wp:attachment":[{"href":"https:\/\/clinicp.com\/tr\/wp-json\/wp\/v2\/media?parent=7780"}],"curies":[{"name":"wp","href":"https:\/\/api.w.org\/{rel}","templated":true}]}}