{"id":7791,"date":"2023-07-29T14:28:58","date_gmt":"2023-07-29T11:28:58","guid":{"rendered":"https:\/\/clinicp.com\/?page_id=7791"},"modified":"2023-07-29T14:31:40","modified_gmt":"2023-07-29T11:31:40","slug":"gliding-temporal-lift","status":"publish","type":"page","link":"https:\/\/clinicp.com\/tr\/gliding-temporal-lift\/","title":{"rendered":"Gliding Temporal Lift"},"content":{"rendered":"<section class=\"wpb-content-wrapper\"><p>[vc_row][vc_column][vc_column_text]<\/p>\n<h2>\u015eakak Germe<\/h2>\n\n<p>Gen\u00e7lik Dolu Bir G\u00fcl\u00fcmseme i\u00e7in Yenilik\u00e7i Bir Ad\u0131m: Gliding Temporal Lift yani \u015eakak Germe!<\/p>\n\n<p>Ya\u015flanma belirtileriyle ba\u015fa \u00e7\u0131kmak art\u0131k izsiz ka\u015f kald\u0131rma ile m\u00fcmk\u00fcn. T\u00fcrkiye&#8217;de bu teknolojiyi kullanan say\u0131l\u0131 kliniklerden biriyiz.<\/p>\n<p>Gliding Temporal Lift, geleneksel y\u00fcz germe y\u00f6ntemlerine k\u0131yasla daha az invazif ve h\u0131zl\u0131 iyile\u015fme s\u00fcresi sunan etkili bir prosed\u00fcrd\u00fcr. Bu y\u00f6ntemde minimal kesi izleri kullanarak, y\u00fcz\u00fcn\u00fczdeki ya\u015flanma belirtilerini en aza indirirken do\u011fal g\u00fczellik ve gen\u00e7lik dolu bir g\u00f6r\u00fcn\u00fcm elde edersiniz.<\/p>\n<p>Bizimle ger\u00e7ekle\u015ftirece\u011finiz <strong>Gliding Temporal Lift<\/strong> prosed\u00fcr\u00fc, yakla\u015f\u0131k 1 saat s\u00fcrebilir. \u0130yile\u015fme s\u00fcreci olduk\u00e7a h\u0131zl\u0131d\u0131r, b\u00f6ylece birka\u00e7 g\u00fcn i\u00e7inde g\u00fcnl\u00fck aktivitelere d\u00f6nebilirsiniz. Hafif \u015fi\u015flik ve morarmalar, zamanla azal\u0131rken siz de hayat\u0131n\u0131za g\u00fcvenle devam edebilirsiniz.<\/p>\n<p>Gliding Temporal Lift ile gen\u00e7li\u011fe bir ad\u0131m at\u0131n ve do\u011fal g\u00fczelli\u011finizi yeniden ke\u015ffedin. Size hayata daha enerjik ve taze bir bak\u0131\u015f a\u00e7\u0131s\u0131 kazand\u0131racak bu yenilik\u00e7i y\u00f6ntemi denemek i\u00e7in bize hemen ula\u015f\u0131n!<\/p>\n<p>[\/vc_column_text][\/vc_column][\/vc_row][vc_row full_width=&#8221;stretch_row_content&#8221; css=&#8221;.vc_custom_1688566483081{margin-top: 40px !important;margin-bottom: 40px !important;padding-top: 60px !important;padding-bottom: 50px !important;background-image: url(https:\/\/clinicp.com\/wp-content\/uploads\/2023\/06\/homepage-banner-1.jpg?id=6461) !important;background-position: center !important;background-repeat: no-repeat !important;background-size: cover !important;}&#8221; ts_responsive_css=&#8221;79823081|colbreak_no|||||80px||50px||colbreak_no|||||||||colbreak_no|||||60px||30px|||colbreak_no|||||||||&#8221; el_class=&#8221;ts-opacity95 ts-font375mode&#8221;][vc_column ts_textcolor=&#8221;white&#8221;]<p style=\"text-align:center;font-size:32px;line-height:42px;\" class=\"ts-custom-heading \" >Estetik Cerrahi ve Medikal Uygulamalar Hakk\u0131nda Hemen Bilgi Al\u0131n<\/p>\n<h3 style=\"text-align:center;font-size:40px;line-height:70px;color:#ffffff;\" class=\"ts-custom-heading vc_custom_1690630293656\" ><a href=\"tel:+90 531 881 6621\">+90 531 881 66 21<\/a><\/h3>\n\r\n\t\t<div class=\"ts-vc_btn3-container ts-vc_btn3-center\"><a class=\"ts-vc_general ts-vc_btn3 ts-vc_btn3-size-lg ts-vc_btn3-shape-rounded ts-vc_btn3-style-flat ts-vc_btn3-weight-yes ts-vc_btn3-icon-left ts-vc_btn3-color-success\" href=\"https:\/\/wa.me\/+905318816621\" title=\"+90 531 881 66 21\"><i class=\"ts-vc_btn3-icon fa fa-whatsapp\"><\/i> WhatsApp<\/a><\/div>[\/vc_column][\/vc_row][vc_row full_width=&#8221;stretch_row_content&#8221; ts_responsive_css=&#8221;67427488|colbreak_no|||||80px||65px||colbreak_no|||||||||colbreak_no|||||60px||45px|||colbreak_no|||||||||&#8221;][vc_column][vc_row_inner][vc_column_inner]<div class=\"ts-element-heading-wrapper ts-heading-inner ts-element-align-center ts-seperator-none \"><section class=\"ts-vc_cta3-container\"><div class=\"ts-vc_general ts-vc_cta3 ts-cta3-only ts-vc_cta3-style-classic ts-vc_cta3-shape-rounded ts-vc_cta3-align-center ts-vc_cta3-color-transparent ts-vc_cta3-icon-size-md ts-vc_cta3-actions-no ts-cta3-without-desc\"><div class=\"ts-vc_cta3_content-container\"><div class=\"ts-vc_cta3-content\"><div class=\"ts-vc_cta3-content-header ts-wrap\"><div class=\"ts-vc_cta3-headers ts-wrap-cell\"><h4 class=\"ts-custom-heading \" >Clinic P<\/h4>\n<h2 class=\"ts-custom-heading ts-fontweightbold \" >Merkezimiz<\/h2>\n<\/div><\/div><\/div><\/div><\/div><\/section><\/div> <!-- .ts-element-heading-wrapper container --> [\/vc_column_inner][\/vc_row_inner][vc_row_inner][vc_column_inner width=&#8221;1\/4&#8243;][vc_single_image image=&#8221;6507&#8243; img_size=&#8221;full&#8221; alignment=&#8221;center&#8221;][\/vc_column_inner][vc_column_inner width=&#8221;1\/4&#8243;][vc_single_image image=&#8221;6512&#8243; img_size=&#8221;full&#8221; alignment=&#8221;center&#8221;][\/vc_column_inner][vc_column_inner width=&#8221;1\/4&#8243;][vc_single_image image=&#8221;6517&#8243; img_size=&#8221;full&#8221; alignment=&#8221;center&#8221;][\/vc_column_inner][vc_column_inner width=&#8221;1\/4&#8243;][vc_single_image image=&#8221;6522&#8243; img_size=&#8221;full&#8221; alignment=&#8221;center&#8221;][\/vc_column_inner][\/vc_row_inner][vc_row_inner][vc_column_inner width=&#8221;1\/4&#8243;][vc_single_image image=&#8221;6527&#8243; img_size=&#8221;full&#8221; alignment=&#8221;center&#8221;][\/vc_column_inner][vc_column_inner width=&#8221;1\/4&#8243;][vc_single_image image=&#8221;6532&#8243; img_size=&#8221;full&#8221; alignment=&#8221;center&#8221;][\/vc_column_inner][vc_column_inner width=&#8221;1\/4&#8243;][vc_single_image image=&#8221;6537&#8243; img_size=&#8221;full&#8221; alignment=&#8221;center&#8221;][\/vc_column_inner][vc_column_inner width=&#8221;1\/4&#8243;][vc_single_image image=&#8221;6542&#8243; img_size=&#8221;full&#8221; alignment=&#8221;center&#8221;][\/vc_column_inner][\/vc_row_inner][\/vc_column][\/vc_row][vc_row][vc_column][vc_column_text]<!-- \/wp:post-content -->[\/vc_column_text][\/vc_column][\/vc_row]<\/p>\n<\/section>","protected":false},"excerpt":{"rendered":"<p>[vc_row][vc_column][vc_column_text] \u015eakak Germe Gen\u00e7lik Dolu Bir G\u00fcl\u00fcmseme i\u00e7in Yenilik\u00e7i Bir Ad\u0131m: Gliding Temporal Lift yani \u015eakak Germe! Ya\u015flanma belirtileriyle ba\u015fa \u00e7\u0131kmak art\u0131k izsiz ka\u015f kald\u0131rma ile m\u00fcmk\u00fcn. T\u00fcrkiye&#8217;de bu teknolojiyi kullanan say\u0131l\u0131 kliniklerden biriyiz. Gliding Temporal Lift, geleneksel y\u00fcz germe y\u00f6ntemlerine k\u0131yasla daha az invazif ve h\u0131zl\u0131 iyile\u015fme s\u00fcresi sunan etkili bir prosed\u00fcrd\u00fcr. Bu y\u00f6ntemde &hellip; <a href=\"https:\/\/clinicp.com\/tr\/gliding-temporal-lift\/\" class=\"more-link\">Continue reading <span class=\"screen-reader-text\">Gliding Temporal Lift<\/span><\/a><\/p>\n","protected":false},"author":3,"featured_media":7792,"parent":0,"menu_order":0,"comment_status":"closed","ping_status":"closed","template":"","meta":{"footnotes":""},"class_list":["post-7791","page","type-page","status-publish","has-post-thumbnail","hentry"],"_links":{"self":[{"href":"https:\/\/clinicp.com\/tr\/wp-json\/wp\/v2\/pages\/7791","targetHints":{"allow":["GET"]}}],"collection":[{"href":"https:\/\/clinicp.com\/tr\/wp-json\/wp\/v2\/pages"}],"about":[{"href":"https:\/\/clinicp.com\/tr\/wp-json\/wp\/v2\/types\/page"}],"author":[{"embeddable":true,"href":"https:\/\/clinicp.com\/tr\/wp-json\/wp\/v2\/users\/3"}],"replies":[{"embeddable":true,"href":"https:\/\/clinicp.com\/tr\/wp-json\/wp\/v2\/comments?post=7791"}],"version-history":[{"count":4,"href":"https:\/\/clinicp.com\/tr\/wp-json\/wp\/v2\/pages\/7791\/revisions"}],"predecessor-version":[{"id":7800,"href":"https:\/\/clinicp.com\/tr\/wp-json\/wp\/v2\/pages\/7791\/revisions\/7800"}],"wp:featuredmedia":[{"embeddable":true,"href":"https:\/\/clinicp.com\/tr\/wp-json\/wp\/v2\/media\/7792"}],"wp:attachment":[{"href":"https:\/\/clinicp.com\/tr\/wp-json\/wp\/v2\/media?parent=7791"}],"curies":[{"name":"wp","href":"https:\/\/api.w.org\/{rel}","templated":true}]}}