{"id":8017,"date":"2023-08-01T15:56:47","date_gmt":"2023-08-01T12:56:47","guid":{"rendered":"https:\/\/clinicp.com\/?page_id=8017"},"modified":"2023-08-01T15:58:39","modified_gmt":"2023-08-01T12:58:39","slug":"sac-mezoterapisi","status":"publish","type":"page","link":"https:\/\/clinicp.com\/tr\/sac-mezoterapisi\/","title":{"rendered":"Sa\u00e7 Mezoterapisi"},"content":{"rendered":"<section class=\"wpb-content-wrapper\"><p>[vc_row][vc_column][vc_column_text]<\/p>\r\n<p><strong>Sa\u00e7 mezoterapisi<\/strong>, sa\u00e7 d\u00f6k\u00fclmesini azaltmak ve sa\u00e7 b\u00fcy\u00fcmesini te\u015fvik etmek amac\u0131yla uygulanan bir t\u0131bbi tedavi y\u00f6ntemidir. Bu y\u00f6ntemde, sa\u00e7l\u0131 deriye vitaminler, mineraller, amino asitler, antioksidanlar ve di\u011fer besleyici maddeler i\u00e7eren enjeksiyonlar yap\u0131l\u0131r.<\/p>\r\n<p>Mezoterapi, sa\u00e7 k\u00f6klerini besleyerek, sa\u00e7\u0131n daha g\u00fc\u00e7l\u00fc ve sa\u011fl\u0131kl\u0131 \u00e7\u0131kmas\u0131n\u0131 destekler ve sa\u00e7 d\u00f6k\u00fclmesini \u00f6nlemeye yard\u0131mc\u0131 olur.<\/p>\r\n\r\n<p>Sa\u00e7 mezoterapisi, ince i\u011fneler arac\u0131l\u0131\u011f\u0131yla sa\u00e7l\u0131 deriye yap\u0131lan d\u00fc\u015f\u00fck dozlu enjeksiyonlarla ger\u00e7ekle\u015ftirilir. Bu enjeksiyonlar, sa\u00e7\u0131n b\u00fcy\u00fcme, onar\u0131m ve g\u00fc\u00e7lenme s\u00fcre\u00e7lerine katk\u0131da bulunan biyolojik bile\u015fenleri i\u00e7erir. Mezoterapi sol\u00fcsyonlar\u0131, hastan\u0131n sa\u00e7 d\u00f6k\u00fclmesi durumuna ve sa\u00e7 derisi sa\u011fl\u0131\u011f\u0131na ba\u011fl\u0131 olarak ki\u015fiselle\u015ftirilir.<\/p>\r\n\r\n<p><strong>Sa\u00e7 mezoterapisi, a\u015fa\u011f\u0131daki ama\u00e7larla kullan\u0131labilir:<\/strong><\/p>\r\n\r\n<p><strong>Sa\u00e7 D\u00f6k\u00fclmesini Azaltmak:<\/strong> Mezoterapi, sa\u00e7 k\u00f6klerini g\u00fc\u00e7lendirerek ve sa\u00e7l\u0131 derinin kan dola\u015f\u0131m\u0131n\u0131 art\u0131rarak sa\u00e7 d\u00f6k\u00fclmesini azaltmaya yard\u0131mc\u0131 olur.<\/p>\r\n\r\n<p><strong>Sa\u00e7 B\u00fcy\u00fcmesini Te\u015fvik Etmek:<\/strong> Mezoterapi, sa\u00e7 k\u00f6klerine besleyici maddeleri do\u011frudan vererek sa\u00e7 b\u00fcy\u00fcmesini te\u015fvik eder ve sa\u00e7lar\u0131n daha sa\u011fl\u0131kl\u0131 ve kal\u0131n \u00e7\u0131kmas\u0131na yard\u0131mc\u0131 olur.<\/p>\r\n\r\n<p><strong>Sa\u00e7\u0131n G\u00f6r\u00fcn\u00fcm\u00fcn\u00fc \u0130yile\u015ftirmek:<\/strong> Sa\u00e7 mezoterapisi, sa\u00e7\u0131n daha canl\u0131 ve parlak g\u00f6r\u00fcnmesini sa\u011flar, b\u00f6ylece sa\u00e7\u0131n genel g\u00f6r\u00fcn\u00fcm\u00fc ve kalitesi artar.<\/p>\r\n\r\n<p><strong>Kuru ve Hasarl\u0131 Sa\u00e7lar\u0131 \u0130yile\u015ftirmek:<\/strong> Mezoterapi sol\u00fcsyonlar\u0131, sa\u00e7lara nem ve besinler sa\u011flayarak kuru ve hasarl\u0131 sa\u00e7lar\u0131n iyile\u015fmesine katk\u0131da bulunur.<\/p>\r\n\r\n<p>Sa\u00e7 mezoterapisi, genellikle birka\u00e7 seans halinde uygulan\u0131r ve tedavi s\u00fcreci ki\u015finin sa\u00e7 d\u00f6k\u00fclmesi durumuna ve ihtiyac\u0131na g\u00f6re belirlenir. Bu tedavi genellikle a\u011fr\u0131s\u0131zd\u0131r ve hasta i\u00e7in minimal rahats\u0131zl\u0131k sa\u011flar. Ancak her t\u0131bbi tedavi gibi, sa\u00e7 mezoterapisi de yan etkilere veya alerjik reaksiyonlara neden olabilece\u011finden, uzman bir dermatolog taraf\u0131ndan uygulanmal\u0131 ve takip edilmelidir.<\/p>\r\n<p>[\/vc_column_text][\/vc_column][\/vc_row]<\/p>\r\n<p>[vc_row full_width=&#8221;stretch_row_content&#8221; css=&#8221;.vc_custom_1688566483081{margin-top: 40px !important;margin-bottom: 40px !important;padding-top: 60px !important;padding-bottom: 50px !important;background-image: url(https:\/\/clinicp.com\/wp-content\/uploads\/2023\/06\/homepage-banner-1.jpg?id=6461) !important;background-position: center !important;background-repeat: no-repeat !important;background-size: cover !important;}&#8221; ts_responsive_css=&#8221;79823081|colbreak_no|||||80px||50px||colbreak_no|||||||||colbreak_no|||||60px||30px|||colbreak_no|||||||||&#8221; el_class=&#8221;ts-opacity95 ts-font375mode&#8221;][vc_column ts_textcolor=&#8221;white&#8221;]<p style=\"text-align:center;font-size:32px;line-height:42px;\" class=\"ts-custom-heading \" >Estetik Cerrahi ve Medikal Uygulamalar Hakk\u0131nda Hemen Bilgi Al\u0131n<\/p>\n<h3 style=\"text-align:center;font-size:40px;line-height:70px;color:#ffffff;\" class=\"ts-custom-heading vc_custom_1690894059552\" ><a href=\"tel:+90 531 881 6621\">+90 531 881 66 21<\/a><\/h3>\n\r\n\t\t<div class=\"ts-vc_btn3-container ts-vc_btn3-center\"><a class=\"ts-vc_general ts-vc_btn3 ts-vc_btn3-size-lg ts-vc_btn3-shape-rounded ts-vc_btn3-style-flat ts-vc_btn3-weight-yes ts-vc_btn3-icon-left ts-vc_btn3-color-success\" href=\"https:\/\/wa.me\/+905318816621\" title=\"+90 531 881 66 21\"><i class=\"ts-vc_btn3-icon fa fa-whatsapp\"><\/i> WhatsApp<\/a><\/div>[\/vc_column][\/vc_row][vc_row full_width=&#8221;stretch_row_content&#8221; ts_responsive_css=&#8221;67427488|colbreak_no|||||80px||65px||colbreak_no|||||||||colbreak_no|||||60px||45px|||colbreak_no|||||||||&#8221;][vc_column][vc_row_inner][vc_column_inner]<div class=\"ts-element-heading-wrapper ts-heading-inner ts-element-align-center ts-seperator-none \"><section class=\"ts-vc_cta3-container\"><div class=\"ts-vc_general ts-vc_cta3 ts-cta3-only ts-vc_cta3-style-classic ts-vc_cta3-shape-rounded ts-vc_cta3-align-center ts-vc_cta3-color-transparent ts-vc_cta3-icon-size-md ts-vc_cta3-actions-no ts-cta3-without-desc\"><div class=\"ts-vc_cta3_content-container\"><div class=\"ts-vc_cta3-content\"><div class=\"ts-vc_cta3-content-header ts-wrap\"><div class=\"ts-vc_cta3-headers ts-wrap-cell\"><h4 class=\"ts-custom-heading \" >Clinic P<\/h4>\n<h2 class=\"ts-custom-heading ts-fontweightbold \" >Merkezimiz<\/h2>\n<\/div><\/div><\/div><\/div><\/div><\/section><\/div> <!-- .ts-element-heading-wrapper container --> [\/vc_column_inner][\/vc_row_inner][vc_row_inner][vc_column_inner width=&#8221;1\/5&#8243;][vc_single_image image=&#8221;7949&#8243; img_size=&#8221;full&#8221; alignment=&#8221;center&#8221; onclick=&#8221;link_image&#8221;][\/vc_column_inner][vc_column_inner width=&#8221;1\/5&#8243;][vc_single_image image=&#8221;7954&#8243; img_size=&#8221;full&#8221; alignment=&#8221;center&#8221; onclick=&#8221;link_image&#8221;][\/vc_column_inner][vc_column_inner width=&#8221;1\/5&#8243;][vc_single_image image=&#8221;7959&#8243; img_size=&#8221;full&#8221; alignment=&#8221;center&#8221; onclick=&#8221;link_image&#8221;][\/vc_column_inner][vc_column_inner width=&#8221;1\/5&#8243;][vc_single_image image=&#8221;7964&#8243; img_size=&#8221;full&#8221; alignment=&#8221;center&#8221; onclick=&#8221;link_image&#8221;][\/vc_column_inner][vc_column_inner width=&#8221;1\/5&#8243;][vc_single_image image=&#8221;7969&#8243; img_size=&#8221;full&#8221; alignment=&#8221;center&#8221; onclick=&#8221;link_image&#8221;][\/vc_column_inner][\/vc_row_inner][vc_row_inner][vc_column_inner width=&#8221;1\/5&#8243;][vc_single_image image=&#8221;7974&#8243; img_size=&#8221;full&#8221; alignment=&#8221;center&#8221; onclick=&#8221;link_image&#8221;][\/vc_column_inner][vc_column_inner width=&#8221;1\/5&#8243;][vc_single_image image=&#8221;7979&#8243; img_size=&#8221;full&#8221; alignment=&#8221;center&#8221; onclick=&#8221;link_image&#8221;][\/vc_column_inner][vc_column_inner width=&#8221;1\/5&#8243;][vc_single_image image=&#8221;7984&#8243; img_size=&#8221;full&#8221; alignment=&#8221;center&#8221; onclick=&#8221;link_image&#8221;][\/vc_column_inner][vc_column_inner width=&#8221;1\/5&#8243;][vc_single_image image=&#8221;7989&#8243; img_size=&#8221;full&#8221; alignment=&#8221;center&#8221; onclick=&#8221;link_image&#8221;][\/vc_column_inner][vc_column_inner width=&#8221;1\/5&#8243;][vc_single_image image=&#8221;7994&#8243; img_size=&#8221;full&#8221; alignment=&#8221;center&#8221; onclick=&#8221;link_image&#8221;][\/vc_column_inner][\/vc_row_inner][\/vc_column][\/vc_row]<\/p><\/section>","protected":false},"excerpt":{"rendered":"<p>[vc_row][vc_column][vc_column_text] Sa\u00e7 mezoterapisi, sa\u00e7 d\u00f6k\u00fclmesini azaltmak ve sa\u00e7 b\u00fcy\u00fcmesini te\u015fvik etmek amac\u0131yla uygulanan bir t\u0131bbi tedavi y\u00f6ntemidir. Bu y\u00f6ntemde, sa\u00e7l\u0131 deriye vitaminler, mineraller, amino asitler, antioksidanlar ve di\u011fer besleyici maddeler i\u00e7eren enjeksiyonlar yap\u0131l\u0131r. Mezoterapi, sa\u00e7 k\u00f6klerini besleyerek, sa\u00e7\u0131n daha g\u00fc\u00e7l\u00fc ve sa\u011fl\u0131kl\u0131 \u00e7\u0131kmas\u0131n\u0131 destekler ve sa\u00e7 d\u00f6k\u00fclmesini \u00f6nlemeye yard\u0131mc\u0131 olur. Sa\u00e7 mezoterapisi, ince i\u011fneler arac\u0131l\u0131\u011f\u0131yla &hellip; <a href=\"https:\/\/clinicp.com\/tr\/sac-mezoterapisi\/\" class=\"more-link\">Continue reading <span class=\"screen-reader-text\">Sa\u00e7 Mezoterapisi<\/span><\/a><\/p>\n","protected":false},"author":3,"featured_media":8019,"parent":0,"menu_order":0,"comment_status":"closed","ping_status":"closed","template":"","meta":{"footnotes":""},"class_list":["post-8017","page","type-page","status-publish","has-post-thumbnail","hentry"],"_links":{"self":[{"href":"https:\/\/clinicp.com\/tr\/wp-json\/wp\/v2\/pages\/8017","targetHints":{"allow":["GET"]}}],"collection":[{"href":"https:\/\/clinicp.com\/tr\/wp-json\/wp\/v2\/pages"}],"about":[{"href":"https:\/\/clinicp.com\/tr\/wp-json\/wp\/v2\/types\/page"}],"author":[{"embeddable":true,"href":"https:\/\/clinicp.com\/tr\/wp-json\/wp\/v2\/users\/3"}],"replies":[{"embeddable":true,"href":"https:\/\/clinicp.com\/tr\/wp-json\/wp\/v2\/comments?post=8017"}],"version-history":[{"count":4,"href":"https:\/\/clinicp.com\/tr\/wp-json\/wp\/v2\/pages\/8017\/revisions"}],"predecessor-version":[{"id":8026,"href":"https:\/\/clinicp.com\/tr\/wp-json\/wp\/v2\/pages\/8017\/revisions\/8026"}],"wp:featuredmedia":[{"embeddable":true,"href":"https:\/\/clinicp.com\/tr\/wp-json\/wp\/v2\/media\/8019"}],"wp:attachment":[{"href":"https:\/\/clinicp.com\/tr\/wp-json\/wp\/v2\/media?parent=8017"}],"curies":[{"name":"wp","href":"https:\/\/api.w.org\/{rel}","templated":true}]}}