{"id":8029,"date":"2023-08-01T16:01:10","date_gmt":"2023-08-01T13:01:10","guid":{"rendered":"https:\/\/clinicp.com\/?page_id=8029"},"modified":"2023-08-01T16:01:51","modified_gmt":"2023-08-01T13:01:51","slug":"sac-prp","status":"publish","type":"page","link":"https:\/\/clinicp.com\/tr\/sac-prp\/","title":{"rendered":"Sa\u00e7 PRP"},"content":{"rendered":"<section class=\"wpb-content-wrapper\">\r\n<p>Sa\u00e7 d\u00f6k\u00fclmesi tedavisinde kullan\u0131lan bir y\u00f6ntemdir. PRP, hastan\u0131n kendi kan\u0131ndan elde edilen bir bile\u015fik olan zenginle\u015ftirilmi\u015f plateletler i\u00e7eren bir \u00e7\u00f6zeltidir. Plateletler, kan\u0131n p\u0131ht\u0131la\u015fmas\u0131nda ve yaralar\u0131n iyile\u015fmesinde \u00f6nemli rol oynayan h\u00fccrelerdir. Ayr\u0131ca b\u00fcy\u00fcme fakt\u00f6rleri a\u00e7\u0131s\u0131ndan zengin olduklar\u0131 i\u00e7in h\u00fccrelerin yeniden yap\u0131lanmas\u0131n\u0131 ve onar\u0131lmas\u0131n\u0131 desteklerler.<\/p>\r\n\r\n\r\n\r\n<p><strong>Sa\u00e7 PRP <\/strong>tedavisinde, hastadan al\u0131nan kan \u00f6zel bir i\u015flemle merkef\u00fcj edilir. Bu i\u015flemle plateletler, k\u0131rm\u0131z\u0131 ve beyaz kan h\u00fccrelerinden ayr\u0131\u015ft\u0131r\u0131l\u0131r ve plateletlerin yo\u011fun oldu\u011fu bir \u00e7\u00f6zelti elde edilir. Elde edilen bu zenginle\u015ftirilmi\u015f platelet \u00e7\u00f6zeltisi sa\u00e7l\u0131 deriye enjekte edilir.<\/p>\r\n\r\n\r\n\r\n<p>Sa\u00e7 PRP tedavisi a\u015fa\u011f\u0131daki ama\u00e7larla kullan\u0131labilir:<\/p>\r\n\r\n\r\n\r\n<p><strong>Sa\u00e7 D\u00f6k\u00fclmesini Azaltmak:<\/strong> PRP, sa\u00e7l\u0131 deriye uyguland\u0131\u011f\u0131nda sa\u00e7 k\u00f6klerini destekler ve sa\u00e7 d\u00f6k\u00fclmesini azaltmaya yard\u0131mc\u0131 olur.<\/p>\r\n\r\n\r\n\r\n<p><strong>Sa\u00e7 B\u00fcy\u00fcmesini Te\u015fvik Etmek:<\/strong> Plateletlerin i\u00e7erdi\u011fi b\u00fcy\u00fcme fakt\u00f6rleri, sa\u00e7 k\u00f6klerinin canlanmas\u0131n\u0131 ve sa\u00e7\u0131n daha g\u00fc\u00e7l\u00fc, kal\u0131n ve sa\u011fl\u0131kl\u0131 \u00e7\u0131kmas\u0131n\u0131 te\u015fvik eder.<\/p>\r\n\r\n\r\n\r\n<p><strong>Sa\u00e7lar\u0131n G\u00f6r\u00fcn\u00fcm\u00fcn\u00fc \u0130yile\u015ftirmek: <\/strong>PRP, sa\u00e7lar\u0131n daha canl\u0131 ve parlak g\u00f6r\u00fcnmesine katk\u0131da bulunur, b\u00f6ylece sa\u00e7\u0131n genel g\u00f6r\u00fcn\u00fcm\u00fc ve kalitesi artar.<\/p>\r\n\r\n\r\n\r\n<p>Sa\u00e7 PRP tedavisi genellikle birka\u00e7 seans halinde uygulan\u0131r ve seanslar aras\u0131ndaki s\u00fcre, ki\u015finin sa\u00e7 d\u00f6k\u00fclmesi durumuna ve ihtiyac\u0131na g\u00f6re belirlenir. PRP tedavisi, sa\u00e7 k\u00f6klerini uyaran ve onlar\u0131 g\u00fc\u00e7lendiren do\u011fal bir yakla\u015f\u0131md\u0131r. Ayr\u0131ca PRP, sa\u00e7 ekimi gibi di\u011fer sa\u00e7 d\u00f6k\u00fclmesi tedavi y\u00f6ntemleriyle birlikte de kullan\u0131labilir ve tedavi sonu\u00e7lar\u0131n\u0131 destekleyebilir.<\/p>\r\n\r\n\r\n\r\n<p>PRP tedavisi, genellikle a\u011fr\u0131s\u0131zd\u0131r ve hastalar taraf\u0131ndan iyi tolere edilir. Ancak her t\u0131bbi tedavi gibi, PRP de baz\u0131 yan etkilere veya alerjik reaksiyonlara neden olabilece\u011finden, uzman bir dermatolog veya sa\u00e7 uzman\u0131 taraf\u0131ndan uygulanmal\u0131 ve takip edilmelidir.<\/p>\r\n<p>[vc_row full_width=&#8221;stretch_row_content&#8221; css=&#8221;.vc_custom_1688566483081{margin-top: 40px !important;margin-bottom: 40px !important;padding-top: 60px !important;padding-bottom: 50px !important;background-image: url(https:\/\/clinicp.com\/wp-content\/uploads\/2023\/06\/homepage-banner-1.jpg?id=6461) !important;background-position: center !important;background-repeat: no-repeat !important;background-size: cover !important;}&#8221; ts_responsive_css=&#8221;79823081|colbreak_no|||||80px||50px||colbreak_no|||||||||colbreak_no|||||60px||30px|||colbreak_no|||||||||&#8221; el_class=&#8221;ts-opacity95 ts-font375mode&#8221;][vc_column ts_textcolor=&#8221;white&#8221;]<p style=\"text-align:center;font-size:32px;line-height:42px;\" class=\"ts-custom-heading \" >Estetik Cerrahi ve Medikal Uygulamalar Hakk\u0131nda Hemen Bilgi Al\u0131n<\/p>\n<h3 style=\"text-align:center;font-size:40px;line-height:70px;color:#ffffff;\" class=\"ts-custom-heading vc_custom_1690894059552\" ><a href=\"tel:+90 531 881 6621\">+90 531 881 66 21<\/a><\/h3>\n\r\n\t\t<div class=\"ts-vc_btn3-container ts-vc_btn3-center\"><a class=\"ts-vc_general ts-vc_btn3 ts-vc_btn3-size-lg ts-vc_btn3-shape-rounded ts-vc_btn3-style-flat ts-vc_btn3-weight-yes ts-vc_btn3-icon-left ts-vc_btn3-color-success\" href=\"https:\/\/wa.me\/+905318816621\" title=\"+90 531 881 66 21\"><i class=\"ts-vc_btn3-icon fa fa-whatsapp\"><\/i> WhatsApp<\/a><\/div>[\/vc_column][\/vc_row][vc_row full_width=&#8221;stretch_row_content&#8221; ts_responsive_css=&#8221;67427488|colbreak_no|||||80px||65px||colbreak_no|||||||||colbreak_no|||||60px||45px|||colbreak_no|||||||||&#8221;][vc_column][vc_row_inner][vc_column_inner]<div class=\"ts-element-heading-wrapper ts-heading-inner ts-element-align-center ts-seperator-none \"><section class=\"ts-vc_cta3-container\"><div class=\"ts-vc_general ts-vc_cta3 ts-cta3-only ts-vc_cta3-style-classic ts-vc_cta3-shape-rounded ts-vc_cta3-align-center ts-vc_cta3-color-transparent ts-vc_cta3-icon-size-md ts-vc_cta3-actions-no ts-cta3-without-desc\"><div class=\"ts-vc_cta3_content-container\"><div class=\"ts-vc_cta3-content\"><div class=\"ts-vc_cta3-content-header ts-wrap\"><div class=\"ts-vc_cta3-headers ts-wrap-cell\"><h4 class=\"ts-custom-heading \" >Clinic P<\/h4>\n<h2 class=\"ts-custom-heading ts-fontweightbold \" >Merkezimiz<\/h2>\n<\/div><\/div><\/div><\/div><\/div><\/section><\/div> <!-- .ts-element-heading-wrapper container --> [\/vc_column_inner][\/vc_row_inner][vc_row_inner][vc_column_inner width=&#8221;1\/5&#8243;][vc_single_image image=&#8221;7949&#8243; img_size=&#8221;full&#8221; alignment=&#8221;center&#8221; onclick=&#8221;link_image&#8221;][\/vc_column_inner][vc_column_inner width=&#8221;1\/5&#8243;][vc_single_image image=&#8221;7954&#8243; img_size=&#8221;full&#8221; alignment=&#8221;center&#8221; onclick=&#8221;link_image&#8221;][\/vc_column_inner][vc_column_inner width=&#8221;1\/5&#8243;][vc_single_image image=&#8221;7959&#8243; img_size=&#8221;full&#8221; alignment=&#8221;center&#8221; onclick=&#8221;link_image&#8221;][\/vc_column_inner][vc_column_inner width=&#8221;1\/5&#8243;][vc_single_image image=&#8221;7964&#8243; img_size=&#8221;full&#8221; alignment=&#8221;center&#8221; onclick=&#8221;link_image&#8221;][\/vc_column_inner][vc_column_inner width=&#8221;1\/5&#8243;][vc_single_image image=&#8221;7969&#8243; img_size=&#8221;full&#8221; alignment=&#8221;center&#8221; onclick=&#8221;link_image&#8221;][\/vc_column_inner][\/vc_row_inner][vc_row_inner][vc_column_inner width=&#8221;1\/5&#8243;][vc_single_image image=&#8221;7974&#8243; img_size=&#8221;full&#8221; alignment=&#8221;center&#8221; onclick=&#8221;link_image&#8221;][\/vc_column_inner][vc_column_inner width=&#8221;1\/5&#8243;][vc_single_image image=&#8221;7979&#8243; img_size=&#8221;full&#8221; alignment=&#8221;center&#8221; onclick=&#8221;link_image&#8221;][\/vc_column_inner][vc_column_inner width=&#8221;1\/5&#8243;][vc_single_image image=&#8221;7984&#8243; img_size=&#8221;full&#8221; alignment=&#8221;center&#8221; onclick=&#8221;link_image&#8221;][\/vc_column_inner][vc_column_inner width=&#8221;1\/5&#8243;][vc_single_image image=&#8221;7989&#8243; img_size=&#8221;full&#8221; alignment=&#8221;center&#8221; onclick=&#8221;link_image&#8221;][\/vc_column_inner][vc_column_inner width=&#8221;1\/5&#8243;][vc_single_image image=&#8221;7994&#8243; img_size=&#8221;full&#8221; alignment=&#8221;center&#8221; onclick=&#8221;link_image&#8221;][\/vc_column_inner][\/vc_row_inner][\/vc_column][\/vc_row]<\/p>\r\n<\/section>","protected":false},"excerpt":{"rendered":"<p>Sa\u00e7 d\u00f6k\u00fclmesi tedavisinde kullan\u0131lan bir y\u00f6ntemdir. PRP, hastan\u0131n kendi kan\u0131ndan elde edilen bir bile\u015fik olan zenginle\u015ftirilmi\u015f plateletler i\u00e7eren bir \u00e7\u00f6zeltidir. Plateletler, kan\u0131n p\u0131ht\u0131la\u015fmas\u0131nda ve yaralar\u0131n iyile\u015fmesinde \u00f6nemli rol oynayan h\u00fccrelerdir. Ayr\u0131ca b\u00fcy\u00fcme fakt\u00f6rleri a\u00e7\u0131s\u0131ndan zengin olduklar\u0131 i\u00e7in h\u00fccrelerin yeniden yap\u0131lanmas\u0131n\u0131 ve onar\u0131lmas\u0131n\u0131 desteklerler. Sa\u00e7 PRP tedavisinde, hastadan al\u0131nan kan \u00f6zel bir i\u015flemle merkef\u00fcj edilir. Bu &hellip; <a href=\"https:\/\/clinicp.com\/tr\/sac-prp\/\" class=\"more-link\">Continue reading <span class=\"screen-reader-text\">Sa\u00e7 PRP<\/span><\/a><\/p>\n","protected":false},"author":3,"featured_media":8030,"parent":0,"menu_order":0,"comment_status":"closed","ping_status":"closed","template":"","meta":{"footnotes":""},"class_list":["post-8029","page","type-page","status-publish","has-post-thumbnail","hentry"],"_links":{"self":[{"href":"https:\/\/clinicp.com\/tr\/wp-json\/wp\/v2\/pages\/8029","targetHints":{"allow":["GET"]}}],"collection":[{"href":"https:\/\/clinicp.com\/tr\/wp-json\/wp\/v2\/pages"}],"about":[{"href":"https:\/\/clinicp.com\/tr\/wp-json\/wp\/v2\/types\/page"}],"author":[{"embeddable":true,"href":"https:\/\/clinicp.com\/tr\/wp-json\/wp\/v2\/users\/3"}],"replies":[{"embeddable":true,"href":"https:\/\/clinicp.com\/tr\/wp-json\/wp\/v2\/comments?post=8029"}],"version-history":[{"count":3,"href":"https:\/\/clinicp.com\/tr\/wp-json\/wp\/v2\/pages\/8029\/revisions"}],"predecessor-version":[{"id":8037,"href":"https:\/\/clinicp.com\/tr\/wp-json\/wp\/v2\/pages\/8029\/revisions\/8037"}],"wp:featuredmedia":[{"embeddable":true,"href":"https:\/\/clinicp.com\/tr\/wp-json\/wp\/v2\/media\/8030"}],"wp:attachment":[{"href":"https:\/\/clinicp.com\/tr\/wp-json\/wp\/v2\/media?parent=8029"}],"curies":[{"name":"wp","href":"https:\/\/api.w.org\/{rel}","templated":true}]}}